{"id":20760,"date":"2021-01-20T01:00:00","date_gmt":"2021-01-20T00:00:00","guid":{"rendered":"https:\/\/pax.forenteforlag.no\/produkt\/norsk-folkemusikk\/"},"modified":"2025-08-27T11:19:08","modified_gmt":"2025-08-27T09:19:08","slug":"norsk-folkemusikk","status":"publish","type":"product","link":"https:\/\/staging.forenteforlag.no\/pax\/produkt\/norsk-folkemusikk\/","title":{"rendered":"Norsk folkemusikk"},"content":{"rendered":"<p>Fotografiet har en enest\u00e5ende evne til \u00e5 dokumentere og gjengi det glemte. I denne boken er det \u00f8yeblikk fra et \u00e5rhundre med norsk folkemusikktradisjon som skildrer v\u00e5r immaterielle kulturarv i form av et uts\u00f8kt utvalg av historiske fotografier. Her er storsl\u00e5tte brudef\u00f8lger med spelemenn, og her er leikarringen som danset p\u00e5 Akershus festning 17. mai 1905 da norsk nasjonalf\u00f8lelse var p\u00e5 topp. Her er utallige felespillere og felemakere og folk som spiller p\u00e5 langeleik, positiv, fl\u00f8yte, harpeleik, lurspill og orgel. Her er trekkspillere, trekkspillersker og musiserende p\u00e5 ski. Den folkelige musikken ut\u00f8ves n\u00e6rmest overalt. I b\u00e5ten, skogen, veikanten og i mange ulike portrettoppstillinger utend\u00f8rs. Fra velkomponerte atelierportrett, dansemotiv og til ikoniske motiv og ut\u00f8vere som \u00abMyllarguten\u00bb, Torgeir Augundsson (1801-1872), og Berit Pynten Skjefte (1809-1899). Til helheten h\u00f8rer ogs\u00e5 en gitarspillende kvinne i samisk drakt, far og datter fra den j\u00f8diske familien Maliniak og Nina og Edvard Grieg, som arbeidet med tolkninger av norsk folkemusikk. Fotografiene forteller historien om en levende, sammensatt og elsket musikktradisjon. Folkemusikk og folkedans er en viktig del av v\u00e5r norske kulturarv, og tradisjonene lever og blomstrer den dag i dag. I denne boken kan dagens ut\u00f8vere m\u00f8te fortidens, kvinner og menn, gamle og unge, feststemte og i hverdagslaget, og fra bygder og tettsteder over hele landet.<\/p>\n","protected":false},"excerpt":{"rendered":"<p>Fotografiet har en enest\u00e5ende evne til \u00e5 dokumentere og gjengi det glemte. I denne boken er det \u00f8yeblikk fra et \u00e5rhundre med norsk folkemusikktradisjon som skildrer v\u00e5r immaterielle kulturarv i form av et uts\u00f8kt utvalg av historiske fotografier. Her er storsl\u00e5tte brudef\u00f8lger med spelemenn, og her er leikarringen som danset p\u00e5 Akershus festning 17. mai [&hellip;]<\/p>\n","protected":false},"featured_media":28881,"template":"","meta":{"_acf_changed":false,"inline_featured_image":false},"product_brand":[],"product_cat":[22,1782],"product_tag":[453,399,362,1583,440,361,439],"class_list":{"0":"post-20760","1":"product","2":"type-product","3":"status-publish","4":"has-post-thumbnail","6":"product_cat-folkloristikk-og-kulturarv","7":"product_cat-fripris","8":"product_tag-1850-1899","9":"product_tag-1900-1945","10":"product_tag-faglitteratur","11":"product_tag-folkemusikk","12":"product_tag-fotografi","13":"product_tag-kulturhistorie","14":"product_tag-nord-norge","15":"pa_format-innbundet","17":"first","18":"instock","19":"shipping-taxable","20":"purchasable","21":"product-type-simple"},"acf":{"anmeldelse":null},"yoast_head":"<!-- This site is optimized with the Yoast SEO plugin v26.6 - https:\/\/yoast.com\/wordpress\/plugins\/seo\/ -->\n<title>Norsk folkemusikk - Pax<\/title>\n<meta name=\"robots\" content=\"noindex, follow, max-snippet:-1, max-image-preview:large, max-video-preview:-1\" \/>\n<meta property=\"og:locale\" content=\"nb_NO\" \/>\n<meta property=\"og:type\" content=\"article\" \/>\n<meta property=\"og:title\" content=\"Norsk folkemusikk - Pax\" \/>\n<meta property=\"og:description\" content=\"Fotografiet har en enest\u00e5ende evne til \u00e5 dokumentere og gjengi det glemte. I denne boken er det \u00f8yeblikk fra et \u00e5rhundre med norsk folkemusikktradisjon som skildrer v\u00e5r immaterielle kulturarv i form av et uts\u00f8kt utvalg av historiske fotografier. Her er storsl\u00e5tte brudef\u00f8lger med spelemenn, og her er leikarringen som danset p\u00e5 Akershus festning 17. mai [&hellip;]\" \/>\n<meta property=\"og:url\" content=\"https:\/\/staging.forenteforlag.no\/pax\/produkt\/norsk-folkemusikk\/\" \/>\n<meta property=\"og:site_name\" content=\"Pax\" \/>\n<meta property=\"article:modified_time\" content=\"2025-08-27T09:19:08+00:00\" \/>\n<meta property=\"og:image\" content=\"https:\/\/staging.forenteforlag.no\/pax\/wp-content\/uploads\/sites\/5\/2025\/08\/jpg-8247.jpg\" \/>\n\t<meta property=\"og:image:width\" content=\"1242\" \/>\n\t<meta property=\"og:image:height\" content=\"1228\" \/>\n\t<meta property=\"og:image:type\" content=\"image\/jpeg\" \/>\n<meta name=\"twitter:card\" content=\"summary_large_image\" \/>\n<meta name=\"twitter:label1\" content=\"Ansl. lesetid\" \/>\n\t<meta name=\"twitter:data1\" content=\"1 minutt\" \/>\n<script type=\"application\/ld+json\" class=\"yoast-schema-graph\">{\"@context\":\"https:\/\/schema.org\",\"@graph\":[{\"@type\":\"WebPage\",\"@id\":\"https:\/\/staging.forenteforlag.no\/pax\/produkt\/norsk-folkemusikk\/\",\"url\":\"https:\/\/staging.forenteforlag.no\/pax\/produkt\/norsk-folkemusikk\/\",\"name\":\"Norsk folkemusikk - Pax\",\"isPartOf\":{\"@id\":\"https:\/\/staging.forenteforlag.no\/pax\/#website\"},\"primaryImageOfPage\":{\"@id\":\"https:\/\/staging.forenteforlag.no\/pax\/produkt\/norsk-folkemusikk\/#primaryimage\"},\"image\":{\"@id\":\"https:\/\/staging.forenteforlag.no\/pax\/produkt\/norsk-folkemusikk\/#primaryimage\"},\"thumbnailUrl\":\"https:\/\/staging.forenteforlag.no\/pax\/wp-content\/uploads\/sites\/5\/2025\/08\/jpg-8247.jpg\",\"datePublished\":\"2021-01-20T00:00:00+00:00\",\"dateModified\":\"2025-08-27T09:19:08+00:00\",\"breadcrumb\":{\"@id\":\"https:\/\/staging.forenteforlag.no\/pax\/produkt\/norsk-folkemusikk\/#breadcrumb\"},\"inLanguage\":\"nb-NO\",\"potentialAction\":[{\"@type\":\"ReadAction\",\"target\":[\"https:\/\/staging.forenteforlag.no\/pax\/produkt\/norsk-folkemusikk\/\"]}]},{\"@type\":\"ImageObject\",\"inLanguage\":\"nb-NO\",\"@id\":\"https:\/\/staging.forenteforlag.no\/pax\/produkt\/norsk-folkemusikk\/#primaryimage\",\"url\":\"https:\/\/staging.forenteforlag.no\/pax\/wp-content\/uploads\/sites\/5\/2025\/08\/jpg-8247.jpg\",\"contentUrl\":\"https:\/\/staging.forenteforlag.no\/pax\/wp-content\/uploads\/sites\/5\/2025\/08\/jpg-8247.jpg\",\"width\":1242,\"height\":1228},{\"@type\":\"BreadcrumbList\",\"@id\":\"https:\/\/staging.forenteforlag.no\/pax\/produkt\/norsk-folkemusikk\/#breadcrumb\",\"itemListElement\":[{\"@type\":\"ListItem\",\"position\":1,\"name\":\"Hjem\",\"item\":\"https:\/\/staging.forenteforlag.no\/pax\/\"},{\"@type\":\"ListItem\",\"position\":2,\"name\":\"Alle b\u00f8ker\",\"item\":\"https:\/\/staging.forenteforlag.no\/pax\/butikk\/\"},{\"@type\":\"ListItem\",\"position\":3,\"name\":\"Norsk folkemusikk\"}]},{\"@type\":\"WebSite\",\"@id\":\"https:\/\/staging.forenteforlag.no\/pax\/#website\",\"url\":\"https:\/\/staging.forenteforlag.no\/pax\/\",\"name\":\"Pax\",\"description\":\"\",\"potentialAction\":[{\"@type\":\"SearchAction\",\"target\":{\"@type\":\"EntryPoint\",\"urlTemplate\":\"https:\/\/staging.forenteforlag.no\/pax\/?s={search_term_string}\"},\"query-input\":{\"@type\":\"PropertyValueSpecification\",\"valueRequired\":true,\"valueName\":\"search_term_string\"}}],\"inLanguage\":\"nb-NO\"}]}<\/script>\n<!-- \/ Yoast SEO plugin. -->","yoast_head_json":{"title":"Norsk folkemusikk - Pax","robots":{"index":"noindex","follow":"follow","max-snippet":"max-snippet:-1","max-image-preview":"max-image-preview:large","max-video-preview":"max-video-preview:-1"},"og_locale":"nb_NO","og_type":"article","og_title":"Norsk folkemusikk - Pax","og_description":"Fotografiet har en enest\u00e5ende evne til \u00e5 dokumentere og gjengi det glemte. I denne boken er det \u00f8yeblikk fra et \u00e5rhundre med norsk folkemusikktradisjon som skildrer v\u00e5r immaterielle kulturarv i form av et uts\u00f8kt utvalg av historiske fotografier. Her er storsl\u00e5tte brudef\u00f8lger med spelemenn, og her er leikarringen som danset p\u00e5 Akershus festning 17. mai [&hellip;]","og_url":"https:\/\/staging.forenteforlag.no\/pax\/produkt\/norsk-folkemusikk\/","og_site_name":"Pax","article_modified_time":"2025-08-27T09:19:08+00:00","og_image":[{"width":1242,"height":1228,"url":"https:\/\/staging.forenteforlag.no\/pax\/wp-content\/uploads\/sites\/5\/2025\/08\/jpg-8247.jpg","type":"image\/jpeg"}],"twitter_card":"summary_large_image","twitter_misc":{"Ansl. lesetid":"1 minutt"},"schema":{"@context":"https:\/\/schema.org","@graph":[{"@type":"WebPage","@id":"https:\/\/staging.forenteforlag.no\/pax\/produkt\/norsk-folkemusikk\/","url":"https:\/\/staging.forenteforlag.no\/pax\/produkt\/norsk-folkemusikk\/","name":"Norsk folkemusikk - Pax","isPartOf":{"@id":"https:\/\/staging.forenteforlag.no\/pax\/#website"},"primaryImageOfPage":{"@id":"https:\/\/staging.forenteforlag.no\/pax\/produkt\/norsk-folkemusikk\/#primaryimage"},"image":{"@id":"https:\/\/staging.forenteforlag.no\/pax\/produkt\/norsk-folkemusikk\/#primaryimage"},"thumbnailUrl":"https:\/\/staging.forenteforlag.no\/pax\/wp-content\/uploads\/sites\/5\/2025\/08\/jpg-8247.jpg","datePublished":"2021-01-20T00:00:00+00:00","dateModified":"2025-08-27T09:19:08+00:00","breadcrumb":{"@id":"https:\/\/staging.forenteforlag.no\/pax\/produkt\/norsk-folkemusikk\/#breadcrumb"},"inLanguage":"nb-NO","potentialAction":[{"@type":"ReadAction","target":["https:\/\/staging.forenteforlag.no\/pax\/produkt\/norsk-folkemusikk\/"]}]},{"@type":"ImageObject","inLanguage":"nb-NO","@id":"https:\/\/staging.forenteforlag.no\/pax\/produkt\/norsk-folkemusikk\/#primaryimage","url":"https:\/\/staging.forenteforlag.no\/pax\/wp-content\/uploads\/sites\/5\/2025\/08\/jpg-8247.jpg","contentUrl":"https:\/\/staging.forenteforlag.no\/pax\/wp-content\/uploads\/sites\/5\/2025\/08\/jpg-8247.jpg","width":1242,"height":1228},{"@type":"BreadcrumbList","@id":"https:\/\/staging.forenteforlag.no\/pax\/produkt\/norsk-folkemusikk\/#breadcrumb","itemListElement":[{"@type":"ListItem","position":1,"name":"Hjem","item":"https:\/\/staging.forenteforlag.no\/pax\/"},{"@type":"ListItem","position":2,"name":"Alle b\u00f8ker","item":"https:\/\/staging.forenteforlag.no\/pax\/butikk\/"},{"@type":"ListItem","position":3,"name":"Norsk folkemusikk"}]},{"@type":"WebSite","@id":"https:\/\/staging.forenteforlag.no\/pax\/#website","url":"https:\/\/staging.forenteforlag.no\/pax\/","name":"Pax","description":"","potentialAction":[{"@type":"SearchAction","target":{"@type":"EntryPoint","urlTemplate":"https:\/\/staging.forenteforlag.no\/pax\/?s={search_term_string}"},"query-input":{"@type":"PropertyValueSpecification","valueRequired":true,"valueName":"search_term_string"}}],"inLanguage":"nb-NO"}]}},"_links":{"self":[{"href":"https:\/\/staging.forenteforlag.no\/pax\/wp-json\/wp\/v2\/product\/20760","targetHints":{"allow":["GET"]}}],"collection":[{"href":"https:\/\/staging.forenteforlag.no\/pax\/wp-json\/wp\/v2\/product"}],"about":[{"href":"https:\/\/staging.forenteforlag.no\/pax\/wp-json\/wp\/v2\/types\/product"}],"wp:featuredmedia":[{"embeddable":true,"href":"https:\/\/staging.forenteforlag.no\/pax\/wp-json\/wp\/v2\/media\/28881"}],"wp:attachment":[{"href":"https:\/\/staging.forenteforlag.no\/pax\/wp-json\/wp\/v2\/media?parent=20760"}],"wp:term":[{"taxonomy":"product_brand","embeddable":true,"href":"https:\/\/staging.forenteforlag.no\/pax\/wp-json\/wp\/v2\/product_brand?post=20760"},{"taxonomy":"product_cat","embeddable":true,"href":"https:\/\/staging.forenteforlag.no\/pax\/wp-json\/wp\/v2\/product_cat?post=20760"},{"taxonomy":"product_tag","embeddable":true,"href":"https:\/\/staging.forenteforlag.no\/pax\/wp-json\/wp\/v2\/product_tag?post=20760"}],"curies":[{"name":"wp","href":"https:\/\/api.w.org\/{rel}","templated":true}]}}