{"id":20756,"date":"2019-10-10T02:00:00","date_gmt":"2019-10-10T00:00:00","guid":{"rendered":"https:\/\/pax.forenteforlag.no\/produkt\/populaere-melodier-pianonoter-i-norge-gjennom-100-ar\/"},"modified":"2025-11-06T09:09:48","modified_gmt":"2025-11-06T08:09:48","slug":"populaere-melodier-pianonoter-i-norge-gjennom-100-ar","status":"publish","type":"product","link":"https:\/\/staging.forenteforlag.no\/pax\/produkt\/populaere-melodier-pianonoter-i-norge-gjennom-100-ar\/","title":{"rendered":"Popul\u00e6re melodier &#8211; pianonoter i Norge gjennom 100 \u00e5r"},"content":{"rendered":"<p>I de tusen hjem ligger notehefter som minner om melodiene den gang popul\u00e6rmusikken ble spilt hjemme, til tekster med eviggr\u00f8nne sanger om N\u00e5r det kommer en b\u00e5t med bananer, eller Harry Lime som har time til \u00e5 bli` med, eller om flagget som smeller i R\u00f8dt, hvitt og bl\u00e5tt.<\/p>\n<p>Disse popul\u00e6rmelodiene er en del av felleskulturen i Norge, av den sangskatten vi alle deler. Mange av de tusen notehefter som ble utgitt, gjaldt adapsjoner fra utlandet. Popul\u00e6rkulturen er internasjonal, og str\u00f8mmer omkring usjenert av tid og rom. De sangene vi nynner p\u00e5 v\u00e5rt eget spr\u00e5k og kanskje ser p\u00e5 som \u00abtypisk norske\u00bb, kan ha opphav i andre tider og i fremmede land. Men noen av dem er norske, og skyldes diktere og komponister som Lyktemannen eller Per Kvist, med melodier av Reidar Thommessen eller Otto Nielsen og omslag av reklametegnere som Karl Dahl eller barnebokillustrat\u00f8ren Sonja Zernichow, eller av anerkjente kunstnere som Per Krogh og Harald Damsleth. Til sammen gir noteheftene en kavalkade av popul\u00e6r smak og musikalsk glede gjennom tidene, som her blir ordnet kronologisk innen hver sjanger i kapitlene Schlagere, Jazz og dansemusikk, Valser, Reklamesanger, Konge\/kongehus-hymner, viser om Krig-fangenskap-frigj\u00f8ring 1940-45, til sist Filmmelodier og Barnesanger.<\/p>\n","protected":false},"excerpt":{"rendered":"<p>I de tusen hjem ligger notehefter som minner om melodiene den gang popul\u00e6rmusikken ble spilt hjemme, til tekster med eviggr\u00f8nne sanger om N\u00e5r det kommer en b\u00e5t med bananer, eller Harry Lime som har time til \u00e5 bli` med, eller om flagget som smeller i R\u00f8dt, hvitt og bl\u00e5tt. Disse popul\u00e6rmelodiene er en del av [&hellip;]<\/p>\n","protected":false},"featured_media":28873,"template":"","meta":{"_acf_changed":false,"inline_featured_image":false},"product_brand":[],"product_cat":[22,1782],"product_tag":[362],"class_list":{"0":"post-20756","1":"product","2":"type-product","3":"status-publish","4":"has-post-thumbnail","6":"product_cat-folkloristikk-og-kulturarv","7":"product_cat-fripris","8":"product_tag-faglitteratur","9":"pa_format-innbundet","11":"first","12":"outofstock","13":"shipping-taxable","14":"purchasable","15":"product-type-simple"},"acf":{"anmeldelse":null},"yoast_head":"<!-- This site is optimized with the Yoast SEO plugin v26.6 - https:\/\/yoast.com\/wordpress\/plugins\/seo\/ -->\n<title>Popul\u00e6re melodier - pianonoter i Norge gjennom 100 \u00e5r - Pax<\/title>\n<meta name=\"robots\" content=\"noindex, follow, max-snippet:-1, max-image-preview:large, max-video-preview:-1\" \/>\n<meta property=\"og:locale\" content=\"nb_NO\" \/>\n<meta property=\"og:type\" content=\"article\" \/>\n<meta property=\"og:title\" content=\"Popul\u00e6re melodier - pianonoter i Norge gjennom 100 \u00e5r - Pax\" \/>\n<meta property=\"og:description\" content=\"I de tusen hjem ligger notehefter som minner om melodiene den gang popul\u00e6rmusikken ble spilt hjemme, til tekster med eviggr\u00f8nne sanger om N\u00e5r det kommer en b\u00e5t med bananer, eller Harry Lime som har time til \u00e5 bli` med, eller om flagget som smeller i R\u00f8dt, hvitt og bl\u00e5tt. Disse popul\u00e6rmelodiene er en del av [&hellip;]\" \/>\n<meta property=\"og:url\" content=\"https:\/\/staging.forenteforlag.no\/pax\/produkt\/populaere-melodier-pianonoter-i-norge-gjennom-100-ar\/\" \/>\n<meta property=\"og:site_name\" content=\"Pax\" \/>\n<meta property=\"article:modified_time\" content=\"2025-11-06T08:09:48+00:00\" \/>\n<meta property=\"og:image\" content=\"https:\/\/staging.forenteforlag.no\/pax\/wp-content\/uploads\/sites\/5\/2025\/08\/jpg-8231.jpg\" \/>\n\t<meta property=\"og:image:width\" content=\"333\" \/>\n\t<meta property=\"og:image:height\" content=\"448\" \/>\n\t<meta property=\"og:image:type\" content=\"image\/jpeg\" \/>\n<meta name=\"twitter:card\" content=\"summary_large_image\" \/>\n<meta name=\"twitter:label1\" content=\"Ansl. lesetid\" \/>\n\t<meta name=\"twitter:data1\" content=\"1 minutt\" \/>\n<script type=\"application\/ld+json\" class=\"yoast-schema-graph\">{\"@context\":\"https:\/\/schema.org\",\"@graph\":[{\"@type\":\"WebPage\",\"@id\":\"https:\/\/staging.forenteforlag.no\/pax\/produkt\/populaere-melodier-pianonoter-i-norge-gjennom-100-ar\/\",\"url\":\"https:\/\/staging.forenteforlag.no\/pax\/produkt\/populaere-melodier-pianonoter-i-norge-gjennom-100-ar\/\",\"name\":\"Popul\u00e6re melodier - pianonoter i Norge gjennom 100 \u00e5r - Pax\",\"isPartOf\":{\"@id\":\"https:\/\/staging.forenteforlag.no\/pax\/#website\"},\"primaryImageOfPage\":{\"@id\":\"https:\/\/staging.forenteforlag.no\/pax\/produkt\/populaere-melodier-pianonoter-i-norge-gjennom-100-ar\/#primaryimage\"},\"image\":{\"@id\":\"https:\/\/staging.forenteforlag.no\/pax\/produkt\/populaere-melodier-pianonoter-i-norge-gjennom-100-ar\/#primaryimage\"},\"thumbnailUrl\":\"https:\/\/staging.forenteforlag.no\/pax\/wp-content\/uploads\/sites\/5\/2025\/08\/jpg-8231.jpg\",\"datePublished\":\"2019-10-10T00:00:00+00:00\",\"dateModified\":\"2025-11-06T08:09:48+00:00\",\"breadcrumb\":{\"@id\":\"https:\/\/staging.forenteforlag.no\/pax\/produkt\/populaere-melodier-pianonoter-i-norge-gjennom-100-ar\/#breadcrumb\"},\"inLanguage\":\"nb-NO\",\"potentialAction\":[{\"@type\":\"ReadAction\",\"target\":[\"https:\/\/staging.forenteforlag.no\/pax\/produkt\/populaere-melodier-pianonoter-i-norge-gjennom-100-ar\/\"]}]},{\"@type\":\"ImageObject\",\"inLanguage\":\"nb-NO\",\"@id\":\"https:\/\/staging.forenteforlag.no\/pax\/produkt\/populaere-melodier-pianonoter-i-norge-gjennom-100-ar\/#primaryimage\",\"url\":\"https:\/\/staging.forenteforlag.no\/pax\/wp-content\/uploads\/sites\/5\/2025\/08\/jpg-8231.jpg\",\"contentUrl\":\"https:\/\/staging.forenteforlag.no\/pax\/wp-content\/uploads\/sites\/5\/2025\/08\/jpg-8231.jpg\",\"width\":333,\"height\":448},{\"@type\":\"BreadcrumbList\",\"@id\":\"https:\/\/staging.forenteforlag.no\/pax\/produkt\/populaere-melodier-pianonoter-i-norge-gjennom-100-ar\/#breadcrumb\",\"itemListElement\":[{\"@type\":\"ListItem\",\"position\":1,\"name\":\"Hjem\",\"item\":\"https:\/\/staging.forenteforlag.no\/pax\/\"},{\"@type\":\"ListItem\",\"position\":2,\"name\":\"Alle b\u00f8ker\",\"item\":\"https:\/\/staging.forenteforlag.no\/pax\/butikk\/\"},{\"@type\":\"ListItem\",\"position\":3,\"name\":\"Popul\u00e6re melodier &#8211; pianonoter i Norge gjennom 100 \u00e5r\"}]},{\"@type\":\"WebSite\",\"@id\":\"https:\/\/staging.forenteforlag.no\/pax\/#website\",\"url\":\"https:\/\/staging.forenteforlag.no\/pax\/\",\"name\":\"Pax\",\"description\":\"\",\"potentialAction\":[{\"@type\":\"SearchAction\",\"target\":{\"@type\":\"EntryPoint\",\"urlTemplate\":\"https:\/\/staging.forenteforlag.no\/pax\/?s={search_term_string}\"},\"query-input\":{\"@type\":\"PropertyValueSpecification\",\"valueRequired\":true,\"valueName\":\"search_term_string\"}}],\"inLanguage\":\"nb-NO\"}]}<\/script>\n<!-- \/ Yoast SEO plugin. -->","yoast_head_json":{"title":"Popul\u00e6re melodier - pianonoter i Norge gjennom 100 \u00e5r - Pax","robots":{"index":"noindex","follow":"follow","max-snippet":"max-snippet:-1","max-image-preview":"max-image-preview:large","max-video-preview":"max-video-preview:-1"},"og_locale":"nb_NO","og_type":"article","og_title":"Popul\u00e6re melodier - pianonoter i Norge gjennom 100 \u00e5r - Pax","og_description":"I de tusen hjem ligger notehefter som minner om melodiene den gang popul\u00e6rmusikken ble spilt hjemme, til tekster med eviggr\u00f8nne sanger om N\u00e5r det kommer en b\u00e5t med bananer, eller Harry Lime som har time til \u00e5 bli` med, eller om flagget som smeller i R\u00f8dt, hvitt og bl\u00e5tt. Disse popul\u00e6rmelodiene er en del av [&hellip;]","og_url":"https:\/\/staging.forenteforlag.no\/pax\/produkt\/populaere-melodier-pianonoter-i-norge-gjennom-100-ar\/","og_site_name":"Pax","article_modified_time":"2025-11-06T08:09:48+00:00","og_image":[{"width":333,"height":448,"url":"https:\/\/staging.forenteforlag.no\/pax\/wp-content\/uploads\/sites\/5\/2025\/08\/jpg-8231.jpg","type":"image\/jpeg"}],"twitter_card":"summary_large_image","twitter_misc":{"Ansl. lesetid":"1 minutt"},"schema":{"@context":"https:\/\/schema.org","@graph":[{"@type":"WebPage","@id":"https:\/\/staging.forenteforlag.no\/pax\/produkt\/populaere-melodier-pianonoter-i-norge-gjennom-100-ar\/","url":"https:\/\/staging.forenteforlag.no\/pax\/produkt\/populaere-melodier-pianonoter-i-norge-gjennom-100-ar\/","name":"Popul\u00e6re melodier - pianonoter i Norge gjennom 100 \u00e5r - Pax","isPartOf":{"@id":"https:\/\/staging.forenteforlag.no\/pax\/#website"},"primaryImageOfPage":{"@id":"https:\/\/staging.forenteforlag.no\/pax\/produkt\/populaere-melodier-pianonoter-i-norge-gjennom-100-ar\/#primaryimage"},"image":{"@id":"https:\/\/staging.forenteforlag.no\/pax\/produkt\/populaere-melodier-pianonoter-i-norge-gjennom-100-ar\/#primaryimage"},"thumbnailUrl":"https:\/\/staging.forenteforlag.no\/pax\/wp-content\/uploads\/sites\/5\/2025\/08\/jpg-8231.jpg","datePublished":"2019-10-10T00:00:00+00:00","dateModified":"2025-11-06T08:09:48+00:00","breadcrumb":{"@id":"https:\/\/staging.forenteforlag.no\/pax\/produkt\/populaere-melodier-pianonoter-i-norge-gjennom-100-ar\/#breadcrumb"},"inLanguage":"nb-NO","potentialAction":[{"@type":"ReadAction","target":["https:\/\/staging.forenteforlag.no\/pax\/produkt\/populaere-melodier-pianonoter-i-norge-gjennom-100-ar\/"]}]},{"@type":"ImageObject","inLanguage":"nb-NO","@id":"https:\/\/staging.forenteforlag.no\/pax\/produkt\/populaere-melodier-pianonoter-i-norge-gjennom-100-ar\/#primaryimage","url":"https:\/\/staging.forenteforlag.no\/pax\/wp-content\/uploads\/sites\/5\/2025\/08\/jpg-8231.jpg","contentUrl":"https:\/\/staging.forenteforlag.no\/pax\/wp-content\/uploads\/sites\/5\/2025\/08\/jpg-8231.jpg","width":333,"height":448},{"@type":"BreadcrumbList","@id":"https:\/\/staging.forenteforlag.no\/pax\/produkt\/populaere-melodier-pianonoter-i-norge-gjennom-100-ar\/#breadcrumb","itemListElement":[{"@type":"ListItem","position":1,"name":"Hjem","item":"https:\/\/staging.forenteforlag.no\/pax\/"},{"@type":"ListItem","position":2,"name":"Alle b\u00f8ker","item":"https:\/\/staging.forenteforlag.no\/pax\/butikk\/"},{"@type":"ListItem","position":3,"name":"Popul\u00e6re melodier &#8211; pianonoter i Norge gjennom 100 \u00e5r"}]},{"@type":"WebSite","@id":"https:\/\/staging.forenteforlag.no\/pax\/#website","url":"https:\/\/staging.forenteforlag.no\/pax\/","name":"Pax","description":"","potentialAction":[{"@type":"SearchAction","target":{"@type":"EntryPoint","urlTemplate":"https:\/\/staging.forenteforlag.no\/pax\/?s={search_term_string}"},"query-input":{"@type":"PropertyValueSpecification","valueRequired":true,"valueName":"search_term_string"}}],"inLanguage":"nb-NO"}]}},"_links":{"self":[{"href":"https:\/\/staging.forenteforlag.no\/pax\/wp-json\/wp\/v2\/product\/20756","targetHints":{"allow":["GET"]}}],"collection":[{"href":"https:\/\/staging.forenteforlag.no\/pax\/wp-json\/wp\/v2\/product"}],"about":[{"href":"https:\/\/staging.forenteforlag.no\/pax\/wp-json\/wp\/v2\/types\/product"}],"wp:featuredmedia":[{"embeddable":true,"href":"https:\/\/staging.forenteforlag.no\/pax\/wp-json\/wp\/v2\/media\/28873"}],"wp:attachment":[{"href":"https:\/\/staging.forenteforlag.no\/pax\/wp-json\/wp\/v2\/media?parent=20756"}],"wp:term":[{"taxonomy":"product_brand","embeddable":true,"href":"https:\/\/staging.forenteforlag.no\/pax\/wp-json\/wp\/v2\/product_brand?post=20756"},{"taxonomy":"product_cat","embeddable":true,"href":"https:\/\/staging.forenteforlag.no\/pax\/wp-json\/wp\/v2\/product_cat?post=20756"},{"taxonomy":"product_tag","embeddable":true,"href":"https:\/\/staging.forenteforlag.no\/pax\/wp-json\/wp\/v2\/product_tag?post=20756"}],"curies":[{"name":"wp","href":"https:\/\/api.w.org\/{rel}","templated":true}]}}