{"id":20746,"date":"2022-04-08T02:00:00","date_gmt":"2022-04-08T00:00:00","guid":{"rendered":"https:\/\/pax.forenteforlag.no\/produkt\/forfedrenes-farkoster\/"},"modified":"2026-02-09T05:37:59","modified_gmt":"2026-02-09T04:37:59","slug":"forfedrenes-farkoster","status":"publish","type":"product","link":"https:\/\/staging.forenteforlag.no\/pax\/produkt\/forfedrenes-farkoster\/","title":{"rendered":"Forfedrenes farkoster"},"content":{"rendered":"<p>I Forfedrenes farkoster f\u00f8lger marinarkeolog Arne Emil Christensen norsk skipsbyggerkunst fra de aller eldste tider og frem mot tidlig moderne tid. Fortellingen starter i det ismassene langsomt trekker seg tilbake, og de f\u00f8rste menneskene kommer til Norge. Noen kom vestfra, over havet og den dype Norskerenna. P\u00e5 samme tid beveget reinjegere seg s\u00f8rfra, over kontinentet med sine mange elver. Hva slags b\u00e5ter brukte de? Var det stokkeb\u00e5ter, uthulte trestammer, som kom f\u00f8rst, eller skinnb\u00e5ter, bygget av dyrebein og greiner, overtrukket med dyrehuder? <\/p>\n<p>Bronsealderens mange skipshelleristninger er en viktig kilde til kunnskap, og stadig gj\u00f8res det nye arkeologiske oppdagelser. Via dypdykk i b\u00e5tbygningsdetaljer, og gjennom store historiske sveip, ser vi hvordan b\u00e5tene gradvis ble forbedret. Fra eldre og yngre steinalder, gjennom bronsealder og tidlig jernalder, frem mot vikingtidens praktfullt svungne skip og videre til middelalderens p\u00e5kostete krigsskip og hansatidens rommelige handelsfart\u00f8yer. Hele tiden settes v\u00e5r norske b\u00e5tbyggerhistorie inn i en st\u00f8rre sammenheng, med sideblikk til utviklingen i resten av verden og i blant mot primitive kulturer i dag.  <\/p>\n<p>Hvordan klarte man \u00e5 hule ut trestokker med bare steinredskaper til hjelp? N\u00e5r sluttet man \u00e5 padle og begynte \u00e5 ro? N\u00e5r sluttet man \u00e5 sy bordgangene til fordel for jernsaum? N\u00e5r ble de f\u00f8rste mastene reist og de f\u00f8rste seilene sydd? Hver liten nyvinning fikk store konsekvenser for hvordan v\u00e5re forgjengere levde og for deres kontakt med omverdenen.     <\/p>\n<p>Boka avsluttes med en hyllest til alle som s\u00f8rger for at kunnskapen om norsk skipsbyggertradisjon ikke d\u00f8r ut. Her st\u00e5r Forbundet KYSTEN i en s\u00e6rstilling. Forfatterens dype kj\u00e6rlighet til det praktiske arbeidet rundt b\u00e5tbyggingen gjennomsyrer hele hans fortelling.<\/p>\n","protected":false},"excerpt":{"rendered":"<p>I Forfedrenes farkoster f\u00f8lger marinarkeolog Arne Emil Christensen norsk skipsbyggerkunst fra de aller eldste tider og frem mot tidlig moderne tid. Fortellingen starter i det ismassene langsomt trekker seg tilbake, og de f\u00f8rste menneskene kommer til Norge. Noen kom vestfra, over havet og den dype Norskerenna. P\u00e5 samme tid beveget reinjegere seg s\u00f8rfra, over kontinentet [&hellip;]<\/p>\n","protected":false},"featured_media":28645,"template":"","meta":{"_acf_changed":false,"inline_featured_image":false},"product_brand":[],"product_cat":[22,1782],"product_tag":[362],"class_list":{"0":"post-20746","1":"product","2":"type-product","3":"status-publish","4":"has-post-thumbnail","6":"product_cat-folkloristikk-og-kulturarv","7":"product_cat-fripris","8":"product_tag-faglitteratur","9":"pa_format-innbundet","11":"first","12":"instock","13":"shipping-taxable","14":"purchasable","15":"product-type-simple"},"acf":{"anmeldelse":null},"yoast_head":"<!-- This site is optimized with the Yoast SEO plugin v26.6 - https:\/\/yoast.com\/wordpress\/plugins\/seo\/ -->\n<title>Forfedrenes farkoster - Pax<\/title>\n<meta name=\"robots\" content=\"noindex, follow, max-snippet:-1, max-image-preview:large, max-video-preview:-1\" \/>\n<meta property=\"og:locale\" content=\"nb_NO\" \/>\n<meta property=\"og:type\" content=\"article\" \/>\n<meta property=\"og:title\" content=\"Forfedrenes farkoster - Pax\" \/>\n<meta property=\"og:description\" content=\"I Forfedrenes farkoster f\u00f8lger marinarkeolog Arne Emil Christensen norsk skipsbyggerkunst fra de aller eldste tider og frem mot tidlig moderne tid. Fortellingen starter i det ismassene langsomt trekker seg tilbake, og de f\u00f8rste menneskene kommer til Norge. Noen kom vestfra, over havet og den dype Norskerenna. P\u00e5 samme tid beveget reinjegere seg s\u00f8rfra, over kontinentet [&hellip;]\" \/>\n<meta property=\"og:url\" content=\"https:\/\/staging.forenteforlag.no\/pax\/produkt\/forfedrenes-farkoster\/\" \/>\n<meta property=\"og:site_name\" content=\"Pax\" \/>\n<meta property=\"article:modified_time\" content=\"2026-02-09T04:37:59+00:00\" \/>\n<meta property=\"og:image\" content=\"https:\/\/staging.forenteforlag.no\/pax\/wp-content\/uploads\/sites\/5\/2025\/08\/jpg-7530.jpg\" \/>\n\t<meta property=\"og:image:width\" content=\"897\" \/>\n\t<meta property=\"og:image:height\" content=\"1280\" \/>\n\t<meta property=\"og:image:type\" content=\"image\/jpeg\" \/>\n<meta name=\"twitter:card\" content=\"summary_large_image\" \/>\n<meta name=\"twitter:label1\" content=\"Ansl. lesetid\" \/>\n\t<meta name=\"twitter:data1\" content=\"1 minutt\" \/>\n<script type=\"application\/ld+json\" class=\"yoast-schema-graph\">{\"@context\":\"https:\/\/schema.org\",\"@graph\":[{\"@type\":\"WebPage\",\"@id\":\"https:\/\/staging.forenteforlag.no\/pax\/produkt\/forfedrenes-farkoster\/\",\"url\":\"https:\/\/staging.forenteforlag.no\/pax\/produkt\/forfedrenes-farkoster\/\",\"name\":\"Forfedrenes farkoster - Pax\",\"isPartOf\":{\"@id\":\"https:\/\/staging.forenteforlag.no\/pax\/#website\"},\"primaryImageOfPage\":{\"@id\":\"https:\/\/staging.forenteforlag.no\/pax\/produkt\/forfedrenes-farkoster\/#primaryimage\"},\"image\":{\"@id\":\"https:\/\/staging.forenteforlag.no\/pax\/produkt\/forfedrenes-farkoster\/#primaryimage\"},\"thumbnailUrl\":\"https:\/\/staging.forenteforlag.no\/pax\/wp-content\/uploads\/sites\/5\/2025\/08\/jpg-7530.jpg\",\"datePublished\":\"2022-04-08T00:00:00+00:00\",\"dateModified\":\"2026-02-09T04:37:59+00:00\",\"breadcrumb\":{\"@id\":\"https:\/\/staging.forenteforlag.no\/pax\/produkt\/forfedrenes-farkoster\/#breadcrumb\"},\"inLanguage\":\"nb-NO\",\"potentialAction\":[{\"@type\":\"ReadAction\",\"target\":[\"https:\/\/staging.forenteforlag.no\/pax\/produkt\/forfedrenes-farkoster\/\"]}]},{\"@type\":\"ImageObject\",\"inLanguage\":\"nb-NO\",\"@id\":\"https:\/\/staging.forenteforlag.no\/pax\/produkt\/forfedrenes-farkoster\/#primaryimage\",\"url\":\"https:\/\/staging.forenteforlag.no\/pax\/wp-content\/uploads\/sites\/5\/2025\/08\/jpg-7530.jpg\",\"contentUrl\":\"https:\/\/staging.forenteforlag.no\/pax\/wp-content\/uploads\/sites\/5\/2025\/08\/jpg-7530.jpg\",\"width\":897,\"height\":1280},{\"@type\":\"BreadcrumbList\",\"@id\":\"https:\/\/staging.forenteforlag.no\/pax\/produkt\/forfedrenes-farkoster\/#breadcrumb\",\"itemListElement\":[{\"@type\":\"ListItem\",\"position\":1,\"name\":\"Hjem\",\"item\":\"https:\/\/staging.forenteforlag.no\/pax\/\"},{\"@type\":\"ListItem\",\"position\":2,\"name\":\"Alle b\u00f8ker\",\"item\":\"https:\/\/staging.forenteforlag.no\/pax\/butikk\/\"},{\"@type\":\"ListItem\",\"position\":3,\"name\":\"Forfedrenes farkoster\"}]},{\"@type\":\"WebSite\",\"@id\":\"https:\/\/staging.forenteforlag.no\/pax\/#website\",\"url\":\"https:\/\/staging.forenteforlag.no\/pax\/\",\"name\":\"Pax\",\"description\":\"\",\"potentialAction\":[{\"@type\":\"SearchAction\",\"target\":{\"@type\":\"EntryPoint\",\"urlTemplate\":\"https:\/\/staging.forenteforlag.no\/pax\/?s={search_term_string}\"},\"query-input\":{\"@type\":\"PropertyValueSpecification\",\"valueRequired\":true,\"valueName\":\"search_term_string\"}}],\"inLanguage\":\"nb-NO\"}]}<\/script>\n<!-- \/ Yoast SEO plugin. -->","yoast_head_json":{"title":"Forfedrenes farkoster - Pax","robots":{"index":"noindex","follow":"follow","max-snippet":"max-snippet:-1","max-image-preview":"max-image-preview:large","max-video-preview":"max-video-preview:-1"},"og_locale":"nb_NO","og_type":"article","og_title":"Forfedrenes farkoster - Pax","og_description":"I Forfedrenes farkoster f\u00f8lger marinarkeolog Arne Emil Christensen norsk skipsbyggerkunst fra de aller eldste tider og frem mot tidlig moderne tid. Fortellingen starter i det ismassene langsomt trekker seg tilbake, og de f\u00f8rste menneskene kommer til Norge. Noen kom vestfra, over havet og den dype Norskerenna. P\u00e5 samme tid beveget reinjegere seg s\u00f8rfra, over kontinentet [&hellip;]","og_url":"https:\/\/staging.forenteforlag.no\/pax\/produkt\/forfedrenes-farkoster\/","og_site_name":"Pax","article_modified_time":"2026-02-09T04:37:59+00:00","og_image":[{"width":897,"height":1280,"url":"https:\/\/staging.forenteforlag.no\/pax\/wp-content\/uploads\/sites\/5\/2025\/08\/jpg-7530.jpg","type":"image\/jpeg"}],"twitter_card":"summary_large_image","twitter_misc":{"Ansl. lesetid":"1 minutt"},"schema":{"@context":"https:\/\/schema.org","@graph":[{"@type":"WebPage","@id":"https:\/\/staging.forenteforlag.no\/pax\/produkt\/forfedrenes-farkoster\/","url":"https:\/\/staging.forenteforlag.no\/pax\/produkt\/forfedrenes-farkoster\/","name":"Forfedrenes farkoster - Pax","isPartOf":{"@id":"https:\/\/staging.forenteforlag.no\/pax\/#website"},"primaryImageOfPage":{"@id":"https:\/\/staging.forenteforlag.no\/pax\/produkt\/forfedrenes-farkoster\/#primaryimage"},"image":{"@id":"https:\/\/staging.forenteforlag.no\/pax\/produkt\/forfedrenes-farkoster\/#primaryimage"},"thumbnailUrl":"https:\/\/staging.forenteforlag.no\/pax\/wp-content\/uploads\/sites\/5\/2025\/08\/jpg-7530.jpg","datePublished":"2022-04-08T00:00:00+00:00","dateModified":"2026-02-09T04:37:59+00:00","breadcrumb":{"@id":"https:\/\/staging.forenteforlag.no\/pax\/produkt\/forfedrenes-farkoster\/#breadcrumb"},"inLanguage":"nb-NO","potentialAction":[{"@type":"ReadAction","target":["https:\/\/staging.forenteforlag.no\/pax\/produkt\/forfedrenes-farkoster\/"]}]},{"@type":"ImageObject","inLanguage":"nb-NO","@id":"https:\/\/staging.forenteforlag.no\/pax\/produkt\/forfedrenes-farkoster\/#primaryimage","url":"https:\/\/staging.forenteforlag.no\/pax\/wp-content\/uploads\/sites\/5\/2025\/08\/jpg-7530.jpg","contentUrl":"https:\/\/staging.forenteforlag.no\/pax\/wp-content\/uploads\/sites\/5\/2025\/08\/jpg-7530.jpg","width":897,"height":1280},{"@type":"BreadcrumbList","@id":"https:\/\/staging.forenteforlag.no\/pax\/produkt\/forfedrenes-farkoster\/#breadcrumb","itemListElement":[{"@type":"ListItem","position":1,"name":"Hjem","item":"https:\/\/staging.forenteforlag.no\/pax\/"},{"@type":"ListItem","position":2,"name":"Alle b\u00f8ker","item":"https:\/\/staging.forenteforlag.no\/pax\/butikk\/"},{"@type":"ListItem","position":3,"name":"Forfedrenes farkoster"}]},{"@type":"WebSite","@id":"https:\/\/staging.forenteforlag.no\/pax\/#website","url":"https:\/\/staging.forenteforlag.no\/pax\/","name":"Pax","description":"","potentialAction":[{"@type":"SearchAction","target":{"@type":"EntryPoint","urlTemplate":"https:\/\/staging.forenteforlag.no\/pax\/?s={search_term_string}"},"query-input":{"@type":"PropertyValueSpecification","valueRequired":true,"valueName":"search_term_string"}}],"inLanguage":"nb-NO"}]}},"_links":{"self":[{"href":"https:\/\/staging.forenteforlag.no\/pax\/wp-json\/wp\/v2\/product\/20746","targetHints":{"allow":["GET"]}}],"collection":[{"href":"https:\/\/staging.forenteforlag.no\/pax\/wp-json\/wp\/v2\/product"}],"about":[{"href":"https:\/\/staging.forenteforlag.no\/pax\/wp-json\/wp\/v2\/types\/product"}],"wp:featuredmedia":[{"embeddable":true,"href":"https:\/\/staging.forenteforlag.no\/pax\/wp-json\/wp\/v2\/media\/28645"}],"wp:attachment":[{"href":"https:\/\/staging.forenteforlag.no\/pax\/wp-json\/wp\/v2\/media?parent=20746"}],"wp:term":[{"taxonomy":"product_brand","embeddable":true,"href":"https:\/\/staging.forenteforlag.no\/pax\/wp-json\/wp\/v2\/product_brand?post=20746"},{"taxonomy":"product_cat","embeddable":true,"href":"https:\/\/staging.forenteforlag.no\/pax\/wp-json\/wp\/v2\/product_cat?post=20746"},{"taxonomy":"product_tag","embeddable":true,"href":"https:\/\/staging.forenteforlag.no\/pax\/wp-json\/wp\/v2\/product_tag?post=20746"}],"curies":[{"name":"wp","href":"https:\/\/api.w.org\/{rel}","templated":true}]}}