{"id":20720,"date":"2013-03-19T01:00:00","date_gmt":"2013-03-19T00:00:00","guid":{"rendered":"https:\/\/pax.forenteforlag.no\/produkt\/norsk-rettstenkning-etter-1800\/"},"modified":"2025-08-27T09:21:17","modified_gmt":"2025-08-27T07:21:17","slug":"norsk-rettstenkning-etter-1800","status":"publish","type":"product","link":"https:\/\/staging.forenteforlag.no\/pax\/produkt\/norsk-rettstenkning-etter-1800\/","title":{"rendered":"Norsk rettstenkning etter 1800"},"content":{"rendered":"<p>Lenge ble norsk rettstenkning stort sett bare unders\u00f8kt som en del av norsk politisk historie. Dag Michalsen l\u00f8fter i denne boken frem en rekke av de sp\u00f8rsm\u00e5l som faktisk har st\u00e5tt sentralt i norsk rettstenkning etter 1800: Hvordan virket den felles dansk-norske rettstradisjonen etter 1814? Hva bet\u00f8d Grunnloven for norsk rettstenkning? Hvilken betydning har internasjonal rett hatt for norsk rettsvitenskap? Hvordan har rettslige og metodiske nyskapninger som omleggingen av erstatningsretten eller den endrede begrunnelsen for avtalebinding foreg\u00e5tt i norsk rett? Gjennom tolv studier analyserer Dag Michalsen disse og andre sp\u00f8rsm\u00e5l og setter dem inn i en st\u00f8rre norsk og internasjonal rettsvitenskapelig sammenheng. Han peker ogs\u00e5 p\u00e5 de historiemetodiske utfordringer som ligger innbakt i en rettstenkningens historie. Boken gir dermed en mer fullstendig fremstilling av norsk rettstenkning etter 1800 enn vi har hatt tidligere.<\/p>\n","protected":false},"excerpt":{"rendered":"<p>Lenge ble norsk rettstenkning stort sett bare unders\u00f8kt som en del av norsk politisk historie. Dag Michalsen l\u00f8fter i denne boken frem en rekke av de sp\u00f8rsm\u00e5l som faktisk har st\u00e5tt sentralt i norsk rettstenkning etter 1800: Hvordan virket den felles dansk-norske rettstradisjonen etter 1814? Hva bet\u00f8d Grunnloven for norsk rettstenkning? Hvilken betydning har internasjonal [&hellip;]<\/p>\n","protected":false},"featured_media":28451,"template":"","meta":{"_acf_changed":false,"inline_featured_image":false},"product_brand":[],"product_cat":[1782,23],"product_tag":[362,439,599],"class_list":{"0":"post-20720","1":"product","2":"type-product","3":"status-publish","4":"has-post-thumbnail","6":"product_cat-fripris","7":"product_cat-historie","8":"product_tag-faglitteratur","9":"product_tag-nord-norge","10":"product_tag-rettshistorie","11":"pa_format-innbundet","13":"first","14":"instock","15":"shipping-taxable","16":"purchasable","17":"product-type-simple"},"acf":{"anmeldelse":null},"yoast_head":"<!-- This site is optimized with the Yoast SEO plugin v26.6 - https:\/\/yoast.com\/wordpress\/plugins\/seo\/ -->\n<title>Norsk rettstenkning etter 1800 - Pax<\/title>\n<meta name=\"robots\" content=\"noindex, follow, max-snippet:-1, max-image-preview:large, max-video-preview:-1\" \/>\n<meta property=\"og:locale\" content=\"nb_NO\" \/>\n<meta property=\"og:type\" content=\"article\" \/>\n<meta property=\"og:title\" content=\"Norsk rettstenkning etter 1800 - Pax\" \/>\n<meta property=\"og:description\" content=\"Lenge ble norsk rettstenkning stort sett bare unders\u00f8kt som en del av norsk politisk historie. Dag Michalsen l\u00f8fter i denne boken frem en rekke av de sp\u00f8rsm\u00e5l som faktisk har st\u00e5tt sentralt i norsk rettstenkning etter 1800: Hvordan virket den felles dansk-norske rettstradisjonen etter 1814? Hva bet\u00f8d Grunnloven for norsk rettstenkning? Hvilken betydning har internasjonal [&hellip;]\" \/>\n<meta property=\"og:url\" content=\"https:\/\/staging.forenteforlag.no\/pax\/produkt\/norsk-rettstenkning-etter-1800\/\" \/>\n<meta property=\"og:site_name\" content=\"Pax\" \/>\n<meta property=\"article:modified_time\" content=\"2025-08-27T07:21:17+00:00\" \/>\n<meta property=\"og:image\" content=\"https:\/\/staging.forenteforlag.no\/pax\/wp-content\/uploads\/sites\/5\/2025\/08\/jpg-6978.jpg\" \/>\n\t<meta property=\"og:image:width\" content=\"325\" \/>\n\t<meta property=\"og:image:height\" content=\"450\" \/>\n\t<meta property=\"og:image:type\" content=\"image\/jpeg\" \/>\n<meta name=\"twitter:card\" content=\"summary_large_image\" \/>\n<meta name=\"twitter:label1\" content=\"Ansl. lesetid\" \/>\n\t<meta name=\"twitter:data1\" content=\"1 minutt\" \/>\n<script type=\"application\/ld+json\" class=\"yoast-schema-graph\">{\"@context\":\"https:\/\/schema.org\",\"@graph\":[{\"@type\":\"WebPage\",\"@id\":\"https:\/\/staging.forenteforlag.no\/pax\/produkt\/norsk-rettstenkning-etter-1800\/\",\"url\":\"https:\/\/staging.forenteforlag.no\/pax\/produkt\/norsk-rettstenkning-etter-1800\/\",\"name\":\"Norsk rettstenkning etter 1800 - Pax\",\"isPartOf\":{\"@id\":\"https:\/\/staging.forenteforlag.no\/pax\/#website\"},\"primaryImageOfPage\":{\"@id\":\"https:\/\/staging.forenteforlag.no\/pax\/produkt\/norsk-rettstenkning-etter-1800\/#primaryimage\"},\"image\":{\"@id\":\"https:\/\/staging.forenteforlag.no\/pax\/produkt\/norsk-rettstenkning-etter-1800\/#primaryimage\"},\"thumbnailUrl\":\"https:\/\/staging.forenteforlag.no\/pax\/wp-content\/uploads\/sites\/5\/2025\/08\/jpg-6978.jpg\",\"datePublished\":\"2013-03-19T00:00:00+00:00\",\"dateModified\":\"2025-08-27T07:21:17+00:00\",\"breadcrumb\":{\"@id\":\"https:\/\/staging.forenteforlag.no\/pax\/produkt\/norsk-rettstenkning-etter-1800\/#breadcrumb\"},\"inLanguage\":\"nb-NO\",\"potentialAction\":[{\"@type\":\"ReadAction\",\"target\":[\"https:\/\/staging.forenteforlag.no\/pax\/produkt\/norsk-rettstenkning-etter-1800\/\"]}]},{\"@type\":\"ImageObject\",\"inLanguage\":\"nb-NO\",\"@id\":\"https:\/\/staging.forenteforlag.no\/pax\/produkt\/norsk-rettstenkning-etter-1800\/#primaryimage\",\"url\":\"https:\/\/staging.forenteforlag.no\/pax\/wp-content\/uploads\/sites\/5\/2025\/08\/jpg-6978.jpg\",\"contentUrl\":\"https:\/\/staging.forenteforlag.no\/pax\/wp-content\/uploads\/sites\/5\/2025\/08\/jpg-6978.jpg\",\"width\":325,\"height\":450},{\"@type\":\"BreadcrumbList\",\"@id\":\"https:\/\/staging.forenteforlag.no\/pax\/produkt\/norsk-rettstenkning-etter-1800\/#breadcrumb\",\"itemListElement\":[{\"@type\":\"ListItem\",\"position\":1,\"name\":\"Hjem\",\"item\":\"https:\/\/staging.forenteforlag.no\/pax\/\"},{\"@type\":\"ListItem\",\"position\":2,\"name\":\"Alle b\u00f8ker\",\"item\":\"https:\/\/staging.forenteforlag.no\/pax\/butikk\/\"},{\"@type\":\"ListItem\",\"position\":3,\"name\":\"Norsk rettstenkning etter 1800\"}]},{\"@type\":\"WebSite\",\"@id\":\"https:\/\/staging.forenteforlag.no\/pax\/#website\",\"url\":\"https:\/\/staging.forenteforlag.no\/pax\/\",\"name\":\"Pax\",\"description\":\"\",\"potentialAction\":[{\"@type\":\"SearchAction\",\"target\":{\"@type\":\"EntryPoint\",\"urlTemplate\":\"https:\/\/staging.forenteforlag.no\/pax\/?s={search_term_string}\"},\"query-input\":{\"@type\":\"PropertyValueSpecification\",\"valueRequired\":true,\"valueName\":\"search_term_string\"}}],\"inLanguage\":\"nb-NO\"}]}<\/script>\n<!-- \/ Yoast SEO plugin. -->","yoast_head_json":{"title":"Norsk rettstenkning etter 1800 - Pax","robots":{"index":"noindex","follow":"follow","max-snippet":"max-snippet:-1","max-image-preview":"max-image-preview:large","max-video-preview":"max-video-preview:-1"},"og_locale":"nb_NO","og_type":"article","og_title":"Norsk rettstenkning etter 1800 - Pax","og_description":"Lenge ble norsk rettstenkning stort sett bare unders\u00f8kt som en del av norsk politisk historie. Dag Michalsen l\u00f8fter i denne boken frem en rekke av de sp\u00f8rsm\u00e5l som faktisk har st\u00e5tt sentralt i norsk rettstenkning etter 1800: Hvordan virket den felles dansk-norske rettstradisjonen etter 1814? Hva bet\u00f8d Grunnloven for norsk rettstenkning? Hvilken betydning har internasjonal [&hellip;]","og_url":"https:\/\/staging.forenteforlag.no\/pax\/produkt\/norsk-rettstenkning-etter-1800\/","og_site_name":"Pax","article_modified_time":"2025-08-27T07:21:17+00:00","og_image":[{"width":325,"height":450,"url":"https:\/\/staging.forenteforlag.no\/pax\/wp-content\/uploads\/sites\/5\/2025\/08\/jpg-6978.jpg","type":"image\/jpeg"}],"twitter_card":"summary_large_image","twitter_misc":{"Ansl. lesetid":"1 minutt"},"schema":{"@context":"https:\/\/schema.org","@graph":[{"@type":"WebPage","@id":"https:\/\/staging.forenteforlag.no\/pax\/produkt\/norsk-rettstenkning-etter-1800\/","url":"https:\/\/staging.forenteforlag.no\/pax\/produkt\/norsk-rettstenkning-etter-1800\/","name":"Norsk rettstenkning etter 1800 - Pax","isPartOf":{"@id":"https:\/\/staging.forenteforlag.no\/pax\/#website"},"primaryImageOfPage":{"@id":"https:\/\/staging.forenteforlag.no\/pax\/produkt\/norsk-rettstenkning-etter-1800\/#primaryimage"},"image":{"@id":"https:\/\/staging.forenteforlag.no\/pax\/produkt\/norsk-rettstenkning-etter-1800\/#primaryimage"},"thumbnailUrl":"https:\/\/staging.forenteforlag.no\/pax\/wp-content\/uploads\/sites\/5\/2025\/08\/jpg-6978.jpg","datePublished":"2013-03-19T00:00:00+00:00","dateModified":"2025-08-27T07:21:17+00:00","breadcrumb":{"@id":"https:\/\/staging.forenteforlag.no\/pax\/produkt\/norsk-rettstenkning-etter-1800\/#breadcrumb"},"inLanguage":"nb-NO","potentialAction":[{"@type":"ReadAction","target":["https:\/\/staging.forenteforlag.no\/pax\/produkt\/norsk-rettstenkning-etter-1800\/"]}]},{"@type":"ImageObject","inLanguage":"nb-NO","@id":"https:\/\/staging.forenteforlag.no\/pax\/produkt\/norsk-rettstenkning-etter-1800\/#primaryimage","url":"https:\/\/staging.forenteforlag.no\/pax\/wp-content\/uploads\/sites\/5\/2025\/08\/jpg-6978.jpg","contentUrl":"https:\/\/staging.forenteforlag.no\/pax\/wp-content\/uploads\/sites\/5\/2025\/08\/jpg-6978.jpg","width":325,"height":450},{"@type":"BreadcrumbList","@id":"https:\/\/staging.forenteforlag.no\/pax\/produkt\/norsk-rettstenkning-etter-1800\/#breadcrumb","itemListElement":[{"@type":"ListItem","position":1,"name":"Hjem","item":"https:\/\/staging.forenteforlag.no\/pax\/"},{"@type":"ListItem","position":2,"name":"Alle b\u00f8ker","item":"https:\/\/staging.forenteforlag.no\/pax\/butikk\/"},{"@type":"ListItem","position":3,"name":"Norsk rettstenkning etter 1800"}]},{"@type":"WebSite","@id":"https:\/\/staging.forenteforlag.no\/pax\/#website","url":"https:\/\/staging.forenteforlag.no\/pax\/","name":"Pax","description":"","potentialAction":[{"@type":"SearchAction","target":{"@type":"EntryPoint","urlTemplate":"https:\/\/staging.forenteforlag.no\/pax\/?s={search_term_string}"},"query-input":{"@type":"PropertyValueSpecification","valueRequired":true,"valueName":"search_term_string"}}],"inLanguage":"nb-NO"}]}},"_links":{"self":[{"href":"https:\/\/staging.forenteforlag.no\/pax\/wp-json\/wp\/v2\/product\/20720","targetHints":{"allow":["GET"]}}],"collection":[{"href":"https:\/\/staging.forenteforlag.no\/pax\/wp-json\/wp\/v2\/product"}],"about":[{"href":"https:\/\/staging.forenteforlag.no\/pax\/wp-json\/wp\/v2\/types\/product"}],"wp:featuredmedia":[{"embeddable":true,"href":"https:\/\/staging.forenteforlag.no\/pax\/wp-json\/wp\/v2\/media\/28451"}],"wp:attachment":[{"href":"https:\/\/staging.forenteforlag.no\/pax\/wp-json\/wp\/v2\/media?parent=20720"}],"wp:term":[{"taxonomy":"product_brand","embeddable":true,"href":"https:\/\/staging.forenteforlag.no\/pax\/wp-json\/wp\/v2\/product_brand?post=20720"},{"taxonomy":"product_cat","embeddable":true,"href":"https:\/\/staging.forenteforlag.no\/pax\/wp-json\/wp\/v2\/product_cat?post=20720"},{"taxonomy":"product_tag","embeddable":true,"href":"https:\/\/staging.forenteforlag.no\/pax\/wp-json\/wp\/v2\/product_tag?post=20720"}],"curies":[{"name":"wp","href":"https:\/\/api.w.org\/{rel}","templated":true}]}}