{"id":20716,"date":"2014-11-10T01:00:00","date_gmt":"2014-11-10T00:00:00","guid":{"rendered":"https:\/\/pax.forenteforlag.no\/produkt\/folk-forandrer-verden\/"},"modified":"2025-08-27T08:09:02","modified_gmt":"2025-08-27T06:09:02","slug":"folk-forandrer-verden","status":"publish","type":"product","link":"https:\/\/staging.forenteforlag.no\/pax\/produkt\/folk-forandrer-verden\/","title":{"rendered":"Folk forandrer verden"},"content":{"rendered":"<p>Norsk Folkehjelp er fagbevegelsens humanit\u00e6re solidaritetsorganisasjon. Her hjemme forbinder vi organisasjonen med redningsaksjoner, med beredskap i p\u00e5skefjellet, med f\u00f8rstehjelpstjeneste under store arrangementer, med leteaksjoner etter savnede personer, med drift av verdige asylmottak og med antirasistisk arbeid. Men den st\u00f8rste innsatsen gj\u00f8r organisasjonen i andre land.  <\/p>\n<p>Norsk Folkehjelp er engasjert i 38 land med bistandsarbeid og demokratibygging i samarbeid<br \/>\nmed lokale krefter, og er en av verdens st\u00f8rste humanit\u00e6re organisasjoner innen kartlegging og destruksjon av miner og klasev\u00e5pen.  <\/p>\n<p>Norsk Folkehjelp er en utpreget medlemsorganisasjon med til sammen mer enn 12 000 medlemmer fordelt p\u00e5 omkring 100 lokallag i alle deler av Norge. Med deres innsats er Folkehjelpen en stor bidragsyter til det uegennyttige arbeidet som utf\u00f8res i frivillighets-Norge. <\/p>\n<p>Thor Viksveen forteller i Folk forandrer verden. Norsk Folkehjelp 75 \u00e5r den spektakul\u00e6re historien, fra en sped begynnelse under opptakten til andre verdenskrig, med Arbeidersaniteten og Spaniahjelpen som forl\u00f8pere, og frem til dagens virksomhet p\u00e5 fem kontinenter.<\/p>\n","protected":false},"excerpt":{"rendered":"<p>Norsk Folkehjelp er fagbevegelsens humanit\u00e6re solidaritetsorganisasjon. Her hjemme forbinder vi organisasjonen med redningsaksjoner, med beredskap i p\u00e5skefjellet, med f\u00f8rstehjelpstjeneste under store arrangementer, med leteaksjoner etter savnede personer, med drift av verdige asylmottak og med antirasistisk arbeid. Men den st\u00f8rste innsatsen gj\u00f8r organisasjonen i andre land. Norsk Folkehjelp er engasjert i 38 land med bistandsarbeid og [&hellip;]<\/p>\n","protected":false},"featured_media":28030,"template":"","meta":{"_acf_changed":false,"inline_featured_image":false},"product_brand":[],"product_cat":[1782,32],"product_tag":[362,591,437],"class_list":{"0":"post-20716","1":"product","2":"type-product","3":"status-publish","4":"has-post-thumbnail","6":"product_cat-fripris","7":"product_cat-samfunn-og-politikk","8":"product_tag-faglitteratur","9":"product_tag-humanitaere-organisasjoner","10":"product_tag-jubileumsboker","11":"pa_format-innbundet","13":"first","14":"instock","15":"shipping-taxable","16":"purchasable","17":"product-type-simple"},"acf":{"anmeldelse":null},"yoast_head":"<!-- This site is optimized with the Yoast SEO plugin v26.6 - https:\/\/yoast.com\/wordpress\/plugins\/seo\/ -->\n<title>Folk forandrer verden - Pax<\/title>\n<meta name=\"robots\" content=\"noindex, follow, max-snippet:-1, max-image-preview:large, max-video-preview:-1\" \/>\n<meta property=\"og:locale\" content=\"nb_NO\" \/>\n<meta property=\"og:type\" content=\"article\" \/>\n<meta property=\"og:title\" content=\"Folk forandrer verden - Pax\" \/>\n<meta property=\"og:description\" content=\"Norsk Folkehjelp er fagbevegelsens humanit\u00e6re solidaritetsorganisasjon. Her hjemme forbinder vi organisasjonen med redningsaksjoner, med beredskap i p\u00e5skefjellet, med f\u00f8rstehjelpstjeneste under store arrangementer, med leteaksjoner etter savnede personer, med drift av verdige asylmottak og med antirasistisk arbeid. Men den st\u00f8rste innsatsen gj\u00f8r organisasjonen i andre land. Norsk Folkehjelp er engasjert i 38 land med bistandsarbeid og [&hellip;]\" \/>\n<meta property=\"og:url\" content=\"https:\/\/staging.forenteforlag.no\/pax\/produkt\/folk-forandrer-verden\/\" \/>\n<meta property=\"og:site_name\" content=\"Pax\" \/>\n<meta property=\"article:modified_time\" content=\"2025-08-27T06:09:02+00:00\" \/>\n<meta property=\"og:image\" content=\"https:\/\/staging.forenteforlag.no\/pax\/wp-content\/uploads\/sites\/5\/2025\/08\/jpg-5802.jpg\" \/>\n\t<meta property=\"og:image:width\" content=\"321\" \/>\n\t<meta property=\"og:image:height\" content=\"449\" \/>\n\t<meta property=\"og:image:type\" content=\"image\/jpeg\" \/>\n<meta name=\"twitter:card\" content=\"summary_large_image\" \/>\n<meta name=\"twitter:label1\" content=\"Ansl. lesetid\" \/>\n\t<meta name=\"twitter:data1\" content=\"1 minutt\" \/>\n<script type=\"application\/ld+json\" class=\"yoast-schema-graph\">{\"@context\":\"https:\/\/schema.org\",\"@graph\":[{\"@type\":\"WebPage\",\"@id\":\"https:\/\/staging.forenteforlag.no\/pax\/produkt\/folk-forandrer-verden\/\",\"url\":\"https:\/\/staging.forenteforlag.no\/pax\/produkt\/folk-forandrer-verden\/\",\"name\":\"Folk forandrer verden - Pax\",\"isPartOf\":{\"@id\":\"https:\/\/staging.forenteforlag.no\/pax\/#website\"},\"primaryImageOfPage\":{\"@id\":\"https:\/\/staging.forenteforlag.no\/pax\/produkt\/folk-forandrer-verden\/#primaryimage\"},\"image\":{\"@id\":\"https:\/\/staging.forenteforlag.no\/pax\/produkt\/folk-forandrer-verden\/#primaryimage\"},\"thumbnailUrl\":\"https:\/\/staging.forenteforlag.no\/pax\/wp-content\/uploads\/sites\/5\/2025\/08\/jpg-5802.jpg\",\"datePublished\":\"2014-11-10T00:00:00+00:00\",\"dateModified\":\"2025-08-27T06:09:02+00:00\",\"breadcrumb\":{\"@id\":\"https:\/\/staging.forenteforlag.no\/pax\/produkt\/folk-forandrer-verden\/#breadcrumb\"},\"inLanguage\":\"nb-NO\",\"potentialAction\":[{\"@type\":\"ReadAction\",\"target\":[\"https:\/\/staging.forenteforlag.no\/pax\/produkt\/folk-forandrer-verden\/\"]}]},{\"@type\":\"ImageObject\",\"inLanguage\":\"nb-NO\",\"@id\":\"https:\/\/staging.forenteforlag.no\/pax\/produkt\/folk-forandrer-verden\/#primaryimage\",\"url\":\"https:\/\/staging.forenteforlag.no\/pax\/wp-content\/uploads\/sites\/5\/2025\/08\/jpg-5802.jpg\",\"contentUrl\":\"https:\/\/staging.forenteforlag.no\/pax\/wp-content\/uploads\/sites\/5\/2025\/08\/jpg-5802.jpg\",\"width\":321,\"height\":449},{\"@type\":\"BreadcrumbList\",\"@id\":\"https:\/\/staging.forenteforlag.no\/pax\/produkt\/folk-forandrer-verden\/#breadcrumb\",\"itemListElement\":[{\"@type\":\"ListItem\",\"position\":1,\"name\":\"Hjem\",\"item\":\"https:\/\/staging.forenteforlag.no\/pax\/\"},{\"@type\":\"ListItem\",\"position\":2,\"name\":\"Alle b\u00f8ker\",\"item\":\"https:\/\/staging.forenteforlag.no\/pax\/butikk\/\"},{\"@type\":\"ListItem\",\"position\":3,\"name\":\"Folk forandrer verden\"}]},{\"@type\":\"WebSite\",\"@id\":\"https:\/\/staging.forenteforlag.no\/pax\/#website\",\"url\":\"https:\/\/staging.forenteforlag.no\/pax\/\",\"name\":\"Pax\",\"description\":\"\",\"potentialAction\":[{\"@type\":\"SearchAction\",\"target\":{\"@type\":\"EntryPoint\",\"urlTemplate\":\"https:\/\/staging.forenteforlag.no\/pax\/?s={search_term_string}\"},\"query-input\":{\"@type\":\"PropertyValueSpecification\",\"valueRequired\":true,\"valueName\":\"search_term_string\"}}],\"inLanguage\":\"nb-NO\"}]}<\/script>\n<!-- \/ Yoast SEO plugin. -->","yoast_head_json":{"title":"Folk forandrer verden - Pax","robots":{"index":"noindex","follow":"follow","max-snippet":"max-snippet:-1","max-image-preview":"max-image-preview:large","max-video-preview":"max-video-preview:-1"},"og_locale":"nb_NO","og_type":"article","og_title":"Folk forandrer verden - Pax","og_description":"Norsk Folkehjelp er fagbevegelsens humanit\u00e6re solidaritetsorganisasjon. Her hjemme forbinder vi organisasjonen med redningsaksjoner, med beredskap i p\u00e5skefjellet, med f\u00f8rstehjelpstjeneste under store arrangementer, med leteaksjoner etter savnede personer, med drift av verdige asylmottak og med antirasistisk arbeid. Men den st\u00f8rste innsatsen gj\u00f8r organisasjonen i andre land. Norsk Folkehjelp er engasjert i 38 land med bistandsarbeid og [&hellip;]","og_url":"https:\/\/staging.forenteforlag.no\/pax\/produkt\/folk-forandrer-verden\/","og_site_name":"Pax","article_modified_time":"2025-08-27T06:09:02+00:00","og_image":[{"width":321,"height":449,"url":"https:\/\/staging.forenteforlag.no\/pax\/wp-content\/uploads\/sites\/5\/2025\/08\/jpg-5802.jpg","type":"image\/jpeg"}],"twitter_card":"summary_large_image","twitter_misc":{"Ansl. lesetid":"1 minutt"},"schema":{"@context":"https:\/\/schema.org","@graph":[{"@type":"WebPage","@id":"https:\/\/staging.forenteforlag.no\/pax\/produkt\/folk-forandrer-verden\/","url":"https:\/\/staging.forenteforlag.no\/pax\/produkt\/folk-forandrer-verden\/","name":"Folk forandrer verden - Pax","isPartOf":{"@id":"https:\/\/staging.forenteforlag.no\/pax\/#website"},"primaryImageOfPage":{"@id":"https:\/\/staging.forenteforlag.no\/pax\/produkt\/folk-forandrer-verden\/#primaryimage"},"image":{"@id":"https:\/\/staging.forenteforlag.no\/pax\/produkt\/folk-forandrer-verden\/#primaryimage"},"thumbnailUrl":"https:\/\/staging.forenteforlag.no\/pax\/wp-content\/uploads\/sites\/5\/2025\/08\/jpg-5802.jpg","datePublished":"2014-11-10T00:00:00+00:00","dateModified":"2025-08-27T06:09:02+00:00","breadcrumb":{"@id":"https:\/\/staging.forenteforlag.no\/pax\/produkt\/folk-forandrer-verden\/#breadcrumb"},"inLanguage":"nb-NO","potentialAction":[{"@type":"ReadAction","target":["https:\/\/staging.forenteforlag.no\/pax\/produkt\/folk-forandrer-verden\/"]}]},{"@type":"ImageObject","inLanguage":"nb-NO","@id":"https:\/\/staging.forenteforlag.no\/pax\/produkt\/folk-forandrer-verden\/#primaryimage","url":"https:\/\/staging.forenteforlag.no\/pax\/wp-content\/uploads\/sites\/5\/2025\/08\/jpg-5802.jpg","contentUrl":"https:\/\/staging.forenteforlag.no\/pax\/wp-content\/uploads\/sites\/5\/2025\/08\/jpg-5802.jpg","width":321,"height":449},{"@type":"BreadcrumbList","@id":"https:\/\/staging.forenteforlag.no\/pax\/produkt\/folk-forandrer-verden\/#breadcrumb","itemListElement":[{"@type":"ListItem","position":1,"name":"Hjem","item":"https:\/\/staging.forenteforlag.no\/pax\/"},{"@type":"ListItem","position":2,"name":"Alle b\u00f8ker","item":"https:\/\/staging.forenteforlag.no\/pax\/butikk\/"},{"@type":"ListItem","position":3,"name":"Folk forandrer verden"}]},{"@type":"WebSite","@id":"https:\/\/staging.forenteforlag.no\/pax\/#website","url":"https:\/\/staging.forenteforlag.no\/pax\/","name":"Pax","description":"","potentialAction":[{"@type":"SearchAction","target":{"@type":"EntryPoint","urlTemplate":"https:\/\/staging.forenteforlag.no\/pax\/?s={search_term_string}"},"query-input":{"@type":"PropertyValueSpecification","valueRequired":true,"valueName":"search_term_string"}}],"inLanguage":"nb-NO"}]}},"_links":{"self":[{"href":"https:\/\/staging.forenteforlag.no\/pax\/wp-json\/wp\/v2\/product\/20716","targetHints":{"allow":["GET"]}}],"collection":[{"href":"https:\/\/staging.forenteforlag.no\/pax\/wp-json\/wp\/v2\/product"}],"about":[{"href":"https:\/\/staging.forenteforlag.no\/pax\/wp-json\/wp\/v2\/types\/product"}],"wp:featuredmedia":[{"embeddable":true,"href":"https:\/\/staging.forenteforlag.no\/pax\/wp-json\/wp\/v2\/media\/28030"}],"wp:attachment":[{"href":"https:\/\/staging.forenteforlag.no\/pax\/wp-json\/wp\/v2\/media?parent=20716"}],"wp:term":[{"taxonomy":"product_brand","embeddable":true,"href":"https:\/\/staging.forenteforlag.no\/pax\/wp-json\/wp\/v2\/product_brand?post=20716"},{"taxonomy":"product_cat","embeddable":true,"href":"https:\/\/staging.forenteforlag.no\/pax\/wp-json\/wp\/v2\/product_cat?post=20716"},{"taxonomy":"product_tag","embeddable":true,"href":"https:\/\/staging.forenteforlag.no\/pax\/wp-json\/wp\/v2\/product_tag?post=20716"}],"curies":[{"name":"wp","href":"https:\/\/api.w.org\/{rel}","templated":true}]}}