{"id":20700,"date":"2011-03-03T01:00:00","date_gmt":"2011-03-03T00:00:00","guid":{"rendered":"https:\/\/pax.forenteforlag.no\/produkt\/latinen-lenge-leve\/"},"modified":"2025-08-27T12:08:11","modified_gmt":"2025-08-27T10:08:11","slug":"latinen-lenge-leve","status":"publish","type":"product","link":"https:\/\/staging.forenteforlag.no\/pax\/produkt\/latinen-lenge-leve\/","title":{"rendered":"Latinen lenge leve!"},"content":{"rendered":"<p>I denne vesle sitatboken finner du de aller fleste av de mest kjente latinsitatene. Her finner du ogs\u00e5 en oversikt over de mest kjente st\u00e5ende uttrykk fra latin, av typen per capita, vice versa, in spe og ad hoc. I tillegg til et forfatteregister er her ogs\u00e5 et temaregister, som gj\u00f8r det lett \u00e5 finne et passende sitat enten du skal holde en tale til vennskapets pris eller du vi si noe klokt om livet, d\u00f8den eller kj\u00e6rligheten. Det sl\u00e5r ikke feil om du sier det p\u00e5 latin!  Hilde Sejersted er tidligere lektor ved Oslo Katedralskole og Vibeke Roggen er f\u00f8rsteamanuensis i latin ved Universitetet i Oslo.<\/p>\n","protected":false},"excerpt":{"rendered":"<p>I denne vesle sitatboken finner du de aller fleste av de mest kjente latinsitatene. Her finner du ogs\u00e5 en oversikt over de mest kjente st\u00e5ende uttrykk fra latin, av typen per capita, vice versa, in spe og ad hoc. I tillegg til et forfatteregister er her ogs\u00e5 et temaregister, som gj\u00f8r det lett \u00e5 finne [&hellip;]<\/p>\n","protected":false},"featured_media":29126,"template":"","meta":{"_acf_changed":false,"inline_featured_image":false},"product_brand":[],"product_cat":[1782,33],"product_tag":[362,1035,765],"class_list":{"0":"post-20700","1":"product","2":"type-product","3":"status-publish","4":"has-post-thumbnail","6":"product_cat-fripris","7":"product_cat-sprak","8":"product_tag-faglitteratur","9":"product_tag-latin","10":"product_tag-sitatsamlinger","11":"pa_format-innbundet","13":"first","14":"outofstock","15":"shipping-taxable","16":"purchasable","17":"product-type-simple"},"acf":{"anmeldelse":null},"yoast_head":"<!-- This site is optimized with the Yoast SEO plugin v26.6 - https:\/\/yoast.com\/wordpress\/plugins\/seo\/ -->\n<title>Latinen lenge leve! - Pax<\/title>\n<meta name=\"robots\" content=\"noindex, follow, max-snippet:-1, max-image-preview:large, max-video-preview:-1\" \/>\n<meta property=\"og:locale\" content=\"nb_NO\" \/>\n<meta property=\"og:type\" content=\"article\" \/>\n<meta property=\"og:title\" content=\"Latinen lenge leve! - Pax\" \/>\n<meta property=\"og:description\" content=\"I denne vesle sitatboken finner du de aller fleste av de mest kjente latinsitatene. Her finner du ogs\u00e5 en oversikt over de mest kjente st\u00e5ende uttrykk fra latin, av typen per capita, vice versa, in spe og ad hoc. I tillegg til et forfatteregister er her ogs\u00e5 et temaregister, som gj\u00f8r det lett \u00e5 finne [&hellip;]\" \/>\n<meta property=\"og:url\" content=\"https:\/\/staging.forenteforlag.no\/pax\/produkt\/latinen-lenge-leve\/\" \/>\n<meta property=\"og:site_name\" content=\"Pax\" \/>\n<meta property=\"article:modified_time\" content=\"2025-08-27T10:08:11+00:00\" \/>\n<meta property=\"og:image\" content=\"https:\/\/staging.forenteforlag.no\/pax\/wp-content\/uploads\/sites\/5\/2025\/08\/jpg-8963.jpg\" \/>\n\t<meta property=\"og:image:width\" content=\"287\" \/>\n\t<meta property=\"og:image:height\" content=\"450\" \/>\n\t<meta property=\"og:image:type\" content=\"image\/jpeg\" \/>\n<meta name=\"twitter:card\" content=\"summary_large_image\" \/>\n<meta name=\"twitter:label1\" content=\"Ansl. lesetid\" \/>\n\t<meta name=\"twitter:data1\" content=\"1 minutt\" \/>\n<script type=\"application\/ld+json\" class=\"yoast-schema-graph\">{\"@context\":\"https:\/\/schema.org\",\"@graph\":[{\"@type\":\"WebPage\",\"@id\":\"https:\/\/staging.forenteforlag.no\/pax\/produkt\/latinen-lenge-leve\/\",\"url\":\"https:\/\/staging.forenteforlag.no\/pax\/produkt\/latinen-lenge-leve\/\",\"name\":\"Latinen lenge leve! - Pax\",\"isPartOf\":{\"@id\":\"https:\/\/staging.forenteforlag.no\/pax\/#website\"},\"primaryImageOfPage\":{\"@id\":\"https:\/\/staging.forenteforlag.no\/pax\/produkt\/latinen-lenge-leve\/#primaryimage\"},\"image\":{\"@id\":\"https:\/\/staging.forenteforlag.no\/pax\/produkt\/latinen-lenge-leve\/#primaryimage\"},\"thumbnailUrl\":\"https:\/\/staging.forenteforlag.no\/pax\/wp-content\/uploads\/sites\/5\/2025\/08\/jpg-8963.jpg\",\"datePublished\":\"2011-03-03T00:00:00+00:00\",\"dateModified\":\"2025-08-27T10:08:11+00:00\",\"breadcrumb\":{\"@id\":\"https:\/\/staging.forenteforlag.no\/pax\/produkt\/latinen-lenge-leve\/#breadcrumb\"},\"inLanguage\":\"nb-NO\",\"potentialAction\":[{\"@type\":\"ReadAction\",\"target\":[\"https:\/\/staging.forenteforlag.no\/pax\/produkt\/latinen-lenge-leve\/\"]}]},{\"@type\":\"ImageObject\",\"inLanguage\":\"nb-NO\",\"@id\":\"https:\/\/staging.forenteforlag.no\/pax\/produkt\/latinen-lenge-leve\/#primaryimage\",\"url\":\"https:\/\/staging.forenteforlag.no\/pax\/wp-content\/uploads\/sites\/5\/2025\/08\/jpg-8963.jpg\",\"contentUrl\":\"https:\/\/staging.forenteforlag.no\/pax\/wp-content\/uploads\/sites\/5\/2025\/08\/jpg-8963.jpg\",\"width\":287,\"height\":450},{\"@type\":\"BreadcrumbList\",\"@id\":\"https:\/\/staging.forenteforlag.no\/pax\/produkt\/latinen-lenge-leve\/#breadcrumb\",\"itemListElement\":[{\"@type\":\"ListItem\",\"position\":1,\"name\":\"Hjem\",\"item\":\"https:\/\/staging.forenteforlag.no\/pax\/\"},{\"@type\":\"ListItem\",\"position\":2,\"name\":\"Alle b\u00f8ker\",\"item\":\"https:\/\/staging.forenteforlag.no\/pax\/butikk\/\"},{\"@type\":\"ListItem\",\"position\":3,\"name\":\"Latinen lenge leve!\"}]},{\"@type\":\"WebSite\",\"@id\":\"https:\/\/staging.forenteforlag.no\/pax\/#website\",\"url\":\"https:\/\/staging.forenteforlag.no\/pax\/\",\"name\":\"Pax\",\"description\":\"\",\"potentialAction\":[{\"@type\":\"SearchAction\",\"target\":{\"@type\":\"EntryPoint\",\"urlTemplate\":\"https:\/\/staging.forenteforlag.no\/pax\/?s={search_term_string}\"},\"query-input\":{\"@type\":\"PropertyValueSpecification\",\"valueRequired\":true,\"valueName\":\"search_term_string\"}}],\"inLanguage\":\"nb-NO\"}]}<\/script>\n<!-- \/ Yoast SEO plugin. -->","yoast_head_json":{"title":"Latinen lenge leve! - Pax","robots":{"index":"noindex","follow":"follow","max-snippet":"max-snippet:-1","max-image-preview":"max-image-preview:large","max-video-preview":"max-video-preview:-1"},"og_locale":"nb_NO","og_type":"article","og_title":"Latinen lenge leve! - Pax","og_description":"I denne vesle sitatboken finner du de aller fleste av de mest kjente latinsitatene. Her finner du ogs\u00e5 en oversikt over de mest kjente st\u00e5ende uttrykk fra latin, av typen per capita, vice versa, in spe og ad hoc. I tillegg til et forfatteregister er her ogs\u00e5 et temaregister, som gj\u00f8r det lett \u00e5 finne [&hellip;]","og_url":"https:\/\/staging.forenteforlag.no\/pax\/produkt\/latinen-lenge-leve\/","og_site_name":"Pax","article_modified_time":"2025-08-27T10:08:11+00:00","og_image":[{"width":287,"height":450,"url":"https:\/\/staging.forenteforlag.no\/pax\/wp-content\/uploads\/sites\/5\/2025\/08\/jpg-8963.jpg","type":"image\/jpeg"}],"twitter_card":"summary_large_image","twitter_misc":{"Ansl. lesetid":"1 minutt"},"schema":{"@context":"https:\/\/schema.org","@graph":[{"@type":"WebPage","@id":"https:\/\/staging.forenteforlag.no\/pax\/produkt\/latinen-lenge-leve\/","url":"https:\/\/staging.forenteforlag.no\/pax\/produkt\/latinen-lenge-leve\/","name":"Latinen lenge leve! - Pax","isPartOf":{"@id":"https:\/\/staging.forenteforlag.no\/pax\/#website"},"primaryImageOfPage":{"@id":"https:\/\/staging.forenteforlag.no\/pax\/produkt\/latinen-lenge-leve\/#primaryimage"},"image":{"@id":"https:\/\/staging.forenteforlag.no\/pax\/produkt\/latinen-lenge-leve\/#primaryimage"},"thumbnailUrl":"https:\/\/staging.forenteforlag.no\/pax\/wp-content\/uploads\/sites\/5\/2025\/08\/jpg-8963.jpg","datePublished":"2011-03-03T00:00:00+00:00","dateModified":"2025-08-27T10:08:11+00:00","breadcrumb":{"@id":"https:\/\/staging.forenteforlag.no\/pax\/produkt\/latinen-lenge-leve\/#breadcrumb"},"inLanguage":"nb-NO","potentialAction":[{"@type":"ReadAction","target":["https:\/\/staging.forenteforlag.no\/pax\/produkt\/latinen-lenge-leve\/"]}]},{"@type":"ImageObject","inLanguage":"nb-NO","@id":"https:\/\/staging.forenteforlag.no\/pax\/produkt\/latinen-lenge-leve\/#primaryimage","url":"https:\/\/staging.forenteforlag.no\/pax\/wp-content\/uploads\/sites\/5\/2025\/08\/jpg-8963.jpg","contentUrl":"https:\/\/staging.forenteforlag.no\/pax\/wp-content\/uploads\/sites\/5\/2025\/08\/jpg-8963.jpg","width":287,"height":450},{"@type":"BreadcrumbList","@id":"https:\/\/staging.forenteforlag.no\/pax\/produkt\/latinen-lenge-leve\/#breadcrumb","itemListElement":[{"@type":"ListItem","position":1,"name":"Hjem","item":"https:\/\/staging.forenteforlag.no\/pax\/"},{"@type":"ListItem","position":2,"name":"Alle b\u00f8ker","item":"https:\/\/staging.forenteforlag.no\/pax\/butikk\/"},{"@type":"ListItem","position":3,"name":"Latinen lenge leve!"}]},{"@type":"WebSite","@id":"https:\/\/staging.forenteforlag.no\/pax\/#website","url":"https:\/\/staging.forenteforlag.no\/pax\/","name":"Pax","description":"","potentialAction":[{"@type":"SearchAction","target":{"@type":"EntryPoint","urlTemplate":"https:\/\/staging.forenteforlag.no\/pax\/?s={search_term_string}"},"query-input":{"@type":"PropertyValueSpecification","valueRequired":true,"valueName":"search_term_string"}}],"inLanguage":"nb-NO"}]}},"_links":{"self":[{"href":"https:\/\/staging.forenteforlag.no\/pax\/wp-json\/wp\/v2\/product\/20700","targetHints":{"allow":["GET"]}}],"collection":[{"href":"https:\/\/staging.forenteforlag.no\/pax\/wp-json\/wp\/v2\/product"}],"about":[{"href":"https:\/\/staging.forenteforlag.no\/pax\/wp-json\/wp\/v2\/types\/product"}],"wp:featuredmedia":[{"embeddable":true,"href":"https:\/\/staging.forenteforlag.no\/pax\/wp-json\/wp\/v2\/media\/29126"}],"wp:attachment":[{"href":"https:\/\/staging.forenteforlag.no\/pax\/wp-json\/wp\/v2\/media?parent=20700"}],"wp:term":[{"taxonomy":"product_brand","embeddable":true,"href":"https:\/\/staging.forenteforlag.no\/pax\/wp-json\/wp\/v2\/product_brand?post=20700"},{"taxonomy":"product_cat","embeddable":true,"href":"https:\/\/staging.forenteforlag.no\/pax\/wp-json\/wp\/v2\/product_cat?post=20700"},{"taxonomy":"product_tag","embeddable":true,"href":"https:\/\/staging.forenteforlag.no\/pax\/wp-json\/wp\/v2\/product_tag?post=20700"}],"curies":[{"name":"wp","href":"https:\/\/api.w.org\/{rel}","templated":true}]}}