{"id":20698,"date":"2010-11-11T01:00:00","date_gmt":"2010-11-11T00:00:00","guid":{"rendered":"https:\/\/pax.forenteforlag.no\/produkt\/over-evne\/"},"modified":"2025-08-27T07:52:04","modified_gmt":"2025-08-27T05:52:04","slug":"over-evne","status":"publish","type":"product","link":"https:\/\/staging.forenteforlag.no\/pax\/produkt\/over-evne\/","title":{"rendered":"Over evne"},"content":{"rendered":"<p>Finansdepartementet er det sterkeste makt- og koordineringspunktet i den norske regjeringen. Men i hvor stor grad har departementets arbeid og tenke m\u00e5te virkelig formet endringer i norsk \u00f8konomi og politikk? Det sosialdemokratiske styringssystemet svekkes gjennom 1970-tallets \u00f8konomiske og politiske brytninger, og det tas gradvis fra hverandre gjennom dereguleringspolitikken og liberaliseringen under h\u00f8yreb\u00f8lgen p\u00e5 1980-tallet. Oljerikdommene preger politikk og \u00f8konomi gjennom hele perioden, og beslutninger som ble fattet b\u00e5de innenfor og utenfor departementet la grunnlaget for et fullstendig sammenbrudd i norsk finansn\u00e6ring omkring 1990.<\/p>\n","protected":false},"excerpt":{"rendered":"<p>Finansdepartementet er det sterkeste makt- og koordineringspunktet i den norske regjeringen. Men i hvor stor grad har departementets arbeid og tenke m\u00e5te virkelig formet endringer i norsk \u00f8konomi og politikk? Det sosialdemokratiske styringssystemet svekkes gjennom 1970-tallets \u00f8konomiske og politiske brytninger, og det tas gradvis fra hverandre gjennom dereguleringspolitikken og liberaliseringen under h\u00f8yreb\u00f8lgen p\u00e5 1980-tallet. Oljerikdommene [&hellip;]<\/p>\n","protected":false},"featured_media":27924,"template":"","meta":{"_acf_changed":false,"inline_featured_image":false},"product_brand":[],"product_cat":[1782,23],"product_tag":[493,362,1612,439,628],"class_list":{"0":"post-20698","1":"product","2":"type-product","3":"status-publish","4":"has-post-thumbnail","6":"product_cat-fripris","7":"product_cat-historie","8":"product_tag-1960-1999","9":"product_tag-faglitteratur","10":"product_tag-finans","11":"product_tag-nord-norge","12":"product_tag-statsforvaltning","13":"pa_format-innbundet","15":"first","16":"outofstock","17":"shipping-taxable","18":"purchasable","19":"product-type-simple"},"acf":{"anmeldelse":null},"yoast_head":"<!-- This site is optimized with the Yoast SEO plugin v26.6 - https:\/\/yoast.com\/wordpress\/plugins\/seo\/ -->\n<title>Over evne - Pax<\/title>\n<meta name=\"robots\" content=\"noindex, follow, max-snippet:-1, max-image-preview:large, max-video-preview:-1\" \/>\n<meta property=\"og:locale\" content=\"nb_NO\" \/>\n<meta property=\"og:type\" content=\"article\" \/>\n<meta property=\"og:title\" content=\"Over evne - Pax\" \/>\n<meta property=\"og:description\" content=\"Finansdepartementet er det sterkeste makt- og koordineringspunktet i den norske regjeringen. Men i hvor stor grad har departementets arbeid og tenke m\u00e5te virkelig formet endringer i norsk \u00f8konomi og politikk? Det sosialdemokratiske styringssystemet svekkes gjennom 1970-tallets \u00f8konomiske og politiske brytninger, og det tas gradvis fra hverandre gjennom dereguleringspolitikken og liberaliseringen under h\u00f8yreb\u00f8lgen p\u00e5 1980-tallet. Oljerikdommene [&hellip;]\" \/>\n<meta property=\"og:url\" content=\"https:\/\/staging.forenteforlag.no\/pax\/produkt\/over-evne\/\" \/>\n<meta property=\"og:site_name\" content=\"Pax\" \/>\n<meta property=\"article:modified_time\" content=\"2025-08-27T05:52:04+00:00\" \/>\n<meta property=\"og:image\" content=\"https:\/\/staging.forenteforlag.no\/pax\/wp-content\/uploads\/sites\/5\/2025\/08\/jpg-5494.jpg\" \/>\n\t<meta property=\"og:image:width\" content=\"327\" \/>\n\t<meta property=\"og:image:height\" content=\"449\" \/>\n\t<meta property=\"og:image:type\" content=\"image\/jpeg\" \/>\n<meta name=\"twitter:card\" content=\"summary_large_image\" \/>\n<script type=\"application\/ld+json\" class=\"yoast-schema-graph\">{\"@context\":\"https:\/\/schema.org\",\"@graph\":[{\"@type\":\"WebPage\",\"@id\":\"https:\/\/staging.forenteforlag.no\/pax\/produkt\/over-evne\/\",\"url\":\"https:\/\/staging.forenteforlag.no\/pax\/produkt\/over-evne\/\",\"name\":\"Over evne - Pax\",\"isPartOf\":{\"@id\":\"https:\/\/staging.forenteforlag.no\/pax\/#website\"},\"primaryImageOfPage\":{\"@id\":\"https:\/\/staging.forenteforlag.no\/pax\/produkt\/over-evne\/#primaryimage\"},\"image\":{\"@id\":\"https:\/\/staging.forenteforlag.no\/pax\/produkt\/over-evne\/#primaryimage\"},\"thumbnailUrl\":\"https:\/\/staging.forenteforlag.no\/pax\/wp-content\/uploads\/sites\/5\/2025\/08\/jpg-5494.jpg\",\"datePublished\":\"2010-11-11T00:00:00+00:00\",\"dateModified\":\"2025-08-27T05:52:04+00:00\",\"breadcrumb\":{\"@id\":\"https:\/\/staging.forenteforlag.no\/pax\/produkt\/over-evne\/#breadcrumb\"},\"inLanguage\":\"nb-NO\",\"potentialAction\":[{\"@type\":\"ReadAction\",\"target\":[\"https:\/\/staging.forenteforlag.no\/pax\/produkt\/over-evne\/\"]}]},{\"@type\":\"ImageObject\",\"inLanguage\":\"nb-NO\",\"@id\":\"https:\/\/staging.forenteforlag.no\/pax\/produkt\/over-evne\/#primaryimage\",\"url\":\"https:\/\/staging.forenteforlag.no\/pax\/wp-content\/uploads\/sites\/5\/2025\/08\/jpg-5494.jpg\",\"contentUrl\":\"https:\/\/staging.forenteforlag.no\/pax\/wp-content\/uploads\/sites\/5\/2025\/08\/jpg-5494.jpg\",\"width\":327,\"height\":449},{\"@type\":\"BreadcrumbList\",\"@id\":\"https:\/\/staging.forenteforlag.no\/pax\/produkt\/over-evne\/#breadcrumb\",\"itemListElement\":[{\"@type\":\"ListItem\",\"position\":1,\"name\":\"Hjem\",\"item\":\"https:\/\/staging.forenteforlag.no\/pax\/\"},{\"@type\":\"ListItem\",\"position\":2,\"name\":\"Alle b\u00f8ker\",\"item\":\"https:\/\/staging.forenteforlag.no\/pax\/butikk\/\"},{\"@type\":\"ListItem\",\"position\":3,\"name\":\"Over evne\"}]},{\"@type\":\"WebSite\",\"@id\":\"https:\/\/staging.forenteforlag.no\/pax\/#website\",\"url\":\"https:\/\/staging.forenteforlag.no\/pax\/\",\"name\":\"Pax\",\"description\":\"\",\"potentialAction\":[{\"@type\":\"SearchAction\",\"target\":{\"@type\":\"EntryPoint\",\"urlTemplate\":\"https:\/\/staging.forenteforlag.no\/pax\/?s={search_term_string}\"},\"query-input\":{\"@type\":\"PropertyValueSpecification\",\"valueRequired\":true,\"valueName\":\"search_term_string\"}}],\"inLanguage\":\"nb-NO\"}]}<\/script>\n<!-- \/ Yoast SEO plugin. -->","yoast_head_json":{"title":"Over evne - Pax","robots":{"index":"noindex","follow":"follow","max-snippet":"max-snippet:-1","max-image-preview":"max-image-preview:large","max-video-preview":"max-video-preview:-1"},"og_locale":"nb_NO","og_type":"article","og_title":"Over evne - Pax","og_description":"Finansdepartementet er det sterkeste makt- og koordineringspunktet i den norske regjeringen. Men i hvor stor grad har departementets arbeid og tenke m\u00e5te virkelig formet endringer i norsk \u00f8konomi og politikk? Det sosialdemokratiske styringssystemet svekkes gjennom 1970-tallets \u00f8konomiske og politiske brytninger, og det tas gradvis fra hverandre gjennom dereguleringspolitikken og liberaliseringen under h\u00f8yreb\u00f8lgen p\u00e5 1980-tallet. Oljerikdommene [&hellip;]","og_url":"https:\/\/staging.forenteforlag.no\/pax\/produkt\/over-evne\/","og_site_name":"Pax","article_modified_time":"2025-08-27T05:52:04+00:00","og_image":[{"width":327,"height":449,"url":"https:\/\/staging.forenteforlag.no\/pax\/wp-content\/uploads\/sites\/5\/2025\/08\/jpg-5494.jpg","type":"image\/jpeg"}],"twitter_card":"summary_large_image","schema":{"@context":"https:\/\/schema.org","@graph":[{"@type":"WebPage","@id":"https:\/\/staging.forenteforlag.no\/pax\/produkt\/over-evne\/","url":"https:\/\/staging.forenteforlag.no\/pax\/produkt\/over-evne\/","name":"Over evne - Pax","isPartOf":{"@id":"https:\/\/staging.forenteforlag.no\/pax\/#website"},"primaryImageOfPage":{"@id":"https:\/\/staging.forenteforlag.no\/pax\/produkt\/over-evne\/#primaryimage"},"image":{"@id":"https:\/\/staging.forenteforlag.no\/pax\/produkt\/over-evne\/#primaryimage"},"thumbnailUrl":"https:\/\/staging.forenteforlag.no\/pax\/wp-content\/uploads\/sites\/5\/2025\/08\/jpg-5494.jpg","datePublished":"2010-11-11T00:00:00+00:00","dateModified":"2025-08-27T05:52:04+00:00","breadcrumb":{"@id":"https:\/\/staging.forenteforlag.no\/pax\/produkt\/over-evne\/#breadcrumb"},"inLanguage":"nb-NO","potentialAction":[{"@type":"ReadAction","target":["https:\/\/staging.forenteforlag.no\/pax\/produkt\/over-evne\/"]}]},{"@type":"ImageObject","inLanguage":"nb-NO","@id":"https:\/\/staging.forenteforlag.no\/pax\/produkt\/over-evne\/#primaryimage","url":"https:\/\/staging.forenteforlag.no\/pax\/wp-content\/uploads\/sites\/5\/2025\/08\/jpg-5494.jpg","contentUrl":"https:\/\/staging.forenteforlag.no\/pax\/wp-content\/uploads\/sites\/5\/2025\/08\/jpg-5494.jpg","width":327,"height":449},{"@type":"BreadcrumbList","@id":"https:\/\/staging.forenteforlag.no\/pax\/produkt\/over-evne\/#breadcrumb","itemListElement":[{"@type":"ListItem","position":1,"name":"Hjem","item":"https:\/\/staging.forenteforlag.no\/pax\/"},{"@type":"ListItem","position":2,"name":"Alle b\u00f8ker","item":"https:\/\/staging.forenteforlag.no\/pax\/butikk\/"},{"@type":"ListItem","position":3,"name":"Over evne"}]},{"@type":"WebSite","@id":"https:\/\/staging.forenteforlag.no\/pax\/#website","url":"https:\/\/staging.forenteforlag.no\/pax\/","name":"Pax","description":"","potentialAction":[{"@type":"SearchAction","target":{"@type":"EntryPoint","urlTemplate":"https:\/\/staging.forenteforlag.no\/pax\/?s={search_term_string}"},"query-input":{"@type":"PropertyValueSpecification","valueRequired":true,"valueName":"search_term_string"}}],"inLanguage":"nb-NO"}]}},"_links":{"self":[{"href":"https:\/\/staging.forenteforlag.no\/pax\/wp-json\/wp\/v2\/product\/20698","targetHints":{"allow":["GET"]}}],"collection":[{"href":"https:\/\/staging.forenteforlag.no\/pax\/wp-json\/wp\/v2\/product"}],"about":[{"href":"https:\/\/staging.forenteforlag.no\/pax\/wp-json\/wp\/v2\/types\/product"}],"wp:featuredmedia":[{"embeddable":true,"href":"https:\/\/staging.forenteforlag.no\/pax\/wp-json\/wp\/v2\/media\/27924"}],"wp:attachment":[{"href":"https:\/\/staging.forenteforlag.no\/pax\/wp-json\/wp\/v2\/media?parent=20698"}],"wp:term":[{"taxonomy":"product_brand","embeddable":true,"href":"https:\/\/staging.forenteforlag.no\/pax\/wp-json\/wp\/v2\/product_brand?post=20698"},{"taxonomy":"product_cat","embeddable":true,"href":"https:\/\/staging.forenteforlag.no\/pax\/wp-json\/wp\/v2\/product_cat?post=20698"},{"taxonomy":"product_tag","embeddable":true,"href":"https:\/\/staging.forenteforlag.no\/pax\/wp-json\/wp\/v2\/product_tag?post=20698"}],"curies":[{"name":"wp","href":"https:\/\/api.w.org\/{rel}","templated":true}]}}