{"id":20694,"date":"2012-02-28T01:00:00","date_gmt":"2012-02-28T00:00:00","guid":{"rendered":"https:\/\/pax.forenteforlag.no\/produkt\/mytene-som-skapte-norge\/"},"modified":"2025-08-27T12:07:59","modified_gmt":"2025-08-27T10:07:59","slug":"mytene-som-skapte-norge","status":"publish","type":"product","link":"https:\/\/staging.forenteforlag.no\/pax\/produkt\/mytene-som-skapte-norge\/","title":{"rendered":"Mytene som skapte Norge"},"content":{"rendered":"<p>Fra krigerske vikingh\u00f8vdinger til milde martyrkonger. Fra blot til helgenkult og fra Dovrefjell til Nidarosdomen. Hva kan v\u00e5re fargerike myter og legender fra vikingtiden og middelalderen fortelle oss om de store forvandlingene i tiden?  Kristendommen avl\u00f8ste hedendommen, og samfunnet v\u00e5rt endret seg dramatisk. Der mange guder og mange h\u00f8vdinger hadde styrt, overtok den eneste rette Gud og med ham \u00e9n konge, som samlet landet og innf\u00f8rte en sterk stat.  Mytene og fortellingene fra denne tiden speiler ikke bare endringene, de er aktivt med p\u00e5 \u00e5 skape dem. Det viser denne boka som er en vandring i det norr\u00f8ne og det middelalderske myteuniverset. Kjente og kj\u00e6re myter gjenfortelles og vi ser p\u00e5 myter som bekrefter samfunnet slik det er, men ogs\u00e5 p\u00e5 de spennende mot-mytene, som gj\u00f8r oppr\u00f8r med det best\u00e5ende og kanskje innevarsler en ny tid. Gro Steinsland er professor i religionshistorie ved Universitetet i Oslo og forskningsleder ved CAS, Senter forgrunnforskning (CAS). Hun er v\u00e5r fremste forsker innen norr\u00f8n religion og mytologi og har b\u00e5de vikingtid og middelalder som spesiale.<\/p>\n","protected":false},"excerpt":{"rendered":"<p>Fra krigerske vikingh\u00f8vdinger til milde martyrkonger. Fra blot til helgenkult og fra Dovrefjell til Nidarosdomen. Hva kan v\u00e5re fargerike myter og legender fra vikingtiden og middelalderen fortelle oss om de store forvandlingene i tiden? Kristendommen avl\u00f8ste hedendommen, og samfunnet v\u00e5rt endret seg dramatisk. Der mange guder og mange h\u00f8vdinger hadde styrt, overtok den eneste rette [&hellip;]<\/p>\n","protected":false},"featured_media":29124,"template":"","meta":{"_acf_changed":false,"inline_featured_image":false},"product_brand":[],"product_cat":[1782,31],"product_tag":[362,789,361,439,1137,1104],"class_list":{"0":"post-20694","1":"product","2":"type-product","3":"status-publish","4":"has-post-thumbnail","6":"product_cat-fripris","7":"product_cat-religion","8":"product_tag-faglitteratur","9":"product_tag-hoymiddelalderen","10":"product_tag-kulturhistorie","11":"product_tag-nord-norge","12":"product_tag-norron-mytologi","13":"product_tag-religionsvitenskap","14":"pa_format-innbundet","16":"first","17":"instock","18":"shipping-taxable","19":"purchasable","20":"product-type-simple"},"acf":{"anmeldelse":null},"yoast_head":"<!-- This site is optimized with the Yoast SEO plugin v26.6 - https:\/\/yoast.com\/wordpress\/plugins\/seo\/ -->\n<title>Mytene som skapte Norge - Pax<\/title>\n<meta name=\"robots\" content=\"noindex, follow, max-snippet:-1, max-image-preview:large, max-video-preview:-1\" \/>\n<meta property=\"og:locale\" content=\"nb_NO\" \/>\n<meta property=\"og:type\" content=\"article\" \/>\n<meta property=\"og:title\" content=\"Mytene som skapte Norge - Pax\" \/>\n<meta property=\"og:description\" content=\"Fra krigerske vikingh\u00f8vdinger til milde martyrkonger. Fra blot til helgenkult og fra Dovrefjell til Nidarosdomen. Hva kan v\u00e5re fargerike myter og legender fra vikingtiden og middelalderen fortelle oss om de store forvandlingene i tiden? Kristendommen avl\u00f8ste hedendommen, og samfunnet v\u00e5rt endret seg dramatisk. Der mange guder og mange h\u00f8vdinger hadde styrt, overtok den eneste rette [&hellip;]\" \/>\n<meta property=\"og:url\" content=\"https:\/\/staging.forenteforlag.no\/pax\/produkt\/mytene-som-skapte-norge\/\" \/>\n<meta property=\"og:site_name\" content=\"Pax\" \/>\n<meta property=\"article:modified_time\" content=\"2025-08-27T10:07:59+00:00\" \/>\n<meta property=\"og:image\" content=\"https:\/\/staging.forenteforlag.no\/pax\/wp-content\/uploads\/sites\/5\/2025\/08\/jpg-8960.jpg\" \/>\n\t<meta property=\"og:image:width\" content=\"316\" \/>\n\t<meta property=\"og:image:height\" content=\"449\" \/>\n\t<meta property=\"og:image:type\" content=\"image\/jpeg\" \/>\n<meta name=\"twitter:card\" content=\"summary_large_image\" \/>\n<meta name=\"twitter:label1\" content=\"Ansl. lesetid\" \/>\n\t<meta name=\"twitter:data1\" content=\"1 minutt\" \/>\n<script type=\"application\/ld+json\" class=\"yoast-schema-graph\">{\"@context\":\"https:\/\/schema.org\",\"@graph\":[{\"@type\":\"WebPage\",\"@id\":\"https:\/\/staging.forenteforlag.no\/pax\/produkt\/mytene-som-skapte-norge\/\",\"url\":\"https:\/\/staging.forenteforlag.no\/pax\/produkt\/mytene-som-skapte-norge\/\",\"name\":\"Mytene som skapte Norge - Pax\",\"isPartOf\":{\"@id\":\"https:\/\/staging.forenteforlag.no\/pax\/#website\"},\"primaryImageOfPage\":{\"@id\":\"https:\/\/staging.forenteforlag.no\/pax\/produkt\/mytene-som-skapte-norge\/#primaryimage\"},\"image\":{\"@id\":\"https:\/\/staging.forenteforlag.no\/pax\/produkt\/mytene-som-skapte-norge\/#primaryimage\"},\"thumbnailUrl\":\"https:\/\/staging.forenteforlag.no\/pax\/wp-content\/uploads\/sites\/5\/2025\/08\/jpg-8960.jpg\",\"datePublished\":\"2012-02-28T00:00:00+00:00\",\"dateModified\":\"2025-08-27T10:07:59+00:00\",\"breadcrumb\":{\"@id\":\"https:\/\/staging.forenteforlag.no\/pax\/produkt\/mytene-som-skapte-norge\/#breadcrumb\"},\"inLanguage\":\"nb-NO\",\"potentialAction\":[{\"@type\":\"ReadAction\",\"target\":[\"https:\/\/staging.forenteforlag.no\/pax\/produkt\/mytene-som-skapte-norge\/\"]}]},{\"@type\":\"ImageObject\",\"inLanguage\":\"nb-NO\",\"@id\":\"https:\/\/staging.forenteforlag.no\/pax\/produkt\/mytene-som-skapte-norge\/#primaryimage\",\"url\":\"https:\/\/staging.forenteforlag.no\/pax\/wp-content\/uploads\/sites\/5\/2025\/08\/jpg-8960.jpg\",\"contentUrl\":\"https:\/\/staging.forenteforlag.no\/pax\/wp-content\/uploads\/sites\/5\/2025\/08\/jpg-8960.jpg\",\"width\":316,\"height\":449},{\"@type\":\"BreadcrumbList\",\"@id\":\"https:\/\/staging.forenteforlag.no\/pax\/produkt\/mytene-som-skapte-norge\/#breadcrumb\",\"itemListElement\":[{\"@type\":\"ListItem\",\"position\":1,\"name\":\"Hjem\",\"item\":\"https:\/\/staging.forenteforlag.no\/pax\/\"},{\"@type\":\"ListItem\",\"position\":2,\"name\":\"Alle b\u00f8ker\",\"item\":\"https:\/\/staging.forenteforlag.no\/pax\/butikk\/\"},{\"@type\":\"ListItem\",\"position\":3,\"name\":\"Mytene som skapte Norge\"}]},{\"@type\":\"WebSite\",\"@id\":\"https:\/\/staging.forenteforlag.no\/pax\/#website\",\"url\":\"https:\/\/staging.forenteforlag.no\/pax\/\",\"name\":\"Pax\",\"description\":\"\",\"potentialAction\":[{\"@type\":\"SearchAction\",\"target\":{\"@type\":\"EntryPoint\",\"urlTemplate\":\"https:\/\/staging.forenteforlag.no\/pax\/?s={search_term_string}\"},\"query-input\":{\"@type\":\"PropertyValueSpecification\",\"valueRequired\":true,\"valueName\":\"search_term_string\"}}],\"inLanguage\":\"nb-NO\"}]}<\/script>\n<!-- \/ Yoast SEO plugin. -->","yoast_head_json":{"title":"Mytene som skapte Norge - Pax","robots":{"index":"noindex","follow":"follow","max-snippet":"max-snippet:-1","max-image-preview":"max-image-preview:large","max-video-preview":"max-video-preview:-1"},"og_locale":"nb_NO","og_type":"article","og_title":"Mytene som skapte Norge - Pax","og_description":"Fra krigerske vikingh\u00f8vdinger til milde martyrkonger. Fra blot til helgenkult og fra Dovrefjell til Nidarosdomen. Hva kan v\u00e5re fargerike myter og legender fra vikingtiden og middelalderen fortelle oss om de store forvandlingene i tiden? Kristendommen avl\u00f8ste hedendommen, og samfunnet v\u00e5rt endret seg dramatisk. Der mange guder og mange h\u00f8vdinger hadde styrt, overtok den eneste rette [&hellip;]","og_url":"https:\/\/staging.forenteforlag.no\/pax\/produkt\/mytene-som-skapte-norge\/","og_site_name":"Pax","article_modified_time":"2025-08-27T10:07:59+00:00","og_image":[{"width":316,"height":449,"url":"https:\/\/staging.forenteforlag.no\/pax\/wp-content\/uploads\/sites\/5\/2025\/08\/jpg-8960.jpg","type":"image\/jpeg"}],"twitter_card":"summary_large_image","twitter_misc":{"Ansl. lesetid":"1 minutt"},"schema":{"@context":"https:\/\/schema.org","@graph":[{"@type":"WebPage","@id":"https:\/\/staging.forenteforlag.no\/pax\/produkt\/mytene-som-skapte-norge\/","url":"https:\/\/staging.forenteforlag.no\/pax\/produkt\/mytene-som-skapte-norge\/","name":"Mytene som skapte Norge - Pax","isPartOf":{"@id":"https:\/\/staging.forenteforlag.no\/pax\/#website"},"primaryImageOfPage":{"@id":"https:\/\/staging.forenteforlag.no\/pax\/produkt\/mytene-som-skapte-norge\/#primaryimage"},"image":{"@id":"https:\/\/staging.forenteforlag.no\/pax\/produkt\/mytene-som-skapte-norge\/#primaryimage"},"thumbnailUrl":"https:\/\/staging.forenteforlag.no\/pax\/wp-content\/uploads\/sites\/5\/2025\/08\/jpg-8960.jpg","datePublished":"2012-02-28T00:00:00+00:00","dateModified":"2025-08-27T10:07:59+00:00","breadcrumb":{"@id":"https:\/\/staging.forenteforlag.no\/pax\/produkt\/mytene-som-skapte-norge\/#breadcrumb"},"inLanguage":"nb-NO","potentialAction":[{"@type":"ReadAction","target":["https:\/\/staging.forenteforlag.no\/pax\/produkt\/mytene-som-skapte-norge\/"]}]},{"@type":"ImageObject","inLanguage":"nb-NO","@id":"https:\/\/staging.forenteforlag.no\/pax\/produkt\/mytene-som-skapte-norge\/#primaryimage","url":"https:\/\/staging.forenteforlag.no\/pax\/wp-content\/uploads\/sites\/5\/2025\/08\/jpg-8960.jpg","contentUrl":"https:\/\/staging.forenteforlag.no\/pax\/wp-content\/uploads\/sites\/5\/2025\/08\/jpg-8960.jpg","width":316,"height":449},{"@type":"BreadcrumbList","@id":"https:\/\/staging.forenteforlag.no\/pax\/produkt\/mytene-som-skapte-norge\/#breadcrumb","itemListElement":[{"@type":"ListItem","position":1,"name":"Hjem","item":"https:\/\/staging.forenteforlag.no\/pax\/"},{"@type":"ListItem","position":2,"name":"Alle b\u00f8ker","item":"https:\/\/staging.forenteforlag.no\/pax\/butikk\/"},{"@type":"ListItem","position":3,"name":"Mytene som skapte Norge"}]},{"@type":"WebSite","@id":"https:\/\/staging.forenteforlag.no\/pax\/#website","url":"https:\/\/staging.forenteforlag.no\/pax\/","name":"Pax","description":"","potentialAction":[{"@type":"SearchAction","target":{"@type":"EntryPoint","urlTemplate":"https:\/\/staging.forenteforlag.no\/pax\/?s={search_term_string}"},"query-input":{"@type":"PropertyValueSpecification","valueRequired":true,"valueName":"search_term_string"}}],"inLanguage":"nb-NO"}]}},"_links":{"self":[{"href":"https:\/\/staging.forenteforlag.no\/pax\/wp-json\/wp\/v2\/product\/20694","targetHints":{"allow":["GET"]}}],"collection":[{"href":"https:\/\/staging.forenteforlag.no\/pax\/wp-json\/wp\/v2\/product"}],"about":[{"href":"https:\/\/staging.forenteforlag.no\/pax\/wp-json\/wp\/v2\/types\/product"}],"wp:featuredmedia":[{"embeddable":true,"href":"https:\/\/staging.forenteforlag.no\/pax\/wp-json\/wp\/v2\/media\/29124"}],"wp:attachment":[{"href":"https:\/\/staging.forenteforlag.no\/pax\/wp-json\/wp\/v2\/media?parent=20694"}],"wp:term":[{"taxonomy":"product_brand","embeddable":true,"href":"https:\/\/staging.forenteforlag.no\/pax\/wp-json\/wp\/v2\/product_brand?post=20694"},{"taxonomy":"product_cat","embeddable":true,"href":"https:\/\/staging.forenteforlag.no\/pax\/wp-json\/wp\/v2\/product_cat?post=20694"},{"taxonomy":"product_tag","embeddable":true,"href":"https:\/\/staging.forenteforlag.no\/pax\/wp-json\/wp\/v2\/product_tag?post=20694"}],"curies":[{"name":"wp","href":"https:\/\/api.w.org\/{rel}","templated":true}]}}