{"id":20682,"date":"2011-03-29T02:00:00","date_gmt":"2011-03-29T00:00:00","guid":{"rendered":"https:\/\/pax.forenteforlag.no\/produkt\/hva-er-et-navn\/"},"modified":"2025-08-27T11:25:03","modified_gmt":"2025-08-27T09:25:03","slug":"hva-er-et-navn","status":"publish","type":"product","link":"https:\/\/staging.forenteforlag.no\/pax\/produkt\/hva-er-et-navn\/","title":{"rendered":"Hva er et navn?"},"content":{"rendered":"<p>Skal du gi barnet ditt navn? Lurer du selv p\u00e5 \u00e5 skifte etternavn? Her f\u00e5r du vite om fornavn som det kan passe \u00e5 gi barn n\u00e5 og de n\u00e6rmeste \u00e5rene, og du vil forst\u00e5 mer om hva som p\u00e5virker oss n\u00e5r vi skal gi barna v\u00e5re navn eller velge hvilket etternavn de og resten av familien skal ha.   Boka forteller om gammel og ny norsk navneskikk, om gamle nordiske navn, om kristne navn og klassiske navn fra antikken. Blant dem er mange navn som blir brukt i v\u00e5r tid. Vi ser n\u00e6rmere p\u00e5 navnemotene som kommer og g\u00e5r, og ser etter lokale navnetradisjoner. Etternavn og mellomnavn og skifte av navn har f\u00e5tt egne kapitler. Det samme har kallenavn og kj\u00e6lenavn av mange slag.  Navnet ditt kan fortelle mer om bakgrunnen din enn du selv er klar over. Navnet ditt kan raskt avsl\u00f8re b\u00e5de dine foreldres dr\u00f8mmer og forh\u00e5pninger og familiens sosiale og geografiske bakgrunn. Navn kan v\u00e6re ganske anonyme, eller de kan fortelle en liten historie i seg selv.  Et godt navn er mer verdt enn stor rikdom. Salomos ordspr\u00e5k 22,1<\/p>\n","protected":false},"excerpt":{"rendered":"<p>Skal du gi barnet ditt navn? Lurer du selv p\u00e5 \u00e5 skifte etternavn? Her f\u00e5r du vite om fornavn som det kan passe \u00e5 gi barn n\u00e5 og de n\u00e6rmeste \u00e5rene, og du vil forst\u00e5 mer om hva som p\u00e5virker oss n\u00e5r vi skal gi barna v\u00e5re navn eller velge hvilket etternavn de og resten [&hellip;]<\/p>\n","protected":false},"featured_media":28911,"template":"","meta":{"_acf_changed":false,"inline_featured_image":false},"product_brand":[],"product_cat":[1782,33],"product_tag":[362,1482],"class_list":{"0":"post-20682","1":"product","2":"type-product","3":"status-publish","4":"has-post-thumbnail","6":"product_cat-fripris","7":"product_cat-sprak","8":"product_tag-faglitteratur","9":"product_tag-personnavn","10":"pa_format-innbundet","12":"first","13":"instock","14":"shipping-taxable","15":"purchasable","16":"product-type-simple"},"acf":{"anmeldelse":null},"yoast_head":"<!-- This site is optimized with the Yoast SEO plugin v26.6 - https:\/\/yoast.com\/wordpress\/plugins\/seo\/ -->\n<title>Hva er et navn? - Pax<\/title>\n<meta name=\"robots\" content=\"noindex, follow, max-snippet:-1, max-image-preview:large, max-video-preview:-1\" \/>\n<meta property=\"og:locale\" content=\"nb_NO\" \/>\n<meta property=\"og:type\" content=\"article\" \/>\n<meta property=\"og:title\" content=\"Hva er et navn? - Pax\" \/>\n<meta property=\"og:description\" content=\"Skal du gi barnet ditt navn? Lurer du selv p\u00e5 \u00e5 skifte etternavn? Her f\u00e5r du vite om fornavn som det kan passe \u00e5 gi barn n\u00e5 og de n\u00e6rmeste \u00e5rene, og du vil forst\u00e5 mer om hva som p\u00e5virker oss n\u00e5r vi skal gi barna v\u00e5re navn eller velge hvilket etternavn de og resten [&hellip;]\" \/>\n<meta property=\"og:url\" content=\"https:\/\/staging.forenteforlag.no\/pax\/produkt\/hva-er-et-navn\/\" \/>\n<meta property=\"og:site_name\" content=\"Pax\" \/>\n<meta property=\"article:modified_time\" content=\"2025-08-27T09:25:03+00:00\" \/>\n<meta property=\"og:image\" content=\"https:\/\/staging.forenteforlag.no\/pax\/wp-content\/uploads\/sites\/5\/2025\/08\/jpg-8348.jpg\" \/>\n\t<meta property=\"og:image:width\" content=\"325\" \/>\n\t<meta property=\"og:image:height\" content=\"450\" \/>\n\t<meta property=\"og:image:type\" content=\"image\/jpeg\" \/>\n<meta name=\"twitter:card\" content=\"summary_large_image\" \/>\n<meta name=\"twitter:label1\" content=\"Ansl. lesetid\" \/>\n\t<meta name=\"twitter:data1\" content=\"1 minutt\" \/>\n<script type=\"application\/ld+json\" class=\"yoast-schema-graph\">{\"@context\":\"https:\/\/schema.org\",\"@graph\":[{\"@type\":\"WebPage\",\"@id\":\"https:\/\/staging.forenteforlag.no\/pax\/produkt\/hva-er-et-navn\/\",\"url\":\"https:\/\/staging.forenteforlag.no\/pax\/produkt\/hva-er-et-navn\/\",\"name\":\"Hva er et navn? - Pax\",\"isPartOf\":{\"@id\":\"https:\/\/staging.forenteforlag.no\/pax\/#website\"},\"primaryImageOfPage\":{\"@id\":\"https:\/\/staging.forenteforlag.no\/pax\/produkt\/hva-er-et-navn\/#primaryimage\"},\"image\":{\"@id\":\"https:\/\/staging.forenteforlag.no\/pax\/produkt\/hva-er-et-navn\/#primaryimage\"},\"thumbnailUrl\":\"https:\/\/staging.forenteforlag.no\/pax\/wp-content\/uploads\/sites\/5\/2025\/08\/jpg-8348.jpg\",\"datePublished\":\"2011-03-29T00:00:00+00:00\",\"dateModified\":\"2025-08-27T09:25:03+00:00\",\"breadcrumb\":{\"@id\":\"https:\/\/staging.forenteforlag.no\/pax\/produkt\/hva-er-et-navn\/#breadcrumb\"},\"inLanguage\":\"nb-NO\",\"potentialAction\":[{\"@type\":\"ReadAction\",\"target\":[\"https:\/\/staging.forenteforlag.no\/pax\/produkt\/hva-er-et-navn\/\"]}]},{\"@type\":\"ImageObject\",\"inLanguage\":\"nb-NO\",\"@id\":\"https:\/\/staging.forenteforlag.no\/pax\/produkt\/hva-er-et-navn\/#primaryimage\",\"url\":\"https:\/\/staging.forenteforlag.no\/pax\/wp-content\/uploads\/sites\/5\/2025\/08\/jpg-8348.jpg\",\"contentUrl\":\"https:\/\/staging.forenteforlag.no\/pax\/wp-content\/uploads\/sites\/5\/2025\/08\/jpg-8348.jpg\",\"width\":325,\"height\":450},{\"@type\":\"BreadcrumbList\",\"@id\":\"https:\/\/staging.forenteforlag.no\/pax\/produkt\/hva-er-et-navn\/#breadcrumb\",\"itemListElement\":[{\"@type\":\"ListItem\",\"position\":1,\"name\":\"Hjem\",\"item\":\"https:\/\/staging.forenteforlag.no\/pax\/\"},{\"@type\":\"ListItem\",\"position\":2,\"name\":\"Alle b\u00f8ker\",\"item\":\"https:\/\/staging.forenteforlag.no\/pax\/butikk\/\"},{\"@type\":\"ListItem\",\"position\":3,\"name\":\"Hva er et navn?\"}]},{\"@type\":\"WebSite\",\"@id\":\"https:\/\/staging.forenteforlag.no\/pax\/#website\",\"url\":\"https:\/\/staging.forenteforlag.no\/pax\/\",\"name\":\"Pax\",\"description\":\"\",\"potentialAction\":[{\"@type\":\"SearchAction\",\"target\":{\"@type\":\"EntryPoint\",\"urlTemplate\":\"https:\/\/staging.forenteforlag.no\/pax\/?s={search_term_string}\"},\"query-input\":{\"@type\":\"PropertyValueSpecification\",\"valueRequired\":true,\"valueName\":\"search_term_string\"}}],\"inLanguage\":\"nb-NO\"}]}<\/script>\n<!-- \/ Yoast SEO plugin. -->","yoast_head_json":{"title":"Hva er et navn? - Pax","robots":{"index":"noindex","follow":"follow","max-snippet":"max-snippet:-1","max-image-preview":"max-image-preview:large","max-video-preview":"max-video-preview:-1"},"og_locale":"nb_NO","og_type":"article","og_title":"Hva er et navn? - Pax","og_description":"Skal du gi barnet ditt navn? Lurer du selv p\u00e5 \u00e5 skifte etternavn? Her f\u00e5r du vite om fornavn som det kan passe \u00e5 gi barn n\u00e5 og de n\u00e6rmeste \u00e5rene, og du vil forst\u00e5 mer om hva som p\u00e5virker oss n\u00e5r vi skal gi barna v\u00e5re navn eller velge hvilket etternavn de og resten [&hellip;]","og_url":"https:\/\/staging.forenteforlag.no\/pax\/produkt\/hva-er-et-navn\/","og_site_name":"Pax","article_modified_time":"2025-08-27T09:25:03+00:00","og_image":[{"width":325,"height":450,"url":"https:\/\/staging.forenteforlag.no\/pax\/wp-content\/uploads\/sites\/5\/2025\/08\/jpg-8348.jpg","type":"image\/jpeg"}],"twitter_card":"summary_large_image","twitter_misc":{"Ansl. lesetid":"1 minutt"},"schema":{"@context":"https:\/\/schema.org","@graph":[{"@type":"WebPage","@id":"https:\/\/staging.forenteforlag.no\/pax\/produkt\/hva-er-et-navn\/","url":"https:\/\/staging.forenteforlag.no\/pax\/produkt\/hva-er-et-navn\/","name":"Hva er et navn? - Pax","isPartOf":{"@id":"https:\/\/staging.forenteforlag.no\/pax\/#website"},"primaryImageOfPage":{"@id":"https:\/\/staging.forenteforlag.no\/pax\/produkt\/hva-er-et-navn\/#primaryimage"},"image":{"@id":"https:\/\/staging.forenteforlag.no\/pax\/produkt\/hva-er-et-navn\/#primaryimage"},"thumbnailUrl":"https:\/\/staging.forenteforlag.no\/pax\/wp-content\/uploads\/sites\/5\/2025\/08\/jpg-8348.jpg","datePublished":"2011-03-29T00:00:00+00:00","dateModified":"2025-08-27T09:25:03+00:00","breadcrumb":{"@id":"https:\/\/staging.forenteforlag.no\/pax\/produkt\/hva-er-et-navn\/#breadcrumb"},"inLanguage":"nb-NO","potentialAction":[{"@type":"ReadAction","target":["https:\/\/staging.forenteforlag.no\/pax\/produkt\/hva-er-et-navn\/"]}]},{"@type":"ImageObject","inLanguage":"nb-NO","@id":"https:\/\/staging.forenteforlag.no\/pax\/produkt\/hva-er-et-navn\/#primaryimage","url":"https:\/\/staging.forenteforlag.no\/pax\/wp-content\/uploads\/sites\/5\/2025\/08\/jpg-8348.jpg","contentUrl":"https:\/\/staging.forenteforlag.no\/pax\/wp-content\/uploads\/sites\/5\/2025\/08\/jpg-8348.jpg","width":325,"height":450},{"@type":"BreadcrumbList","@id":"https:\/\/staging.forenteforlag.no\/pax\/produkt\/hva-er-et-navn\/#breadcrumb","itemListElement":[{"@type":"ListItem","position":1,"name":"Hjem","item":"https:\/\/staging.forenteforlag.no\/pax\/"},{"@type":"ListItem","position":2,"name":"Alle b\u00f8ker","item":"https:\/\/staging.forenteforlag.no\/pax\/butikk\/"},{"@type":"ListItem","position":3,"name":"Hva er et navn?"}]},{"@type":"WebSite","@id":"https:\/\/staging.forenteforlag.no\/pax\/#website","url":"https:\/\/staging.forenteforlag.no\/pax\/","name":"Pax","description":"","potentialAction":[{"@type":"SearchAction","target":{"@type":"EntryPoint","urlTemplate":"https:\/\/staging.forenteforlag.no\/pax\/?s={search_term_string}"},"query-input":{"@type":"PropertyValueSpecification","valueRequired":true,"valueName":"search_term_string"}}],"inLanguage":"nb-NO"}]}},"_links":{"self":[{"href":"https:\/\/staging.forenteforlag.no\/pax\/wp-json\/wp\/v2\/product\/20682","targetHints":{"allow":["GET"]}}],"collection":[{"href":"https:\/\/staging.forenteforlag.no\/pax\/wp-json\/wp\/v2\/product"}],"about":[{"href":"https:\/\/staging.forenteforlag.no\/pax\/wp-json\/wp\/v2\/types\/product"}],"wp:featuredmedia":[{"embeddable":true,"href":"https:\/\/staging.forenteforlag.no\/pax\/wp-json\/wp\/v2\/media\/28911"}],"wp:attachment":[{"href":"https:\/\/staging.forenteforlag.no\/pax\/wp-json\/wp\/v2\/media?parent=20682"}],"wp:term":[{"taxonomy":"product_brand","embeddable":true,"href":"https:\/\/staging.forenteforlag.no\/pax\/wp-json\/wp\/v2\/product_brand?post=20682"},{"taxonomy":"product_cat","embeddable":true,"href":"https:\/\/staging.forenteforlag.no\/pax\/wp-json\/wp\/v2\/product_cat?post=20682"},{"taxonomy":"product_tag","embeddable":true,"href":"https:\/\/staging.forenteforlag.no\/pax\/wp-json\/wp\/v2\/product_tag?post=20682"}],"curies":[{"name":"wp","href":"https:\/\/api.w.org\/{rel}","templated":true}]}}