{"id":20680,"date":"2013-10-03T02:00:00","date_gmt":"2013-10-03T00:00:00","guid":{"rendered":"https:\/\/pax.forenteforlag.no\/produkt\/unntakstilstand-og-forfatning\/"},"modified":"2025-08-27T09:14:28","modified_gmt":"2025-08-27T07:14:28","slug":"unntakstilstand-og-forfatning","status":"publish","type":"product","link":"https:\/\/staging.forenteforlag.no\/pax\/produkt\/unntakstilstand-og-forfatning\/","title":{"rendered":"Unntakstilstand og forfatning"},"content":{"rendered":"<p>Grunnlover er oftest skrevet for normale tider. Hvordan skal de m\u00f8te det ekstraordin\u00e6re, unntakstilstander? Alt fra naturkatastrofer, politiske oppr\u00f8r, krig eller terror kan utl\u00f8se en unntakstilstand som setter grunnlovers normalfunksjoner ut av kraft. Selv i Norge, med s\u00e5 stabil statshistorie, har Grunnloven av 1814 v\u00e6rt satt p\u00e5 pr\u00f8ve flere ganger, tydeligst i krigs\u00e5rene 1940?1945. I norsk rett er ?konstitusjonell n\u00f8drett? blitt en variant av unntakstilstandsrett som gir myndighetene hjemmel til \u00e5 suspendere deler av Grunnloven. Rundt om i verden er unntakstilstander som begrunnelse for \u00e5 suspendere forfatningen tidvis blitt det mest normale. Etter 2001 har nye former for konflikter, som terror mot statsmakt, utl\u00f8st omfattende nasjonale og internasjonale reguleringer av unntakstilstander. Disse har f\u00f8rt til viktige debatter om forholdet mellom grunnlovenes rettsstatlighet og statens behov for ikkerhetsstatlighet. Er den rette balansen mellom disse to hensynene funnet? Denne boken er den f\u00f8rste som p\u00e5 norsk tar opp disse brennende nye sp\u00f8rsm\u00e5l mot en bred historisk bakgrunn.<\/p>\n","protected":false},"excerpt":{"rendered":"<p>Grunnlover er oftest skrevet for normale tider. Hvordan skal de m\u00f8te det ekstraordin\u00e6re, unntakstilstander? Alt fra naturkatastrofer, politiske oppr\u00f8r, krig eller terror kan utl\u00f8se en unntakstilstand som setter grunnlovers normalfunksjoner ut av kraft. Selv i Norge, med s\u00e5 stabil statshistorie, har Grunnloven av 1814 v\u00e6rt satt p\u00e5 pr\u00f8ve flere ganger, tydeligst i krigs\u00e5rene 1940?1945. I [&hellip;]<\/p>\n","protected":false},"featured_media":28418,"template":"","meta":{"_acf_changed":false,"inline_featured_image":false},"product_brand":[],"product_cat":[1782,23],"product_tag":[362,439,599,1359],"class_list":{"0":"post-20680","1":"product","2":"type-product","3":"status-publish","4":"has-post-thumbnail","6":"product_cat-fripris","7":"product_cat-historie","8":"product_tag-faglitteratur","9":"product_tag-nord-norge","10":"product_tag-rettshistorie","11":"product_tag-statsforfatningsrett","12":"pa_format-innbundet","14":"first","15":"instock","16":"shipping-taxable","17":"purchasable","18":"product-type-simple"},"acf":{"anmeldelse":null},"yoast_head":"<!-- This site is optimized with the Yoast SEO plugin v26.6 - https:\/\/yoast.com\/wordpress\/plugins\/seo\/ -->\n<title>Unntakstilstand og forfatning - Pax<\/title>\n<meta name=\"robots\" content=\"noindex, follow, max-snippet:-1, max-image-preview:large, max-video-preview:-1\" \/>\n<meta property=\"og:locale\" content=\"nb_NO\" \/>\n<meta property=\"og:type\" content=\"article\" \/>\n<meta property=\"og:title\" content=\"Unntakstilstand og forfatning - Pax\" \/>\n<meta property=\"og:description\" content=\"Grunnlover er oftest skrevet for normale tider. Hvordan skal de m\u00f8te det ekstraordin\u00e6re, unntakstilstander? Alt fra naturkatastrofer, politiske oppr\u00f8r, krig eller terror kan utl\u00f8se en unntakstilstand som setter grunnlovers normalfunksjoner ut av kraft. Selv i Norge, med s\u00e5 stabil statshistorie, har Grunnloven av 1814 v\u00e6rt satt p\u00e5 pr\u00f8ve flere ganger, tydeligst i krigs\u00e5rene 1940?1945. I [&hellip;]\" \/>\n<meta property=\"og:url\" content=\"https:\/\/staging.forenteforlag.no\/pax\/produkt\/unntakstilstand-og-forfatning\/\" \/>\n<meta property=\"og:site_name\" content=\"Pax\" \/>\n<meta property=\"article:modified_time\" content=\"2025-08-27T07:14:28+00:00\" \/>\n<meta property=\"og:image\" content=\"https:\/\/staging.forenteforlag.no\/pax\/wp-content\/uploads\/sites\/5\/2025\/08\/jpg-6875.jpg\" \/>\n\t<meta property=\"og:image:width\" content=\"329\" \/>\n\t<meta property=\"og:image:height\" content=\"449\" \/>\n\t<meta property=\"og:image:type\" content=\"image\/jpeg\" \/>\n<meta name=\"twitter:card\" content=\"summary_large_image\" \/>\n<meta name=\"twitter:label1\" content=\"Ansl. lesetid\" \/>\n\t<meta name=\"twitter:data1\" content=\"1 minutt\" \/>\n<script type=\"application\/ld+json\" class=\"yoast-schema-graph\">{\"@context\":\"https:\/\/schema.org\",\"@graph\":[{\"@type\":\"WebPage\",\"@id\":\"https:\/\/staging.forenteforlag.no\/pax\/produkt\/unntakstilstand-og-forfatning\/\",\"url\":\"https:\/\/staging.forenteforlag.no\/pax\/produkt\/unntakstilstand-og-forfatning\/\",\"name\":\"Unntakstilstand og forfatning - Pax\",\"isPartOf\":{\"@id\":\"https:\/\/staging.forenteforlag.no\/pax\/#website\"},\"primaryImageOfPage\":{\"@id\":\"https:\/\/staging.forenteforlag.no\/pax\/produkt\/unntakstilstand-og-forfatning\/#primaryimage\"},\"image\":{\"@id\":\"https:\/\/staging.forenteforlag.no\/pax\/produkt\/unntakstilstand-og-forfatning\/#primaryimage\"},\"thumbnailUrl\":\"https:\/\/staging.forenteforlag.no\/pax\/wp-content\/uploads\/sites\/5\/2025\/08\/jpg-6875.jpg\",\"datePublished\":\"2013-10-03T00:00:00+00:00\",\"dateModified\":\"2025-08-27T07:14:28+00:00\",\"breadcrumb\":{\"@id\":\"https:\/\/staging.forenteforlag.no\/pax\/produkt\/unntakstilstand-og-forfatning\/#breadcrumb\"},\"inLanguage\":\"nb-NO\",\"potentialAction\":[{\"@type\":\"ReadAction\",\"target\":[\"https:\/\/staging.forenteforlag.no\/pax\/produkt\/unntakstilstand-og-forfatning\/\"]}]},{\"@type\":\"ImageObject\",\"inLanguage\":\"nb-NO\",\"@id\":\"https:\/\/staging.forenteforlag.no\/pax\/produkt\/unntakstilstand-og-forfatning\/#primaryimage\",\"url\":\"https:\/\/staging.forenteforlag.no\/pax\/wp-content\/uploads\/sites\/5\/2025\/08\/jpg-6875.jpg\",\"contentUrl\":\"https:\/\/staging.forenteforlag.no\/pax\/wp-content\/uploads\/sites\/5\/2025\/08\/jpg-6875.jpg\",\"width\":329,\"height\":449},{\"@type\":\"BreadcrumbList\",\"@id\":\"https:\/\/staging.forenteforlag.no\/pax\/produkt\/unntakstilstand-og-forfatning\/#breadcrumb\",\"itemListElement\":[{\"@type\":\"ListItem\",\"position\":1,\"name\":\"Hjem\",\"item\":\"https:\/\/staging.forenteforlag.no\/pax\/\"},{\"@type\":\"ListItem\",\"position\":2,\"name\":\"Alle b\u00f8ker\",\"item\":\"https:\/\/staging.forenteforlag.no\/pax\/butikk\/\"},{\"@type\":\"ListItem\",\"position\":3,\"name\":\"Unntakstilstand og forfatning\"}]},{\"@type\":\"WebSite\",\"@id\":\"https:\/\/staging.forenteforlag.no\/pax\/#website\",\"url\":\"https:\/\/staging.forenteforlag.no\/pax\/\",\"name\":\"Pax\",\"description\":\"\",\"potentialAction\":[{\"@type\":\"SearchAction\",\"target\":{\"@type\":\"EntryPoint\",\"urlTemplate\":\"https:\/\/staging.forenteforlag.no\/pax\/?s={search_term_string}\"},\"query-input\":{\"@type\":\"PropertyValueSpecification\",\"valueRequired\":true,\"valueName\":\"search_term_string\"}}],\"inLanguage\":\"nb-NO\"}]}<\/script>\n<!-- \/ Yoast SEO plugin. -->","yoast_head_json":{"title":"Unntakstilstand og forfatning - Pax","robots":{"index":"noindex","follow":"follow","max-snippet":"max-snippet:-1","max-image-preview":"max-image-preview:large","max-video-preview":"max-video-preview:-1"},"og_locale":"nb_NO","og_type":"article","og_title":"Unntakstilstand og forfatning - Pax","og_description":"Grunnlover er oftest skrevet for normale tider. Hvordan skal de m\u00f8te det ekstraordin\u00e6re, unntakstilstander? Alt fra naturkatastrofer, politiske oppr\u00f8r, krig eller terror kan utl\u00f8se en unntakstilstand som setter grunnlovers normalfunksjoner ut av kraft. Selv i Norge, med s\u00e5 stabil statshistorie, har Grunnloven av 1814 v\u00e6rt satt p\u00e5 pr\u00f8ve flere ganger, tydeligst i krigs\u00e5rene 1940?1945. I [&hellip;]","og_url":"https:\/\/staging.forenteforlag.no\/pax\/produkt\/unntakstilstand-og-forfatning\/","og_site_name":"Pax","article_modified_time":"2025-08-27T07:14:28+00:00","og_image":[{"width":329,"height":449,"url":"https:\/\/staging.forenteforlag.no\/pax\/wp-content\/uploads\/sites\/5\/2025\/08\/jpg-6875.jpg","type":"image\/jpeg"}],"twitter_card":"summary_large_image","twitter_misc":{"Ansl. lesetid":"1 minutt"},"schema":{"@context":"https:\/\/schema.org","@graph":[{"@type":"WebPage","@id":"https:\/\/staging.forenteforlag.no\/pax\/produkt\/unntakstilstand-og-forfatning\/","url":"https:\/\/staging.forenteforlag.no\/pax\/produkt\/unntakstilstand-og-forfatning\/","name":"Unntakstilstand og forfatning - Pax","isPartOf":{"@id":"https:\/\/staging.forenteforlag.no\/pax\/#website"},"primaryImageOfPage":{"@id":"https:\/\/staging.forenteforlag.no\/pax\/produkt\/unntakstilstand-og-forfatning\/#primaryimage"},"image":{"@id":"https:\/\/staging.forenteforlag.no\/pax\/produkt\/unntakstilstand-og-forfatning\/#primaryimage"},"thumbnailUrl":"https:\/\/staging.forenteforlag.no\/pax\/wp-content\/uploads\/sites\/5\/2025\/08\/jpg-6875.jpg","datePublished":"2013-10-03T00:00:00+00:00","dateModified":"2025-08-27T07:14:28+00:00","breadcrumb":{"@id":"https:\/\/staging.forenteforlag.no\/pax\/produkt\/unntakstilstand-og-forfatning\/#breadcrumb"},"inLanguage":"nb-NO","potentialAction":[{"@type":"ReadAction","target":["https:\/\/staging.forenteforlag.no\/pax\/produkt\/unntakstilstand-og-forfatning\/"]}]},{"@type":"ImageObject","inLanguage":"nb-NO","@id":"https:\/\/staging.forenteforlag.no\/pax\/produkt\/unntakstilstand-og-forfatning\/#primaryimage","url":"https:\/\/staging.forenteforlag.no\/pax\/wp-content\/uploads\/sites\/5\/2025\/08\/jpg-6875.jpg","contentUrl":"https:\/\/staging.forenteforlag.no\/pax\/wp-content\/uploads\/sites\/5\/2025\/08\/jpg-6875.jpg","width":329,"height":449},{"@type":"BreadcrumbList","@id":"https:\/\/staging.forenteforlag.no\/pax\/produkt\/unntakstilstand-og-forfatning\/#breadcrumb","itemListElement":[{"@type":"ListItem","position":1,"name":"Hjem","item":"https:\/\/staging.forenteforlag.no\/pax\/"},{"@type":"ListItem","position":2,"name":"Alle b\u00f8ker","item":"https:\/\/staging.forenteforlag.no\/pax\/butikk\/"},{"@type":"ListItem","position":3,"name":"Unntakstilstand og forfatning"}]},{"@type":"WebSite","@id":"https:\/\/staging.forenteforlag.no\/pax\/#website","url":"https:\/\/staging.forenteforlag.no\/pax\/","name":"Pax","description":"","potentialAction":[{"@type":"SearchAction","target":{"@type":"EntryPoint","urlTemplate":"https:\/\/staging.forenteforlag.no\/pax\/?s={search_term_string}"},"query-input":{"@type":"PropertyValueSpecification","valueRequired":true,"valueName":"search_term_string"}}],"inLanguage":"nb-NO"}]}},"_links":{"self":[{"href":"https:\/\/staging.forenteforlag.no\/pax\/wp-json\/wp\/v2\/product\/20680","targetHints":{"allow":["GET"]}}],"collection":[{"href":"https:\/\/staging.forenteforlag.no\/pax\/wp-json\/wp\/v2\/product"}],"about":[{"href":"https:\/\/staging.forenteforlag.no\/pax\/wp-json\/wp\/v2\/types\/product"}],"wp:featuredmedia":[{"embeddable":true,"href":"https:\/\/staging.forenteforlag.no\/pax\/wp-json\/wp\/v2\/media\/28418"}],"wp:attachment":[{"href":"https:\/\/staging.forenteforlag.no\/pax\/wp-json\/wp\/v2\/media?parent=20680"}],"wp:term":[{"taxonomy":"product_brand","embeddable":true,"href":"https:\/\/staging.forenteforlag.no\/pax\/wp-json\/wp\/v2\/product_brand?post=20680"},{"taxonomy":"product_cat","embeddable":true,"href":"https:\/\/staging.forenteforlag.no\/pax\/wp-json\/wp\/v2\/product_cat?post=20680"},{"taxonomy":"product_tag","embeddable":true,"href":"https:\/\/staging.forenteforlag.no\/pax\/wp-json\/wp\/v2\/product_tag?post=20680"}],"curies":[{"name":"wp","href":"https:\/\/api.w.org\/{rel}","templated":true}]}}