{"id":20672,"date":"2017-03-13T01:00:00","date_gmt":"2017-03-13T00:00:00","guid":{"rendered":"https:\/\/pax.forenteforlag.no\/produkt\/a-miste-et-barn\/"},"modified":"2025-08-27T11:31:32","modified_gmt":"2025-08-27T09:31:32","slug":"a-miste-et-barn","status":"publish","type":"product","link":"https:\/\/staging.forenteforlag.no\/pax\/produkt\/a-miste-et-barn\/","title":{"rendered":"\u00c5 miste et barn"},"content":{"rendered":"<p>&laquo;\u00c5 miste et barn&raquo; er en samling beretninger der foreldre deler sine historier om hvordan de opplevde &#8211; og kom seg igjennom &#8211; det katastrofale tapet det er \u00e5 miste et barn. Det er en bok om sorgmestring, og om \u00e5 akseptere at alle s\u00f8rger ulikt. Fortellingene er alle skrevet i et tydelig, men n\u00f8kternt spr\u00e5k, og de henvender seg til omgivelsene gjennom fine beskrivelser av hvordan man kan v\u00e6re til hjelp n\u00e5r noen i ens n\u00e6rhet opplever det verst tenkelige. \u00abSnakk  om barnet\u00bb, sier flere av dem. \u00abDe er alltid med oss, ogs\u00e5 n\u00e5r sorgen er til \u00e5 b\u00e6re.\u00bb  <\/p>\n<p>Redakt\u00f8ren for boken, Wenche F. Spjelkavik, mistet selv s\u00f8nnen i en trafikkulykke. Hun meldte seg inn i en selvhjelpsgruppe for foreldre i samme situasjon, og forsto raskt at noe av det viktigste de gjorde i hverandres selskap, var \u00e5 dele historier. Historier lindrer, og hun s\u00e5 et behov for en samling som dette. Slik ble boken &laquo;\u00c5 miste et barn&raquo; til, og det er redakt\u00f8ren og forfatternes h\u00e5p at den vil kunne v\u00e6re til hjelp for p\u00e5r\u00f8rende, helsevesen og andre som m\u00f8ter foreldre i sorg.   <\/p>\n<p>Atle Dyregrov, professor i psykologi og nestor innen katastrofepsykologi, har skrevet forordet til boken.<\/p>\n","protected":false},"excerpt":{"rendered":"<p>&laquo;\u00c5 miste et barn&raquo; er en samling beretninger der foreldre deler sine historier om hvordan de opplevde &#8211; og kom seg igjennom &#8211; det katastrofale tapet det er \u00e5 miste et barn. Det er en bok om sorgmestring, og om \u00e5 akseptere at alle s\u00f8rger ulikt. Fortellingene er alle skrevet i et tydelig, men n\u00f8kternt [&hellip;]<\/p>\n","protected":false},"featured_media":28949,"template":"","meta":{"_acf_changed":false,"inline_featured_image":false},"product_brand":[],"product_cat":[20,1782],"product_tag":[1703,421,403,362,1740,383],"class_list":{"0":"post-20672","1":"product","2":"type-product","3":"status-publish","4":"has-post-thumbnail","6":"product_cat-biografier-og-memoarer","7":"product_cat-fripris","8":"product_tag-aleneforeldre","9":"product_tag-doden","10":"product_tag-eldreomsorg","11":"product_tag-faglitteratur","12":"product_tag-hverdagsbetraktninger","13":"product_tag-personlige-beretninger","14":"pa_format-innbundet","16":"first","17":"instock","18":"shipping-taxable","19":"purchasable","20":"product-type-simple"},"acf":{"anmeldelse":null},"yoast_head":"<!-- This site is optimized with the Yoast SEO plugin v26.6 - https:\/\/yoast.com\/wordpress\/plugins\/seo\/ -->\n<title>\u00c5 miste et barn - Pax<\/title>\n<meta name=\"robots\" content=\"noindex, follow, max-snippet:-1, max-image-preview:large, max-video-preview:-1\" \/>\n<meta property=\"og:locale\" content=\"nb_NO\" \/>\n<meta property=\"og:type\" content=\"article\" \/>\n<meta property=\"og:title\" content=\"\u00c5 miste et barn - Pax\" \/>\n<meta property=\"og:description\" content=\"&laquo;\u00c5 miste et barn&raquo; er en samling beretninger der foreldre deler sine historier om hvordan de opplevde &#8211; og kom seg igjennom &#8211; det katastrofale tapet det er \u00e5 miste et barn. Det er en bok om sorgmestring, og om \u00e5 akseptere at alle s\u00f8rger ulikt. Fortellingene er alle skrevet i et tydelig, men n\u00f8kternt [&hellip;]\" \/>\n<meta property=\"og:url\" content=\"https:\/\/staging.forenteforlag.no\/pax\/produkt\/a-miste-et-barn\/\" \/>\n<meta property=\"og:site_name\" content=\"Pax\" \/>\n<meta property=\"article:modified_time\" content=\"2025-08-27T09:31:32+00:00\" \/>\n<meta property=\"og:image\" content=\"https:\/\/staging.forenteforlag.no\/pax\/wp-content\/uploads\/sites\/5\/2025\/08\/jpg-8440-scaled.jpg\" \/>\n\t<meta property=\"og:image:width\" content=\"1354\" \/>\n\t<meta property=\"og:image:height\" content=\"1920\" \/>\n\t<meta property=\"og:image:type\" content=\"image\/jpeg\" \/>\n<meta name=\"twitter:card\" content=\"summary_large_image\" \/>\n<meta name=\"twitter:label1\" content=\"Ansl. lesetid\" \/>\n\t<meta name=\"twitter:data1\" content=\"1 minutt\" \/>\n<script type=\"application\/ld+json\" class=\"yoast-schema-graph\">{\"@context\":\"https:\/\/schema.org\",\"@graph\":[{\"@type\":\"WebPage\",\"@id\":\"https:\/\/staging.forenteforlag.no\/pax\/produkt\/a-miste-et-barn\/\",\"url\":\"https:\/\/staging.forenteforlag.no\/pax\/produkt\/a-miste-et-barn\/\",\"name\":\"\u00c5 miste et barn - Pax\",\"isPartOf\":{\"@id\":\"https:\/\/staging.forenteforlag.no\/pax\/#website\"},\"primaryImageOfPage\":{\"@id\":\"https:\/\/staging.forenteforlag.no\/pax\/produkt\/a-miste-et-barn\/#primaryimage\"},\"image\":{\"@id\":\"https:\/\/staging.forenteforlag.no\/pax\/produkt\/a-miste-et-barn\/#primaryimage\"},\"thumbnailUrl\":\"https:\/\/staging.forenteforlag.no\/pax\/wp-content\/uploads\/sites\/5\/2025\/08\/jpg-8440-scaled.jpg\",\"datePublished\":\"2017-03-13T00:00:00+00:00\",\"dateModified\":\"2025-08-27T09:31:32+00:00\",\"breadcrumb\":{\"@id\":\"https:\/\/staging.forenteforlag.no\/pax\/produkt\/a-miste-et-barn\/#breadcrumb\"},\"inLanguage\":\"nb-NO\",\"potentialAction\":[{\"@type\":\"ReadAction\",\"target\":[\"https:\/\/staging.forenteforlag.no\/pax\/produkt\/a-miste-et-barn\/\"]}]},{\"@type\":\"ImageObject\",\"inLanguage\":\"nb-NO\",\"@id\":\"https:\/\/staging.forenteforlag.no\/pax\/produkt\/a-miste-et-barn\/#primaryimage\",\"url\":\"https:\/\/staging.forenteforlag.no\/pax\/wp-content\/uploads\/sites\/5\/2025\/08\/jpg-8440-scaled.jpg\",\"contentUrl\":\"https:\/\/staging.forenteforlag.no\/pax\/wp-content\/uploads\/sites\/5\/2025\/08\/jpg-8440-scaled.jpg\",\"width\":1354,\"height\":1920},{\"@type\":\"BreadcrumbList\",\"@id\":\"https:\/\/staging.forenteforlag.no\/pax\/produkt\/a-miste-et-barn\/#breadcrumb\",\"itemListElement\":[{\"@type\":\"ListItem\",\"position\":1,\"name\":\"Hjem\",\"item\":\"https:\/\/staging.forenteforlag.no\/pax\/\"},{\"@type\":\"ListItem\",\"position\":2,\"name\":\"Alle b\u00f8ker\",\"item\":\"https:\/\/staging.forenteforlag.no\/pax\/butikk\/\"},{\"@type\":\"ListItem\",\"position\":3,\"name\":\"\u00c5 miste et barn\"}]},{\"@type\":\"WebSite\",\"@id\":\"https:\/\/staging.forenteforlag.no\/pax\/#website\",\"url\":\"https:\/\/staging.forenteforlag.no\/pax\/\",\"name\":\"Pax\",\"description\":\"\",\"potentialAction\":[{\"@type\":\"SearchAction\",\"target\":{\"@type\":\"EntryPoint\",\"urlTemplate\":\"https:\/\/staging.forenteforlag.no\/pax\/?s={search_term_string}\"},\"query-input\":{\"@type\":\"PropertyValueSpecification\",\"valueRequired\":true,\"valueName\":\"search_term_string\"}}],\"inLanguage\":\"nb-NO\"}]}<\/script>\n<!-- \/ Yoast SEO plugin. -->","yoast_head_json":{"title":"\u00c5 miste et barn - Pax","robots":{"index":"noindex","follow":"follow","max-snippet":"max-snippet:-1","max-image-preview":"max-image-preview:large","max-video-preview":"max-video-preview:-1"},"og_locale":"nb_NO","og_type":"article","og_title":"\u00c5 miste et barn - Pax","og_description":"&laquo;\u00c5 miste et barn&raquo; er en samling beretninger der foreldre deler sine historier om hvordan de opplevde &#8211; og kom seg igjennom &#8211; det katastrofale tapet det er \u00e5 miste et barn. Det er en bok om sorgmestring, og om \u00e5 akseptere at alle s\u00f8rger ulikt. Fortellingene er alle skrevet i et tydelig, men n\u00f8kternt [&hellip;]","og_url":"https:\/\/staging.forenteforlag.no\/pax\/produkt\/a-miste-et-barn\/","og_site_name":"Pax","article_modified_time":"2025-08-27T09:31:32+00:00","og_image":[{"width":1354,"height":1920,"url":"https:\/\/staging.forenteforlag.no\/pax\/wp-content\/uploads\/sites\/5\/2025\/08\/jpg-8440-scaled.jpg","type":"image\/jpeg"}],"twitter_card":"summary_large_image","twitter_misc":{"Ansl. lesetid":"1 minutt"},"schema":{"@context":"https:\/\/schema.org","@graph":[{"@type":"WebPage","@id":"https:\/\/staging.forenteforlag.no\/pax\/produkt\/a-miste-et-barn\/","url":"https:\/\/staging.forenteforlag.no\/pax\/produkt\/a-miste-et-barn\/","name":"\u00c5 miste et barn - Pax","isPartOf":{"@id":"https:\/\/staging.forenteforlag.no\/pax\/#website"},"primaryImageOfPage":{"@id":"https:\/\/staging.forenteforlag.no\/pax\/produkt\/a-miste-et-barn\/#primaryimage"},"image":{"@id":"https:\/\/staging.forenteforlag.no\/pax\/produkt\/a-miste-et-barn\/#primaryimage"},"thumbnailUrl":"https:\/\/staging.forenteforlag.no\/pax\/wp-content\/uploads\/sites\/5\/2025\/08\/jpg-8440-scaled.jpg","datePublished":"2017-03-13T00:00:00+00:00","dateModified":"2025-08-27T09:31:32+00:00","breadcrumb":{"@id":"https:\/\/staging.forenteforlag.no\/pax\/produkt\/a-miste-et-barn\/#breadcrumb"},"inLanguage":"nb-NO","potentialAction":[{"@type":"ReadAction","target":["https:\/\/staging.forenteforlag.no\/pax\/produkt\/a-miste-et-barn\/"]}]},{"@type":"ImageObject","inLanguage":"nb-NO","@id":"https:\/\/staging.forenteforlag.no\/pax\/produkt\/a-miste-et-barn\/#primaryimage","url":"https:\/\/staging.forenteforlag.no\/pax\/wp-content\/uploads\/sites\/5\/2025\/08\/jpg-8440-scaled.jpg","contentUrl":"https:\/\/staging.forenteforlag.no\/pax\/wp-content\/uploads\/sites\/5\/2025\/08\/jpg-8440-scaled.jpg","width":1354,"height":1920},{"@type":"BreadcrumbList","@id":"https:\/\/staging.forenteforlag.no\/pax\/produkt\/a-miste-et-barn\/#breadcrumb","itemListElement":[{"@type":"ListItem","position":1,"name":"Hjem","item":"https:\/\/staging.forenteforlag.no\/pax\/"},{"@type":"ListItem","position":2,"name":"Alle b\u00f8ker","item":"https:\/\/staging.forenteforlag.no\/pax\/butikk\/"},{"@type":"ListItem","position":3,"name":"\u00c5 miste et barn"}]},{"@type":"WebSite","@id":"https:\/\/staging.forenteforlag.no\/pax\/#website","url":"https:\/\/staging.forenteforlag.no\/pax\/","name":"Pax","description":"","potentialAction":[{"@type":"SearchAction","target":{"@type":"EntryPoint","urlTemplate":"https:\/\/staging.forenteforlag.no\/pax\/?s={search_term_string}"},"query-input":{"@type":"PropertyValueSpecification","valueRequired":true,"valueName":"search_term_string"}}],"inLanguage":"nb-NO"}]}},"_links":{"self":[{"href":"https:\/\/staging.forenteforlag.no\/pax\/wp-json\/wp\/v2\/product\/20672","targetHints":{"allow":["GET"]}}],"collection":[{"href":"https:\/\/staging.forenteforlag.no\/pax\/wp-json\/wp\/v2\/product"}],"about":[{"href":"https:\/\/staging.forenteforlag.no\/pax\/wp-json\/wp\/v2\/types\/product"}],"wp:featuredmedia":[{"embeddable":true,"href":"https:\/\/staging.forenteforlag.no\/pax\/wp-json\/wp\/v2\/media\/28949"}],"wp:attachment":[{"href":"https:\/\/staging.forenteforlag.no\/pax\/wp-json\/wp\/v2\/media?parent=20672"}],"wp:term":[{"taxonomy":"product_brand","embeddable":true,"href":"https:\/\/staging.forenteforlag.no\/pax\/wp-json\/wp\/v2\/product_brand?post=20672"},{"taxonomy":"product_cat","embeddable":true,"href":"https:\/\/staging.forenteforlag.no\/pax\/wp-json\/wp\/v2\/product_cat?post=20672"},{"taxonomy":"product_tag","embeddable":true,"href":"https:\/\/staging.forenteforlag.no\/pax\/wp-json\/wp\/v2\/product_tag?post=20672"}],"curies":[{"name":"wp","href":"https:\/\/api.w.org\/{rel}","templated":true}]}}