{"id":20670,"date":"2014-11-06T01:00:00","date_gmt":"2014-11-06T00:00:00","guid":{"rendered":"https:\/\/pax.forenteforlag.no\/produkt\/store-drommer-og-harde-realiteter\/"},"modified":"2025-08-27T10:55:54","modified_gmt":"2025-08-27T08:55:54","slug":"store-drommer-og-harde-realiteter","status":"publish","type":"product","link":"https:\/\/staging.forenteforlag.no\/pax\/produkt\/store-drommer-og-harde-realiteter\/","title":{"rendered":"Store dr\u00f8mmer og harde realiteter"},"content":{"rendered":"<p>Usikkerheten var stor da bilene gjorde sitt inntog p\u00e5 de norske veiene p\u00e5 begynnelsen av 1900-tallet. Hadde bilene noen nytte, eller var de bare et luksusleket\u00f8y for rikfolk? De mest optimistiske s\u00e5 for seg en ny transportrevolusjon som ville gj\u00f8re jernbanen overfl\u00f8dig. De skeptiske mente bilene var en fare for mennesker og dyr og burde forbys. Store dr\u00f8mmer og harde realiteter forteller historien om den gryende bilalderen: tiden fra den f\u00f8rste billoven ble vedtatt i 1912 til importrestriksjonene p\u00e5 bil ble opphevet i 1960. <\/p>\n<p>Bilene inspirerte til store dr\u00f8mmer om mobilitet og frigj\u00f8ring. Med bil kunne man reise hvor man ville n\u00e5r man ville &#8211; bare begrenset av veinettet og veistandarden. Og veibygging var kostbart. To verdenskriger og mellomkrigstidens \u00f8konomiske kriser satte sitt preg p\u00e5 veibyggingen. Med andre verdenskrig ble dr\u00f8mmer og realiteter satt p\u00e5 spissen. Inspirert av de tyske motorveiene ble det laget en plan for firefelts motorvei mellom Oslo og Trondheim som skulle bygges p\u00e5 fem \u00e5r. Lot det seg gj\u00f8re? <\/p>\n","protected":false},"excerpt":{"rendered":"<p>Usikkerheten var stor da bilene gjorde sitt inntog p\u00e5 de norske veiene p\u00e5 begynnelsen av 1900-tallet. Hadde bilene noen nytte, eller var de bare et luksusleket\u00f8y for rikfolk? De mest optimistiske s\u00e5 for seg en ny transportrevolusjon som ville gj\u00f8re jernbanen overfl\u00f8dig. De skeptiske mente bilene var en fare for mennesker og dyr og burde [&hellip;]<\/p>\n","protected":false},"featured_media":28756,"template":"","meta":{"_acf_changed":false,"inline_featured_image":false},"product_brand":[],"product_cat":[1782,23],"product_tag":[596,362,439,1261],"class_list":{"0":"post-20670","1":"product","2":"type-product","3":"status-publish","4":"has-post-thumbnail","6":"product_cat-fripris","7":"product_cat-historie","8":"product_tag-biler","9":"product_tag-faglitteratur","10":"product_tag-nord-norge","11":"product_tag-veibygging","12":"pa_format-innbundet","14":"first","15":"instock","16":"shipping-taxable","17":"purchasable","18":"product-type-simple"},"acf":{"anmeldelse":null},"yoast_head":"<!-- This site is optimized with the Yoast SEO plugin v26.6 - https:\/\/yoast.com\/wordpress\/plugins\/seo\/ -->\n<title>Store dr\u00f8mmer og harde realiteter - Pax<\/title>\n<meta name=\"robots\" content=\"noindex, follow, max-snippet:-1, max-image-preview:large, max-video-preview:-1\" \/>\n<meta property=\"og:locale\" content=\"nb_NO\" \/>\n<meta property=\"og:type\" content=\"article\" \/>\n<meta property=\"og:title\" content=\"Store dr\u00f8mmer og harde realiteter - Pax\" \/>\n<meta property=\"og:description\" content=\"Usikkerheten var stor da bilene gjorde sitt inntog p\u00e5 de norske veiene p\u00e5 begynnelsen av 1900-tallet. Hadde bilene noen nytte, eller var de bare et luksusleket\u00f8y for rikfolk? De mest optimistiske s\u00e5 for seg en ny transportrevolusjon som ville gj\u00f8re jernbanen overfl\u00f8dig. De skeptiske mente bilene var en fare for mennesker og dyr og burde [&hellip;]\" \/>\n<meta property=\"og:url\" content=\"https:\/\/staging.forenteforlag.no\/pax\/produkt\/store-drommer-og-harde-realiteter\/\" \/>\n<meta property=\"og:site_name\" content=\"Pax\" \/>\n<meta property=\"article:modified_time\" content=\"2025-08-27T08:55:54+00:00\" \/>\n<meta property=\"og:image\" content=\"https:\/\/staging.forenteforlag.no\/pax\/wp-content\/uploads\/sites\/5\/2025\/08\/jpg-7869.jpg\" \/>\n\t<meta property=\"og:image:width\" content=\"341\" \/>\n\t<meta property=\"og:image:height\" content=\"449\" \/>\n\t<meta property=\"og:image:type\" content=\"image\/jpeg\" \/>\n<meta name=\"twitter:card\" content=\"summary_large_image\" \/>\n<meta name=\"twitter:label1\" content=\"Ansl. lesetid\" \/>\n\t<meta name=\"twitter:data1\" content=\"1 minutt\" \/>\n<script type=\"application\/ld+json\" class=\"yoast-schema-graph\">{\"@context\":\"https:\/\/schema.org\",\"@graph\":[{\"@type\":\"WebPage\",\"@id\":\"https:\/\/staging.forenteforlag.no\/pax\/produkt\/store-drommer-og-harde-realiteter\/\",\"url\":\"https:\/\/staging.forenteforlag.no\/pax\/produkt\/store-drommer-og-harde-realiteter\/\",\"name\":\"Store dr\u00f8mmer og harde realiteter - Pax\",\"isPartOf\":{\"@id\":\"https:\/\/staging.forenteforlag.no\/pax\/#website\"},\"primaryImageOfPage\":{\"@id\":\"https:\/\/staging.forenteforlag.no\/pax\/produkt\/store-drommer-og-harde-realiteter\/#primaryimage\"},\"image\":{\"@id\":\"https:\/\/staging.forenteforlag.no\/pax\/produkt\/store-drommer-og-harde-realiteter\/#primaryimage\"},\"thumbnailUrl\":\"https:\/\/staging.forenteforlag.no\/pax\/wp-content\/uploads\/sites\/5\/2025\/08\/jpg-7869.jpg\",\"datePublished\":\"2014-11-06T00:00:00+00:00\",\"dateModified\":\"2025-08-27T08:55:54+00:00\",\"breadcrumb\":{\"@id\":\"https:\/\/staging.forenteforlag.no\/pax\/produkt\/store-drommer-og-harde-realiteter\/#breadcrumb\"},\"inLanguage\":\"nb-NO\",\"potentialAction\":[{\"@type\":\"ReadAction\",\"target\":[\"https:\/\/staging.forenteforlag.no\/pax\/produkt\/store-drommer-og-harde-realiteter\/\"]}]},{\"@type\":\"ImageObject\",\"inLanguage\":\"nb-NO\",\"@id\":\"https:\/\/staging.forenteforlag.no\/pax\/produkt\/store-drommer-og-harde-realiteter\/#primaryimage\",\"url\":\"https:\/\/staging.forenteforlag.no\/pax\/wp-content\/uploads\/sites\/5\/2025\/08\/jpg-7869.jpg\",\"contentUrl\":\"https:\/\/staging.forenteforlag.no\/pax\/wp-content\/uploads\/sites\/5\/2025\/08\/jpg-7869.jpg\",\"width\":341,\"height\":449},{\"@type\":\"BreadcrumbList\",\"@id\":\"https:\/\/staging.forenteforlag.no\/pax\/produkt\/store-drommer-og-harde-realiteter\/#breadcrumb\",\"itemListElement\":[{\"@type\":\"ListItem\",\"position\":1,\"name\":\"Hjem\",\"item\":\"https:\/\/staging.forenteforlag.no\/pax\/\"},{\"@type\":\"ListItem\",\"position\":2,\"name\":\"Alle b\u00f8ker\",\"item\":\"https:\/\/staging.forenteforlag.no\/pax\/butikk\/\"},{\"@type\":\"ListItem\",\"position\":3,\"name\":\"Store dr\u00f8mmer og harde realiteter\"}]},{\"@type\":\"WebSite\",\"@id\":\"https:\/\/staging.forenteforlag.no\/pax\/#website\",\"url\":\"https:\/\/staging.forenteforlag.no\/pax\/\",\"name\":\"Pax\",\"description\":\"\",\"potentialAction\":[{\"@type\":\"SearchAction\",\"target\":{\"@type\":\"EntryPoint\",\"urlTemplate\":\"https:\/\/staging.forenteforlag.no\/pax\/?s={search_term_string}\"},\"query-input\":{\"@type\":\"PropertyValueSpecification\",\"valueRequired\":true,\"valueName\":\"search_term_string\"}}],\"inLanguage\":\"nb-NO\"}]}<\/script>\n<!-- \/ Yoast SEO plugin. -->","yoast_head_json":{"title":"Store dr\u00f8mmer og harde realiteter - Pax","robots":{"index":"noindex","follow":"follow","max-snippet":"max-snippet:-1","max-image-preview":"max-image-preview:large","max-video-preview":"max-video-preview:-1"},"og_locale":"nb_NO","og_type":"article","og_title":"Store dr\u00f8mmer og harde realiteter - Pax","og_description":"Usikkerheten var stor da bilene gjorde sitt inntog p\u00e5 de norske veiene p\u00e5 begynnelsen av 1900-tallet. Hadde bilene noen nytte, eller var de bare et luksusleket\u00f8y for rikfolk? De mest optimistiske s\u00e5 for seg en ny transportrevolusjon som ville gj\u00f8re jernbanen overfl\u00f8dig. De skeptiske mente bilene var en fare for mennesker og dyr og burde [&hellip;]","og_url":"https:\/\/staging.forenteforlag.no\/pax\/produkt\/store-drommer-og-harde-realiteter\/","og_site_name":"Pax","article_modified_time":"2025-08-27T08:55:54+00:00","og_image":[{"width":341,"height":449,"url":"https:\/\/staging.forenteforlag.no\/pax\/wp-content\/uploads\/sites\/5\/2025\/08\/jpg-7869.jpg","type":"image\/jpeg"}],"twitter_card":"summary_large_image","twitter_misc":{"Ansl. lesetid":"1 minutt"},"schema":{"@context":"https:\/\/schema.org","@graph":[{"@type":"WebPage","@id":"https:\/\/staging.forenteforlag.no\/pax\/produkt\/store-drommer-og-harde-realiteter\/","url":"https:\/\/staging.forenteforlag.no\/pax\/produkt\/store-drommer-og-harde-realiteter\/","name":"Store dr\u00f8mmer og harde realiteter - Pax","isPartOf":{"@id":"https:\/\/staging.forenteforlag.no\/pax\/#website"},"primaryImageOfPage":{"@id":"https:\/\/staging.forenteforlag.no\/pax\/produkt\/store-drommer-og-harde-realiteter\/#primaryimage"},"image":{"@id":"https:\/\/staging.forenteforlag.no\/pax\/produkt\/store-drommer-og-harde-realiteter\/#primaryimage"},"thumbnailUrl":"https:\/\/staging.forenteforlag.no\/pax\/wp-content\/uploads\/sites\/5\/2025\/08\/jpg-7869.jpg","datePublished":"2014-11-06T00:00:00+00:00","dateModified":"2025-08-27T08:55:54+00:00","breadcrumb":{"@id":"https:\/\/staging.forenteforlag.no\/pax\/produkt\/store-drommer-og-harde-realiteter\/#breadcrumb"},"inLanguage":"nb-NO","potentialAction":[{"@type":"ReadAction","target":["https:\/\/staging.forenteforlag.no\/pax\/produkt\/store-drommer-og-harde-realiteter\/"]}]},{"@type":"ImageObject","inLanguage":"nb-NO","@id":"https:\/\/staging.forenteforlag.no\/pax\/produkt\/store-drommer-og-harde-realiteter\/#primaryimage","url":"https:\/\/staging.forenteforlag.no\/pax\/wp-content\/uploads\/sites\/5\/2025\/08\/jpg-7869.jpg","contentUrl":"https:\/\/staging.forenteforlag.no\/pax\/wp-content\/uploads\/sites\/5\/2025\/08\/jpg-7869.jpg","width":341,"height":449},{"@type":"BreadcrumbList","@id":"https:\/\/staging.forenteforlag.no\/pax\/produkt\/store-drommer-og-harde-realiteter\/#breadcrumb","itemListElement":[{"@type":"ListItem","position":1,"name":"Hjem","item":"https:\/\/staging.forenteforlag.no\/pax\/"},{"@type":"ListItem","position":2,"name":"Alle b\u00f8ker","item":"https:\/\/staging.forenteforlag.no\/pax\/butikk\/"},{"@type":"ListItem","position":3,"name":"Store dr\u00f8mmer og harde realiteter"}]},{"@type":"WebSite","@id":"https:\/\/staging.forenteforlag.no\/pax\/#website","url":"https:\/\/staging.forenteforlag.no\/pax\/","name":"Pax","description":"","potentialAction":[{"@type":"SearchAction","target":{"@type":"EntryPoint","urlTemplate":"https:\/\/staging.forenteforlag.no\/pax\/?s={search_term_string}"},"query-input":{"@type":"PropertyValueSpecification","valueRequired":true,"valueName":"search_term_string"}}],"inLanguage":"nb-NO"}]}},"_links":{"self":[{"href":"https:\/\/staging.forenteforlag.no\/pax\/wp-json\/wp\/v2\/product\/20670","targetHints":{"allow":["GET"]}}],"collection":[{"href":"https:\/\/staging.forenteforlag.no\/pax\/wp-json\/wp\/v2\/product"}],"about":[{"href":"https:\/\/staging.forenteforlag.no\/pax\/wp-json\/wp\/v2\/types\/product"}],"wp:featuredmedia":[{"embeddable":true,"href":"https:\/\/staging.forenteforlag.no\/pax\/wp-json\/wp\/v2\/media\/28756"}],"wp:attachment":[{"href":"https:\/\/staging.forenteforlag.no\/pax\/wp-json\/wp\/v2\/media?parent=20670"}],"wp:term":[{"taxonomy":"product_brand","embeddable":true,"href":"https:\/\/staging.forenteforlag.no\/pax\/wp-json\/wp\/v2\/product_brand?post=20670"},{"taxonomy":"product_cat","embeddable":true,"href":"https:\/\/staging.forenteforlag.no\/pax\/wp-json\/wp\/v2\/product_cat?post=20670"},{"taxonomy":"product_tag","embeddable":true,"href":"https:\/\/staging.forenteforlag.no\/pax\/wp-json\/wp\/v2\/product_tag?post=20670"}],"curies":[{"name":"wp","href":"https:\/\/api.w.org\/{rel}","templated":true}]}}