{"id":20667,"date":"2024-12-10T23:44:32","date_gmt":"2024-12-10T22:44:32","guid":{"rendered":"https:\/\/pax.forenteforlag.no\/produkt\/skygger-av-en-annen-virkelighet\/"},"modified":"2026-03-04T19:49:27","modified_gmt":"2026-03-04T18:49:27","slug":"skygger-av-en-annen-virkelighet","status":"publish","type":"product","link":"https:\/\/staging.forenteforlag.no\/pax\/produkt\/skygger-av-en-annen-virkelighet\/","title":{"rendered":"Skygger av en annen virkelighet"},"content":{"rendered":"<p>Forfatteren fors\u00f8ker \u00e5 trenge inn i den tankeverden og mentalitet som hersket i folkevandringstiden (400- 500 tallet e.Kr.). Kildene er arkeologiske funn, samtidige europeiske skrifter og senere norr\u00f8ne kilder. Den norr\u00f8ne litteraturen med myter og sagn er en kilde til kunnskap om de holdninger og oppfatninger som r\u00e5dde grunnen. Forfatteren analyserer ogs\u00e5 folkevandringens stil (dyreornamentikken), gullfunnene og runenes funksjon, og mener at folkevandringstidens oppbrudd henger sammen med overgangen til den nye religionen som har krigerguden Odin som kraftsentrum. Har litteraturliste.<\/p>\n","protected":false},"excerpt":{"rendered":"<p>Forfatteren fors\u00f8ker \u00e5 trenge inn i den tankeverden og mentalitet som hersket i folkevandringstiden (400- 500 tallet e.Kr.). Kildene er arkeologiske funn, samtidige europeiske skrifter og senere norr\u00f8ne kilder. Den norr\u00f8ne litteraturen med myter og sagn er en kilde til kunnskap om de holdninger og oppfatninger som r\u00e5dde grunnen. Forfatteren analyserer ogs\u00e5 folkevandringens stil (dyreornamentikken), [&hellip;]<\/p>\n","protected":false},"featured_media":0,"template":"","meta":{"_acf_changed":false,"inline_featured_image":false},"product_brand":[],"product_cat":[1782],"product_tag":[362,789,460,1137,546],"class_list":{"0":"post-20667","1":"product","2":"type-product","3":"status-publish","5":"product_cat-fripris","6":"product_tag-faglitteratur","7":"product_tag-hoymiddelalderen","8":"product_tag-norden","9":"product_tag-norron-mytologi","10":"product_tag-vikingtiden","12":"first","13":"instock","14":"taxable","15":"shipping-taxable","16":"purchasable","17":"product-type-simple"},"acf":{"anmeldelse":null},"yoast_head":"<!-- This site is optimized with the Yoast SEO plugin v26.6 - https:\/\/yoast.com\/wordpress\/plugins\/seo\/ -->\n<title>Skygger av en annen virkelighet - Pax<\/title>\n<meta name=\"robots\" content=\"noindex, follow, max-snippet:-1, max-image-preview:large, max-video-preview:-1\" \/>\n<meta property=\"og:locale\" content=\"nb_NO\" \/>\n<meta property=\"og:type\" content=\"article\" \/>\n<meta property=\"og:title\" content=\"Skygger av en annen virkelighet - Pax\" \/>\n<meta property=\"og:description\" content=\"Forfatteren fors\u00f8ker \u00e5 trenge inn i den tankeverden og mentalitet som hersket i folkevandringstiden (400- 500 tallet e.Kr.). Kildene er arkeologiske funn, samtidige europeiske skrifter og senere norr\u00f8ne kilder. Den norr\u00f8ne litteraturen med myter og sagn er en kilde til kunnskap om de holdninger og oppfatninger som r\u00e5dde grunnen. Forfatteren analyserer ogs\u00e5 folkevandringens stil (dyreornamentikken), [&hellip;]\" \/>\n<meta property=\"og:url\" content=\"https:\/\/staging.forenteforlag.no\/pax\/produkt\/skygger-av-en-annen-virkelighet\/\" \/>\n<meta property=\"og:site_name\" content=\"Pax\" \/>\n<meta property=\"article:modified_time\" content=\"2026-03-04T18:49:27+00:00\" \/>\n<meta property=\"og:image\" content=\"https:\/\/staging.forenteforlag.no\/pax\/wp-content\/uploads\/sites\/5\/2025\/02\/pax-hvit.jpg\" \/>\n\t<meta property=\"og:image:width\" content=\"1200\" \/>\n\t<meta property=\"og:image:height\" content=\"800\" \/>\n\t<meta property=\"og:image:type\" content=\"image\/jpeg\" \/>\n<meta name=\"twitter:card\" content=\"summary_large_image\" \/>\n<script type=\"application\/ld+json\" class=\"yoast-schema-graph\">{\"@context\":\"https:\/\/schema.org\",\"@graph\":[{\"@type\":\"WebPage\",\"@id\":\"https:\/\/staging.forenteforlag.no\/pax\/produkt\/skygger-av-en-annen-virkelighet\/\",\"url\":\"https:\/\/staging.forenteforlag.no\/pax\/produkt\/skygger-av-en-annen-virkelighet\/\",\"name\":\"Skygger av en annen virkelighet - Pax\",\"isPartOf\":{\"@id\":\"https:\/\/staging.forenteforlag.no\/pax\/#website\"},\"datePublished\":\"2024-12-10T22:44:32+00:00\",\"dateModified\":\"2026-03-04T18:49:27+00:00\",\"breadcrumb\":{\"@id\":\"https:\/\/staging.forenteforlag.no\/pax\/produkt\/skygger-av-en-annen-virkelighet\/#breadcrumb\"},\"inLanguage\":\"nb-NO\",\"potentialAction\":[{\"@type\":\"ReadAction\",\"target\":[\"https:\/\/staging.forenteforlag.no\/pax\/produkt\/skygger-av-en-annen-virkelighet\/\"]}]},{\"@type\":\"BreadcrumbList\",\"@id\":\"https:\/\/staging.forenteforlag.no\/pax\/produkt\/skygger-av-en-annen-virkelighet\/#breadcrumb\",\"itemListElement\":[{\"@type\":\"ListItem\",\"position\":1,\"name\":\"Hjem\",\"item\":\"https:\/\/staging.forenteforlag.no\/pax\/\"},{\"@type\":\"ListItem\",\"position\":2,\"name\":\"Alle b\u00f8ker\",\"item\":\"https:\/\/staging.forenteforlag.no\/pax\/butikk\/\"},{\"@type\":\"ListItem\",\"position\":3,\"name\":\"Skygger av en annen virkelighet\"}]},{\"@type\":\"WebSite\",\"@id\":\"https:\/\/staging.forenteforlag.no\/pax\/#website\",\"url\":\"https:\/\/staging.forenteforlag.no\/pax\/\",\"name\":\"Pax\",\"description\":\"\",\"potentialAction\":[{\"@type\":\"SearchAction\",\"target\":{\"@type\":\"EntryPoint\",\"urlTemplate\":\"https:\/\/staging.forenteforlag.no\/pax\/?s={search_term_string}\"},\"query-input\":{\"@type\":\"PropertyValueSpecification\",\"valueRequired\":true,\"valueName\":\"search_term_string\"}}],\"inLanguage\":\"nb-NO\"}]}<\/script>\n<!-- \/ Yoast SEO plugin. -->","yoast_head_json":{"title":"Skygger av en annen virkelighet - Pax","robots":{"index":"noindex","follow":"follow","max-snippet":"max-snippet:-1","max-image-preview":"max-image-preview:large","max-video-preview":"max-video-preview:-1"},"og_locale":"nb_NO","og_type":"article","og_title":"Skygger av en annen virkelighet - Pax","og_description":"Forfatteren fors\u00f8ker \u00e5 trenge inn i den tankeverden og mentalitet som hersket i folkevandringstiden (400- 500 tallet e.Kr.). Kildene er arkeologiske funn, samtidige europeiske skrifter og senere norr\u00f8ne kilder. Den norr\u00f8ne litteraturen med myter og sagn er en kilde til kunnskap om de holdninger og oppfatninger som r\u00e5dde grunnen. Forfatteren analyserer ogs\u00e5 folkevandringens stil (dyreornamentikken), [&hellip;]","og_url":"https:\/\/staging.forenteforlag.no\/pax\/produkt\/skygger-av-en-annen-virkelighet\/","og_site_name":"Pax","article_modified_time":"2026-03-04T18:49:27+00:00","og_image":[{"width":1200,"height":800,"url":"https:\/\/staging.forenteforlag.no\/pax\/wp-content\/uploads\/sites\/5\/2025\/02\/pax-hvit.jpg","type":"image\/jpeg"}],"twitter_card":"summary_large_image","schema":{"@context":"https:\/\/schema.org","@graph":[{"@type":"WebPage","@id":"https:\/\/staging.forenteforlag.no\/pax\/produkt\/skygger-av-en-annen-virkelighet\/","url":"https:\/\/staging.forenteforlag.no\/pax\/produkt\/skygger-av-en-annen-virkelighet\/","name":"Skygger av en annen virkelighet - Pax","isPartOf":{"@id":"https:\/\/staging.forenteforlag.no\/pax\/#website"},"datePublished":"2024-12-10T22:44:32+00:00","dateModified":"2026-03-04T18:49:27+00:00","breadcrumb":{"@id":"https:\/\/staging.forenteforlag.no\/pax\/produkt\/skygger-av-en-annen-virkelighet\/#breadcrumb"},"inLanguage":"nb-NO","potentialAction":[{"@type":"ReadAction","target":["https:\/\/staging.forenteforlag.no\/pax\/produkt\/skygger-av-en-annen-virkelighet\/"]}]},{"@type":"BreadcrumbList","@id":"https:\/\/staging.forenteforlag.no\/pax\/produkt\/skygger-av-en-annen-virkelighet\/#breadcrumb","itemListElement":[{"@type":"ListItem","position":1,"name":"Hjem","item":"https:\/\/staging.forenteforlag.no\/pax\/"},{"@type":"ListItem","position":2,"name":"Alle b\u00f8ker","item":"https:\/\/staging.forenteforlag.no\/pax\/butikk\/"},{"@type":"ListItem","position":3,"name":"Skygger av en annen virkelighet"}]},{"@type":"WebSite","@id":"https:\/\/staging.forenteforlag.no\/pax\/#website","url":"https:\/\/staging.forenteforlag.no\/pax\/","name":"Pax","description":"","potentialAction":[{"@type":"SearchAction","target":{"@type":"EntryPoint","urlTemplate":"https:\/\/staging.forenteforlag.no\/pax\/?s={search_term_string}"},"query-input":{"@type":"PropertyValueSpecification","valueRequired":true,"valueName":"search_term_string"}}],"inLanguage":"nb-NO"}]}},"_links":{"self":[{"href":"https:\/\/staging.forenteforlag.no\/pax\/wp-json\/wp\/v2\/product\/20667","targetHints":{"allow":["GET"]}}],"collection":[{"href":"https:\/\/staging.forenteforlag.no\/pax\/wp-json\/wp\/v2\/product"}],"about":[{"href":"https:\/\/staging.forenteforlag.no\/pax\/wp-json\/wp\/v2\/types\/product"}],"wp:attachment":[{"href":"https:\/\/staging.forenteforlag.no\/pax\/wp-json\/wp\/v2\/media?parent=20667"}],"wp:term":[{"taxonomy":"product_brand","embeddable":true,"href":"https:\/\/staging.forenteforlag.no\/pax\/wp-json\/wp\/v2\/product_brand?post=20667"},{"taxonomy":"product_cat","embeddable":true,"href":"https:\/\/staging.forenteforlag.no\/pax\/wp-json\/wp\/v2\/product_cat?post=20667"},{"taxonomy":"product_tag","embeddable":true,"href":"https:\/\/staging.forenteforlag.no\/pax\/wp-json\/wp\/v2\/product_tag?post=20667"}],"curies":[{"name":"wp","href":"https:\/\/api.w.org\/{rel}","templated":true}]}}