{"id":20666,"date":"2002-03-12T16:42:51","date_gmt":"2002-03-12T15:42:51","guid":{"rendered":"https:\/\/pax.forenteforlag.no\/produkt\/folelsen-av-hva-som-skjer\/"},"modified":"2026-03-04T20:45:24","modified_gmt":"2026-03-04T19:45:24","slug":"folelsen-av-hva-som-skjer","status":"publish","type":"product","link":"https:\/\/staging.forenteforlag.no\/pax\/produkt\/folelsen-av-hva-som-skjer\/","title":{"rendered":"F\u00f8lelsen av hva som skjer"},"content":{"rendered":"<p>Gjennom en rekke eksempler fra nevrologien, dvs. pasienter med en eller annen lokaliserbar hjernesvikt, argumenterer forfatteren for eksistensen av to bevissthetsdimensjoner, en &laquo;kjernebevissthet&raquo; og en &laquo;autobiografisk bevissthet&raquo;, at disse er knyttet til bestemte kjernestrukturer, at selvets bestandighet er knyttet til kroppens indre selvregulering og at bevisstheten er den evolusjonsutviklede funksjon som tillater organismen \u00e5 forholde seg p\u00e5 en sofistikert m\u00e5te til hva omverdenen gj\u00f8r med en. Leseren blir gjennom hele boken oppdatert med hensyn til en del nyere kunnskap om hjernen og dens funksjoner. Har register.<\/p>\n","protected":false},"excerpt":{"rendered":"<p>Gjennom en rekke eksempler fra nevrologien, dvs. pasienter med en eller annen lokaliserbar hjernesvikt, argumenterer forfatteren for eksistensen av to bevissthetsdimensjoner, en &laquo;kjernebevissthet&raquo; og en &laquo;autobiografisk bevissthet&raquo;, at disse er knyttet til bestemte kjernestrukturer, at selvets bestandighet er knyttet til kroppens indre selvregulering og at bevisstheten er den evolusjonsutviklede funksjon som tillater organismen \u00e5 forholde [&hellip;]<\/p>\n","protected":false},"featured_media":27926,"template":"","meta":{"_acf_changed":false,"inline_featured_image":false},"product_brand":[],"product_cat":[1782],"product_tag":[781,362,1250],"class_list":{"0":"post-20666","1":"product","2":"type-product","3":"status-publish","4":"has-post-thumbnail","6":"product_cat-fripris","7":"product_tag-bevissthet","8":"product_tag-faglitteratur","9":"product_tag-folelser","11":"first","12":"outofstock","13":"shipping-taxable","14":"purchasable","15":"product-type-simple"},"acf":{"anmeldelse":null},"yoast_head":"<!-- This site is optimized with the Yoast SEO plugin v26.6 - https:\/\/yoast.com\/wordpress\/plugins\/seo\/ -->\n<title>F\u00f8lelsen av hva som skjer - Pax<\/title>\n<meta name=\"robots\" content=\"noindex, follow, max-snippet:-1, max-image-preview:large, max-video-preview:-1\" \/>\n<meta property=\"og:locale\" content=\"nb_NO\" \/>\n<meta property=\"og:type\" content=\"article\" \/>\n<meta property=\"og:title\" content=\"F\u00f8lelsen av hva som skjer - Pax\" \/>\n<meta property=\"og:description\" content=\"Gjennom en rekke eksempler fra nevrologien, dvs. pasienter med en eller annen lokaliserbar hjernesvikt, argumenterer forfatteren for eksistensen av to bevissthetsdimensjoner, en &laquo;kjernebevissthet&raquo; og en &laquo;autobiografisk bevissthet&raquo;, at disse er knyttet til bestemte kjernestrukturer, at selvets bestandighet er knyttet til kroppens indre selvregulering og at bevisstheten er den evolusjonsutviklede funksjon som tillater organismen \u00e5 forholde [&hellip;]\" \/>\n<meta property=\"og:url\" content=\"https:\/\/staging.forenteforlag.no\/pax\/produkt\/folelsen-av-hva-som-skjer\/\" \/>\n<meta property=\"og:site_name\" content=\"Pax\" \/>\n<meta property=\"article:modified_time\" content=\"2026-03-04T19:45:24+00:00\" \/>\n<meta property=\"og:image\" content=\"https:\/\/staging.forenteforlag.no\/pax\/wp-content\/uploads\/sites\/5\/2025\/08\/jpg-5496.jpg\" \/>\n\t<meta property=\"og:image:width\" content=\"277\" \/>\n\t<meta property=\"og:image:height\" content=\"449\" \/>\n\t<meta property=\"og:image:type\" content=\"image\/jpeg\" \/>\n<meta name=\"twitter:card\" content=\"summary_large_image\" \/>\n<script type=\"application\/ld+json\" class=\"yoast-schema-graph\">{\"@context\":\"https:\/\/schema.org\",\"@graph\":[{\"@type\":\"WebPage\",\"@id\":\"https:\/\/staging.forenteforlag.no\/pax\/produkt\/folelsen-av-hva-som-skjer\/\",\"url\":\"https:\/\/staging.forenteforlag.no\/pax\/produkt\/folelsen-av-hva-som-skjer\/\",\"name\":\"F\u00f8lelsen av hva som skjer - Pax\",\"isPartOf\":{\"@id\":\"https:\/\/staging.forenteforlag.no\/pax\/#website\"},\"primaryImageOfPage\":{\"@id\":\"https:\/\/staging.forenteforlag.no\/pax\/produkt\/folelsen-av-hva-som-skjer\/#primaryimage\"},\"image\":{\"@id\":\"https:\/\/staging.forenteforlag.no\/pax\/produkt\/folelsen-av-hva-som-skjer\/#primaryimage\"},\"thumbnailUrl\":\"https:\/\/staging.forenteforlag.no\/pax\/wp-content\/uploads\/sites\/5\/2025\/08\/jpg-5496.jpg\",\"datePublished\":\"2002-03-12T15:42:51+00:00\",\"dateModified\":\"2026-03-04T19:45:24+00:00\",\"breadcrumb\":{\"@id\":\"https:\/\/staging.forenteforlag.no\/pax\/produkt\/folelsen-av-hva-som-skjer\/#breadcrumb\"},\"inLanguage\":\"nb-NO\",\"potentialAction\":[{\"@type\":\"ReadAction\",\"target\":[\"https:\/\/staging.forenteforlag.no\/pax\/produkt\/folelsen-av-hva-som-skjer\/\"]}]},{\"@type\":\"ImageObject\",\"inLanguage\":\"nb-NO\",\"@id\":\"https:\/\/staging.forenteforlag.no\/pax\/produkt\/folelsen-av-hva-som-skjer\/#primaryimage\",\"url\":\"https:\/\/staging.forenteforlag.no\/pax\/wp-content\/uploads\/sites\/5\/2025\/08\/jpg-5496.jpg\",\"contentUrl\":\"https:\/\/staging.forenteforlag.no\/pax\/wp-content\/uploads\/sites\/5\/2025\/08\/jpg-5496.jpg\",\"width\":277,\"height\":449},{\"@type\":\"BreadcrumbList\",\"@id\":\"https:\/\/staging.forenteforlag.no\/pax\/produkt\/folelsen-av-hva-som-skjer\/#breadcrumb\",\"itemListElement\":[{\"@type\":\"ListItem\",\"position\":1,\"name\":\"Hjem\",\"item\":\"https:\/\/staging.forenteforlag.no\/pax\/\"},{\"@type\":\"ListItem\",\"position\":2,\"name\":\"Alle b\u00f8ker\",\"item\":\"https:\/\/staging.forenteforlag.no\/pax\/butikk\/\"},{\"@type\":\"ListItem\",\"position\":3,\"name\":\"F\u00f8lelsen av hva som skjer\"}]},{\"@type\":\"WebSite\",\"@id\":\"https:\/\/staging.forenteforlag.no\/pax\/#website\",\"url\":\"https:\/\/staging.forenteforlag.no\/pax\/\",\"name\":\"Pax\",\"description\":\"\",\"potentialAction\":[{\"@type\":\"SearchAction\",\"target\":{\"@type\":\"EntryPoint\",\"urlTemplate\":\"https:\/\/staging.forenteforlag.no\/pax\/?s={search_term_string}\"},\"query-input\":{\"@type\":\"PropertyValueSpecification\",\"valueRequired\":true,\"valueName\":\"search_term_string\"}}],\"inLanguage\":\"nb-NO\"}]}<\/script>\n<!-- \/ Yoast SEO plugin. -->","yoast_head_json":{"title":"F\u00f8lelsen av hva som skjer - Pax","robots":{"index":"noindex","follow":"follow","max-snippet":"max-snippet:-1","max-image-preview":"max-image-preview:large","max-video-preview":"max-video-preview:-1"},"og_locale":"nb_NO","og_type":"article","og_title":"F\u00f8lelsen av hva som skjer - Pax","og_description":"Gjennom en rekke eksempler fra nevrologien, dvs. pasienter med en eller annen lokaliserbar hjernesvikt, argumenterer forfatteren for eksistensen av to bevissthetsdimensjoner, en &laquo;kjernebevissthet&raquo; og en &laquo;autobiografisk bevissthet&raquo;, at disse er knyttet til bestemte kjernestrukturer, at selvets bestandighet er knyttet til kroppens indre selvregulering og at bevisstheten er den evolusjonsutviklede funksjon som tillater organismen \u00e5 forholde [&hellip;]","og_url":"https:\/\/staging.forenteforlag.no\/pax\/produkt\/folelsen-av-hva-som-skjer\/","og_site_name":"Pax","article_modified_time":"2026-03-04T19:45:24+00:00","og_image":[{"width":277,"height":449,"url":"https:\/\/staging.forenteforlag.no\/pax\/wp-content\/uploads\/sites\/5\/2025\/08\/jpg-5496.jpg","type":"image\/jpeg"}],"twitter_card":"summary_large_image","schema":{"@context":"https:\/\/schema.org","@graph":[{"@type":"WebPage","@id":"https:\/\/staging.forenteforlag.no\/pax\/produkt\/folelsen-av-hva-som-skjer\/","url":"https:\/\/staging.forenteforlag.no\/pax\/produkt\/folelsen-av-hva-som-skjer\/","name":"F\u00f8lelsen av hva som skjer - Pax","isPartOf":{"@id":"https:\/\/staging.forenteforlag.no\/pax\/#website"},"primaryImageOfPage":{"@id":"https:\/\/staging.forenteforlag.no\/pax\/produkt\/folelsen-av-hva-som-skjer\/#primaryimage"},"image":{"@id":"https:\/\/staging.forenteforlag.no\/pax\/produkt\/folelsen-av-hva-som-skjer\/#primaryimage"},"thumbnailUrl":"https:\/\/staging.forenteforlag.no\/pax\/wp-content\/uploads\/sites\/5\/2025\/08\/jpg-5496.jpg","datePublished":"2002-03-12T15:42:51+00:00","dateModified":"2026-03-04T19:45:24+00:00","breadcrumb":{"@id":"https:\/\/staging.forenteforlag.no\/pax\/produkt\/folelsen-av-hva-som-skjer\/#breadcrumb"},"inLanguage":"nb-NO","potentialAction":[{"@type":"ReadAction","target":["https:\/\/staging.forenteforlag.no\/pax\/produkt\/folelsen-av-hva-som-skjer\/"]}]},{"@type":"ImageObject","inLanguage":"nb-NO","@id":"https:\/\/staging.forenteforlag.no\/pax\/produkt\/folelsen-av-hva-som-skjer\/#primaryimage","url":"https:\/\/staging.forenteforlag.no\/pax\/wp-content\/uploads\/sites\/5\/2025\/08\/jpg-5496.jpg","contentUrl":"https:\/\/staging.forenteforlag.no\/pax\/wp-content\/uploads\/sites\/5\/2025\/08\/jpg-5496.jpg","width":277,"height":449},{"@type":"BreadcrumbList","@id":"https:\/\/staging.forenteforlag.no\/pax\/produkt\/folelsen-av-hva-som-skjer\/#breadcrumb","itemListElement":[{"@type":"ListItem","position":1,"name":"Hjem","item":"https:\/\/staging.forenteforlag.no\/pax\/"},{"@type":"ListItem","position":2,"name":"Alle b\u00f8ker","item":"https:\/\/staging.forenteforlag.no\/pax\/butikk\/"},{"@type":"ListItem","position":3,"name":"F\u00f8lelsen av hva som skjer"}]},{"@type":"WebSite","@id":"https:\/\/staging.forenteforlag.no\/pax\/#website","url":"https:\/\/staging.forenteforlag.no\/pax\/","name":"Pax","description":"","potentialAction":[{"@type":"SearchAction","target":{"@type":"EntryPoint","urlTemplate":"https:\/\/staging.forenteforlag.no\/pax\/?s={search_term_string}"},"query-input":{"@type":"PropertyValueSpecification","valueRequired":true,"valueName":"search_term_string"}}],"inLanguage":"nb-NO"}]}},"_links":{"self":[{"href":"https:\/\/staging.forenteforlag.no\/pax\/wp-json\/wp\/v2\/product\/20666","targetHints":{"allow":["GET"]}}],"collection":[{"href":"https:\/\/staging.forenteforlag.no\/pax\/wp-json\/wp\/v2\/product"}],"about":[{"href":"https:\/\/staging.forenteforlag.no\/pax\/wp-json\/wp\/v2\/types\/product"}],"wp:featuredmedia":[{"embeddable":true,"href":"https:\/\/staging.forenteforlag.no\/pax\/wp-json\/wp\/v2\/media\/27926"}],"wp:attachment":[{"href":"https:\/\/staging.forenteforlag.no\/pax\/wp-json\/wp\/v2\/media?parent=20666"}],"wp:term":[{"taxonomy":"product_brand","embeddable":true,"href":"https:\/\/staging.forenteforlag.no\/pax\/wp-json\/wp\/v2\/product_brand?post=20666"},{"taxonomy":"product_cat","embeddable":true,"href":"https:\/\/staging.forenteforlag.no\/pax\/wp-json\/wp\/v2\/product_cat?post=20666"},{"taxonomy":"product_tag","embeddable":true,"href":"https:\/\/staging.forenteforlag.no\/pax\/wp-json\/wp\/v2\/product_tag?post=20666"}],"curies":[{"name":"wp","href":"https:\/\/api.w.org\/{rel}","templated":true}]}}