{"id":20662,"date":"2002-03-12T16:42:50","date_gmt":"2002-03-12T15:42:50","guid":{"rendered":"https:\/\/pax.forenteforlag.no\/produkt\/det-norske-landskapet\/"},"modified":"2026-03-04T20:31:46","modified_gmt":"2026-03-04T19:31:46","slug":"det-norske-landskapet","status":"publish","type":"product","link":"https:\/\/staging.forenteforlag.no\/pax\/produkt\/det-norske-landskapet\/","title":{"rendered":"Det norske landskapet"},"content":{"rendered":"<p>Boken er en kulturhistorisk fortelling om utviklingen av v\u00e5re fysiske omgivelser fra 1700-tallet og fram til i dag. Fire ulike steder i Norge presenteres; Hjelle i Valdres, Todalen p\u00e5 Nordm\u00f8re, Grunnfarnes p\u00e5 Ytre Senja og Optakermoen p\u00e5 Romerike. Forfatteren ser n\u00e6rmere p\u00e5 begrepene landskap, landskapssyn og kulturlandskap, og utforsker karakteristiske trekk ved ulike landskapstyper. Forfatteren dr\u00f8fter ogs\u00e5 hvordan vi kan lese et landskap horisontalt (geografisk) og vertikalt (historisk), og tar for seg ulike fremstillinger av Norge i kunsten og litteraturen. Har noter, litteraturliste, oversikt over forkortelser og register.<\/p>\n","protected":false},"excerpt":{"rendered":"<p>Boken er en kulturhistorisk fortelling om utviklingen av v\u00e5re fysiske omgivelser fra 1700-tallet og fram til i dag. Fire ulike steder i Norge presenteres; Hjelle i Valdres, Todalen p\u00e5 Nordm\u00f8re, Grunnfarnes p\u00e5 Ytre Senja og Optakermoen p\u00e5 Romerike. Forfatteren ser n\u00e6rmere p\u00e5 begrepene landskap, landskapssyn og kulturlandskap, og utforsker karakteristiske trekk ved ulike landskapstyper. Forfatteren [&hellip;]<\/p>\n","protected":false},"featured_media":27917,"template":"","meta":{"_acf_changed":false,"inline_featured_image":false},"product_brand":[],"product_cat":[1782],"product_tag":[362,361,753,439],"class_list":{"0":"post-20662","1":"product","2":"type-product","3":"status-publish","4":"has-post-thumbnail","6":"product_cat-fripris","7":"product_tag-faglitteratur","8":"product_tag-kulturhistorie","9":"product_tag-landskapsarkitektur","10":"product_tag-nord-norge","12":"first","13":"instock","14":"shipping-taxable","15":"purchasable","16":"product-type-simple"},"acf":{"anmeldelse":null},"yoast_head":"<!-- This site is optimized with the Yoast SEO plugin v26.6 - https:\/\/yoast.com\/wordpress\/plugins\/seo\/ -->\n<title>Det norske landskapet - Pax<\/title>\n<meta name=\"robots\" content=\"noindex, follow, max-snippet:-1, max-image-preview:large, max-video-preview:-1\" \/>\n<meta property=\"og:locale\" content=\"nb_NO\" \/>\n<meta property=\"og:type\" content=\"article\" \/>\n<meta property=\"og:title\" content=\"Det norske landskapet - Pax\" \/>\n<meta property=\"og:description\" content=\"Boken er en kulturhistorisk fortelling om utviklingen av v\u00e5re fysiske omgivelser fra 1700-tallet og fram til i dag. Fire ulike steder i Norge presenteres; Hjelle i Valdres, Todalen p\u00e5 Nordm\u00f8re, Grunnfarnes p\u00e5 Ytre Senja og Optakermoen p\u00e5 Romerike. Forfatteren ser n\u00e6rmere p\u00e5 begrepene landskap, landskapssyn og kulturlandskap, og utforsker karakteristiske trekk ved ulike landskapstyper. Forfatteren [&hellip;]\" \/>\n<meta property=\"og:url\" content=\"https:\/\/staging.forenteforlag.no\/pax\/produkt\/det-norske-landskapet\/\" \/>\n<meta property=\"og:site_name\" content=\"Pax\" \/>\n<meta property=\"article:modified_time\" content=\"2026-03-04T19:31:46+00:00\" \/>\n<meta property=\"og:image\" content=\"https:\/\/staging.forenteforlag.no\/pax\/wp-content\/uploads\/sites\/5\/2025\/08\/jpg-5480.jpg\" \/>\n\t<meta property=\"og:image:width\" content=\"319\" \/>\n\t<meta property=\"og:image:height\" content=\"449\" \/>\n\t<meta property=\"og:image:type\" content=\"image\/jpeg\" \/>\n<meta name=\"twitter:card\" content=\"summary_large_image\" \/>\n<script type=\"application\/ld+json\" class=\"yoast-schema-graph\">{\"@context\":\"https:\/\/schema.org\",\"@graph\":[{\"@type\":\"WebPage\",\"@id\":\"https:\/\/staging.forenteforlag.no\/pax\/produkt\/det-norske-landskapet\/\",\"url\":\"https:\/\/staging.forenteforlag.no\/pax\/produkt\/det-norske-landskapet\/\",\"name\":\"Det norske landskapet - Pax\",\"isPartOf\":{\"@id\":\"https:\/\/staging.forenteforlag.no\/pax\/#website\"},\"primaryImageOfPage\":{\"@id\":\"https:\/\/staging.forenteforlag.no\/pax\/produkt\/det-norske-landskapet\/#primaryimage\"},\"image\":{\"@id\":\"https:\/\/staging.forenteforlag.no\/pax\/produkt\/det-norske-landskapet\/#primaryimage\"},\"thumbnailUrl\":\"https:\/\/staging.forenteforlag.no\/pax\/wp-content\/uploads\/sites\/5\/2025\/08\/jpg-5480.jpg\",\"datePublished\":\"2002-03-12T15:42:50+00:00\",\"dateModified\":\"2026-03-04T19:31:46+00:00\",\"breadcrumb\":{\"@id\":\"https:\/\/staging.forenteforlag.no\/pax\/produkt\/det-norske-landskapet\/#breadcrumb\"},\"inLanguage\":\"nb-NO\",\"potentialAction\":[{\"@type\":\"ReadAction\",\"target\":[\"https:\/\/staging.forenteforlag.no\/pax\/produkt\/det-norske-landskapet\/\"]}]},{\"@type\":\"ImageObject\",\"inLanguage\":\"nb-NO\",\"@id\":\"https:\/\/staging.forenteforlag.no\/pax\/produkt\/det-norske-landskapet\/#primaryimage\",\"url\":\"https:\/\/staging.forenteforlag.no\/pax\/wp-content\/uploads\/sites\/5\/2025\/08\/jpg-5480.jpg\",\"contentUrl\":\"https:\/\/staging.forenteforlag.no\/pax\/wp-content\/uploads\/sites\/5\/2025\/08\/jpg-5480.jpg\",\"width\":319,\"height\":449},{\"@type\":\"BreadcrumbList\",\"@id\":\"https:\/\/staging.forenteforlag.no\/pax\/produkt\/det-norske-landskapet\/#breadcrumb\",\"itemListElement\":[{\"@type\":\"ListItem\",\"position\":1,\"name\":\"Hjem\",\"item\":\"https:\/\/staging.forenteforlag.no\/pax\/\"},{\"@type\":\"ListItem\",\"position\":2,\"name\":\"Alle b\u00f8ker\",\"item\":\"https:\/\/staging.forenteforlag.no\/pax\/butikk\/\"},{\"@type\":\"ListItem\",\"position\":3,\"name\":\"Det norske landskapet\"}]},{\"@type\":\"WebSite\",\"@id\":\"https:\/\/staging.forenteforlag.no\/pax\/#website\",\"url\":\"https:\/\/staging.forenteforlag.no\/pax\/\",\"name\":\"Pax\",\"description\":\"\",\"potentialAction\":[{\"@type\":\"SearchAction\",\"target\":{\"@type\":\"EntryPoint\",\"urlTemplate\":\"https:\/\/staging.forenteforlag.no\/pax\/?s={search_term_string}\"},\"query-input\":{\"@type\":\"PropertyValueSpecification\",\"valueRequired\":true,\"valueName\":\"search_term_string\"}}],\"inLanguage\":\"nb-NO\"}]}<\/script>\n<!-- \/ Yoast SEO plugin. -->","yoast_head_json":{"title":"Det norske landskapet - Pax","robots":{"index":"noindex","follow":"follow","max-snippet":"max-snippet:-1","max-image-preview":"max-image-preview:large","max-video-preview":"max-video-preview:-1"},"og_locale":"nb_NO","og_type":"article","og_title":"Det norske landskapet - Pax","og_description":"Boken er en kulturhistorisk fortelling om utviklingen av v\u00e5re fysiske omgivelser fra 1700-tallet og fram til i dag. Fire ulike steder i Norge presenteres; Hjelle i Valdres, Todalen p\u00e5 Nordm\u00f8re, Grunnfarnes p\u00e5 Ytre Senja og Optakermoen p\u00e5 Romerike. Forfatteren ser n\u00e6rmere p\u00e5 begrepene landskap, landskapssyn og kulturlandskap, og utforsker karakteristiske trekk ved ulike landskapstyper. Forfatteren [&hellip;]","og_url":"https:\/\/staging.forenteforlag.no\/pax\/produkt\/det-norske-landskapet\/","og_site_name":"Pax","article_modified_time":"2026-03-04T19:31:46+00:00","og_image":[{"width":319,"height":449,"url":"https:\/\/staging.forenteforlag.no\/pax\/wp-content\/uploads\/sites\/5\/2025\/08\/jpg-5480.jpg","type":"image\/jpeg"}],"twitter_card":"summary_large_image","schema":{"@context":"https:\/\/schema.org","@graph":[{"@type":"WebPage","@id":"https:\/\/staging.forenteforlag.no\/pax\/produkt\/det-norske-landskapet\/","url":"https:\/\/staging.forenteforlag.no\/pax\/produkt\/det-norske-landskapet\/","name":"Det norske landskapet - Pax","isPartOf":{"@id":"https:\/\/staging.forenteforlag.no\/pax\/#website"},"primaryImageOfPage":{"@id":"https:\/\/staging.forenteforlag.no\/pax\/produkt\/det-norske-landskapet\/#primaryimage"},"image":{"@id":"https:\/\/staging.forenteforlag.no\/pax\/produkt\/det-norske-landskapet\/#primaryimage"},"thumbnailUrl":"https:\/\/staging.forenteforlag.no\/pax\/wp-content\/uploads\/sites\/5\/2025\/08\/jpg-5480.jpg","datePublished":"2002-03-12T15:42:50+00:00","dateModified":"2026-03-04T19:31:46+00:00","breadcrumb":{"@id":"https:\/\/staging.forenteforlag.no\/pax\/produkt\/det-norske-landskapet\/#breadcrumb"},"inLanguage":"nb-NO","potentialAction":[{"@type":"ReadAction","target":["https:\/\/staging.forenteforlag.no\/pax\/produkt\/det-norske-landskapet\/"]}]},{"@type":"ImageObject","inLanguage":"nb-NO","@id":"https:\/\/staging.forenteforlag.no\/pax\/produkt\/det-norske-landskapet\/#primaryimage","url":"https:\/\/staging.forenteforlag.no\/pax\/wp-content\/uploads\/sites\/5\/2025\/08\/jpg-5480.jpg","contentUrl":"https:\/\/staging.forenteforlag.no\/pax\/wp-content\/uploads\/sites\/5\/2025\/08\/jpg-5480.jpg","width":319,"height":449},{"@type":"BreadcrumbList","@id":"https:\/\/staging.forenteforlag.no\/pax\/produkt\/det-norske-landskapet\/#breadcrumb","itemListElement":[{"@type":"ListItem","position":1,"name":"Hjem","item":"https:\/\/staging.forenteforlag.no\/pax\/"},{"@type":"ListItem","position":2,"name":"Alle b\u00f8ker","item":"https:\/\/staging.forenteforlag.no\/pax\/butikk\/"},{"@type":"ListItem","position":3,"name":"Det norske landskapet"}]},{"@type":"WebSite","@id":"https:\/\/staging.forenteforlag.no\/pax\/#website","url":"https:\/\/staging.forenteforlag.no\/pax\/","name":"Pax","description":"","potentialAction":[{"@type":"SearchAction","target":{"@type":"EntryPoint","urlTemplate":"https:\/\/staging.forenteforlag.no\/pax\/?s={search_term_string}"},"query-input":{"@type":"PropertyValueSpecification","valueRequired":true,"valueName":"search_term_string"}}],"inLanguage":"nb-NO"}]}},"_links":{"self":[{"href":"https:\/\/staging.forenteforlag.no\/pax\/wp-json\/wp\/v2\/product\/20662","targetHints":{"allow":["GET"]}}],"collection":[{"href":"https:\/\/staging.forenteforlag.no\/pax\/wp-json\/wp\/v2\/product"}],"about":[{"href":"https:\/\/staging.forenteforlag.no\/pax\/wp-json\/wp\/v2\/types\/product"}],"wp:featuredmedia":[{"embeddable":true,"href":"https:\/\/staging.forenteforlag.no\/pax\/wp-json\/wp\/v2\/media\/27917"}],"wp:attachment":[{"href":"https:\/\/staging.forenteforlag.no\/pax\/wp-json\/wp\/v2\/media?parent=20662"}],"wp:term":[{"taxonomy":"product_brand","embeddable":true,"href":"https:\/\/staging.forenteforlag.no\/pax\/wp-json\/wp\/v2\/product_brand?post=20662"},{"taxonomy":"product_cat","embeddable":true,"href":"https:\/\/staging.forenteforlag.no\/pax\/wp-json\/wp\/v2\/product_cat?post=20662"},{"taxonomy":"product_tag","embeddable":true,"href":"https:\/\/staging.forenteforlag.no\/pax\/wp-json\/wp\/v2\/product_tag?post=20662"}],"curies":[{"name":"wp","href":"https:\/\/api.w.org\/{rel}","templated":true}]}}