{"id":20658,"date":"2010-03-18T01:00:00","date_gmt":"2010-03-18T00:00:00","guid":{"rendered":"https:\/\/pax.forenteforlag.no\/produkt\/jo-visst-kan-du-gresk-og-latin-2\/"},"modified":"2026-02-09T05:50:33","modified_gmt":"2026-02-09T04:50:33","slug":"jo-visst-kan-du-gresk-og-latin-2","status":"publish","type":"product","link":"https:\/\/staging.forenteforlag.no\/pax\/produkt\/jo-visst-kan-du-gresk-og-latin-2\/","title":{"rendered":"Jo visst kan du gresk og latin!"},"content":{"rendered":"<p>Bokas tittel lover selvf\u00f8lgelig mer enn den kan holde. Likevel vil du finne ut at du kan mye mer gresk og latin enn du ante p\u00e5 forh\u00e5nd. Forfatteren viser hvordan vi enkelt kan kjenne igjen og forst\u00e5 en lang rekke ord som stammer fra gresk og latin. Slike ord er det flust av i norsk, som i de fleste andre europeiske spr\u00e5k. Boka viser deg sammenhenger der man ikke skulle tro de fantes: mellom m\u00f8bel og mobbe og mellom rektor og traktor. Forfatteren gir oss ogs\u00e5 sm\u00e5 streiftog i gresk og romersk historie, filosofi og diktekunst. Slik f\u00e5r vi den kulturhistoriske bakgrunnen for hvordan gresk og latin kunne f\u00e5 slik utbredelse og innflytelse.<\/p>\n","protected":false},"excerpt":{"rendered":"<p>Bokas tittel lover selvf\u00f8lgelig mer enn den kan holde. Likevel vil du finne ut at du kan mye mer gresk og latin enn du ante p\u00e5 forh\u00e5nd. Forfatteren viser hvordan vi enkelt kan kjenne igjen og forst\u00e5 en lang rekke ord som stammer fra gresk og latin. Slike ord er det flust av i norsk, [&hellip;]<\/p>\n","protected":false},"featured_media":28427,"template":"","meta":{"_acf_changed":false,"inline_featured_image":false},"product_brand":[],"product_cat":[1782,33],"product_tag":[362],"class_list":{"0":"post-20658","1":"product","2":"type-product","3":"status-publish","4":"has-post-thumbnail","6":"product_cat-fripris","7":"product_cat-sprak","8":"product_tag-faglitteratur","9":"pa_format-innbundet","11":"first","12":"midlertidig-utsolgt","13":"shipping-taxable","14":"purchasable","15":"product-type-simple"},"acf":{"anmeldelse":null},"yoast_head":"<!-- This site is optimized with the Yoast SEO plugin v26.6 - https:\/\/yoast.com\/wordpress\/plugins\/seo\/ -->\n<title>Jo visst kan du gresk og latin! - Pax<\/title>\n<meta name=\"robots\" content=\"noindex, follow, max-snippet:-1, max-image-preview:large, max-video-preview:-1\" \/>\n<meta property=\"og:locale\" content=\"nb_NO\" \/>\n<meta property=\"og:type\" content=\"article\" \/>\n<meta property=\"og:title\" content=\"Jo visst kan du gresk og latin! - Pax\" \/>\n<meta property=\"og:description\" content=\"Bokas tittel lover selvf\u00f8lgelig mer enn den kan holde. Likevel vil du finne ut at du kan mye mer gresk og latin enn du ante p\u00e5 forh\u00e5nd. Forfatteren viser hvordan vi enkelt kan kjenne igjen og forst\u00e5 en lang rekke ord som stammer fra gresk og latin. Slike ord er det flust av i norsk, [&hellip;]\" \/>\n<meta property=\"og:url\" content=\"https:\/\/staging.forenteforlag.no\/pax\/produkt\/jo-visst-kan-du-gresk-og-latin-2\/\" \/>\n<meta property=\"og:site_name\" content=\"Pax\" \/>\n<meta property=\"article:modified_time\" content=\"2026-02-09T04:50:33+00:00\" \/>\n<meta property=\"og:image\" content=\"https:\/\/staging.forenteforlag.no\/pax\/wp-content\/uploads\/sites\/5\/2025\/08\/jpg-6893.jpg\" \/>\n\t<meta property=\"og:image:width\" content=\"326\" \/>\n\t<meta property=\"og:image:height\" content=\"449\" \/>\n\t<meta property=\"og:image:type\" content=\"image\/jpeg\" \/>\n<meta name=\"twitter:card\" content=\"summary_large_image\" \/>\n<meta name=\"twitter:label1\" content=\"Ansl. lesetid\" \/>\n\t<meta name=\"twitter:data1\" content=\"1 minutt\" \/>\n<script type=\"application\/ld+json\" class=\"yoast-schema-graph\">{\"@context\":\"https:\/\/schema.org\",\"@graph\":[{\"@type\":\"WebPage\",\"@id\":\"https:\/\/staging.forenteforlag.no\/pax\/produkt\/jo-visst-kan-du-gresk-og-latin-2\/\",\"url\":\"https:\/\/staging.forenteforlag.no\/pax\/produkt\/jo-visst-kan-du-gresk-og-latin-2\/\",\"name\":\"Jo visst kan du gresk og latin! - Pax\",\"isPartOf\":{\"@id\":\"https:\/\/staging.forenteforlag.no\/pax\/#website\"},\"primaryImageOfPage\":{\"@id\":\"https:\/\/staging.forenteforlag.no\/pax\/produkt\/jo-visst-kan-du-gresk-og-latin-2\/#primaryimage\"},\"image\":{\"@id\":\"https:\/\/staging.forenteforlag.no\/pax\/produkt\/jo-visst-kan-du-gresk-og-latin-2\/#primaryimage\"},\"thumbnailUrl\":\"https:\/\/staging.forenteforlag.no\/pax\/wp-content\/uploads\/sites\/5\/2025\/08\/jpg-6893.jpg\",\"datePublished\":\"2010-03-18T00:00:00+00:00\",\"dateModified\":\"2026-02-09T04:50:33+00:00\",\"breadcrumb\":{\"@id\":\"https:\/\/staging.forenteforlag.no\/pax\/produkt\/jo-visst-kan-du-gresk-og-latin-2\/#breadcrumb\"},\"inLanguage\":\"nb-NO\",\"potentialAction\":[{\"@type\":\"ReadAction\",\"target\":[\"https:\/\/staging.forenteforlag.no\/pax\/produkt\/jo-visst-kan-du-gresk-og-latin-2\/\"]}]},{\"@type\":\"ImageObject\",\"inLanguage\":\"nb-NO\",\"@id\":\"https:\/\/staging.forenteforlag.no\/pax\/produkt\/jo-visst-kan-du-gresk-og-latin-2\/#primaryimage\",\"url\":\"https:\/\/staging.forenteforlag.no\/pax\/wp-content\/uploads\/sites\/5\/2025\/08\/jpg-6893.jpg\",\"contentUrl\":\"https:\/\/staging.forenteforlag.no\/pax\/wp-content\/uploads\/sites\/5\/2025\/08\/jpg-6893.jpg\",\"width\":326,\"height\":449},{\"@type\":\"BreadcrumbList\",\"@id\":\"https:\/\/staging.forenteforlag.no\/pax\/produkt\/jo-visst-kan-du-gresk-og-latin-2\/#breadcrumb\",\"itemListElement\":[{\"@type\":\"ListItem\",\"position\":1,\"name\":\"Hjem\",\"item\":\"https:\/\/staging.forenteforlag.no\/pax\/\"},{\"@type\":\"ListItem\",\"position\":2,\"name\":\"Alle b\u00f8ker\",\"item\":\"https:\/\/staging.forenteforlag.no\/pax\/butikk\/\"},{\"@type\":\"ListItem\",\"position\":3,\"name\":\"Jo visst kan du gresk og latin!\"}]},{\"@type\":\"WebSite\",\"@id\":\"https:\/\/staging.forenteforlag.no\/pax\/#website\",\"url\":\"https:\/\/staging.forenteforlag.no\/pax\/\",\"name\":\"Pax\",\"description\":\"\",\"potentialAction\":[{\"@type\":\"SearchAction\",\"target\":{\"@type\":\"EntryPoint\",\"urlTemplate\":\"https:\/\/staging.forenteforlag.no\/pax\/?s={search_term_string}\"},\"query-input\":{\"@type\":\"PropertyValueSpecification\",\"valueRequired\":true,\"valueName\":\"search_term_string\"}}],\"inLanguage\":\"nb-NO\"}]}<\/script>\n<!-- \/ Yoast SEO plugin. -->","yoast_head_json":{"title":"Jo visst kan du gresk og latin! - Pax","robots":{"index":"noindex","follow":"follow","max-snippet":"max-snippet:-1","max-image-preview":"max-image-preview:large","max-video-preview":"max-video-preview:-1"},"og_locale":"nb_NO","og_type":"article","og_title":"Jo visst kan du gresk og latin! - Pax","og_description":"Bokas tittel lover selvf\u00f8lgelig mer enn den kan holde. Likevel vil du finne ut at du kan mye mer gresk og latin enn du ante p\u00e5 forh\u00e5nd. Forfatteren viser hvordan vi enkelt kan kjenne igjen og forst\u00e5 en lang rekke ord som stammer fra gresk og latin. Slike ord er det flust av i norsk, [&hellip;]","og_url":"https:\/\/staging.forenteforlag.no\/pax\/produkt\/jo-visst-kan-du-gresk-og-latin-2\/","og_site_name":"Pax","article_modified_time":"2026-02-09T04:50:33+00:00","og_image":[{"width":326,"height":449,"url":"https:\/\/staging.forenteforlag.no\/pax\/wp-content\/uploads\/sites\/5\/2025\/08\/jpg-6893.jpg","type":"image\/jpeg"}],"twitter_card":"summary_large_image","twitter_misc":{"Ansl. lesetid":"1 minutt"},"schema":{"@context":"https:\/\/schema.org","@graph":[{"@type":"WebPage","@id":"https:\/\/staging.forenteforlag.no\/pax\/produkt\/jo-visst-kan-du-gresk-og-latin-2\/","url":"https:\/\/staging.forenteforlag.no\/pax\/produkt\/jo-visst-kan-du-gresk-og-latin-2\/","name":"Jo visst kan du gresk og latin! - Pax","isPartOf":{"@id":"https:\/\/staging.forenteforlag.no\/pax\/#website"},"primaryImageOfPage":{"@id":"https:\/\/staging.forenteforlag.no\/pax\/produkt\/jo-visst-kan-du-gresk-og-latin-2\/#primaryimage"},"image":{"@id":"https:\/\/staging.forenteforlag.no\/pax\/produkt\/jo-visst-kan-du-gresk-og-latin-2\/#primaryimage"},"thumbnailUrl":"https:\/\/staging.forenteforlag.no\/pax\/wp-content\/uploads\/sites\/5\/2025\/08\/jpg-6893.jpg","datePublished":"2010-03-18T00:00:00+00:00","dateModified":"2026-02-09T04:50:33+00:00","breadcrumb":{"@id":"https:\/\/staging.forenteforlag.no\/pax\/produkt\/jo-visst-kan-du-gresk-og-latin-2\/#breadcrumb"},"inLanguage":"nb-NO","potentialAction":[{"@type":"ReadAction","target":["https:\/\/staging.forenteforlag.no\/pax\/produkt\/jo-visst-kan-du-gresk-og-latin-2\/"]}]},{"@type":"ImageObject","inLanguage":"nb-NO","@id":"https:\/\/staging.forenteforlag.no\/pax\/produkt\/jo-visst-kan-du-gresk-og-latin-2\/#primaryimage","url":"https:\/\/staging.forenteforlag.no\/pax\/wp-content\/uploads\/sites\/5\/2025\/08\/jpg-6893.jpg","contentUrl":"https:\/\/staging.forenteforlag.no\/pax\/wp-content\/uploads\/sites\/5\/2025\/08\/jpg-6893.jpg","width":326,"height":449},{"@type":"BreadcrumbList","@id":"https:\/\/staging.forenteforlag.no\/pax\/produkt\/jo-visst-kan-du-gresk-og-latin-2\/#breadcrumb","itemListElement":[{"@type":"ListItem","position":1,"name":"Hjem","item":"https:\/\/staging.forenteforlag.no\/pax\/"},{"@type":"ListItem","position":2,"name":"Alle b\u00f8ker","item":"https:\/\/staging.forenteforlag.no\/pax\/butikk\/"},{"@type":"ListItem","position":3,"name":"Jo visst kan du gresk og latin!"}]},{"@type":"WebSite","@id":"https:\/\/staging.forenteforlag.no\/pax\/#website","url":"https:\/\/staging.forenteforlag.no\/pax\/","name":"Pax","description":"","potentialAction":[{"@type":"SearchAction","target":{"@type":"EntryPoint","urlTemplate":"https:\/\/staging.forenteforlag.no\/pax\/?s={search_term_string}"},"query-input":{"@type":"PropertyValueSpecification","valueRequired":true,"valueName":"search_term_string"}}],"inLanguage":"nb-NO"}]}},"_links":{"self":[{"href":"https:\/\/staging.forenteforlag.no\/pax\/wp-json\/wp\/v2\/product\/20658","targetHints":{"allow":["GET"]}}],"collection":[{"href":"https:\/\/staging.forenteforlag.no\/pax\/wp-json\/wp\/v2\/product"}],"about":[{"href":"https:\/\/staging.forenteforlag.no\/pax\/wp-json\/wp\/v2\/types\/product"}],"wp:featuredmedia":[{"embeddable":true,"href":"https:\/\/staging.forenteforlag.no\/pax\/wp-json\/wp\/v2\/media\/28427"}],"wp:attachment":[{"href":"https:\/\/staging.forenteforlag.no\/pax\/wp-json\/wp\/v2\/media?parent=20658"}],"wp:term":[{"taxonomy":"product_brand","embeddable":true,"href":"https:\/\/staging.forenteforlag.no\/pax\/wp-json\/wp\/v2\/product_brand?post=20658"},{"taxonomy":"product_cat","embeddable":true,"href":"https:\/\/staging.forenteforlag.no\/pax\/wp-json\/wp\/v2\/product_cat?post=20658"},{"taxonomy":"product_tag","embeddable":true,"href":"https:\/\/staging.forenteforlag.no\/pax\/wp-json\/wp\/v2\/product_tag?post=20658"}],"curies":[{"name":"wp","href":"https:\/\/api.w.org\/{rel}","templated":true}]}}