{"id":20646,"date":"2005-03-12T16:42:46","date_gmt":"2005-03-12T15:42:46","guid":{"rendered":"https:\/\/pax.forenteforlag.no\/produkt\/norron-religion\/"},"modified":"2026-03-04T21:12:16","modified_gmt":"2026-03-04T20:12:16","slug":"norron-religion","status":"publish","type":"product","link":"https:\/\/staging.forenteforlag.no\/pax\/produkt\/norron-religion\/","title":{"rendered":"Norr\u00f8n religion"},"content":{"rendered":"<p>For f\u00f8rste gang p\u00e5 over tretti \u00e5r foreligger et nyskrevet norsk oversiktsverk om religion og mytologi i vikingtiden, eller norr\u00f8n tid. Forfatter er religionshistoriker Gro Steinsland, v\u00e5r fremste forsker innen norr\u00f8n religion. Her kan man lese om hedendommens guder, gudinner og andre mytiske skikkelser, og om vikingtidens verdensbilde, om forholdet mellom religion og samfunn i det f\u00f8rkristne Norden, om herskermaktens mytologi og ritualer. Og ikke minst kan man lese om det forfatteren kaller hellige handlinger: om hvordan religionen faktisk ble ut\u00f8vet, om riter og kultus. Her st\u00e5r offertradisjonene rundt blotet og den s\u00e6rlige formen for kultpraksis (eller magi) som kalles seid sentralt. Boka gir ogs\u00e5 en kort forskningshistorie og en oversikt over hvilke kilder man har \u00e5 forholde seg til p\u00e5 omr\u00e5det. Fremstillingen er basert p\u00e5 de nyeste forskningsresultatene og trekker veksler p\u00e5 en rekke fagfelt som beskjeftiger seg med vikingtiden. Boka er gjennomillustrert i farger og kan leses sammenhengende eller brukes som oppslagsverk.<\/p>\n","protected":false},"excerpt":{"rendered":"<p>For f\u00f8rste gang p\u00e5 over tretti \u00e5r foreligger et nyskrevet norsk oversiktsverk om religion og mytologi i vikingtiden, eller norr\u00f8n tid. Forfatter er religionshistoriker Gro Steinsland, v\u00e5r fremste forsker innen norr\u00f8n religion. Her kan man lese om hedendommens guder, gudinner og andre mytiske skikkelser, og om vikingtidens verdensbilde, om forholdet mellom religion og samfunn i [&hellip;]<\/p>\n","protected":false},"featured_media":27936,"template":"","meta":{"_acf_changed":false,"inline_featured_image":false},"product_brand":[],"product_cat":[1782],"product_tag":[362,460,1137,546],"class_list":{"0":"post-20646","1":"product","2":"type-product","3":"status-publish","4":"has-post-thumbnail","6":"product_cat-fripris","7":"product_tag-faglitteratur","8":"product_tag-norden","9":"product_tag-norron-mytologi","10":"product_tag-vikingtiden","12":"first","13":"instock","14":"shipping-taxable","15":"purchasable","16":"product-type-simple"},"acf":{"anmeldelse":null},"yoast_head":"<!-- This site is optimized with the Yoast SEO plugin v26.6 - https:\/\/yoast.com\/wordpress\/plugins\/seo\/ -->\n<title>Norr\u00f8n religion - Pax<\/title>\n<meta name=\"robots\" content=\"noindex, follow, max-snippet:-1, max-image-preview:large, max-video-preview:-1\" \/>\n<meta property=\"og:locale\" content=\"nb_NO\" \/>\n<meta property=\"og:type\" content=\"article\" \/>\n<meta property=\"og:title\" content=\"Norr\u00f8n religion - Pax\" \/>\n<meta property=\"og:description\" content=\"For f\u00f8rste gang p\u00e5 over tretti \u00e5r foreligger et nyskrevet norsk oversiktsverk om religion og mytologi i vikingtiden, eller norr\u00f8n tid. Forfatter er religionshistoriker Gro Steinsland, v\u00e5r fremste forsker innen norr\u00f8n religion. Her kan man lese om hedendommens guder, gudinner og andre mytiske skikkelser, og om vikingtidens verdensbilde, om forholdet mellom religion og samfunn i [&hellip;]\" \/>\n<meta property=\"og:url\" content=\"https:\/\/staging.forenteforlag.no\/pax\/produkt\/norron-religion\/\" \/>\n<meta property=\"og:site_name\" content=\"Pax\" \/>\n<meta property=\"article:modified_time\" content=\"2026-03-04T20:12:16+00:00\" \/>\n<meta property=\"og:image\" content=\"https:\/\/staging.forenteforlag.no\/pax\/wp-content\/uploads\/sites\/5\/2025\/08\/jpg-5530.jpg\" \/>\n\t<meta property=\"og:image:width\" content=\"319\" \/>\n\t<meta property=\"og:image:height\" content=\"450\" \/>\n\t<meta property=\"og:image:type\" content=\"image\/jpeg\" \/>\n<meta name=\"twitter:card\" content=\"summary_large_image\" \/>\n<meta name=\"twitter:label1\" content=\"Ansl. lesetid\" \/>\n\t<meta name=\"twitter:data1\" content=\"1 minutt\" \/>\n<script type=\"application\/ld+json\" class=\"yoast-schema-graph\">{\"@context\":\"https:\/\/schema.org\",\"@graph\":[{\"@type\":\"WebPage\",\"@id\":\"https:\/\/staging.forenteforlag.no\/pax\/produkt\/norron-religion\/\",\"url\":\"https:\/\/staging.forenteforlag.no\/pax\/produkt\/norron-religion\/\",\"name\":\"Norr\u00f8n religion - Pax\",\"isPartOf\":{\"@id\":\"https:\/\/staging.forenteforlag.no\/pax\/#website\"},\"primaryImageOfPage\":{\"@id\":\"https:\/\/staging.forenteforlag.no\/pax\/produkt\/norron-religion\/#primaryimage\"},\"image\":{\"@id\":\"https:\/\/staging.forenteforlag.no\/pax\/produkt\/norron-religion\/#primaryimage\"},\"thumbnailUrl\":\"https:\/\/staging.forenteforlag.no\/pax\/wp-content\/uploads\/sites\/5\/2025\/08\/jpg-5530.jpg\",\"datePublished\":\"2005-03-12T15:42:46+00:00\",\"dateModified\":\"2026-03-04T20:12:16+00:00\",\"breadcrumb\":{\"@id\":\"https:\/\/staging.forenteforlag.no\/pax\/produkt\/norron-religion\/#breadcrumb\"},\"inLanguage\":\"nb-NO\",\"potentialAction\":[{\"@type\":\"ReadAction\",\"target\":[\"https:\/\/staging.forenteforlag.no\/pax\/produkt\/norron-religion\/\"]}]},{\"@type\":\"ImageObject\",\"inLanguage\":\"nb-NO\",\"@id\":\"https:\/\/staging.forenteforlag.no\/pax\/produkt\/norron-religion\/#primaryimage\",\"url\":\"https:\/\/staging.forenteforlag.no\/pax\/wp-content\/uploads\/sites\/5\/2025\/08\/jpg-5530.jpg\",\"contentUrl\":\"https:\/\/staging.forenteforlag.no\/pax\/wp-content\/uploads\/sites\/5\/2025\/08\/jpg-5530.jpg\",\"width\":319,\"height\":450},{\"@type\":\"BreadcrumbList\",\"@id\":\"https:\/\/staging.forenteforlag.no\/pax\/produkt\/norron-religion\/#breadcrumb\",\"itemListElement\":[{\"@type\":\"ListItem\",\"position\":1,\"name\":\"Hjem\",\"item\":\"https:\/\/staging.forenteforlag.no\/pax\/\"},{\"@type\":\"ListItem\",\"position\":2,\"name\":\"Alle b\u00f8ker\",\"item\":\"https:\/\/staging.forenteforlag.no\/pax\/butikk\/\"},{\"@type\":\"ListItem\",\"position\":3,\"name\":\"Norr\u00f8n religion\"}]},{\"@type\":\"WebSite\",\"@id\":\"https:\/\/staging.forenteforlag.no\/pax\/#website\",\"url\":\"https:\/\/staging.forenteforlag.no\/pax\/\",\"name\":\"Pax\",\"description\":\"\",\"potentialAction\":[{\"@type\":\"SearchAction\",\"target\":{\"@type\":\"EntryPoint\",\"urlTemplate\":\"https:\/\/staging.forenteforlag.no\/pax\/?s={search_term_string}\"},\"query-input\":{\"@type\":\"PropertyValueSpecification\",\"valueRequired\":true,\"valueName\":\"search_term_string\"}}],\"inLanguage\":\"nb-NO\"}]}<\/script>\n<!-- \/ Yoast SEO plugin. -->","yoast_head_json":{"title":"Norr\u00f8n religion - Pax","robots":{"index":"noindex","follow":"follow","max-snippet":"max-snippet:-1","max-image-preview":"max-image-preview:large","max-video-preview":"max-video-preview:-1"},"og_locale":"nb_NO","og_type":"article","og_title":"Norr\u00f8n religion - Pax","og_description":"For f\u00f8rste gang p\u00e5 over tretti \u00e5r foreligger et nyskrevet norsk oversiktsverk om religion og mytologi i vikingtiden, eller norr\u00f8n tid. Forfatter er religionshistoriker Gro Steinsland, v\u00e5r fremste forsker innen norr\u00f8n religion. Her kan man lese om hedendommens guder, gudinner og andre mytiske skikkelser, og om vikingtidens verdensbilde, om forholdet mellom religion og samfunn i [&hellip;]","og_url":"https:\/\/staging.forenteforlag.no\/pax\/produkt\/norron-religion\/","og_site_name":"Pax","article_modified_time":"2026-03-04T20:12:16+00:00","og_image":[{"width":319,"height":450,"url":"https:\/\/staging.forenteforlag.no\/pax\/wp-content\/uploads\/sites\/5\/2025\/08\/jpg-5530.jpg","type":"image\/jpeg"}],"twitter_card":"summary_large_image","twitter_misc":{"Ansl. lesetid":"1 minutt"},"schema":{"@context":"https:\/\/schema.org","@graph":[{"@type":"WebPage","@id":"https:\/\/staging.forenteforlag.no\/pax\/produkt\/norron-religion\/","url":"https:\/\/staging.forenteforlag.no\/pax\/produkt\/norron-religion\/","name":"Norr\u00f8n religion - Pax","isPartOf":{"@id":"https:\/\/staging.forenteforlag.no\/pax\/#website"},"primaryImageOfPage":{"@id":"https:\/\/staging.forenteforlag.no\/pax\/produkt\/norron-religion\/#primaryimage"},"image":{"@id":"https:\/\/staging.forenteforlag.no\/pax\/produkt\/norron-religion\/#primaryimage"},"thumbnailUrl":"https:\/\/staging.forenteforlag.no\/pax\/wp-content\/uploads\/sites\/5\/2025\/08\/jpg-5530.jpg","datePublished":"2005-03-12T15:42:46+00:00","dateModified":"2026-03-04T20:12:16+00:00","breadcrumb":{"@id":"https:\/\/staging.forenteforlag.no\/pax\/produkt\/norron-religion\/#breadcrumb"},"inLanguage":"nb-NO","potentialAction":[{"@type":"ReadAction","target":["https:\/\/staging.forenteforlag.no\/pax\/produkt\/norron-religion\/"]}]},{"@type":"ImageObject","inLanguage":"nb-NO","@id":"https:\/\/staging.forenteforlag.no\/pax\/produkt\/norron-religion\/#primaryimage","url":"https:\/\/staging.forenteforlag.no\/pax\/wp-content\/uploads\/sites\/5\/2025\/08\/jpg-5530.jpg","contentUrl":"https:\/\/staging.forenteforlag.no\/pax\/wp-content\/uploads\/sites\/5\/2025\/08\/jpg-5530.jpg","width":319,"height":450},{"@type":"BreadcrumbList","@id":"https:\/\/staging.forenteforlag.no\/pax\/produkt\/norron-religion\/#breadcrumb","itemListElement":[{"@type":"ListItem","position":1,"name":"Hjem","item":"https:\/\/staging.forenteforlag.no\/pax\/"},{"@type":"ListItem","position":2,"name":"Alle b\u00f8ker","item":"https:\/\/staging.forenteforlag.no\/pax\/butikk\/"},{"@type":"ListItem","position":3,"name":"Norr\u00f8n religion"}]},{"@type":"WebSite","@id":"https:\/\/staging.forenteforlag.no\/pax\/#website","url":"https:\/\/staging.forenteforlag.no\/pax\/","name":"Pax","description":"","potentialAction":[{"@type":"SearchAction","target":{"@type":"EntryPoint","urlTemplate":"https:\/\/staging.forenteforlag.no\/pax\/?s={search_term_string}"},"query-input":{"@type":"PropertyValueSpecification","valueRequired":true,"valueName":"search_term_string"}}],"inLanguage":"nb-NO"}]}},"_links":{"self":[{"href":"https:\/\/staging.forenteforlag.no\/pax\/wp-json\/wp\/v2\/product\/20646","targetHints":{"allow":["GET"]}}],"collection":[{"href":"https:\/\/staging.forenteforlag.no\/pax\/wp-json\/wp\/v2\/product"}],"about":[{"href":"https:\/\/staging.forenteforlag.no\/pax\/wp-json\/wp\/v2\/types\/product"}],"wp:featuredmedia":[{"embeddable":true,"href":"https:\/\/staging.forenteforlag.no\/pax\/wp-json\/wp\/v2\/media\/27936"}],"wp:attachment":[{"href":"https:\/\/staging.forenteforlag.no\/pax\/wp-json\/wp\/v2\/media?parent=20646"}],"wp:term":[{"taxonomy":"product_brand","embeddable":true,"href":"https:\/\/staging.forenteforlag.no\/pax\/wp-json\/wp\/v2\/product_brand?post=20646"},{"taxonomy":"product_cat","embeddable":true,"href":"https:\/\/staging.forenteforlag.no\/pax\/wp-json\/wp\/v2\/product_cat?post=20646"},{"taxonomy":"product_tag","embeddable":true,"href":"https:\/\/staging.forenteforlag.no\/pax\/wp-json\/wp\/v2\/product_tag?post=20646"}],"curies":[{"name":"wp","href":"https:\/\/api.w.org\/{rel}","templated":true}]}}