{"id":20642,"date":"2002-03-12T16:42:46","date_gmt":"2002-03-12T15:42:46","guid":{"rendered":"https:\/\/pax.forenteforlag.no\/produkt\/nattens-ekstase\/"},"modified":"2025-11-06T09:10:28","modified_gmt":"2025-11-06T08:10:28","slug":"nattens-ekstase","status":"publish","type":"product","link":"https:\/\/staging.forenteforlag.no\/pax\/produkt\/nattens-ekstase\/","title":{"rendered":"Nattens ekstase"},"content":{"rendered":"<p>Forfatteren vever middelalderens heksebevegelser sammen med forestillinger om sjamanisme, oldtidens mysteriekultur og den mytiske helts fantastiske reise til de d\u00f8des land. Her er vi innom eventyrenes verden og vi f\u00f8lger med varulver og satyrer i deres evige vandring utenfor bymurene. Forfatteren demonstrerer hvordan den europeiske fremstillingen av &laquo;det andre&raquo; ikke bare representerer en historisk kontinuitet, men en sosial og kulturell realitet som tidligeres tiders mennesker m\u00e5tte ta hensyn til. I det inkvisitorene hadde sine formler for hva de anklagede skulle tilst\u00e5, viser de mange avvikene fra formelen at det ogs\u00e5 fantes en forst\u00e5else av et verdensbildet som ikke stemte overens med kirkens offisielle standpunkter. Har navne- og stedsregister.<\/p>\n","protected":false},"excerpt":{"rendered":"<p>Forfatteren vever middelalderens heksebevegelser sammen med forestillinger om sjamanisme, oldtidens mysteriekultur og den mytiske helts fantastiske reise til de d\u00f8des land. Her er vi innom eventyrenes verden og vi f\u00f8lger med varulver og satyrer i deres evige vandring utenfor bymurene. Forfatteren demonstrerer hvordan den europeiske fremstillingen av &laquo;det andre&raquo; ikke bare representerer en historisk kontinuitet, [&hellip;]<\/p>\n","protected":false},"featured_media":28389,"template":"","meta":{"_acf_changed":false,"inline_featured_image":false},"product_brand":[],"product_cat":[1782,31],"product_tag":[362],"class_list":{"0":"post-20642","1":"product","2":"type-product","3":"status-publish","4":"has-post-thumbnail","6":"product_cat-fripris","7":"product_cat-religion","8":"product_tag-faglitteratur","9":"pa_format-innbundet","11":"first","12":"instock","13":"shipping-taxable","14":"purchasable","15":"product-type-simple"},"acf":{"anmeldelse":null},"yoast_head":"<!-- This site is optimized with the Yoast SEO plugin v26.6 - https:\/\/yoast.com\/wordpress\/plugins\/seo\/ -->\n<title>Nattens ekstase - Pax<\/title>\n<meta name=\"robots\" content=\"noindex, follow, max-snippet:-1, max-image-preview:large, max-video-preview:-1\" \/>\n<meta property=\"og:locale\" content=\"nb_NO\" \/>\n<meta property=\"og:type\" content=\"article\" \/>\n<meta property=\"og:title\" content=\"Nattens ekstase - Pax\" \/>\n<meta property=\"og:description\" content=\"Forfatteren vever middelalderens heksebevegelser sammen med forestillinger om sjamanisme, oldtidens mysteriekultur og den mytiske helts fantastiske reise til de d\u00f8des land. Her er vi innom eventyrenes verden og vi f\u00f8lger med varulver og satyrer i deres evige vandring utenfor bymurene. Forfatteren demonstrerer hvordan den europeiske fremstillingen av &laquo;det andre&raquo; ikke bare representerer en historisk kontinuitet, [&hellip;]\" \/>\n<meta property=\"og:url\" content=\"https:\/\/staging.forenteforlag.no\/pax\/produkt\/nattens-ekstase\/\" \/>\n<meta property=\"og:site_name\" content=\"Pax\" \/>\n<meta property=\"article:modified_time\" content=\"2025-11-06T08:10:28+00:00\" \/>\n<meta property=\"og:image\" content=\"https:\/\/staging.forenteforlag.no\/pax\/wp-content\/uploads\/sites\/5\/2025\/08\/jpg-6784.jpg\" \/>\n\t<meta property=\"og:image:width\" content=\"316\" \/>\n\t<meta property=\"og:image:height\" content=\"450\" \/>\n\t<meta property=\"og:image:type\" content=\"image\/jpeg\" \/>\n<meta name=\"twitter:card\" content=\"summary_large_image\" \/>\n<meta name=\"twitter:label1\" content=\"Ansl. lesetid\" \/>\n\t<meta name=\"twitter:data1\" content=\"1 minutt\" \/>\n<script type=\"application\/ld+json\" class=\"yoast-schema-graph\">{\"@context\":\"https:\/\/schema.org\",\"@graph\":[{\"@type\":\"WebPage\",\"@id\":\"https:\/\/staging.forenteforlag.no\/pax\/produkt\/nattens-ekstase\/\",\"url\":\"https:\/\/staging.forenteforlag.no\/pax\/produkt\/nattens-ekstase\/\",\"name\":\"Nattens ekstase - Pax\",\"isPartOf\":{\"@id\":\"https:\/\/staging.forenteforlag.no\/pax\/#website\"},\"primaryImageOfPage\":{\"@id\":\"https:\/\/staging.forenteforlag.no\/pax\/produkt\/nattens-ekstase\/#primaryimage\"},\"image\":{\"@id\":\"https:\/\/staging.forenteforlag.no\/pax\/produkt\/nattens-ekstase\/#primaryimage\"},\"thumbnailUrl\":\"https:\/\/staging.forenteforlag.no\/pax\/wp-content\/uploads\/sites\/5\/2025\/08\/jpg-6784.jpg\",\"datePublished\":\"2002-03-12T15:42:46+00:00\",\"dateModified\":\"2025-11-06T08:10:28+00:00\",\"breadcrumb\":{\"@id\":\"https:\/\/staging.forenteforlag.no\/pax\/produkt\/nattens-ekstase\/#breadcrumb\"},\"inLanguage\":\"nb-NO\",\"potentialAction\":[{\"@type\":\"ReadAction\",\"target\":[\"https:\/\/staging.forenteforlag.no\/pax\/produkt\/nattens-ekstase\/\"]}]},{\"@type\":\"ImageObject\",\"inLanguage\":\"nb-NO\",\"@id\":\"https:\/\/staging.forenteforlag.no\/pax\/produkt\/nattens-ekstase\/#primaryimage\",\"url\":\"https:\/\/staging.forenteforlag.no\/pax\/wp-content\/uploads\/sites\/5\/2025\/08\/jpg-6784.jpg\",\"contentUrl\":\"https:\/\/staging.forenteforlag.no\/pax\/wp-content\/uploads\/sites\/5\/2025\/08\/jpg-6784.jpg\",\"width\":316,\"height\":450},{\"@type\":\"BreadcrumbList\",\"@id\":\"https:\/\/staging.forenteforlag.no\/pax\/produkt\/nattens-ekstase\/#breadcrumb\",\"itemListElement\":[{\"@type\":\"ListItem\",\"position\":1,\"name\":\"Hjem\",\"item\":\"https:\/\/staging.forenteforlag.no\/pax\/\"},{\"@type\":\"ListItem\",\"position\":2,\"name\":\"Alle b\u00f8ker\",\"item\":\"https:\/\/staging.forenteforlag.no\/pax\/butikk\/\"},{\"@type\":\"ListItem\",\"position\":3,\"name\":\"Nattens ekstase\"}]},{\"@type\":\"WebSite\",\"@id\":\"https:\/\/staging.forenteforlag.no\/pax\/#website\",\"url\":\"https:\/\/staging.forenteforlag.no\/pax\/\",\"name\":\"Pax\",\"description\":\"\",\"potentialAction\":[{\"@type\":\"SearchAction\",\"target\":{\"@type\":\"EntryPoint\",\"urlTemplate\":\"https:\/\/staging.forenteforlag.no\/pax\/?s={search_term_string}\"},\"query-input\":{\"@type\":\"PropertyValueSpecification\",\"valueRequired\":true,\"valueName\":\"search_term_string\"}}],\"inLanguage\":\"nb-NO\"}]}<\/script>\n<!-- \/ Yoast SEO plugin. -->","yoast_head_json":{"title":"Nattens ekstase - Pax","robots":{"index":"noindex","follow":"follow","max-snippet":"max-snippet:-1","max-image-preview":"max-image-preview:large","max-video-preview":"max-video-preview:-1"},"og_locale":"nb_NO","og_type":"article","og_title":"Nattens ekstase - Pax","og_description":"Forfatteren vever middelalderens heksebevegelser sammen med forestillinger om sjamanisme, oldtidens mysteriekultur og den mytiske helts fantastiske reise til de d\u00f8des land. Her er vi innom eventyrenes verden og vi f\u00f8lger med varulver og satyrer i deres evige vandring utenfor bymurene. Forfatteren demonstrerer hvordan den europeiske fremstillingen av &laquo;det andre&raquo; ikke bare representerer en historisk kontinuitet, [&hellip;]","og_url":"https:\/\/staging.forenteforlag.no\/pax\/produkt\/nattens-ekstase\/","og_site_name":"Pax","article_modified_time":"2025-11-06T08:10:28+00:00","og_image":[{"width":316,"height":450,"url":"https:\/\/staging.forenteforlag.no\/pax\/wp-content\/uploads\/sites\/5\/2025\/08\/jpg-6784.jpg","type":"image\/jpeg"}],"twitter_card":"summary_large_image","twitter_misc":{"Ansl. lesetid":"1 minutt"},"schema":{"@context":"https:\/\/schema.org","@graph":[{"@type":"WebPage","@id":"https:\/\/staging.forenteforlag.no\/pax\/produkt\/nattens-ekstase\/","url":"https:\/\/staging.forenteforlag.no\/pax\/produkt\/nattens-ekstase\/","name":"Nattens ekstase - Pax","isPartOf":{"@id":"https:\/\/staging.forenteforlag.no\/pax\/#website"},"primaryImageOfPage":{"@id":"https:\/\/staging.forenteforlag.no\/pax\/produkt\/nattens-ekstase\/#primaryimage"},"image":{"@id":"https:\/\/staging.forenteforlag.no\/pax\/produkt\/nattens-ekstase\/#primaryimage"},"thumbnailUrl":"https:\/\/staging.forenteforlag.no\/pax\/wp-content\/uploads\/sites\/5\/2025\/08\/jpg-6784.jpg","datePublished":"2002-03-12T15:42:46+00:00","dateModified":"2025-11-06T08:10:28+00:00","breadcrumb":{"@id":"https:\/\/staging.forenteforlag.no\/pax\/produkt\/nattens-ekstase\/#breadcrumb"},"inLanguage":"nb-NO","potentialAction":[{"@type":"ReadAction","target":["https:\/\/staging.forenteforlag.no\/pax\/produkt\/nattens-ekstase\/"]}]},{"@type":"ImageObject","inLanguage":"nb-NO","@id":"https:\/\/staging.forenteforlag.no\/pax\/produkt\/nattens-ekstase\/#primaryimage","url":"https:\/\/staging.forenteforlag.no\/pax\/wp-content\/uploads\/sites\/5\/2025\/08\/jpg-6784.jpg","contentUrl":"https:\/\/staging.forenteforlag.no\/pax\/wp-content\/uploads\/sites\/5\/2025\/08\/jpg-6784.jpg","width":316,"height":450},{"@type":"BreadcrumbList","@id":"https:\/\/staging.forenteforlag.no\/pax\/produkt\/nattens-ekstase\/#breadcrumb","itemListElement":[{"@type":"ListItem","position":1,"name":"Hjem","item":"https:\/\/staging.forenteforlag.no\/pax\/"},{"@type":"ListItem","position":2,"name":"Alle b\u00f8ker","item":"https:\/\/staging.forenteforlag.no\/pax\/butikk\/"},{"@type":"ListItem","position":3,"name":"Nattens ekstase"}]},{"@type":"WebSite","@id":"https:\/\/staging.forenteforlag.no\/pax\/#website","url":"https:\/\/staging.forenteforlag.no\/pax\/","name":"Pax","description":"","potentialAction":[{"@type":"SearchAction","target":{"@type":"EntryPoint","urlTemplate":"https:\/\/staging.forenteforlag.no\/pax\/?s={search_term_string}"},"query-input":{"@type":"PropertyValueSpecification","valueRequired":true,"valueName":"search_term_string"}}],"inLanguage":"nb-NO"}]}},"_links":{"self":[{"href":"https:\/\/staging.forenteforlag.no\/pax\/wp-json\/wp\/v2\/product\/20642","targetHints":{"allow":["GET"]}}],"collection":[{"href":"https:\/\/staging.forenteforlag.no\/pax\/wp-json\/wp\/v2\/product"}],"about":[{"href":"https:\/\/staging.forenteforlag.no\/pax\/wp-json\/wp\/v2\/types\/product"}],"wp:featuredmedia":[{"embeddable":true,"href":"https:\/\/staging.forenteforlag.no\/pax\/wp-json\/wp\/v2\/media\/28389"}],"wp:attachment":[{"href":"https:\/\/staging.forenteforlag.no\/pax\/wp-json\/wp\/v2\/media?parent=20642"}],"wp:term":[{"taxonomy":"product_brand","embeddable":true,"href":"https:\/\/staging.forenteforlag.no\/pax\/wp-json\/wp\/v2\/product_brand?post=20642"},{"taxonomy":"product_cat","embeddable":true,"href":"https:\/\/staging.forenteforlag.no\/pax\/wp-json\/wp\/v2\/product_cat?post=20642"},{"taxonomy":"product_tag","embeddable":true,"href":"https:\/\/staging.forenteforlag.no\/pax\/wp-json\/wp\/v2\/product_tag?post=20642"}],"curies":[{"name":"wp","href":"https:\/\/api.w.org\/{rel}","templated":true}]}}