{"id":20619,"date":"2015-08-10T02:00:00","date_gmt":"2015-08-10T00:00:00","guid":{"rendered":"https:\/\/pax.forenteforlag.no\/produkt\/hverdagslivets-psykologi\/"},"modified":"2025-08-27T08:02:05","modified_gmt":"2025-08-27T06:02:05","slug":"hverdagslivets-psykologi","status":"publish","type":"product","link":"https:\/\/staging.forenteforlag.no\/pax\/produkt\/hverdagslivets-psykologi\/","title":{"rendered":"Hverdagslivets psykologi"},"content":{"rendered":"<p>Hvorfor er det s\u00e5 vanskelig \u00e5 si nei i rette \u00f8yeblikk? Hvorfor blir vi aldri helt kvitt et rykte? Finnes det en forelskelsens logikk? Hvorfor er f\u00f8rsteinntrykket s\u00e5 viktig?  Og hvorfor er det nesten umulig \u00e5 forutse hvor mye tid vi vil bruke p\u00e5 en oppgave?<br \/>\nDisse og en lang rekke andre hverdagspsykologiske sp\u00f8rsm\u00e5l fors\u00f8ker denne boken \u00e5 svare p\u00e5 gjennom illustrerende funn fra ulike vitenskapelige unders\u00f8kelser. Forfatteren, som er professor i psykologi, er s\u00e6rlig opptatt av hvordan v\u00e5re egne tenkem\u00e5ter, f\u00f8lelser og handlinger kan hindre oss i \u00e5 oppn\u00e5 det vi vil.<br \/>\nBoken gir ikke bare aha-opplevelser og ny innsikt, men ogs\u00e5 enkle tips for en bedre hverdag. Visste du for eksempel at muligheten til faktisk \u00e5 f\u00e5 gjort det du har planlagt \u00e5 gj\u00f8re, stiger dramatisk om du setter deg presise og konkrete m\u00e5l for n\u00f8yaktig hva du skal gj\u00f8re og akkurat n\u00e5r det skal skje? Eller at du l\u00e6rer veldig mye bedre gjennom mange korte \u00f8kter enn om du holder p\u00e5 timevis om gangen?<br \/>\nBoka fors\u00f8ker \u00e5 formidle noe av fascinasjonskraften ved moderne psykologi og passer s\u00e6rlig for lesere som har et \u00e5pent sinn for kunnskap som g\u00e5r p\u00e5 tvers av deres egne forestillinger. <\/p>\n","protected":false},"excerpt":{"rendered":"<p>Hvorfor er det s\u00e5 vanskelig \u00e5 si nei i rette \u00f8yeblikk? Hvorfor blir vi aldri helt kvitt et rykte? Finnes det en forelskelsens logikk? Hvorfor er f\u00f8rsteinntrykket s\u00e5 viktig? Og hvorfor er det nesten umulig \u00e5 forutse hvor mye tid vi vil bruke p\u00e5 en oppgave? Disse og en lang rekke andre hverdagspsykologiske sp\u00f8rsm\u00e5l fors\u00f8ker [&hellip;]<\/p>\n","protected":false},"featured_media":27991,"template":"","meta":{"_acf_changed":false,"inline_featured_image":false},"product_brand":[],"product_cat":[1782,25],"product_tag":[1062,362,642],"class_list":{"0":"post-20619","1":"product","2":"type-product","3":"status-publish","4":"has-post-thumbnail","6":"product_cat-fripris","7":"product_cat-kropp-og-sinn","8":"product_tag-barnepsykologi","9":"product_tag-faglitteratur","10":"product_tag-hverdagsliv","11":"pa_format-innbundet","13":"first","14":"outofstock","15":"shipping-taxable","16":"purchasable","17":"product-type-simple"},"acf":{"anmeldelse":null},"yoast_head":"<!-- This site is optimized with the Yoast SEO plugin v26.6 - https:\/\/yoast.com\/wordpress\/plugins\/seo\/ -->\n<title>Hverdagslivets psykologi - Pax<\/title>\n<meta name=\"robots\" content=\"noindex, follow, max-snippet:-1, max-image-preview:large, max-video-preview:-1\" \/>\n<meta property=\"og:locale\" content=\"nb_NO\" \/>\n<meta property=\"og:type\" content=\"article\" \/>\n<meta property=\"og:title\" content=\"Hverdagslivets psykologi - Pax\" \/>\n<meta property=\"og:description\" content=\"Hvorfor er det s\u00e5 vanskelig \u00e5 si nei i rette \u00f8yeblikk? Hvorfor blir vi aldri helt kvitt et rykte? Finnes det en forelskelsens logikk? Hvorfor er f\u00f8rsteinntrykket s\u00e5 viktig? Og hvorfor er det nesten umulig \u00e5 forutse hvor mye tid vi vil bruke p\u00e5 en oppgave? Disse og en lang rekke andre hverdagspsykologiske sp\u00f8rsm\u00e5l fors\u00f8ker [&hellip;]\" \/>\n<meta property=\"og:url\" content=\"https:\/\/staging.forenteforlag.no\/pax\/produkt\/hverdagslivets-psykologi\/\" \/>\n<meta property=\"og:site_name\" content=\"Pax\" \/>\n<meta property=\"article:modified_time\" content=\"2025-08-27T06:02:05+00:00\" \/>\n<meta property=\"og:image\" content=\"https:\/\/staging.forenteforlag.no\/pax\/wp-content\/uploads\/sites\/5\/2025\/08\/jpg-5673-scaled.jpg\" \/>\n\t<meta property=\"og:image:width\" content=\"1218\" \/>\n\t<meta property=\"og:image:height\" content=\"1920\" \/>\n\t<meta property=\"og:image:type\" content=\"image\/jpeg\" \/>\n<meta name=\"twitter:card\" content=\"summary_large_image\" \/>\n<meta name=\"twitter:label1\" content=\"Ansl. lesetid\" \/>\n\t<meta name=\"twitter:data1\" content=\"1 minutt\" \/>\n<script type=\"application\/ld+json\" class=\"yoast-schema-graph\">{\"@context\":\"https:\/\/schema.org\",\"@graph\":[{\"@type\":\"WebPage\",\"@id\":\"https:\/\/staging.forenteforlag.no\/pax\/produkt\/hverdagslivets-psykologi\/\",\"url\":\"https:\/\/staging.forenteforlag.no\/pax\/produkt\/hverdagslivets-psykologi\/\",\"name\":\"Hverdagslivets psykologi - Pax\",\"isPartOf\":{\"@id\":\"https:\/\/staging.forenteforlag.no\/pax\/#website\"},\"primaryImageOfPage\":{\"@id\":\"https:\/\/staging.forenteforlag.no\/pax\/produkt\/hverdagslivets-psykologi\/#primaryimage\"},\"image\":{\"@id\":\"https:\/\/staging.forenteforlag.no\/pax\/produkt\/hverdagslivets-psykologi\/#primaryimage\"},\"thumbnailUrl\":\"https:\/\/staging.forenteforlag.no\/pax\/wp-content\/uploads\/sites\/5\/2025\/08\/jpg-5673-scaled.jpg\",\"datePublished\":\"2015-08-10T00:00:00+00:00\",\"dateModified\":\"2025-08-27T06:02:05+00:00\",\"breadcrumb\":{\"@id\":\"https:\/\/staging.forenteforlag.no\/pax\/produkt\/hverdagslivets-psykologi\/#breadcrumb\"},\"inLanguage\":\"nb-NO\",\"potentialAction\":[{\"@type\":\"ReadAction\",\"target\":[\"https:\/\/staging.forenteforlag.no\/pax\/produkt\/hverdagslivets-psykologi\/\"]}]},{\"@type\":\"ImageObject\",\"inLanguage\":\"nb-NO\",\"@id\":\"https:\/\/staging.forenteforlag.no\/pax\/produkt\/hverdagslivets-psykologi\/#primaryimage\",\"url\":\"https:\/\/staging.forenteforlag.no\/pax\/wp-content\/uploads\/sites\/5\/2025\/08\/jpg-5673-scaled.jpg\",\"contentUrl\":\"https:\/\/staging.forenteforlag.no\/pax\/wp-content\/uploads\/sites\/5\/2025\/08\/jpg-5673-scaled.jpg\",\"width\":1218,\"height\":1920},{\"@type\":\"BreadcrumbList\",\"@id\":\"https:\/\/staging.forenteforlag.no\/pax\/produkt\/hverdagslivets-psykologi\/#breadcrumb\",\"itemListElement\":[{\"@type\":\"ListItem\",\"position\":1,\"name\":\"Hjem\",\"item\":\"https:\/\/staging.forenteforlag.no\/pax\/\"},{\"@type\":\"ListItem\",\"position\":2,\"name\":\"Alle b\u00f8ker\",\"item\":\"https:\/\/staging.forenteforlag.no\/pax\/butikk\/\"},{\"@type\":\"ListItem\",\"position\":3,\"name\":\"Hverdagslivets psykologi\"}]},{\"@type\":\"WebSite\",\"@id\":\"https:\/\/staging.forenteforlag.no\/pax\/#website\",\"url\":\"https:\/\/staging.forenteforlag.no\/pax\/\",\"name\":\"Pax\",\"description\":\"\",\"potentialAction\":[{\"@type\":\"SearchAction\",\"target\":{\"@type\":\"EntryPoint\",\"urlTemplate\":\"https:\/\/staging.forenteforlag.no\/pax\/?s={search_term_string}\"},\"query-input\":{\"@type\":\"PropertyValueSpecification\",\"valueRequired\":true,\"valueName\":\"search_term_string\"}}],\"inLanguage\":\"nb-NO\"}]}<\/script>\n<!-- \/ Yoast SEO plugin. -->","yoast_head_json":{"title":"Hverdagslivets psykologi - Pax","robots":{"index":"noindex","follow":"follow","max-snippet":"max-snippet:-1","max-image-preview":"max-image-preview:large","max-video-preview":"max-video-preview:-1"},"og_locale":"nb_NO","og_type":"article","og_title":"Hverdagslivets psykologi - Pax","og_description":"Hvorfor er det s\u00e5 vanskelig \u00e5 si nei i rette \u00f8yeblikk? Hvorfor blir vi aldri helt kvitt et rykte? Finnes det en forelskelsens logikk? Hvorfor er f\u00f8rsteinntrykket s\u00e5 viktig? Og hvorfor er det nesten umulig \u00e5 forutse hvor mye tid vi vil bruke p\u00e5 en oppgave? Disse og en lang rekke andre hverdagspsykologiske sp\u00f8rsm\u00e5l fors\u00f8ker [&hellip;]","og_url":"https:\/\/staging.forenteforlag.no\/pax\/produkt\/hverdagslivets-psykologi\/","og_site_name":"Pax","article_modified_time":"2025-08-27T06:02:05+00:00","og_image":[{"width":1218,"height":1920,"url":"https:\/\/staging.forenteforlag.no\/pax\/wp-content\/uploads\/sites\/5\/2025\/08\/jpg-5673-scaled.jpg","type":"image\/jpeg"}],"twitter_card":"summary_large_image","twitter_misc":{"Ansl. lesetid":"1 minutt"},"schema":{"@context":"https:\/\/schema.org","@graph":[{"@type":"WebPage","@id":"https:\/\/staging.forenteforlag.no\/pax\/produkt\/hverdagslivets-psykologi\/","url":"https:\/\/staging.forenteforlag.no\/pax\/produkt\/hverdagslivets-psykologi\/","name":"Hverdagslivets psykologi - Pax","isPartOf":{"@id":"https:\/\/staging.forenteforlag.no\/pax\/#website"},"primaryImageOfPage":{"@id":"https:\/\/staging.forenteforlag.no\/pax\/produkt\/hverdagslivets-psykologi\/#primaryimage"},"image":{"@id":"https:\/\/staging.forenteforlag.no\/pax\/produkt\/hverdagslivets-psykologi\/#primaryimage"},"thumbnailUrl":"https:\/\/staging.forenteforlag.no\/pax\/wp-content\/uploads\/sites\/5\/2025\/08\/jpg-5673-scaled.jpg","datePublished":"2015-08-10T00:00:00+00:00","dateModified":"2025-08-27T06:02:05+00:00","breadcrumb":{"@id":"https:\/\/staging.forenteforlag.no\/pax\/produkt\/hverdagslivets-psykologi\/#breadcrumb"},"inLanguage":"nb-NO","potentialAction":[{"@type":"ReadAction","target":["https:\/\/staging.forenteforlag.no\/pax\/produkt\/hverdagslivets-psykologi\/"]}]},{"@type":"ImageObject","inLanguage":"nb-NO","@id":"https:\/\/staging.forenteforlag.no\/pax\/produkt\/hverdagslivets-psykologi\/#primaryimage","url":"https:\/\/staging.forenteforlag.no\/pax\/wp-content\/uploads\/sites\/5\/2025\/08\/jpg-5673-scaled.jpg","contentUrl":"https:\/\/staging.forenteforlag.no\/pax\/wp-content\/uploads\/sites\/5\/2025\/08\/jpg-5673-scaled.jpg","width":1218,"height":1920},{"@type":"BreadcrumbList","@id":"https:\/\/staging.forenteforlag.no\/pax\/produkt\/hverdagslivets-psykologi\/#breadcrumb","itemListElement":[{"@type":"ListItem","position":1,"name":"Hjem","item":"https:\/\/staging.forenteforlag.no\/pax\/"},{"@type":"ListItem","position":2,"name":"Alle b\u00f8ker","item":"https:\/\/staging.forenteforlag.no\/pax\/butikk\/"},{"@type":"ListItem","position":3,"name":"Hverdagslivets psykologi"}]},{"@type":"WebSite","@id":"https:\/\/staging.forenteforlag.no\/pax\/#website","url":"https:\/\/staging.forenteforlag.no\/pax\/","name":"Pax","description":"","potentialAction":[{"@type":"SearchAction","target":{"@type":"EntryPoint","urlTemplate":"https:\/\/staging.forenteforlag.no\/pax\/?s={search_term_string}"},"query-input":{"@type":"PropertyValueSpecification","valueRequired":true,"valueName":"search_term_string"}}],"inLanguage":"nb-NO"}]}},"_links":{"self":[{"href":"https:\/\/staging.forenteforlag.no\/pax\/wp-json\/wp\/v2\/product\/20619","targetHints":{"allow":["GET"]}}],"collection":[{"href":"https:\/\/staging.forenteforlag.no\/pax\/wp-json\/wp\/v2\/product"}],"about":[{"href":"https:\/\/staging.forenteforlag.no\/pax\/wp-json\/wp\/v2\/types\/product"}],"wp:featuredmedia":[{"embeddable":true,"href":"https:\/\/staging.forenteforlag.no\/pax\/wp-json\/wp\/v2\/media\/27991"}],"wp:attachment":[{"href":"https:\/\/staging.forenteforlag.no\/pax\/wp-json\/wp\/v2\/media?parent=20619"}],"wp:term":[{"taxonomy":"product_brand","embeddable":true,"href":"https:\/\/staging.forenteforlag.no\/pax\/wp-json\/wp\/v2\/product_brand?post=20619"},{"taxonomy":"product_cat","embeddable":true,"href":"https:\/\/staging.forenteforlag.no\/pax\/wp-json\/wp\/v2\/product_cat?post=20619"},{"taxonomy":"product_tag","embeddable":true,"href":"https:\/\/staging.forenteforlag.no\/pax\/wp-json\/wp\/v2\/product_tag?post=20619"}],"curies":[{"name":"wp","href":"https:\/\/api.w.org\/{rel}","templated":true}]}}