{"id":20613,"date":"1996-03-12T16:42:41","date_gmt":"1996-03-12T15:42:41","guid":{"rendered":"https:\/\/pax.forenteforlag.no\/produkt\/i-sokrates-fotspor-3\/"},"modified":"2026-03-04T18:54:10","modified_gmt":"2026-03-04T17:54:10","slug":"i-sokrates-fotspor-3","status":"publish","type":"product","link":"https:\/\/staging.forenteforlag.no\/pax\/produkt\/i-sokrates-fotspor-3\/","title":{"rendered":"I Sokrates&#8217; fotspor"},"content":{"rendered":"<p>I Sokrates&#8217; fotspor forteller filosofi- og vitenskapshistorien p\u00e5 en m\u00e5te som egner seg like godt for vanlige lesere som for nye filosofistudenter. Forfatteren, som er id\u00e9historiker og ogs\u00e5 har en doktorgrad om Kant, har skrevet en bok som nettopp er sokratisk i sin tiln\u00e6rming: \u00e5pen, sp\u00f8rrende og ikke-autorit\u00e6r. Det har blitt en klar og lettfattelig fremstilling, preget av formidlingsglede og stor faglig innsikt.<\/p>\n","protected":false},"excerpt":{"rendered":"<p>I Sokrates&#8217; fotspor forteller filosofi- og vitenskapshistorien p\u00e5 en m\u00e5te som egner seg like godt for vanlige lesere som for nye filosofistudenter. Forfatteren, som er id\u00e9historiker og ogs\u00e5 har en doktorgrad om Kant, har skrevet en bok som nettopp er sokratisk i sin tiln\u00e6rming: \u00e5pen, sp\u00f8rrende og ikke-autorit\u00e6r. Det har blitt en klar og lettfattelig [&hellip;]<\/p>\n","protected":false},"featured_media":29999,"template":"","meta":{"_acf_changed":false,"inline_featured_image":false},"product_brand":[],"product_cat":[1782],"product_tag":[362,668,502,646],"class_list":{"0":"post-20613","1":"product","2":"type-product","3":"status-publish","4":"has-post-thumbnail","6":"product_cat-fripris","7":"product_tag-faglitteratur","8":"product_tag-idehistorie","9":"product_tag-laereboker-hoyere-utd","10":"product_tag-vitenskapsteori","12":"first","13":"outofstock","14":"shipping-taxable","15":"purchasable","16":"product-type-simple"},"acf":{"anmeldelse":null},"yoast_head":"<!-- This site is optimized with the Yoast SEO plugin v26.6 - https:\/\/yoast.com\/wordpress\/plugins\/seo\/ -->\n<title>I Sokrates&#039; fotspor - Pax<\/title>\n<meta name=\"robots\" content=\"noindex, follow, max-snippet:-1, max-image-preview:large, max-video-preview:-1\" \/>\n<meta property=\"og:locale\" content=\"nb_NO\" \/>\n<meta property=\"og:type\" content=\"article\" \/>\n<meta property=\"og:title\" content=\"I Sokrates&#039; fotspor - Pax\" \/>\n<meta property=\"og:description\" content=\"I Sokrates&#8217; fotspor forteller filosofi- og vitenskapshistorien p\u00e5 en m\u00e5te som egner seg like godt for vanlige lesere som for nye filosofistudenter. Forfatteren, som er id\u00e9historiker og ogs\u00e5 har en doktorgrad om Kant, har skrevet en bok som nettopp er sokratisk i sin tiln\u00e6rming: \u00e5pen, sp\u00f8rrende og ikke-autorit\u00e6r. Det har blitt en klar og lettfattelig [&hellip;]\" \/>\n<meta property=\"og:url\" content=\"https:\/\/staging.forenteforlag.no\/pax\/produkt\/i-sokrates-fotspor-3\/\" \/>\n<meta property=\"og:site_name\" content=\"Pax\" \/>\n<meta property=\"article:modified_time\" content=\"2026-03-04T17:54:10+00:00\" \/>\n<meta property=\"og:image\" content=\"https:\/\/staging.forenteforlag.no\/pax\/wp-content\/uploads\/sites\/5\/2026\/03\/9788253018201.jpg\" \/>\n\t<meta property=\"og:image:width\" content=\"720\" \/>\n\t<meta property=\"og:image:height\" content=\"1033\" \/>\n\t<meta property=\"og:image:type\" content=\"image\/jpeg\" \/>\n<meta name=\"twitter:card\" content=\"summary_large_image\" \/>\n<script type=\"application\/ld+json\" class=\"yoast-schema-graph\">{\"@context\":\"https:\/\/schema.org\",\"@graph\":[{\"@type\":\"WebPage\",\"@id\":\"https:\/\/staging.forenteforlag.no\/pax\/produkt\/i-sokrates-fotspor-3\/\",\"url\":\"https:\/\/staging.forenteforlag.no\/pax\/produkt\/i-sokrates-fotspor-3\/\",\"name\":\"I Sokrates' fotspor - Pax\",\"isPartOf\":{\"@id\":\"https:\/\/staging.forenteforlag.no\/pax\/#website\"},\"primaryImageOfPage\":{\"@id\":\"https:\/\/staging.forenteforlag.no\/pax\/produkt\/i-sokrates-fotspor-3\/#primaryimage\"},\"image\":{\"@id\":\"https:\/\/staging.forenteforlag.no\/pax\/produkt\/i-sokrates-fotspor-3\/#primaryimage\"},\"thumbnailUrl\":\"https:\/\/staging.forenteforlag.no\/pax\/wp-content\/uploads\/sites\/5\/2026\/03\/9788253018201.jpg\",\"datePublished\":\"1996-03-12T15:42:41+00:00\",\"dateModified\":\"2026-03-04T17:54:10+00:00\",\"breadcrumb\":{\"@id\":\"https:\/\/staging.forenteforlag.no\/pax\/produkt\/i-sokrates-fotspor-3\/#breadcrumb\"},\"inLanguage\":\"nb-NO\",\"potentialAction\":[{\"@type\":\"ReadAction\",\"target\":[\"https:\/\/staging.forenteforlag.no\/pax\/produkt\/i-sokrates-fotspor-3\/\"]}]},{\"@type\":\"ImageObject\",\"inLanguage\":\"nb-NO\",\"@id\":\"https:\/\/staging.forenteforlag.no\/pax\/produkt\/i-sokrates-fotspor-3\/#primaryimage\",\"url\":\"https:\/\/staging.forenteforlag.no\/pax\/wp-content\/uploads\/sites\/5\/2026\/03\/9788253018201.jpg\",\"contentUrl\":\"https:\/\/staging.forenteforlag.no\/pax\/wp-content\/uploads\/sites\/5\/2026\/03\/9788253018201.jpg\",\"width\":720,\"height\":1033},{\"@type\":\"BreadcrumbList\",\"@id\":\"https:\/\/staging.forenteforlag.no\/pax\/produkt\/i-sokrates-fotspor-3\/#breadcrumb\",\"itemListElement\":[{\"@type\":\"ListItem\",\"position\":1,\"name\":\"Hjem\",\"item\":\"https:\/\/staging.forenteforlag.no\/pax\/\"},{\"@type\":\"ListItem\",\"position\":2,\"name\":\"Alle b\u00f8ker\",\"item\":\"https:\/\/staging.forenteforlag.no\/pax\/butikk\/\"},{\"@type\":\"ListItem\",\"position\":3,\"name\":\"I Sokrates&#8217; fotspor\"}]},{\"@type\":\"WebSite\",\"@id\":\"https:\/\/staging.forenteforlag.no\/pax\/#website\",\"url\":\"https:\/\/staging.forenteforlag.no\/pax\/\",\"name\":\"Pax\",\"description\":\"\",\"potentialAction\":[{\"@type\":\"SearchAction\",\"target\":{\"@type\":\"EntryPoint\",\"urlTemplate\":\"https:\/\/staging.forenteforlag.no\/pax\/?s={search_term_string}\"},\"query-input\":{\"@type\":\"PropertyValueSpecification\",\"valueRequired\":true,\"valueName\":\"search_term_string\"}}],\"inLanguage\":\"nb-NO\"}]}<\/script>\n<!-- \/ Yoast SEO plugin. -->","yoast_head_json":{"title":"I Sokrates' fotspor - Pax","robots":{"index":"noindex","follow":"follow","max-snippet":"max-snippet:-1","max-image-preview":"max-image-preview:large","max-video-preview":"max-video-preview:-1"},"og_locale":"nb_NO","og_type":"article","og_title":"I Sokrates' fotspor - Pax","og_description":"I Sokrates&#8217; fotspor forteller filosofi- og vitenskapshistorien p\u00e5 en m\u00e5te som egner seg like godt for vanlige lesere som for nye filosofistudenter. Forfatteren, som er id\u00e9historiker og ogs\u00e5 har en doktorgrad om Kant, har skrevet en bok som nettopp er sokratisk i sin tiln\u00e6rming: \u00e5pen, sp\u00f8rrende og ikke-autorit\u00e6r. Det har blitt en klar og lettfattelig [&hellip;]","og_url":"https:\/\/staging.forenteforlag.no\/pax\/produkt\/i-sokrates-fotspor-3\/","og_site_name":"Pax","article_modified_time":"2026-03-04T17:54:10+00:00","og_image":[{"width":720,"height":1033,"url":"https:\/\/staging.forenteforlag.no\/pax\/wp-content\/uploads\/sites\/5\/2026\/03\/9788253018201.jpg","type":"image\/jpeg"}],"twitter_card":"summary_large_image","schema":{"@context":"https:\/\/schema.org","@graph":[{"@type":"WebPage","@id":"https:\/\/staging.forenteforlag.no\/pax\/produkt\/i-sokrates-fotspor-3\/","url":"https:\/\/staging.forenteforlag.no\/pax\/produkt\/i-sokrates-fotspor-3\/","name":"I Sokrates' fotspor - Pax","isPartOf":{"@id":"https:\/\/staging.forenteforlag.no\/pax\/#website"},"primaryImageOfPage":{"@id":"https:\/\/staging.forenteforlag.no\/pax\/produkt\/i-sokrates-fotspor-3\/#primaryimage"},"image":{"@id":"https:\/\/staging.forenteforlag.no\/pax\/produkt\/i-sokrates-fotspor-3\/#primaryimage"},"thumbnailUrl":"https:\/\/staging.forenteforlag.no\/pax\/wp-content\/uploads\/sites\/5\/2026\/03\/9788253018201.jpg","datePublished":"1996-03-12T15:42:41+00:00","dateModified":"2026-03-04T17:54:10+00:00","breadcrumb":{"@id":"https:\/\/staging.forenteforlag.no\/pax\/produkt\/i-sokrates-fotspor-3\/#breadcrumb"},"inLanguage":"nb-NO","potentialAction":[{"@type":"ReadAction","target":["https:\/\/staging.forenteforlag.no\/pax\/produkt\/i-sokrates-fotspor-3\/"]}]},{"@type":"ImageObject","inLanguage":"nb-NO","@id":"https:\/\/staging.forenteforlag.no\/pax\/produkt\/i-sokrates-fotspor-3\/#primaryimage","url":"https:\/\/staging.forenteforlag.no\/pax\/wp-content\/uploads\/sites\/5\/2026\/03\/9788253018201.jpg","contentUrl":"https:\/\/staging.forenteforlag.no\/pax\/wp-content\/uploads\/sites\/5\/2026\/03\/9788253018201.jpg","width":720,"height":1033},{"@type":"BreadcrumbList","@id":"https:\/\/staging.forenteforlag.no\/pax\/produkt\/i-sokrates-fotspor-3\/#breadcrumb","itemListElement":[{"@type":"ListItem","position":1,"name":"Hjem","item":"https:\/\/staging.forenteforlag.no\/pax\/"},{"@type":"ListItem","position":2,"name":"Alle b\u00f8ker","item":"https:\/\/staging.forenteforlag.no\/pax\/butikk\/"},{"@type":"ListItem","position":3,"name":"I Sokrates&#8217; fotspor"}]},{"@type":"WebSite","@id":"https:\/\/staging.forenteforlag.no\/pax\/#website","url":"https:\/\/staging.forenteforlag.no\/pax\/","name":"Pax","description":"","potentialAction":[{"@type":"SearchAction","target":{"@type":"EntryPoint","urlTemplate":"https:\/\/staging.forenteforlag.no\/pax\/?s={search_term_string}"},"query-input":{"@type":"PropertyValueSpecification","valueRequired":true,"valueName":"search_term_string"}}],"inLanguage":"nb-NO"}]}},"_links":{"self":[{"href":"https:\/\/staging.forenteforlag.no\/pax\/wp-json\/wp\/v2\/product\/20613","targetHints":{"allow":["GET"]}}],"collection":[{"href":"https:\/\/staging.forenteforlag.no\/pax\/wp-json\/wp\/v2\/product"}],"about":[{"href":"https:\/\/staging.forenteforlag.no\/pax\/wp-json\/wp\/v2\/types\/product"}],"wp:featuredmedia":[{"embeddable":true,"href":"https:\/\/staging.forenteforlag.no\/pax\/wp-json\/wp\/v2\/media\/29999"}],"wp:attachment":[{"href":"https:\/\/staging.forenteforlag.no\/pax\/wp-json\/wp\/v2\/media?parent=20613"}],"wp:term":[{"taxonomy":"product_brand","embeddable":true,"href":"https:\/\/staging.forenteforlag.no\/pax\/wp-json\/wp\/v2\/product_brand?post=20613"},{"taxonomy":"product_cat","embeddable":true,"href":"https:\/\/staging.forenteforlag.no\/pax\/wp-json\/wp\/v2\/product_cat?post=20613"},{"taxonomy":"product_tag","embeddable":true,"href":"https:\/\/staging.forenteforlag.no\/pax\/wp-json\/wp\/v2\/product_tag?post=20613"}],"curies":[{"name":"wp","href":"https:\/\/api.w.org\/{rel}","templated":true}]}}