{"id":20607,"date":"2004-03-12T16:42:38","date_gmt":"2004-03-12T15:42:38","guid":{"rendered":"https:\/\/pax.forenteforlag.no\/produkt\/et-rettferdig-oppgjor\/"},"modified":"2025-11-06T09:22:39","modified_gmt":"2025-11-06T08:22:39","slug":"et-rettferdig-oppgjor","status":"publish","type":"product","link":"https:\/\/staging.forenteforlag.no\/pax\/produkt\/et-rettferdig-oppgjor\/","title":{"rendered":"Et rettferdig oppgj\u00f8r?"},"content":{"rendered":"<p>\u00c5tte forskere behandler her ulike sider ved det store oppgj\u00f8ret etter 1945. Boka inneholder bidrag om de &laquo;tilbakevirkende&raquo; lovene, om NS-medlemmenes skjebne, om de d\u00f8mte NS-kvinnene, det \u00f8konomiske oppgj\u00f8ret, de henlagte sakene, den geografiske rettferdighet og om de politiske partienes holdning. Har litteraturliste.<\/p>\n","protected":false},"excerpt":{"rendered":"<p>\u00c5tte forskere behandler her ulike sider ved det store oppgj\u00f8ret etter 1945. Boka inneholder bidrag om de &laquo;tilbakevirkende&raquo; lovene, om NS-medlemmenes skjebne, om de d\u00f8mte NS-kvinnene, det \u00f8konomiske oppgj\u00f8ret, de henlagte sakene, den geografiske rettferdighet og om de politiske partienes holdning. Har litteraturliste.<\/p>\n","protected":false},"featured_media":28648,"template":"","meta":{"_acf_changed":false,"inline_featured_image":false},"product_brand":[],"product_cat":[1782,23],"product_tag":[362],"class_list":{"0":"post-20607","1":"product","2":"type-product","3":"status-publish","4":"has-post-thumbnail","6":"product_cat-fripris","7":"product_cat-historie","8":"product_tag-faglitteratur","9":"pa_format-innbundet","11":"first","12":"instock","13":"shipping-taxable","14":"purchasable","15":"product-type-simple"},"acf":{"anmeldelse":null},"yoast_head":"<!-- This site is optimized with the Yoast SEO plugin v26.6 - https:\/\/yoast.com\/wordpress\/plugins\/seo\/ -->\n<title>Et rettferdig oppgj\u00f8r? - Pax<\/title>\n<meta name=\"robots\" content=\"noindex, follow, max-snippet:-1, max-image-preview:large, max-video-preview:-1\" \/>\n<meta property=\"og:locale\" content=\"nb_NO\" \/>\n<meta property=\"og:type\" content=\"article\" \/>\n<meta property=\"og:title\" content=\"Et rettferdig oppgj\u00f8r? - Pax\" \/>\n<meta property=\"og:description\" content=\"\u00c5tte forskere behandler her ulike sider ved det store oppgj\u00f8ret etter 1945. Boka inneholder bidrag om de &laquo;tilbakevirkende&raquo; lovene, om NS-medlemmenes skjebne, om de d\u00f8mte NS-kvinnene, det \u00f8konomiske oppgj\u00f8ret, de henlagte sakene, den geografiske rettferdighet og om de politiske partienes holdning. Har litteraturliste.\" \/>\n<meta property=\"og:url\" content=\"https:\/\/staging.forenteforlag.no\/pax\/produkt\/et-rettferdig-oppgjor\/\" \/>\n<meta property=\"og:site_name\" content=\"Pax\" \/>\n<meta property=\"article:modified_time\" content=\"2025-11-06T08:22:39+00:00\" \/>\n<meta property=\"og:image\" content=\"https:\/\/staging.forenteforlag.no\/pax\/wp-content\/uploads\/sites\/5\/2025\/08\/jpg-7540.jpg\" \/>\n\t<meta property=\"og:image:width\" content=\"335\" \/>\n\t<meta property=\"og:image:height\" content=\"449\" \/>\n\t<meta property=\"og:image:type\" content=\"image\/jpeg\" \/>\n<meta name=\"twitter:card\" content=\"summary_large_image\" \/>\n<script type=\"application\/ld+json\" class=\"yoast-schema-graph\">{\"@context\":\"https:\/\/schema.org\",\"@graph\":[{\"@type\":\"WebPage\",\"@id\":\"https:\/\/staging.forenteforlag.no\/pax\/produkt\/et-rettferdig-oppgjor\/\",\"url\":\"https:\/\/staging.forenteforlag.no\/pax\/produkt\/et-rettferdig-oppgjor\/\",\"name\":\"Et rettferdig oppgj\u00f8r? - Pax\",\"isPartOf\":{\"@id\":\"https:\/\/staging.forenteforlag.no\/pax\/#website\"},\"primaryImageOfPage\":{\"@id\":\"https:\/\/staging.forenteforlag.no\/pax\/produkt\/et-rettferdig-oppgjor\/#primaryimage\"},\"image\":{\"@id\":\"https:\/\/staging.forenteforlag.no\/pax\/produkt\/et-rettferdig-oppgjor\/#primaryimage\"},\"thumbnailUrl\":\"https:\/\/staging.forenteforlag.no\/pax\/wp-content\/uploads\/sites\/5\/2025\/08\/jpg-7540.jpg\",\"datePublished\":\"2004-03-12T15:42:38+00:00\",\"dateModified\":\"2025-11-06T08:22:39+00:00\",\"breadcrumb\":{\"@id\":\"https:\/\/staging.forenteforlag.no\/pax\/produkt\/et-rettferdig-oppgjor\/#breadcrumb\"},\"inLanguage\":\"nb-NO\",\"potentialAction\":[{\"@type\":\"ReadAction\",\"target\":[\"https:\/\/staging.forenteforlag.no\/pax\/produkt\/et-rettferdig-oppgjor\/\"]}]},{\"@type\":\"ImageObject\",\"inLanguage\":\"nb-NO\",\"@id\":\"https:\/\/staging.forenteforlag.no\/pax\/produkt\/et-rettferdig-oppgjor\/#primaryimage\",\"url\":\"https:\/\/staging.forenteforlag.no\/pax\/wp-content\/uploads\/sites\/5\/2025\/08\/jpg-7540.jpg\",\"contentUrl\":\"https:\/\/staging.forenteforlag.no\/pax\/wp-content\/uploads\/sites\/5\/2025\/08\/jpg-7540.jpg\",\"width\":335,\"height\":449},{\"@type\":\"BreadcrumbList\",\"@id\":\"https:\/\/staging.forenteforlag.no\/pax\/produkt\/et-rettferdig-oppgjor\/#breadcrumb\",\"itemListElement\":[{\"@type\":\"ListItem\",\"position\":1,\"name\":\"Hjem\",\"item\":\"https:\/\/staging.forenteforlag.no\/pax\/\"},{\"@type\":\"ListItem\",\"position\":2,\"name\":\"Alle b\u00f8ker\",\"item\":\"https:\/\/staging.forenteforlag.no\/pax\/butikk\/\"},{\"@type\":\"ListItem\",\"position\":3,\"name\":\"Et rettferdig oppgj\u00f8r?\"}]},{\"@type\":\"WebSite\",\"@id\":\"https:\/\/staging.forenteforlag.no\/pax\/#website\",\"url\":\"https:\/\/staging.forenteforlag.no\/pax\/\",\"name\":\"Pax\",\"description\":\"\",\"potentialAction\":[{\"@type\":\"SearchAction\",\"target\":{\"@type\":\"EntryPoint\",\"urlTemplate\":\"https:\/\/staging.forenteforlag.no\/pax\/?s={search_term_string}\"},\"query-input\":{\"@type\":\"PropertyValueSpecification\",\"valueRequired\":true,\"valueName\":\"search_term_string\"}}],\"inLanguage\":\"nb-NO\"}]}<\/script>\n<!-- \/ Yoast SEO plugin. -->","yoast_head_json":{"title":"Et rettferdig oppgj\u00f8r? - Pax","robots":{"index":"noindex","follow":"follow","max-snippet":"max-snippet:-1","max-image-preview":"max-image-preview:large","max-video-preview":"max-video-preview:-1"},"og_locale":"nb_NO","og_type":"article","og_title":"Et rettferdig oppgj\u00f8r? - Pax","og_description":"\u00c5tte forskere behandler her ulike sider ved det store oppgj\u00f8ret etter 1945. Boka inneholder bidrag om de &laquo;tilbakevirkende&raquo; lovene, om NS-medlemmenes skjebne, om de d\u00f8mte NS-kvinnene, det \u00f8konomiske oppgj\u00f8ret, de henlagte sakene, den geografiske rettferdighet og om de politiske partienes holdning. Har litteraturliste.","og_url":"https:\/\/staging.forenteforlag.no\/pax\/produkt\/et-rettferdig-oppgjor\/","og_site_name":"Pax","article_modified_time":"2025-11-06T08:22:39+00:00","og_image":[{"width":335,"height":449,"url":"https:\/\/staging.forenteforlag.no\/pax\/wp-content\/uploads\/sites\/5\/2025\/08\/jpg-7540.jpg","type":"image\/jpeg"}],"twitter_card":"summary_large_image","schema":{"@context":"https:\/\/schema.org","@graph":[{"@type":"WebPage","@id":"https:\/\/staging.forenteforlag.no\/pax\/produkt\/et-rettferdig-oppgjor\/","url":"https:\/\/staging.forenteforlag.no\/pax\/produkt\/et-rettferdig-oppgjor\/","name":"Et rettferdig oppgj\u00f8r? - Pax","isPartOf":{"@id":"https:\/\/staging.forenteforlag.no\/pax\/#website"},"primaryImageOfPage":{"@id":"https:\/\/staging.forenteforlag.no\/pax\/produkt\/et-rettferdig-oppgjor\/#primaryimage"},"image":{"@id":"https:\/\/staging.forenteforlag.no\/pax\/produkt\/et-rettferdig-oppgjor\/#primaryimage"},"thumbnailUrl":"https:\/\/staging.forenteforlag.no\/pax\/wp-content\/uploads\/sites\/5\/2025\/08\/jpg-7540.jpg","datePublished":"2004-03-12T15:42:38+00:00","dateModified":"2025-11-06T08:22:39+00:00","breadcrumb":{"@id":"https:\/\/staging.forenteforlag.no\/pax\/produkt\/et-rettferdig-oppgjor\/#breadcrumb"},"inLanguage":"nb-NO","potentialAction":[{"@type":"ReadAction","target":["https:\/\/staging.forenteforlag.no\/pax\/produkt\/et-rettferdig-oppgjor\/"]}]},{"@type":"ImageObject","inLanguage":"nb-NO","@id":"https:\/\/staging.forenteforlag.no\/pax\/produkt\/et-rettferdig-oppgjor\/#primaryimage","url":"https:\/\/staging.forenteforlag.no\/pax\/wp-content\/uploads\/sites\/5\/2025\/08\/jpg-7540.jpg","contentUrl":"https:\/\/staging.forenteforlag.no\/pax\/wp-content\/uploads\/sites\/5\/2025\/08\/jpg-7540.jpg","width":335,"height":449},{"@type":"BreadcrumbList","@id":"https:\/\/staging.forenteforlag.no\/pax\/produkt\/et-rettferdig-oppgjor\/#breadcrumb","itemListElement":[{"@type":"ListItem","position":1,"name":"Hjem","item":"https:\/\/staging.forenteforlag.no\/pax\/"},{"@type":"ListItem","position":2,"name":"Alle b\u00f8ker","item":"https:\/\/staging.forenteforlag.no\/pax\/butikk\/"},{"@type":"ListItem","position":3,"name":"Et rettferdig oppgj\u00f8r?"}]},{"@type":"WebSite","@id":"https:\/\/staging.forenteforlag.no\/pax\/#website","url":"https:\/\/staging.forenteforlag.no\/pax\/","name":"Pax","description":"","potentialAction":[{"@type":"SearchAction","target":{"@type":"EntryPoint","urlTemplate":"https:\/\/staging.forenteforlag.no\/pax\/?s={search_term_string}"},"query-input":{"@type":"PropertyValueSpecification","valueRequired":true,"valueName":"search_term_string"}}],"inLanguage":"nb-NO"}]}},"_links":{"self":[{"href":"https:\/\/staging.forenteforlag.no\/pax\/wp-json\/wp\/v2\/product\/20607","targetHints":{"allow":["GET"]}}],"collection":[{"href":"https:\/\/staging.forenteforlag.no\/pax\/wp-json\/wp\/v2\/product"}],"about":[{"href":"https:\/\/staging.forenteforlag.no\/pax\/wp-json\/wp\/v2\/types\/product"}],"wp:featuredmedia":[{"embeddable":true,"href":"https:\/\/staging.forenteforlag.no\/pax\/wp-json\/wp\/v2\/media\/28648"}],"wp:attachment":[{"href":"https:\/\/staging.forenteforlag.no\/pax\/wp-json\/wp\/v2\/media?parent=20607"}],"wp:term":[{"taxonomy":"product_brand","embeddable":true,"href":"https:\/\/staging.forenteforlag.no\/pax\/wp-json\/wp\/v2\/product_brand?post=20607"},{"taxonomy":"product_cat","embeddable":true,"href":"https:\/\/staging.forenteforlag.no\/pax\/wp-json\/wp\/v2\/product_cat?post=20607"},{"taxonomy":"product_tag","embeddable":true,"href":"https:\/\/staging.forenteforlag.no\/pax\/wp-json\/wp\/v2\/product_tag?post=20607"}],"curies":[{"name":"wp","href":"https:\/\/api.w.org\/{rel}","templated":true}]}}