{"id":20599,"date":"2024-12-10T23:48:05","date_gmt":"2024-12-10T22:48:05","guid":{"rendered":"https:\/\/pax.forenteforlag.no\/produkt\/pa-leting-etter-spinoza\/"},"modified":"2026-03-04T21:20:53","modified_gmt":"2026-03-04T20:20:53","slug":"pa-leting-etter-spinoza","status":"publish","type":"product","link":"https:\/\/staging.forenteforlag.no\/pax\/produkt\/pa-leting-etter-spinoza\/","title":{"rendered":"P\u00e5 leting etter Spinoza"},"content":{"rendered":"<p>Glede, sorg, sjalusi og frykt er deler av v\u00e5rt daglige liv. Allikevel er studier av slike f\u00f8lelser blitt ignorert. Antonio Damasio mener at nettopp f\u00f8lelser og emosjoner ligger til grunn for v\u00e5r tenkning og for menneskets utforskning av virkeligheten. Ved hjelp av filosofen Spinoza l\u00e6rer han oss hvordan f\u00f8lelsene gir mening til menneskelivet. Spinozas filosofiske innsats best\u00e5r bl.a. i at han nekter \u00e5 skille hjerne og kropp. P\u00e5 leting etter Spinoza er en velskrevet fortelling om nevrologens nyskapende arbeid i skj\u00e6ringspunktet mellom filosofi og biologi. Damasio er en av verdens fremste forskere innen nevrologi og har et stort internasjonalt publikum.<\/p>\n","protected":false},"excerpt":{"rendered":"<p>Glede, sorg, sjalusi og frykt er deler av v\u00e5rt daglige liv. Allikevel er studier av slike f\u00f8lelser blitt ignorert. Antonio Damasio mener at nettopp f\u00f8lelser og emosjoner ligger til grunn for v\u00e5r tenkning og for menneskets utforskning av virkeligheten. Ved hjelp av filosofen Spinoza l\u00e6rer han oss hvordan f\u00f8lelsene gir mening til menneskelivet. Spinozas filosofiske [&hellip;]<\/p>\n","protected":false},"featured_media":0,"template":"","meta":{"_acf_changed":false,"inline_featured_image":false},"product_brand":[],"product_cat":[1782],"product_tag":[362,1250,1064],"class_list":{"0":"post-20599","1":"product","2":"type-product","3":"status-publish","5":"product_cat-fripris","6":"product_tag-faglitteratur","7":"product_tag-folelser","8":"product_tag-nevropsykologi","10":"first","11":"outofstock","12":"taxable","13":"shipping-taxable","14":"purchasable","15":"product-type-simple"},"acf":{"anmeldelse":null},"yoast_head":"<!-- This site is optimized with the Yoast SEO plugin v26.6 - https:\/\/yoast.com\/wordpress\/plugins\/seo\/ -->\n<title>P\u00e5 leting etter Spinoza - Pax<\/title>\n<meta name=\"robots\" content=\"noindex, follow, max-snippet:-1, max-image-preview:large, max-video-preview:-1\" \/>\n<meta property=\"og:locale\" content=\"nb_NO\" \/>\n<meta property=\"og:type\" content=\"article\" \/>\n<meta property=\"og:title\" content=\"P\u00e5 leting etter Spinoza - Pax\" \/>\n<meta property=\"og:description\" content=\"Glede, sorg, sjalusi og frykt er deler av v\u00e5rt daglige liv. Allikevel er studier av slike f\u00f8lelser blitt ignorert. Antonio Damasio mener at nettopp f\u00f8lelser og emosjoner ligger til grunn for v\u00e5r tenkning og for menneskets utforskning av virkeligheten. Ved hjelp av filosofen Spinoza l\u00e6rer han oss hvordan f\u00f8lelsene gir mening til menneskelivet. Spinozas filosofiske [&hellip;]\" \/>\n<meta property=\"og:url\" content=\"https:\/\/staging.forenteforlag.no\/pax\/produkt\/pa-leting-etter-spinoza\/\" \/>\n<meta property=\"og:site_name\" content=\"Pax\" \/>\n<meta property=\"article:modified_time\" content=\"2026-03-04T20:20:53+00:00\" \/>\n<meta property=\"og:image\" content=\"https:\/\/staging.forenteforlag.no\/pax\/wp-content\/uploads\/sites\/5\/2025\/02\/pax-hvit.jpg\" \/>\n\t<meta property=\"og:image:width\" content=\"1200\" \/>\n\t<meta property=\"og:image:height\" content=\"800\" \/>\n\t<meta property=\"og:image:type\" content=\"image\/jpeg\" \/>\n<meta name=\"twitter:card\" content=\"summary_large_image\" \/>\n<meta name=\"twitter:label1\" content=\"Ansl. lesetid\" \/>\n\t<meta name=\"twitter:data1\" content=\"1 minutt\" \/>\n<script type=\"application\/ld+json\" class=\"yoast-schema-graph\">{\"@context\":\"https:\/\/schema.org\",\"@graph\":[{\"@type\":\"WebPage\",\"@id\":\"https:\/\/staging.forenteforlag.no\/pax\/produkt\/pa-leting-etter-spinoza\/\",\"url\":\"https:\/\/staging.forenteforlag.no\/pax\/produkt\/pa-leting-etter-spinoza\/\",\"name\":\"P\u00e5 leting etter Spinoza - Pax\",\"isPartOf\":{\"@id\":\"https:\/\/staging.forenteforlag.no\/pax\/#website\"},\"datePublished\":\"2024-12-10T22:48:05+00:00\",\"dateModified\":\"2026-03-04T20:20:53+00:00\",\"breadcrumb\":{\"@id\":\"https:\/\/staging.forenteforlag.no\/pax\/produkt\/pa-leting-etter-spinoza\/#breadcrumb\"},\"inLanguage\":\"nb-NO\",\"potentialAction\":[{\"@type\":\"ReadAction\",\"target\":[\"https:\/\/staging.forenteforlag.no\/pax\/produkt\/pa-leting-etter-spinoza\/\"]}]},{\"@type\":\"BreadcrumbList\",\"@id\":\"https:\/\/staging.forenteforlag.no\/pax\/produkt\/pa-leting-etter-spinoza\/#breadcrumb\",\"itemListElement\":[{\"@type\":\"ListItem\",\"position\":1,\"name\":\"Hjem\",\"item\":\"https:\/\/staging.forenteforlag.no\/pax\/\"},{\"@type\":\"ListItem\",\"position\":2,\"name\":\"Alle b\u00f8ker\",\"item\":\"https:\/\/staging.forenteforlag.no\/pax\/butikk\/\"},{\"@type\":\"ListItem\",\"position\":3,\"name\":\"P\u00e5 leting etter Spinoza\"}]},{\"@type\":\"WebSite\",\"@id\":\"https:\/\/staging.forenteforlag.no\/pax\/#website\",\"url\":\"https:\/\/staging.forenteforlag.no\/pax\/\",\"name\":\"Pax\",\"description\":\"\",\"potentialAction\":[{\"@type\":\"SearchAction\",\"target\":{\"@type\":\"EntryPoint\",\"urlTemplate\":\"https:\/\/staging.forenteforlag.no\/pax\/?s={search_term_string}\"},\"query-input\":{\"@type\":\"PropertyValueSpecification\",\"valueRequired\":true,\"valueName\":\"search_term_string\"}}],\"inLanguage\":\"nb-NO\"}]}<\/script>\n<!-- \/ Yoast SEO plugin. -->","yoast_head_json":{"title":"P\u00e5 leting etter Spinoza - Pax","robots":{"index":"noindex","follow":"follow","max-snippet":"max-snippet:-1","max-image-preview":"max-image-preview:large","max-video-preview":"max-video-preview:-1"},"og_locale":"nb_NO","og_type":"article","og_title":"P\u00e5 leting etter Spinoza - Pax","og_description":"Glede, sorg, sjalusi og frykt er deler av v\u00e5rt daglige liv. Allikevel er studier av slike f\u00f8lelser blitt ignorert. Antonio Damasio mener at nettopp f\u00f8lelser og emosjoner ligger til grunn for v\u00e5r tenkning og for menneskets utforskning av virkeligheten. Ved hjelp av filosofen Spinoza l\u00e6rer han oss hvordan f\u00f8lelsene gir mening til menneskelivet. Spinozas filosofiske [&hellip;]","og_url":"https:\/\/staging.forenteforlag.no\/pax\/produkt\/pa-leting-etter-spinoza\/","og_site_name":"Pax","article_modified_time":"2026-03-04T20:20:53+00:00","og_image":[{"width":1200,"height":800,"url":"https:\/\/staging.forenteforlag.no\/pax\/wp-content\/uploads\/sites\/5\/2025\/02\/pax-hvit.jpg","type":"image\/jpeg"}],"twitter_card":"summary_large_image","twitter_misc":{"Ansl. lesetid":"1 minutt"},"schema":{"@context":"https:\/\/schema.org","@graph":[{"@type":"WebPage","@id":"https:\/\/staging.forenteforlag.no\/pax\/produkt\/pa-leting-etter-spinoza\/","url":"https:\/\/staging.forenteforlag.no\/pax\/produkt\/pa-leting-etter-spinoza\/","name":"P\u00e5 leting etter Spinoza - Pax","isPartOf":{"@id":"https:\/\/staging.forenteforlag.no\/pax\/#website"},"datePublished":"2024-12-10T22:48:05+00:00","dateModified":"2026-03-04T20:20:53+00:00","breadcrumb":{"@id":"https:\/\/staging.forenteforlag.no\/pax\/produkt\/pa-leting-etter-spinoza\/#breadcrumb"},"inLanguage":"nb-NO","potentialAction":[{"@type":"ReadAction","target":["https:\/\/staging.forenteforlag.no\/pax\/produkt\/pa-leting-etter-spinoza\/"]}]},{"@type":"BreadcrumbList","@id":"https:\/\/staging.forenteforlag.no\/pax\/produkt\/pa-leting-etter-spinoza\/#breadcrumb","itemListElement":[{"@type":"ListItem","position":1,"name":"Hjem","item":"https:\/\/staging.forenteforlag.no\/pax\/"},{"@type":"ListItem","position":2,"name":"Alle b\u00f8ker","item":"https:\/\/staging.forenteforlag.no\/pax\/butikk\/"},{"@type":"ListItem","position":3,"name":"P\u00e5 leting etter Spinoza"}]},{"@type":"WebSite","@id":"https:\/\/staging.forenteforlag.no\/pax\/#website","url":"https:\/\/staging.forenteforlag.no\/pax\/","name":"Pax","description":"","potentialAction":[{"@type":"SearchAction","target":{"@type":"EntryPoint","urlTemplate":"https:\/\/staging.forenteforlag.no\/pax\/?s={search_term_string}"},"query-input":{"@type":"PropertyValueSpecification","valueRequired":true,"valueName":"search_term_string"}}],"inLanguage":"nb-NO"}]}},"_links":{"self":[{"href":"https:\/\/staging.forenteforlag.no\/pax\/wp-json\/wp\/v2\/product\/20599","targetHints":{"allow":["GET"]}}],"collection":[{"href":"https:\/\/staging.forenteforlag.no\/pax\/wp-json\/wp\/v2\/product"}],"about":[{"href":"https:\/\/staging.forenteforlag.no\/pax\/wp-json\/wp\/v2\/types\/product"}],"wp:attachment":[{"href":"https:\/\/staging.forenteforlag.no\/pax\/wp-json\/wp\/v2\/media?parent=20599"}],"wp:term":[{"taxonomy":"product_brand","embeddable":true,"href":"https:\/\/staging.forenteforlag.no\/pax\/wp-json\/wp\/v2\/product_brand?post=20599"},{"taxonomy":"product_cat","embeddable":true,"href":"https:\/\/staging.forenteforlag.no\/pax\/wp-json\/wp\/v2\/product_cat?post=20599"},{"taxonomy":"product_tag","embeddable":true,"href":"https:\/\/staging.forenteforlag.no\/pax\/wp-json\/wp\/v2\/product_tag?post=20599"}],"curies":[{"name":"wp","href":"https:\/\/api.w.org\/{rel}","templated":true}]}}