{"id":20598,"date":"2005-03-12T16:42:33","date_gmt":"2005-03-12T15:42:33","guid":{"rendered":"https:\/\/pax.forenteforlag.no\/produkt\/fornavnet-mitt-er-ronny\/"},"modified":"2026-01-05T05:16:27","modified_gmt":"2026-01-05T04:16:27","slug":"fornavnet-mitt-er-ronny","status":"publish","type":"product","link":"https:\/\/staging.forenteforlag.no\/pax\/produkt\/fornavnet-mitt-er-ronny\/","title":{"rendered":"Fornavnet mitt er Ronny"},"content":{"rendered":"<p>Har ordet klasse noen mening i dag? Mange forkaster det, mens andre vil gi det et nytt innhold. Begrepet klassereise knyttes gjerne til den vesle boken &laquo;Mitt f\u00f6rnamn \u00e4r Ronny&raquo; (1996). Kulturhistorikeren Ronny Ambj\u00f6rnsson ser her kritisk p\u00e5 sin egen utvikling, fra oppveksten i en ettroms leilighet i ett av Stockholms arbeiderbydeler, til professorstilling i Ume\u00e5 og en intellektuell karriere. Klassesamfunnet handler ikke bare om \u00f8konomi, hevder han; det er f\u00f8rst og fremst en kulturell konstruksjon. Klassereisen g\u00e5r gjennom det sosiale landskapet, og er en problematisk overgang som ligner p\u00e5 innvandrerens dilemma mht. identitet og tilh\u00f8righet. Ambj\u00f6rnsson ble f\u00f8dt i Sverige p\u00e5 1930-talet, og tok del i velstands\u00f8kningen og utdanningsrevolusjonen. Han opplevde ogs\u00e5 massekulturens gjennombrudd, og tror det var p\u00e5 kino at foreldrene fant fornavnet hans. Forfatteren er ikke i tvil om betydningen av sin egen bakgrunn. I arbeiderklassen r\u00e5dde janteloven, og som barn var Ronny lite stolt over arbeiderkulturen. Men som kulturradikal student romantiserte han den. Fornavnet mitt er Ronny er en skarp analyse av identitet og tilh\u00f8righet, og et dyptpl\u00f8yende fors\u00f8k p\u00e5 \u00e5 forst\u00e5 v\u00e5r n\u00e6re, nordiske fortid &#8211; en bok i slekt med nyere filmer som Roy Anderssons &laquo;Sanger fra andre etasje&raquo; og Bengt Hamers &laquo;Salmer fra kj\u00f8kkenet&raquo;.<\/p>\n","protected":false},"excerpt":{"rendered":"<p>Har ordet klasse noen mening i dag? Mange forkaster det, mens andre vil gi det et nytt innhold. Begrepet klassereise knyttes gjerne til den vesle boken &laquo;Mitt f\u00f6rnamn \u00e4r Ronny&raquo; (1996). Kulturhistorikeren Ronny Ambj\u00f6rnsson ser her kritisk p\u00e5 sin egen utvikling, fra oppveksten i en ettroms leilighet i ett av Stockholms arbeiderbydeler, til professorstilling i [&hellip;]<\/p>\n","protected":false},"featured_media":28462,"template":"","meta":{"_acf_changed":false,"inline_featured_image":false},"product_brand":[],"product_cat":[20,1782],"product_tag":[362],"class_list":{"0":"post-20598","1":"product","2":"type-product","3":"status-publish","4":"has-post-thumbnail","6":"product_cat-biografier-og-memoarer","7":"product_cat-fripris","8":"product_tag-faglitteratur","9":"pa_format-innbundet","11":"first","12":"instock","13":"shipping-taxable","14":"purchasable","15":"product-type-simple"},"acf":{"anmeldelse":null},"yoast_head":"<!-- This site is optimized with the Yoast SEO plugin v26.6 - https:\/\/yoast.com\/wordpress\/plugins\/seo\/ -->\n<title>Fornavnet mitt er Ronny - Pax<\/title>\n<meta name=\"robots\" content=\"noindex, follow, max-snippet:-1, max-image-preview:large, max-video-preview:-1\" \/>\n<meta property=\"og:locale\" content=\"nb_NO\" \/>\n<meta property=\"og:type\" content=\"article\" \/>\n<meta property=\"og:title\" content=\"Fornavnet mitt er Ronny - Pax\" \/>\n<meta property=\"og:description\" content=\"Har ordet klasse noen mening i dag? Mange forkaster det, mens andre vil gi det et nytt innhold. Begrepet klassereise knyttes gjerne til den vesle boken &laquo;Mitt f\u00f6rnamn \u00e4r Ronny&raquo; (1996). Kulturhistorikeren Ronny Ambj\u00f6rnsson ser her kritisk p\u00e5 sin egen utvikling, fra oppveksten i en ettroms leilighet i ett av Stockholms arbeiderbydeler, til professorstilling i [&hellip;]\" \/>\n<meta property=\"og:url\" content=\"https:\/\/staging.forenteforlag.no\/pax\/produkt\/fornavnet-mitt-er-ronny\/\" \/>\n<meta property=\"og:site_name\" content=\"Pax\" \/>\n<meta property=\"article:modified_time\" content=\"2026-01-05T04:16:27+00:00\" \/>\n<meta property=\"og:image\" content=\"https:\/\/staging.forenteforlag.no\/pax\/wp-content\/uploads\/sites\/5\/2025\/08\/jpg-7005.jpg\" \/>\n\t<meta property=\"og:image:width\" content=\"281\" \/>\n\t<meta property=\"og:image:height\" content=\"450\" \/>\n\t<meta property=\"og:image:type\" content=\"image\/jpeg\" \/>\n<meta name=\"twitter:card\" content=\"summary_large_image\" \/>\n<meta name=\"twitter:label1\" content=\"Ansl. lesetid\" \/>\n\t<meta name=\"twitter:data1\" content=\"1 minutt\" \/>\n<script type=\"application\/ld+json\" class=\"yoast-schema-graph\">{\"@context\":\"https:\/\/schema.org\",\"@graph\":[{\"@type\":\"WebPage\",\"@id\":\"https:\/\/staging.forenteforlag.no\/pax\/produkt\/fornavnet-mitt-er-ronny\/\",\"url\":\"https:\/\/staging.forenteforlag.no\/pax\/produkt\/fornavnet-mitt-er-ronny\/\",\"name\":\"Fornavnet mitt er Ronny - Pax\",\"isPartOf\":{\"@id\":\"https:\/\/staging.forenteforlag.no\/pax\/#website\"},\"primaryImageOfPage\":{\"@id\":\"https:\/\/staging.forenteforlag.no\/pax\/produkt\/fornavnet-mitt-er-ronny\/#primaryimage\"},\"image\":{\"@id\":\"https:\/\/staging.forenteforlag.no\/pax\/produkt\/fornavnet-mitt-er-ronny\/#primaryimage\"},\"thumbnailUrl\":\"https:\/\/staging.forenteforlag.no\/pax\/wp-content\/uploads\/sites\/5\/2025\/08\/jpg-7005.jpg\",\"datePublished\":\"2005-03-12T15:42:33+00:00\",\"dateModified\":\"2026-01-05T04:16:27+00:00\",\"breadcrumb\":{\"@id\":\"https:\/\/staging.forenteforlag.no\/pax\/produkt\/fornavnet-mitt-er-ronny\/#breadcrumb\"},\"inLanguage\":\"nb-NO\",\"potentialAction\":[{\"@type\":\"ReadAction\",\"target\":[\"https:\/\/staging.forenteforlag.no\/pax\/produkt\/fornavnet-mitt-er-ronny\/\"]}]},{\"@type\":\"ImageObject\",\"inLanguage\":\"nb-NO\",\"@id\":\"https:\/\/staging.forenteforlag.no\/pax\/produkt\/fornavnet-mitt-er-ronny\/#primaryimage\",\"url\":\"https:\/\/staging.forenteforlag.no\/pax\/wp-content\/uploads\/sites\/5\/2025\/08\/jpg-7005.jpg\",\"contentUrl\":\"https:\/\/staging.forenteforlag.no\/pax\/wp-content\/uploads\/sites\/5\/2025\/08\/jpg-7005.jpg\",\"width\":281,\"height\":450},{\"@type\":\"BreadcrumbList\",\"@id\":\"https:\/\/staging.forenteforlag.no\/pax\/produkt\/fornavnet-mitt-er-ronny\/#breadcrumb\",\"itemListElement\":[{\"@type\":\"ListItem\",\"position\":1,\"name\":\"Hjem\",\"item\":\"https:\/\/staging.forenteforlag.no\/pax\/\"},{\"@type\":\"ListItem\",\"position\":2,\"name\":\"Alle b\u00f8ker\",\"item\":\"https:\/\/staging.forenteforlag.no\/pax\/butikk\/\"},{\"@type\":\"ListItem\",\"position\":3,\"name\":\"Fornavnet mitt er Ronny\"}]},{\"@type\":\"WebSite\",\"@id\":\"https:\/\/staging.forenteforlag.no\/pax\/#website\",\"url\":\"https:\/\/staging.forenteforlag.no\/pax\/\",\"name\":\"Pax\",\"description\":\"\",\"potentialAction\":[{\"@type\":\"SearchAction\",\"target\":{\"@type\":\"EntryPoint\",\"urlTemplate\":\"https:\/\/staging.forenteforlag.no\/pax\/?s={search_term_string}\"},\"query-input\":{\"@type\":\"PropertyValueSpecification\",\"valueRequired\":true,\"valueName\":\"search_term_string\"}}],\"inLanguage\":\"nb-NO\"}]}<\/script>\n<!-- \/ Yoast SEO plugin. -->","yoast_head_json":{"title":"Fornavnet mitt er Ronny - Pax","robots":{"index":"noindex","follow":"follow","max-snippet":"max-snippet:-1","max-image-preview":"max-image-preview:large","max-video-preview":"max-video-preview:-1"},"og_locale":"nb_NO","og_type":"article","og_title":"Fornavnet mitt er Ronny - Pax","og_description":"Har ordet klasse noen mening i dag? Mange forkaster det, mens andre vil gi det et nytt innhold. Begrepet klassereise knyttes gjerne til den vesle boken &laquo;Mitt f\u00f6rnamn \u00e4r Ronny&raquo; (1996). Kulturhistorikeren Ronny Ambj\u00f6rnsson ser her kritisk p\u00e5 sin egen utvikling, fra oppveksten i en ettroms leilighet i ett av Stockholms arbeiderbydeler, til professorstilling i [&hellip;]","og_url":"https:\/\/staging.forenteforlag.no\/pax\/produkt\/fornavnet-mitt-er-ronny\/","og_site_name":"Pax","article_modified_time":"2026-01-05T04:16:27+00:00","og_image":[{"width":281,"height":450,"url":"https:\/\/staging.forenteforlag.no\/pax\/wp-content\/uploads\/sites\/5\/2025\/08\/jpg-7005.jpg","type":"image\/jpeg"}],"twitter_card":"summary_large_image","twitter_misc":{"Ansl. lesetid":"1 minutt"},"schema":{"@context":"https:\/\/schema.org","@graph":[{"@type":"WebPage","@id":"https:\/\/staging.forenteforlag.no\/pax\/produkt\/fornavnet-mitt-er-ronny\/","url":"https:\/\/staging.forenteforlag.no\/pax\/produkt\/fornavnet-mitt-er-ronny\/","name":"Fornavnet mitt er Ronny - Pax","isPartOf":{"@id":"https:\/\/staging.forenteforlag.no\/pax\/#website"},"primaryImageOfPage":{"@id":"https:\/\/staging.forenteforlag.no\/pax\/produkt\/fornavnet-mitt-er-ronny\/#primaryimage"},"image":{"@id":"https:\/\/staging.forenteforlag.no\/pax\/produkt\/fornavnet-mitt-er-ronny\/#primaryimage"},"thumbnailUrl":"https:\/\/staging.forenteforlag.no\/pax\/wp-content\/uploads\/sites\/5\/2025\/08\/jpg-7005.jpg","datePublished":"2005-03-12T15:42:33+00:00","dateModified":"2026-01-05T04:16:27+00:00","breadcrumb":{"@id":"https:\/\/staging.forenteforlag.no\/pax\/produkt\/fornavnet-mitt-er-ronny\/#breadcrumb"},"inLanguage":"nb-NO","potentialAction":[{"@type":"ReadAction","target":["https:\/\/staging.forenteforlag.no\/pax\/produkt\/fornavnet-mitt-er-ronny\/"]}]},{"@type":"ImageObject","inLanguage":"nb-NO","@id":"https:\/\/staging.forenteforlag.no\/pax\/produkt\/fornavnet-mitt-er-ronny\/#primaryimage","url":"https:\/\/staging.forenteforlag.no\/pax\/wp-content\/uploads\/sites\/5\/2025\/08\/jpg-7005.jpg","contentUrl":"https:\/\/staging.forenteforlag.no\/pax\/wp-content\/uploads\/sites\/5\/2025\/08\/jpg-7005.jpg","width":281,"height":450},{"@type":"BreadcrumbList","@id":"https:\/\/staging.forenteforlag.no\/pax\/produkt\/fornavnet-mitt-er-ronny\/#breadcrumb","itemListElement":[{"@type":"ListItem","position":1,"name":"Hjem","item":"https:\/\/staging.forenteforlag.no\/pax\/"},{"@type":"ListItem","position":2,"name":"Alle b\u00f8ker","item":"https:\/\/staging.forenteforlag.no\/pax\/butikk\/"},{"@type":"ListItem","position":3,"name":"Fornavnet mitt er Ronny"}]},{"@type":"WebSite","@id":"https:\/\/staging.forenteforlag.no\/pax\/#website","url":"https:\/\/staging.forenteforlag.no\/pax\/","name":"Pax","description":"","potentialAction":[{"@type":"SearchAction","target":{"@type":"EntryPoint","urlTemplate":"https:\/\/staging.forenteforlag.no\/pax\/?s={search_term_string}"},"query-input":{"@type":"PropertyValueSpecification","valueRequired":true,"valueName":"search_term_string"}}],"inLanguage":"nb-NO"}]}},"_links":{"self":[{"href":"https:\/\/staging.forenteforlag.no\/pax\/wp-json\/wp\/v2\/product\/20598","targetHints":{"allow":["GET"]}}],"collection":[{"href":"https:\/\/staging.forenteforlag.no\/pax\/wp-json\/wp\/v2\/product"}],"about":[{"href":"https:\/\/staging.forenteforlag.no\/pax\/wp-json\/wp\/v2\/types\/product"}],"wp:featuredmedia":[{"embeddable":true,"href":"https:\/\/staging.forenteforlag.no\/pax\/wp-json\/wp\/v2\/media\/28462"}],"wp:attachment":[{"href":"https:\/\/staging.forenteforlag.no\/pax\/wp-json\/wp\/v2\/media?parent=20598"}],"wp:term":[{"taxonomy":"product_brand","embeddable":true,"href":"https:\/\/staging.forenteforlag.no\/pax\/wp-json\/wp\/v2\/product_brand?post=20598"},{"taxonomy":"product_cat","embeddable":true,"href":"https:\/\/staging.forenteforlag.no\/pax\/wp-json\/wp\/v2\/product_cat?post=20598"},{"taxonomy":"product_tag","embeddable":true,"href":"https:\/\/staging.forenteforlag.no\/pax\/wp-json\/wp\/v2\/product_tag?post=20598"}],"curies":[{"name":"wp","href":"https:\/\/api.w.org\/{rel}","templated":true}]}}