{"id":20578,"date":"2021-01-04T01:00:00","date_gmt":"2021-01-04T00:00:00","guid":{"rendered":"https:\/\/pax.forenteforlag.no\/produkt\/handverk-i-det-nordenfjeldske-3\/"},"modified":"2025-08-27T12:49:21","modified_gmt":"2025-08-27T10:49:21","slug":"handverk-i-det-nordenfjeldske-3","status":"publish","type":"product","link":"https:\/\/staging.forenteforlag.no\/pax\/produkt\/handverk-i-det-nordenfjeldske-3\/","title":{"rendered":"Handverk i det nordenfjeldske"},"content":{"rendered":"<p>Gjennom tekst og fotografier f\u00e5r vi i denne boken et entusiastisk m\u00f8te med sentrale deler av norsk kulturarv. De gamle handverkstradisjonene blir presentert og dokumentert p\u00e5 en konkret og forst\u00e5elig m\u00e5te. Forfatteren har samlet inn, systematisert og dokumenterer et helt unikt materiale. <\/p>\n<p>Alle steder har sine s\u00e6regne lokale tradisjoner samtidig som det finnes mange likhetstrekk mellom ulike steder. Gjenstandsmaterialet i boken er fra St\u00f8rdalen, Mer\u00e5ker, Selbu og Tydal. Som leser f\u00e5r vi innsikter i de gamle handverkerne som sto for produksjonen av innbo, l\u00f8s\u00f8re og redskaper. Gjennom denne kunnskapen forvandles gjenstandene til noe levende, noe langt mer enn historiel\u00f8st interi\u00f8r. I verket f\u00e5r vi svar p\u00e5 sentrale sp\u00f8rsm\u00e5l som hvilke handverkere som sto for arbeidet og hvor de kom fra. <\/p>\n<p>Handverk fra Stj\u00f8rdalen og Neadalen utgj\u00f8r en kulturgeografisk region blant annet gjennom bergverksdriften. Regionen har dermed b\u00e5nd til Trondhjem, R\u00f8ros\/Gauldalen, Innherred og Jamtland. Vi m\u00f8ter gjenstander med lokalt opphav, men ogs\u00e5 med opphav langt unna. <\/p>\n<p>St\u00f8rdalen og Neadalen er en del av verket \u00abHandverk i det Nordenfjeldske\u00bb som skal bli 14 omfangsrike b\u00f8ker der alle kommunene nord for Dovre blir presentert. <\/p>\n","protected":false},"excerpt":{"rendered":"<p>Gjennom tekst og fotografier f\u00e5r vi i denne boken et entusiastisk m\u00f8te med sentrale deler av norsk kulturarv. De gamle handverkstradisjonene blir presentert og dokumentert p\u00e5 en konkret og forst\u00e5elig m\u00e5te. Forfatteren har samlet inn, systematisert og dokumenterer et helt unikt materiale. Alle steder har sine s\u00e6regne lokale tradisjoner samtidig som det finnes mange likhetstrekk [&hellip;]<\/p>\n","protected":false},"featured_media":29320,"template":"","meta":{"_acf_changed":false,"inline_featured_image":false},"product_brand":[],"product_cat":[22,1782],"product_tag":[362,536,1015],"class_list":{"0":"post-20578","1":"product","2":"type-product","3":"status-publish","4":"has-post-thumbnail","6":"product_cat-folkloristikk-og-kulturarv","7":"product_cat-fripris","8":"product_tag-faglitteratur","9":"product_tag-kulturminner","10":"product_tag-nord-trondelag","11":"pa_format-innbundet","13":"first","14":"instock","15":"shipping-taxable","16":"purchasable","17":"product-type-simple"},"acf":{"anmeldelse":null},"yoast_head":"<!-- This site is optimized with the Yoast SEO plugin v26.6 - https:\/\/yoast.com\/wordpress\/plugins\/seo\/ -->\n<title>Handverk i det nordenfjeldske - Pax<\/title>\n<meta name=\"robots\" content=\"noindex, follow, max-snippet:-1, max-image-preview:large, max-video-preview:-1\" \/>\n<meta property=\"og:locale\" content=\"nb_NO\" \/>\n<meta property=\"og:type\" content=\"article\" \/>\n<meta property=\"og:title\" content=\"Handverk i det nordenfjeldske - Pax\" \/>\n<meta property=\"og:description\" content=\"Gjennom tekst og fotografier f\u00e5r vi i denne boken et entusiastisk m\u00f8te med sentrale deler av norsk kulturarv. De gamle handverkstradisjonene blir presentert og dokumentert p\u00e5 en konkret og forst\u00e5elig m\u00e5te. Forfatteren har samlet inn, systematisert og dokumenterer et helt unikt materiale. Alle steder har sine s\u00e6regne lokale tradisjoner samtidig som det finnes mange likhetstrekk [&hellip;]\" \/>\n<meta property=\"og:url\" content=\"https:\/\/staging.forenteforlag.no\/pax\/produkt\/handverk-i-det-nordenfjeldske-3\/\" \/>\n<meta property=\"og:site_name\" content=\"Pax\" \/>\n<meta property=\"article:modified_time\" content=\"2025-08-27T10:49:21+00:00\" \/>\n<meta property=\"og:image\" content=\"https:\/\/staging.forenteforlag.no\/pax\/wp-content\/uploads\/sites\/5\/2025\/08\/jpg-9605.jpg\" \/>\n\t<meta property=\"og:image:width\" content=\"1242\" \/>\n\t<meta property=\"og:image:height\" content=\"1349\" \/>\n\t<meta property=\"og:image:type\" content=\"image\/jpeg\" \/>\n<meta name=\"twitter:card\" content=\"summary_large_image\" \/>\n<meta name=\"twitter:label1\" content=\"Ansl. lesetid\" \/>\n\t<meta name=\"twitter:data1\" content=\"1 minutt\" \/>\n<script type=\"application\/ld+json\" class=\"yoast-schema-graph\">{\"@context\":\"https:\/\/schema.org\",\"@graph\":[{\"@type\":\"WebPage\",\"@id\":\"https:\/\/staging.forenteforlag.no\/pax\/produkt\/handverk-i-det-nordenfjeldske-3\/\",\"url\":\"https:\/\/staging.forenteforlag.no\/pax\/produkt\/handverk-i-det-nordenfjeldske-3\/\",\"name\":\"Handverk i det nordenfjeldske - Pax\",\"isPartOf\":{\"@id\":\"https:\/\/staging.forenteforlag.no\/pax\/#website\"},\"primaryImageOfPage\":{\"@id\":\"https:\/\/staging.forenteforlag.no\/pax\/produkt\/handverk-i-det-nordenfjeldske-3\/#primaryimage\"},\"image\":{\"@id\":\"https:\/\/staging.forenteforlag.no\/pax\/produkt\/handverk-i-det-nordenfjeldske-3\/#primaryimage\"},\"thumbnailUrl\":\"https:\/\/staging.forenteforlag.no\/pax\/wp-content\/uploads\/sites\/5\/2025\/08\/jpg-9605.jpg\",\"datePublished\":\"2021-01-04T00:00:00+00:00\",\"dateModified\":\"2025-08-27T10:49:21+00:00\",\"breadcrumb\":{\"@id\":\"https:\/\/staging.forenteforlag.no\/pax\/produkt\/handverk-i-det-nordenfjeldske-3\/#breadcrumb\"},\"inLanguage\":\"nb-NO\",\"potentialAction\":[{\"@type\":\"ReadAction\",\"target\":[\"https:\/\/staging.forenteforlag.no\/pax\/produkt\/handverk-i-det-nordenfjeldske-3\/\"]}]},{\"@type\":\"ImageObject\",\"inLanguage\":\"nb-NO\",\"@id\":\"https:\/\/staging.forenteforlag.no\/pax\/produkt\/handverk-i-det-nordenfjeldske-3\/#primaryimage\",\"url\":\"https:\/\/staging.forenteforlag.no\/pax\/wp-content\/uploads\/sites\/5\/2025\/08\/jpg-9605.jpg\",\"contentUrl\":\"https:\/\/staging.forenteforlag.no\/pax\/wp-content\/uploads\/sites\/5\/2025\/08\/jpg-9605.jpg\",\"width\":1242,\"height\":1349},{\"@type\":\"BreadcrumbList\",\"@id\":\"https:\/\/staging.forenteforlag.no\/pax\/produkt\/handverk-i-det-nordenfjeldske-3\/#breadcrumb\",\"itemListElement\":[{\"@type\":\"ListItem\",\"position\":1,\"name\":\"Hjem\",\"item\":\"https:\/\/staging.forenteforlag.no\/pax\/\"},{\"@type\":\"ListItem\",\"position\":2,\"name\":\"Alle b\u00f8ker\",\"item\":\"https:\/\/staging.forenteforlag.no\/pax\/butikk\/\"},{\"@type\":\"ListItem\",\"position\":3,\"name\":\"Handverk i det nordenfjeldske\"}]},{\"@type\":\"WebSite\",\"@id\":\"https:\/\/staging.forenteforlag.no\/pax\/#website\",\"url\":\"https:\/\/staging.forenteforlag.no\/pax\/\",\"name\":\"Pax\",\"description\":\"\",\"potentialAction\":[{\"@type\":\"SearchAction\",\"target\":{\"@type\":\"EntryPoint\",\"urlTemplate\":\"https:\/\/staging.forenteforlag.no\/pax\/?s={search_term_string}\"},\"query-input\":{\"@type\":\"PropertyValueSpecification\",\"valueRequired\":true,\"valueName\":\"search_term_string\"}}],\"inLanguage\":\"nb-NO\"}]}<\/script>\n<!-- \/ Yoast SEO plugin. -->","yoast_head_json":{"title":"Handverk i det nordenfjeldske - Pax","robots":{"index":"noindex","follow":"follow","max-snippet":"max-snippet:-1","max-image-preview":"max-image-preview:large","max-video-preview":"max-video-preview:-1"},"og_locale":"nb_NO","og_type":"article","og_title":"Handverk i det nordenfjeldske - Pax","og_description":"Gjennom tekst og fotografier f\u00e5r vi i denne boken et entusiastisk m\u00f8te med sentrale deler av norsk kulturarv. De gamle handverkstradisjonene blir presentert og dokumentert p\u00e5 en konkret og forst\u00e5elig m\u00e5te. Forfatteren har samlet inn, systematisert og dokumenterer et helt unikt materiale. Alle steder har sine s\u00e6regne lokale tradisjoner samtidig som det finnes mange likhetstrekk [&hellip;]","og_url":"https:\/\/staging.forenteforlag.no\/pax\/produkt\/handverk-i-det-nordenfjeldske-3\/","og_site_name":"Pax","article_modified_time":"2025-08-27T10:49:21+00:00","og_image":[{"width":1242,"height":1349,"url":"https:\/\/staging.forenteforlag.no\/pax\/wp-content\/uploads\/sites\/5\/2025\/08\/jpg-9605.jpg","type":"image\/jpeg"}],"twitter_card":"summary_large_image","twitter_misc":{"Ansl. lesetid":"1 minutt"},"schema":{"@context":"https:\/\/schema.org","@graph":[{"@type":"WebPage","@id":"https:\/\/staging.forenteforlag.no\/pax\/produkt\/handverk-i-det-nordenfjeldske-3\/","url":"https:\/\/staging.forenteforlag.no\/pax\/produkt\/handverk-i-det-nordenfjeldske-3\/","name":"Handverk i det nordenfjeldske - Pax","isPartOf":{"@id":"https:\/\/staging.forenteforlag.no\/pax\/#website"},"primaryImageOfPage":{"@id":"https:\/\/staging.forenteforlag.no\/pax\/produkt\/handverk-i-det-nordenfjeldske-3\/#primaryimage"},"image":{"@id":"https:\/\/staging.forenteforlag.no\/pax\/produkt\/handverk-i-det-nordenfjeldske-3\/#primaryimage"},"thumbnailUrl":"https:\/\/staging.forenteforlag.no\/pax\/wp-content\/uploads\/sites\/5\/2025\/08\/jpg-9605.jpg","datePublished":"2021-01-04T00:00:00+00:00","dateModified":"2025-08-27T10:49:21+00:00","breadcrumb":{"@id":"https:\/\/staging.forenteforlag.no\/pax\/produkt\/handverk-i-det-nordenfjeldske-3\/#breadcrumb"},"inLanguage":"nb-NO","potentialAction":[{"@type":"ReadAction","target":["https:\/\/staging.forenteforlag.no\/pax\/produkt\/handverk-i-det-nordenfjeldske-3\/"]}]},{"@type":"ImageObject","inLanguage":"nb-NO","@id":"https:\/\/staging.forenteforlag.no\/pax\/produkt\/handverk-i-det-nordenfjeldske-3\/#primaryimage","url":"https:\/\/staging.forenteforlag.no\/pax\/wp-content\/uploads\/sites\/5\/2025\/08\/jpg-9605.jpg","contentUrl":"https:\/\/staging.forenteforlag.no\/pax\/wp-content\/uploads\/sites\/5\/2025\/08\/jpg-9605.jpg","width":1242,"height":1349},{"@type":"BreadcrumbList","@id":"https:\/\/staging.forenteforlag.no\/pax\/produkt\/handverk-i-det-nordenfjeldske-3\/#breadcrumb","itemListElement":[{"@type":"ListItem","position":1,"name":"Hjem","item":"https:\/\/staging.forenteforlag.no\/pax\/"},{"@type":"ListItem","position":2,"name":"Alle b\u00f8ker","item":"https:\/\/staging.forenteforlag.no\/pax\/butikk\/"},{"@type":"ListItem","position":3,"name":"Handverk i det nordenfjeldske"}]},{"@type":"WebSite","@id":"https:\/\/staging.forenteforlag.no\/pax\/#website","url":"https:\/\/staging.forenteforlag.no\/pax\/","name":"Pax","description":"","potentialAction":[{"@type":"SearchAction","target":{"@type":"EntryPoint","urlTemplate":"https:\/\/staging.forenteforlag.no\/pax\/?s={search_term_string}"},"query-input":{"@type":"PropertyValueSpecification","valueRequired":true,"valueName":"search_term_string"}}],"inLanguage":"nb-NO"}]}},"_links":{"self":[{"href":"https:\/\/staging.forenteforlag.no\/pax\/wp-json\/wp\/v2\/product\/20578","targetHints":{"allow":["GET"]}}],"collection":[{"href":"https:\/\/staging.forenteforlag.no\/pax\/wp-json\/wp\/v2\/product"}],"about":[{"href":"https:\/\/staging.forenteforlag.no\/pax\/wp-json\/wp\/v2\/types\/product"}],"wp:featuredmedia":[{"embeddable":true,"href":"https:\/\/staging.forenteforlag.no\/pax\/wp-json\/wp\/v2\/media\/29320"}],"wp:attachment":[{"href":"https:\/\/staging.forenteforlag.no\/pax\/wp-json\/wp\/v2\/media?parent=20578"}],"wp:term":[{"taxonomy":"product_brand","embeddable":true,"href":"https:\/\/staging.forenteforlag.no\/pax\/wp-json\/wp\/v2\/product_brand?post=20578"},{"taxonomy":"product_cat","embeddable":true,"href":"https:\/\/staging.forenteforlag.no\/pax\/wp-json\/wp\/v2\/product_cat?post=20578"},{"taxonomy":"product_tag","embeddable":true,"href":"https:\/\/staging.forenteforlag.no\/pax\/wp-json\/wp\/v2\/product_tag?post=20578"}],"curies":[{"name":"wp","href":"https:\/\/api.w.org\/{rel}","templated":true}]}}