{"id":20554,"date":"2021-08-18T02:00:00","date_gmt":"2021-08-18T00:00:00","guid":{"rendered":"https:\/\/pax.forenteforlag.no\/produkt\/kontroll-av-kapital\/"},"modified":"2025-11-19T08:21:02","modified_gmt":"2025-11-19T07:21:02","slug":"kontroll-av-kapital","status":"publish","type":"product","link":"https:\/\/staging.forenteforlag.no\/pax\/produkt\/kontroll-av-kapital\/","title":{"rendered":"Kontroll av kapital"},"content":{"rendered":"<p>I kj\u00f8lvannet av 2000-tallets \u00f8konomiske kriser og uro har forholdet mellom rett og kapital f\u00e5tt en framskutt plass i o.entligheten, men sp\u00f8rsm\u00e5l om rett og kapital er ikke nytt. Gjennom 1800-tallet og fram mot f\u00f8rste verdenskrig i Norge ble det vedtatt en rekke nye lover som kontrollerte kapitalen. Konkursloven og aksjeloven er de mest kjente. Likefullt var ikke kontroll det eneste motivet, ogs\u00e5 regulering og tilrettelegging var viktige hensyn, det handlet om \u00e5 skape en fungerende \u00f8konomi. <\/p>\n<p>Rettsliggj\u00f8ringen av kapitalen p\u00e5 1800-tallet kom som et produkt av industrialisering og handel p\u00e5 tvers av grenser. Den grensel\u00f8se kapitalen skapte et opplevd behov for europeisk harmonisering av lovverk, men harmoniseringen m\u00e5tte balanseres mot nasjonale interesser og \u00f8konomisk egenart, interesseavveiningene for lovgiver var mange. I denne boka analyseres forholdet mellom rett og kapital, og et knippe av de lovene som kom p\u00e5 1800-tallet fram til 1917. Boka avsluttes med et kapittel om konsesjons-lovene som s\u00f8kte \u00e5 kontrollere utenlandske kapitalinteressers adgang til \u00e5 utnytte norske naturressurser. Til grunn for de ulike kapitlene ligger sp\u00f8rsm\u00e5lene: hva var forholdet mellom rett og kapital, og hvordan skal vi forst\u00e5 rettsliggj\u00f8ringen av kapitalen som fant sted p\u00e5 1800-tallet?<\/p>\n","protected":false},"excerpt":{"rendered":"<p>I kj\u00f8lvannet av 2000-tallets \u00f8konomiske kriser og uro har forholdet mellom rett og kapital f\u00e5tt en framskutt plass i o.entligheten, men sp\u00f8rsm\u00e5l om rett og kapital er ikke nytt. Gjennom 1800-tallet og fram mot f\u00f8rste verdenskrig i Norge ble det vedtatt en rekke nye lover som kontrollerte kapitalen. Konkursloven og aksjeloven er de mest kjente. [&hellip;]<\/p>\n","protected":false},"featured_media":28889,"template":"","meta":{"_acf_changed":false,"inline_featured_image":false},"product_brand":[],"product_cat":[1782,23],"product_tag":[362,502],"class_list":{"0":"post-20554","1":"product","2":"type-product","3":"status-publish","4":"has-post-thumbnail","6":"product_cat-fripris","7":"product_cat-historie","8":"product_tag-faglitteratur","9":"product_tag-laereboker-hoyere-utd","10":"pa_format-mykperm","12":"first","13":"instock","14":"shipping-taxable","15":"purchasable","16":"product-type-simple"},"acf":{"anmeldelse":null},"yoast_head":"<!-- This site is optimized with the Yoast SEO plugin v26.6 - https:\/\/yoast.com\/wordpress\/plugins\/seo\/ -->\n<title>Kontroll av kapital - Pax<\/title>\n<meta name=\"robots\" content=\"noindex, follow, max-snippet:-1, max-image-preview:large, max-video-preview:-1\" \/>\n<meta property=\"og:locale\" content=\"nb_NO\" \/>\n<meta property=\"og:type\" content=\"article\" \/>\n<meta property=\"og:title\" content=\"Kontroll av kapital - Pax\" \/>\n<meta property=\"og:description\" content=\"I kj\u00f8lvannet av 2000-tallets \u00f8konomiske kriser og uro har forholdet mellom rett og kapital f\u00e5tt en framskutt plass i o.entligheten, men sp\u00f8rsm\u00e5l om rett og kapital er ikke nytt. Gjennom 1800-tallet og fram mot f\u00f8rste verdenskrig i Norge ble det vedtatt en rekke nye lover som kontrollerte kapitalen. Konkursloven og aksjeloven er de mest kjente. [&hellip;]\" \/>\n<meta property=\"og:url\" content=\"https:\/\/staging.forenteforlag.no\/pax\/produkt\/kontroll-av-kapital\/\" \/>\n<meta property=\"og:site_name\" content=\"Pax\" \/>\n<meta property=\"article:modified_time\" content=\"2025-11-19T07:21:02+00:00\" \/>\n<meta property=\"og:image\" content=\"https:\/\/staging.forenteforlag.no\/pax\/wp-content\/uploads\/sites\/5\/2025\/08\/jpg-8286.jpg\" \/>\n\t<meta property=\"og:image:width\" content=\"446\" \/>\n\t<meta property=\"og:image:height\" content=\"625\" \/>\n\t<meta property=\"og:image:type\" content=\"image\/jpeg\" \/>\n<meta name=\"twitter:card\" content=\"summary_large_image\" \/>\n<meta name=\"twitter:label1\" content=\"Ansl. lesetid\" \/>\n\t<meta name=\"twitter:data1\" content=\"1 minutt\" \/>\n<script type=\"application\/ld+json\" class=\"yoast-schema-graph\">{\"@context\":\"https:\/\/schema.org\",\"@graph\":[{\"@type\":\"WebPage\",\"@id\":\"https:\/\/staging.forenteforlag.no\/pax\/produkt\/kontroll-av-kapital\/\",\"url\":\"https:\/\/staging.forenteforlag.no\/pax\/produkt\/kontroll-av-kapital\/\",\"name\":\"Kontroll av kapital - Pax\",\"isPartOf\":{\"@id\":\"https:\/\/staging.forenteforlag.no\/pax\/#website\"},\"primaryImageOfPage\":{\"@id\":\"https:\/\/staging.forenteforlag.no\/pax\/produkt\/kontroll-av-kapital\/#primaryimage\"},\"image\":{\"@id\":\"https:\/\/staging.forenteforlag.no\/pax\/produkt\/kontroll-av-kapital\/#primaryimage\"},\"thumbnailUrl\":\"https:\/\/staging.forenteforlag.no\/pax\/wp-content\/uploads\/sites\/5\/2025\/08\/jpg-8286.jpg\",\"datePublished\":\"2021-08-18T00:00:00+00:00\",\"dateModified\":\"2025-11-19T07:21:02+00:00\",\"breadcrumb\":{\"@id\":\"https:\/\/staging.forenteforlag.no\/pax\/produkt\/kontroll-av-kapital\/#breadcrumb\"},\"inLanguage\":\"nb-NO\",\"potentialAction\":[{\"@type\":\"ReadAction\",\"target\":[\"https:\/\/staging.forenteforlag.no\/pax\/produkt\/kontroll-av-kapital\/\"]}]},{\"@type\":\"ImageObject\",\"inLanguage\":\"nb-NO\",\"@id\":\"https:\/\/staging.forenteforlag.no\/pax\/produkt\/kontroll-av-kapital\/#primaryimage\",\"url\":\"https:\/\/staging.forenteforlag.no\/pax\/wp-content\/uploads\/sites\/5\/2025\/08\/jpg-8286.jpg\",\"contentUrl\":\"https:\/\/staging.forenteforlag.no\/pax\/wp-content\/uploads\/sites\/5\/2025\/08\/jpg-8286.jpg\",\"width\":446,\"height\":625},{\"@type\":\"BreadcrumbList\",\"@id\":\"https:\/\/staging.forenteforlag.no\/pax\/produkt\/kontroll-av-kapital\/#breadcrumb\",\"itemListElement\":[{\"@type\":\"ListItem\",\"position\":1,\"name\":\"Hjem\",\"item\":\"https:\/\/staging.forenteforlag.no\/pax\/\"},{\"@type\":\"ListItem\",\"position\":2,\"name\":\"Alle b\u00f8ker\",\"item\":\"https:\/\/staging.forenteforlag.no\/pax\/butikk\/\"},{\"@type\":\"ListItem\",\"position\":3,\"name\":\"Kontroll av kapital\"}]},{\"@type\":\"WebSite\",\"@id\":\"https:\/\/staging.forenteforlag.no\/pax\/#website\",\"url\":\"https:\/\/staging.forenteforlag.no\/pax\/\",\"name\":\"Pax\",\"description\":\"\",\"potentialAction\":[{\"@type\":\"SearchAction\",\"target\":{\"@type\":\"EntryPoint\",\"urlTemplate\":\"https:\/\/staging.forenteforlag.no\/pax\/?s={search_term_string}\"},\"query-input\":{\"@type\":\"PropertyValueSpecification\",\"valueRequired\":true,\"valueName\":\"search_term_string\"}}],\"inLanguage\":\"nb-NO\"}]}<\/script>\n<!-- \/ Yoast SEO plugin. -->","yoast_head_json":{"title":"Kontroll av kapital - Pax","robots":{"index":"noindex","follow":"follow","max-snippet":"max-snippet:-1","max-image-preview":"max-image-preview:large","max-video-preview":"max-video-preview:-1"},"og_locale":"nb_NO","og_type":"article","og_title":"Kontroll av kapital - Pax","og_description":"I kj\u00f8lvannet av 2000-tallets \u00f8konomiske kriser og uro har forholdet mellom rett og kapital f\u00e5tt en framskutt plass i o.entligheten, men sp\u00f8rsm\u00e5l om rett og kapital er ikke nytt. Gjennom 1800-tallet og fram mot f\u00f8rste verdenskrig i Norge ble det vedtatt en rekke nye lover som kontrollerte kapitalen. Konkursloven og aksjeloven er de mest kjente. [&hellip;]","og_url":"https:\/\/staging.forenteforlag.no\/pax\/produkt\/kontroll-av-kapital\/","og_site_name":"Pax","article_modified_time":"2025-11-19T07:21:02+00:00","og_image":[{"width":446,"height":625,"url":"https:\/\/staging.forenteforlag.no\/pax\/wp-content\/uploads\/sites\/5\/2025\/08\/jpg-8286.jpg","type":"image\/jpeg"}],"twitter_card":"summary_large_image","twitter_misc":{"Ansl. lesetid":"1 minutt"},"schema":{"@context":"https:\/\/schema.org","@graph":[{"@type":"WebPage","@id":"https:\/\/staging.forenteforlag.no\/pax\/produkt\/kontroll-av-kapital\/","url":"https:\/\/staging.forenteforlag.no\/pax\/produkt\/kontroll-av-kapital\/","name":"Kontroll av kapital - Pax","isPartOf":{"@id":"https:\/\/staging.forenteforlag.no\/pax\/#website"},"primaryImageOfPage":{"@id":"https:\/\/staging.forenteforlag.no\/pax\/produkt\/kontroll-av-kapital\/#primaryimage"},"image":{"@id":"https:\/\/staging.forenteforlag.no\/pax\/produkt\/kontroll-av-kapital\/#primaryimage"},"thumbnailUrl":"https:\/\/staging.forenteforlag.no\/pax\/wp-content\/uploads\/sites\/5\/2025\/08\/jpg-8286.jpg","datePublished":"2021-08-18T00:00:00+00:00","dateModified":"2025-11-19T07:21:02+00:00","breadcrumb":{"@id":"https:\/\/staging.forenteforlag.no\/pax\/produkt\/kontroll-av-kapital\/#breadcrumb"},"inLanguage":"nb-NO","potentialAction":[{"@type":"ReadAction","target":["https:\/\/staging.forenteforlag.no\/pax\/produkt\/kontroll-av-kapital\/"]}]},{"@type":"ImageObject","inLanguage":"nb-NO","@id":"https:\/\/staging.forenteforlag.no\/pax\/produkt\/kontroll-av-kapital\/#primaryimage","url":"https:\/\/staging.forenteforlag.no\/pax\/wp-content\/uploads\/sites\/5\/2025\/08\/jpg-8286.jpg","contentUrl":"https:\/\/staging.forenteforlag.no\/pax\/wp-content\/uploads\/sites\/5\/2025\/08\/jpg-8286.jpg","width":446,"height":625},{"@type":"BreadcrumbList","@id":"https:\/\/staging.forenteforlag.no\/pax\/produkt\/kontroll-av-kapital\/#breadcrumb","itemListElement":[{"@type":"ListItem","position":1,"name":"Hjem","item":"https:\/\/staging.forenteforlag.no\/pax\/"},{"@type":"ListItem","position":2,"name":"Alle b\u00f8ker","item":"https:\/\/staging.forenteforlag.no\/pax\/butikk\/"},{"@type":"ListItem","position":3,"name":"Kontroll av kapital"}]},{"@type":"WebSite","@id":"https:\/\/staging.forenteforlag.no\/pax\/#website","url":"https:\/\/staging.forenteforlag.no\/pax\/","name":"Pax","description":"","potentialAction":[{"@type":"SearchAction","target":{"@type":"EntryPoint","urlTemplate":"https:\/\/staging.forenteforlag.no\/pax\/?s={search_term_string}"},"query-input":{"@type":"PropertyValueSpecification","valueRequired":true,"valueName":"search_term_string"}}],"inLanguage":"nb-NO"}]}},"_links":{"self":[{"href":"https:\/\/staging.forenteforlag.no\/pax\/wp-json\/wp\/v2\/product\/20554","targetHints":{"allow":["GET"]}}],"collection":[{"href":"https:\/\/staging.forenteforlag.no\/pax\/wp-json\/wp\/v2\/product"}],"about":[{"href":"https:\/\/staging.forenteforlag.no\/pax\/wp-json\/wp\/v2\/types\/product"}],"wp:featuredmedia":[{"embeddable":true,"href":"https:\/\/staging.forenteforlag.no\/pax\/wp-json\/wp\/v2\/media\/28889"}],"wp:attachment":[{"href":"https:\/\/staging.forenteforlag.no\/pax\/wp-json\/wp\/v2\/media?parent=20554"}],"wp:term":[{"taxonomy":"product_brand","embeddable":true,"href":"https:\/\/staging.forenteforlag.no\/pax\/wp-json\/wp\/v2\/product_brand?post=20554"},{"taxonomy":"product_cat","embeddable":true,"href":"https:\/\/staging.forenteforlag.no\/pax\/wp-json\/wp\/v2\/product_cat?post=20554"},{"taxonomy":"product_tag","embeddable":true,"href":"https:\/\/staging.forenteforlag.no\/pax\/wp-json\/wp\/v2\/product_tag?post=20554"}],"curies":[{"name":"wp","href":"https:\/\/api.w.org\/{rel}","templated":true}]}}