{"id":20543,"date":"2024-12-10T23:56:03","date_gmt":"2024-12-10T22:56:03","guid":{"rendered":"https:\/\/pax.forenteforlag.no\/produkt\/wittgenstein\/"},"modified":"2026-03-04T17:56:02","modified_gmt":"2026-03-04T16:56:02","slug":"wittgenstein","status":"publish","type":"product","link":"https:\/\/staging.forenteforlag.no\/pax\/produkt\/wittgenstein\/","title":{"rendered":"Wittgenstein"},"content":{"rendered":"<p>Ludwig Wittgenstein (1889-1951) skapte filosofiske omveltninger med sine to, sm\u00e5 b\u00f8ker. Posthumt utkom Philosophishe Untersuchungen i 1953. Verket skapte en helt ny form for filosofi, som s\u00e6rlig kjennetegnes ved vektlegging av hverdagsspr\u00e5kets nyanserikdom. Ordenes betydning best\u00e5r ikke i hva de betegner, men hvordan de blir brukt, hevder han.<\/p>\n","protected":false},"excerpt":{"rendered":"<p>Ludwig Wittgenstein (1889-1951) skapte filosofiske omveltninger med sine to, sm\u00e5 b\u00f8ker. Posthumt utkom Philosophishe Untersuchungen i 1953. Verket skapte en helt ny form for filosofi, som s\u00e6rlig kjennetegnes ved vektlegging av hverdagsspr\u00e5kets nyanserikdom. Ordenes betydning best\u00e5r ikke i hva de betegner, men hvordan de blir brukt, hevder han.<\/p>\n","protected":false},"featured_media":0,"template":"","meta":{"_acf_changed":false,"inline_featured_image":false},"product_brand":[],"product_cat":[1782],"product_tag":[362,503],"class_list":{"0":"post-20543","1":"product","2":"type-product","3":"status-publish","5":"product_cat-fripris","6":"product_tag-faglitteratur","7":"product_tag-moderne-filosofi","9":"first","10":"outofstock","11":"taxable","12":"shipping-taxable","13":"purchasable","14":"product-type-simple"},"acf":{"anmeldelse":null},"yoast_head":"<!-- This site is optimized with the Yoast SEO plugin v26.6 - https:\/\/yoast.com\/wordpress\/plugins\/seo\/ -->\n<title>Wittgenstein - Pax<\/title>\n<meta name=\"robots\" content=\"noindex, follow, max-snippet:-1, max-image-preview:large, max-video-preview:-1\" \/>\n<meta property=\"og:locale\" content=\"nb_NO\" \/>\n<meta property=\"og:type\" content=\"article\" \/>\n<meta property=\"og:title\" content=\"Wittgenstein - Pax\" \/>\n<meta property=\"og:description\" content=\"Ludwig Wittgenstein (1889-1951) skapte filosofiske omveltninger med sine to, sm\u00e5 b\u00f8ker. Posthumt utkom Philosophishe Untersuchungen i 1953. Verket skapte en helt ny form for filosofi, som s\u00e6rlig kjennetegnes ved vektlegging av hverdagsspr\u00e5kets nyanserikdom. Ordenes betydning best\u00e5r ikke i hva de betegner, men hvordan de blir brukt, hevder han.\" \/>\n<meta property=\"og:url\" content=\"https:\/\/staging.forenteforlag.no\/pax\/produkt\/wittgenstein\/\" \/>\n<meta property=\"og:site_name\" content=\"Pax\" \/>\n<meta property=\"article:modified_time\" content=\"2026-03-04T16:56:02+00:00\" \/>\n<meta property=\"og:image\" content=\"https:\/\/staging.forenteforlag.no\/pax\/wp-content\/uploads\/sites\/5\/2025\/02\/pax-hvit.jpg\" \/>\n\t<meta property=\"og:image:width\" content=\"1200\" \/>\n\t<meta property=\"og:image:height\" content=\"800\" \/>\n\t<meta property=\"og:image:type\" content=\"image\/jpeg\" \/>\n<meta name=\"twitter:card\" content=\"summary_large_image\" \/>\n<script type=\"application\/ld+json\" class=\"yoast-schema-graph\">{\"@context\":\"https:\/\/schema.org\",\"@graph\":[{\"@type\":\"WebPage\",\"@id\":\"https:\/\/staging.forenteforlag.no\/pax\/produkt\/wittgenstein\/\",\"url\":\"https:\/\/staging.forenteforlag.no\/pax\/produkt\/wittgenstein\/\",\"name\":\"Wittgenstein - Pax\",\"isPartOf\":{\"@id\":\"https:\/\/staging.forenteforlag.no\/pax\/#website\"},\"datePublished\":\"2024-12-10T22:56:03+00:00\",\"dateModified\":\"2026-03-04T16:56:02+00:00\",\"breadcrumb\":{\"@id\":\"https:\/\/staging.forenteforlag.no\/pax\/produkt\/wittgenstein\/#breadcrumb\"},\"inLanguage\":\"nb-NO\",\"potentialAction\":[{\"@type\":\"ReadAction\",\"target\":[\"https:\/\/staging.forenteforlag.no\/pax\/produkt\/wittgenstein\/\"]}]},{\"@type\":\"BreadcrumbList\",\"@id\":\"https:\/\/staging.forenteforlag.no\/pax\/produkt\/wittgenstein\/#breadcrumb\",\"itemListElement\":[{\"@type\":\"ListItem\",\"position\":1,\"name\":\"Hjem\",\"item\":\"https:\/\/staging.forenteforlag.no\/pax\/\"},{\"@type\":\"ListItem\",\"position\":2,\"name\":\"Alle b\u00f8ker\",\"item\":\"https:\/\/staging.forenteforlag.no\/pax\/butikk\/\"},{\"@type\":\"ListItem\",\"position\":3,\"name\":\"Wittgenstein\"}]},{\"@type\":\"WebSite\",\"@id\":\"https:\/\/staging.forenteforlag.no\/pax\/#website\",\"url\":\"https:\/\/staging.forenteforlag.no\/pax\/\",\"name\":\"Pax\",\"description\":\"\",\"potentialAction\":[{\"@type\":\"SearchAction\",\"target\":{\"@type\":\"EntryPoint\",\"urlTemplate\":\"https:\/\/staging.forenteforlag.no\/pax\/?s={search_term_string}\"},\"query-input\":{\"@type\":\"PropertyValueSpecification\",\"valueRequired\":true,\"valueName\":\"search_term_string\"}}],\"inLanguage\":\"nb-NO\"}]}<\/script>\n<!-- \/ Yoast SEO plugin. -->","yoast_head_json":{"title":"Wittgenstein - Pax","robots":{"index":"noindex","follow":"follow","max-snippet":"max-snippet:-1","max-image-preview":"max-image-preview:large","max-video-preview":"max-video-preview:-1"},"og_locale":"nb_NO","og_type":"article","og_title":"Wittgenstein - Pax","og_description":"Ludwig Wittgenstein (1889-1951) skapte filosofiske omveltninger med sine to, sm\u00e5 b\u00f8ker. Posthumt utkom Philosophishe Untersuchungen i 1953. Verket skapte en helt ny form for filosofi, som s\u00e6rlig kjennetegnes ved vektlegging av hverdagsspr\u00e5kets nyanserikdom. Ordenes betydning best\u00e5r ikke i hva de betegner, men hvordan de blir brukt, hevder han.","og_url":"https:\/\/staging.forenteforlag.no\/pax\/produkt\/wittgenstein\/","og_site_name":"Pax","article_modified_time":"2026-03-04T16:56:02+00:00","og_image":[{"width":1200,"height":800,"url":"https:\/\/staging.forenteforlag.no\/pax\/wp-content\/uploads\/sites\/5\/2025\/02\/pax-hvit.jpg","type":"image\/jpeg"}],"twitter_card":"summary_large_image","schema":{"@context":"https:\/\/schema.org","@graph":[{"@type":"WebPage","@id":"https:\/\/staging.forenteforlag.no\/pax\/produkt\/wittgenstein\/","url":"https:\/\/staging.forenteforlag.no\/pax\/produkt\/wittgenstein\/","name":"Wittgenstein - Pax","isPartOf":{"@id":"https:\/\/staging.forenteforlag.no\/pax\/#website"},"datePublished":"2024-12-10T22:56:03+00:00","dateModified":"2026-03-04T16:56:02+00:00","breadcrumb":{"@id":"https:\/\/staging.forenteforlag.no\/pax\/produkt\/wittgenstein\/#breadcrumb"},"inLanguage":"nb-NO","potentialAction":[{"@type":"ReadAction","target":["https:\/\/staging.forenteforlag.no\/pax\/produkt\/wittgenstein\/"]}]},{"@type":"BreadcrumbList","@id":"https:\/\/staging.forenteforlag.no\/pax\/produkt\/wittgenstein\/#breadcrumb","itemListElement":[{"@type":"ListItem","position":1,"name":"Hjem","item":"https:\/\/staging.forenteforlag.no\/pax\/"},{"@type":"ListItem","position":2,"name":"Alle b\u00f8ker","item":"https:\/\/staging.forenteforlag.no\/pax\/butikk\/"},{"@type":"ListItem","position":3,"name":"Wittgenstein"}]},{"@type":"WebSite","@id":"https:\/\/staging.forenteforlag.no\/pax\/#website","url":"https:\/\/staging.forenteforlag.no\/pax\/","name":"Pax","description":"","potentialAction":[{"@type":"SearchAction","target":{"@type":"EntryPoint","urlTemplate":"https:\/\/staging.forenteforlag.no\/pax\/?s={search_term_string}"},"query-input":{"@type":"PropertyValueSpecification","valueRequired":true,"valueName":"search_term_string"}}],"inLanguage":"nb-NO"}]}},"_links":{"self":[{"href":"https:\/\/staging.forenteforlag.no\/pax\/wp-json\/wp\/v2\/product\/20543","targetHints":{"allow":["GET"]}}],"collection":[{"href":"https:\/\/staging.forenteforlag.no\/pax\/wp-json\/wp\/v2\/product"}],"about":[{"href":"https:\/\/staging.forenteforlag.no\/pax\/wp-json\/wp\/v2\/types\/product"}],"wp:attachment":[{"href":"https:\/\/staging.forenteforlag.no\/pax\/wp-json\/wp\/v2\/media?parent=20543"}],"wp:term":[{"taxonomy":"product_brand","embeddable":true,"href":"https:\/\/staging.forenteforlag.no\/pax\/wp-json\/wp\/v2\/product_brand?post=20543"},{"taxonomy":"product_cat","embeddable":true,"href":"https:\/\/staging.forenteforlag.no\/pax\/wp-json\/wp\/v2\/product_cat?post=20543"},{"taxonomy":"product_tag","embeddable":true,"href":"https:\/\/staging.forenteforlag.no\/pax\/wp-json\/wp\/v2\/product_tag?post=20543"}],"curies":[{"name":"wp","href":"https:\/\/api.w.org\/{rel}","templated":true}]}}