{"id":20514,"date":"2022-10-12T02:00:00","date_gmt":"2022-10-12T00:00:00","guid":{"rendered":"https:\/\/pax.forenteforlag.no\/produkt\/helsing-fra-sameland\/"},"modified":"2026-03-03T23:09:08","modified_gmt":"2026-03-03T22:09:08","slug":"helsing-fra-sameland","status":"publish","type":"product","link":"https:\/\/staging.forenteforlag.no\/pax\/produkt\/helsing-fra-sameland\/","title":{"rendered":"Helsing fr\u00e5 sameland"},"content":{"rendered":"<p>Nils-Aslak Valkeap\u00e4\u00e4 er ein av dei framste og mest banebrytande samiske kunstnarane gjennom tidene. Han debuterte som forfattar med Terveisia Lapista (Helsing fr\u00e5 Sameland), som blei gjeve ut p\u00e5 finsk i 1971 og utkom for fyrste gong p\u00e5 nynorsk p\u00e5 Pax Forlag i 1979. <\/p>\n<p>Her tek forfattaren eit kraftig oppgjer med Vesten og overgrepa og fordommane det samiske folket har blitt utsett for, og han kjem med skarp kritikk av politikken storsamfunn og styresmakter har f\u00f8rt overfor samane. Forfattaren krev retten for samane til \u00e5 leve p\u00e5 eigne vilk\u00e5r \u00f2g p\u00e5 sitt eige landomr\u00e5de, verne om kulturen, men \u00f2g utvikle og fornye han. Bodskapen i naturen, tenkjesettet til urfolk og deira forst\u00e5ing av verda er omdreiingspunktet i forfattarskapen og kunsten til Valkeap\u00e4\u00e4. <\/p>\n<p>I korte, tematiske kapittel (som til d\u00f8mes \u00abDazza\u00bb, \u00abJoik\u00bb og \u00abMors m\u00e5l\u00bb) g\u00e5r han tett p\u00e5 samisk identitet, kultur og livsf\u00f8rsel. Sj\u00f8lv om boka er 50 \u00e5r gammal, er ho diverre framleis like aktuell, i lys av p\u00e5g\u00e5ande \u00abgr\u00f8nn kolonialisering\u00bb, kulturell undertrykking og \u00f8ydelegging av landomr\u00e5de i S\u00e1pmi den dag i dag.<\/p>\n","protected":false},"excerpt":{"rendered":"<p>Nils-Aslak Valkeap\u00e4\u00e4 er ein av dei framste og mest banebrytande samiske kunstnarane gjennom tidene. Han debuterte som forfattar med Terveisia Lapista (Helsing fr\u00e5 Sameland), som blei gjeve ut p\u00e5 finsk i 1971 og utkom for fyrste gong p\u00e5 nynorsk p\u00e5 Pax Forlag i 1979. Her tek forfattaren eit kraftig oppgjer med Vesten og overgrepa og [&hellip;]<\/p>\n","protected":false},"featured_media":28461,"template":"","meta":{"_acf_changed":false,"inline_featured_image":false},"product_brand":[],"product_cat":[1782],"product_tag":[391,362,1047],"class_list":{"0":"post-20514","1":"product","2":"type-product","3":"status-publish","4":"has-post-thumbnail","6":"product_cat-fripris","7":"product_tag-diskriminering","8":"product_tag-faglitteratur","9":"product_tag-samer","11":"first","12":"outofstock","13":"shipping-taxable","14":"purchasable","15":"product-type-simple"},"acf":{"anmeldelse":[{"tekst_anmeldelser":"\u00abGjenutgivelsen av Nils-Aslak Valkeap\u00e4\u00e4s pamflett fra 1971 viser aktualiteten i den samiske kulturkritikken. [\u2026] Valkeap\u00e4\u00e4s politiske pamflett ble skrevet for et finsk publikum, men rammer den generelle behandlingen av samene i Norden \u2013 hans mange angrep p\u00e5 fordommer er like djerve som hans forsvar for samisk kultur er engasjert. [\u2026] I korte kapitler med munnrappe og tidvis k\u00e5seriaktige tekster, skildrer han den samiske kulturen, undertrykkelsens historie og fellesskapet urfolk imellom, samtidig som han ironiserer over ikke-samers fordomsfulle syn p\u00e5 S\u00e1pmi. [\u2026] Ogs\u00e5 Valkeap\u00e4\u00e4s advarsler mot \u00f8kologisk katastrofe, gj\u00f8r inntrykk i Helsing fr\u00e5 Sameland. Tidlig p\u00e5 1970-tallet sto milj\u00f8bevegelsen sterkt i Norge, men Valkeap\u00e4\u00e4s kobling av urfolksfilosofi og bevaring av naturen og artsmangfoldet, er langt mer hot i dag enn da boken ble skrevet. \u00abI dag er det verkeleg p\u00e5 tide \u00e5 ta opp til kritisk vurdering kva utvikling eigentleg er\u00bb, skriver han, og viser til at s\u00e5kalte \u00abutviklede\u00bb kulturer har utgjort verdenshistoriens st\u00f8rste fare. Det er ikke egentlig det forutseende som n\u00e5 er oppsiktsvekkende ved Valkeap\u00e4\u00e4s kritikk, men at den aldri er blitt h\u00f8rt.\u00bb","av_anmeldelser":"Carina Elisabeth Beddari","terningkast":false,"kilde":"Morgenbladet"}]},"yoast_head":"<!-- This site is optimized with the Yoast SEO plugin v26.6 - https:\/\/yoast.com\/wordpress\/plugins\/seo\/ -->\n<title>Helsing fr\u00e5 sameland - Pax<\/title>\n<meta name=\"robots\" content=\"noindex, follow, max-snippet:-1, max-image-preview:large, max-video-preview:-1\" \/>\n<meta property=\"og:locale\" content=\"nb_NO\" \/>\n<meta property=\"og:type\" content=\"article\" \/>\n<meta property=\"og:title\" content=\"Helsing fr\u00e5 sameland - Pax\" \/>\n<meta property=\"og:description\" content=\"Nils-Aslak Valkeap\u00e4\u00e4 er ein av dei framste og mest banebrytande samiske kunstnarane gjennom tidene. Han debuterte som forfattar med Terveisia Lapista (Helsing fr\u00e5 Sameland), som blei gjeve ut p\u00e5 finsk i 1971 og utkom for fyrste gong p\u00e5 nynorsk p\u00e5 Pax Forlag i 1979. Her tek forfattaren eit kraftig oppgjer med Vesten og overgrepa og [&hellip;]\" \/>\n<meta property=\"og:url\" content=\"https:\/\/staging.forenteforlag.no\/pax\/produkt\/helsing-fra-sameland\/\" \/>\n<meta property=\"og:site_name\" content=\"Pax\" \/>\n<meta property=\"article:modified_time\" content=\"2026-03-03T22:09:08+00:00\" \/>\n<meta property=\"og:image\" content=\"https:\/\/staging.forenteforlag.no\/pax\/wp-content\/uploads\/sites\/5\/2025\/08\/jpg-7002-scaled.jpg\" \/>\n\t<meta property=\"og:image:width\" content=\"1403\" \/>\n\t<meta property=\"og:image:height\" content=\"1920\" \/>\n\t<meta property=\"og:image:type\" content=\"image\/jpeg\" \/>\n<meta name=\"twitter:card\" content=\"summary_large_image\" \/>\n<meta name=\"twitter:label1\" content=\"Ansl. lesetid\" \/>\n\t<meta name=\"twitter:data1\" content=\"1 minutt\" \/>\n<script type=\"application\/ld+json\" class=\"yoast-schema-graph\">{\"@context\":\"https:\/\/schema.org\",\"@graph\":[{\"@type\":\"WebPage\",\"@id\":\"https:\/\/staging.forenteforlag.no\/pax\/produkt\/helsing-fra-sameland\/\",\"url\":\"https:\/\/staging.forenteforlag.no\/pax\/produkt\/helsing-fra-sameland\/\",\"name\":\"Helsing fr\u00e5 sameland - Pax\",\"isPartOf\":{\"@id\":\"https:\/\/staging.forenteforlag.no\/pax\/#website\"},\"primaryImageOfPage\":{\"@id\":\"https:\/\/staging.forenteforlag.no\/pax\/produkt\/helsing-fra-sameland\/#primaryimage\"},\"image\":{\"@id\":\"https:\/\/staging.forenteforlag.no\/pax\/produkt\/helsing-fra-sameland\/#primaryimage\"},\"thumbnailUrl\":\"https:\/\/staging.forenteforlag.no\/pax\/wp-content\/uploads\/sites\/5\/2025\/08\/jpg-7002-scaled.jpg\",\"datePublished\":\"2022-10-12T00:00:00+00:00\",\"dateModified\":\"2026-03-03T22:09:08+00:00\",\"breadcrumb\":{\"@id\":\"https:\/\/staging.forenteforlag.no\/pax\/produkt\/helsing-fra-sameland\/#breadcrumb\"},\"inLanguage\":\"nb-NO\",\"potentialAction\":[{\"@type\":\"ReadAction\",\"target\":[\"https:\/\/staging.forenteforlag.no\/pax\/produkt\/helsing-fra-sameland\/\"]}]},{\"@type\":\"ImageObject\",\"inLanguage\":\"nb-NO\",\"@id\":\"https:\/\/staging.forenteforlag.no\/pax\/produkt\/helsing-fra-sameland\/#primaryimage\",\"url\":\"https:\/\/staging.forenteforlag.no\/pax\/wp-content\/uploads\/sites\/5\/2025\/08\/jpg-7002-scaled.jpg\",\"contentUrl\":\"https:\/\/staging.forenteforlag.no\/pax\/wp-content\/uploads\/sites\/5\/2025\/08\/jpg-7002-scaled.jpg\",\"width\":1403,\"height\":1920},{\"@type\":\"BreadcrumbList\",\"@id\":\"https:\/\/staging.forenteforlag.no\/pax\/produkt\/helsing-fra-sameland\/#breadcrumb\",\"itemListElement\":[{\"@type\":\"ListItem\",\"position\":1,\"name\":\"Hjem\",\"item\":\"https:\/\/staging.forenteforlag.no\/pax\/\"},{\"@type\":\"ListItem\",\"position\":2,\"name\":\"Alle b\u00f8ker\",\"item\":\"https:\/\/staging.forenteforlag.no\/pax\/butikk\/\"},{\"@type\":\"ListItem\",\"position\":3,\"name\":\"Helsing fr\u00e5 sameland\"}]},{\"@type\":\"WebSite\",\"@id\":\"https:\/\/staging.forenteforlag.no\/pax\/#website\",\"url\":\"https:\/\/staging.forenteforlag.no\/pax\/\",\"name\":\"Pax\",\"description\":\"\",\"potentialAction\":[{\"@type\":\"SearchAction\",\"target\":{\"@type\":\"EntryPoint\",\"urlTemplate\":\"https:\/\/staging.forenteforlag.no\/pax\/?s={search_term_string}\"},\"query-input\":{\"@type\":\"PropertyValueSpecification\",\"valueRequired\":true,\"valueName\":\"search_term_string\"}}],\"inLanguage\":\"nb-NO\"}]}<\/script>\n<!-- \/ Yoast SEO plugin. -->","yoast_head_json":{"title":"Helsing fr\u00e5 sameland - Pax","robots":{"index":"noindex","follow":"follow","max-snippet":"max-snippet:-1","max-image-preview":"max-image-preview:large","max-video-preview":"max-video-preview:-1"},"og_locale":"nb_NO","og_type":"article","og_title":"Helsing fr\u00e5 sameland - Pax","og_description":"Nils-Aslak Valkeap\u00e4\u00e4 er ein av dei framste og mest banebrytande samiske kunstnarane gjennom tidene. Han debuterte som forfattar med Terveisia Lapista (Helsing fr\u00e5 Sameland), som blei gjeve ut p\u00e5 finsk i 1971 og utkom for fyrste gong p\u00e5 nynorsk p\u00e5 Pax Forlag i 1979. Her tek forfattaren eit kraftig oppgjer med Vesten og overgrepa og [&hellip;]","og_url":"https:\/\/staging.forenteforlag.no\/pax\/produkt\/helsing-fra-sameland\/","og_site_name":"Pax","article_modified_time":"2026-03-03T22:09:08+00:00","og_image":[{"width":1403,"height":1920,"url":"https:\/\/staging.forenteforlag.no\/pax\/wp-content\/uploads\/sites\/5\/2025\/08\/jpg-7002-scaled.jpg","type":"image\/jpeg"}],"twitter_card":"summary_large_image","twitter_misc":{"Ansl. lesetid":"1 minutt"},"schema":{"@context":"https:\/\/schema.org","@graph":[{"@type":"WebPage","@id":"https:\/\/staging.forenteforlag.no\/pax\/produkt\/helsing-fra-sameland\/","url":"https:\/\/staging.forenteforlag.no\/pax\/produkt\/helsing-fra-sameland\/","name":"Helsing fr\u00e5 sameland - Pax","isPartOf":{"@id":"https:\/\/staging.forenteforlag.no\/pax\/#website"},"primaryImageOfPage":{"@id":"https:\/\/staging.forenteforlag.no\/pax\/produkt\/helsing-fra-sameland\/#primaryimage"},"image":{"@id":"https:\/\/staging.forenteforlag.no\/pax\/produkt\/helsing-fra-sameland\/#primaryimage"},"thumbnailUrl":"https:\/\/staging.forenteforlag.no\/pax\/wp-content\/uploads\/sites\/5\/2025\/08\/jpg-7002-scaled.jpg","datePublished":"2022-10-12T00:00:00+00:00","dateModified":"2026-03-03T22:09:08+00:00","breadcrumb":{"@id":"https:\/\/staging.forenteforlag.no\/pax\/produkt\/helsing-fra-sameland\/#breadcrumb"},"inLanguage":"nb-NO","potentialAction":[{"@type":"ReadAction","target":["https:\/\/staging.forenteforlag.no\/pax\/produkt\/helsing-fra-sameland\/"]}]},{"@type":"ImageObject","inLanguage":"nb-NO","@id":"https:\/\/staging.forenteforlag.no\/pax\/produkt\/helsing-fra-sameland\/#primaryimage","url":"https:\/\/staging.forenteforlag.no\/pax\/wp-content\/uploads\/sites\/5\/2025\/08\/jpg-7002-scaled.jpg","contentUrl":"https:\/\/staging.forenteforlag.no\/pax\/wp-content\/uploads\/sites\/5\/2025\/08\/jpg-7002-scaled.jpg","width":1403,"height":1920},{"@type":"BreadcrumbList","@id":"https:\/\/staging.forenteforlag.no\/pax\/produkt\/helsing-fra-sameland\/#breadcrumb","itemListElement":[{"@type":"ListItem","position":1,"name":"Hjem","item":"https:\/\/staging.forenteforlag.no\/pax\/"},{"@type":"ListItem","position":2,"name":"Alle b\u00f8ker","item":"https:\/\/staging.forenteforlag.no\/pax\/butikk\/"},{"@type":"ListItem","position":3,"name":"Helsing fr\u00e5 sameland"}]},{"@type":"WebSite","@id":"https:\/\/staging.forenteforlag.no\/pax\/#website","url":"https:\/\/staging.forenteforlag.no\/pax\/","name":"Pax","description":"","potentialAction":[{"@type":"SearchAction","target":{"@type":"EntryPoint","urlTemplate":"https:\/\/staging.forenteforlag.no\/pax\/?s={search_term_string}"},"query-input":{"@type":"PropertyValueSpecification","valueRequired":true,"valueName":"search_term_string"}}],"inLanguage":"nb-NO"}]}},"_links":{"self":[{"href":"https:\/\/staging.forenteforlag.no\/pax\/wp-json\/wp\/v2\/product\/20514","targetHints":{"allow":["GET"]}}],"collection":[{"href":"https:\/\/staging.forenteforlag.no\/pax\/wp-json\/wp\/v2\/product"}],"about":[{"href":"https:\/\/staging.forenteforlag.no\/pax\/wp-json\/wp\/v2\/types\/product"}],"wp:featuredmedia":[{"embeddable":true,"href":"https:\/\/staging.forenteforlag.no\/pax\/wp-json\/wp\/v2\/media\/28461"}],"wp:attachment":[{"href":"https:\/\/staging.forenteforlag.no\/pax\/wp-json\/wp\/v2\/media?parent=20514"}],"wp:term":[{"taxonomy":"product_brand","embeddable":true,"href":"https:\/\/staging.forenteforlag.no\/pax\/wp-json\/wp\/v2\/product_brand?post=20514"},{"taxonomy":"product_cat","embeddable":true,"href":"https:\/\/staging.forenteforlag.no\/pax\/wp-json\/wp\/v2\/product_cat?post=20514"},{"taxonomy":"product_tag","embeddable":true,"href":"https:\/\/staging.forenteforlag.no\/pax\/wp-json\/wp\/v2\/product_tag?post=20514"}],"curies":[{"name":"wp","href":"https:\/\/api.w.org\/{rel}","templated":true}]}}