{"id":20410,"date":"2023-03-29T02:00:00","date_gmt":"2023-03-29T00:00:00","guid":{"rendered":"https:\/\/pax.forenteforlag.no\/produkt\/historien-om-anatomisk-institutt\/"},"modified":"2025-08-27T11:40:53","modified_gmt":"2025-08-27T09:40:53","slug":"historien-om-anatomisk-institutt","status":"publish","type":"product","link":"https:\/\/staging.forenteforlag.no\/pax\/produkt\/historien-om-anatomisk-institutt\/","title":{"rendered":"Historien om Anatomisk institutt"},"content":{"rendered":"<p>Norges f\u00f8rste universitet ble stiftet i Christiania, senere Oslo, i 1811, bare ett \u00e5r etter Humboldt-universitetet i Berlin &#8211; og tuftet p\u00e5 de samme europeiske ideene om forskningsbasert undervisning. Det Kongelige Frederiks Universitet ble offisielt \u00e5pnet i 1813, med fire fakulteter, det teologiske, juridiske, medisinske og filosofiske, hvorav det medisinske sto for naturvitenskapelig forskning, undervisning og formidling. Den f\u00f8rste institusjonen her, Anatomisk institutt, ble etablert i 1815 og er alts\u00e5 Norges f\u00f8rste universitetsinstitutt.  <\/p>\n<p>I denne boken, skrevet av tre tidligere professorer i medisin, fortelles instituttets historie p\u00e5 godt og vondt, ikke minst den lange striden om et hensiktsmessig husv\u00e6re, som etter vel 150 \u00e5r resulterte i ferdigstillelsen av Domus Medica.  <\/p>\n<p>Et flertall av kjente personer fra norsk medisinhistorie har v\u00e6rt knyttet til instituttet, s\u00e5 som professor Kristian Emil Schreiner, med den Schreinerske skjelettsamlingen, og professor Johan Torgersen, som ved en tilfeldighet gjenoppdaget Strindberg-manuskriptet som var havnet i instituttets gjemmer. Boken beskriver forskernes virke og knytter omtalen til fremveksten av moderne biovitenskap ute i verden.  <\/p>\n<p>Siste del av boken, om utviklingen etter tusen\u00e5rsskiftet, anlegger et kritisk perspektiv og har relevans langt ut over dette ene instituttets grenser. Her dokumenterer forfatterne endringer, s\u00e6rlig sviktende finansiell og ressursmessig st\u00f8tte til grunnforskning og sp\u00f8r: \u00abHva vil vi egentlig med v\u00e5re universiteter?\u00bb<\/p>\n","protected":false},"excerpt":{"rendered":"<p>Norges f\u00f8rste universitet ble stiftet i Christiania, senere Oslo, i 1811, bare ett \u00e5r etter Humboldt-universitetet i Berlin &#8211; og tuftet p\u00e5 de samme europeiske ideene om forskningsbasert undervisning. Det Kongelige Frederiks Universitet ble offisielt \u00e5pnet i 1813, med fire fakulteter, det teologiske, juridiske, medisinske og filosofiske, hvorav det medisinske sto for naturvitenskapelig forskning, undervisning [&hellip;]<\/p>\n","protected":false},"featured_media":28991,"template":"","meta":{"_acf_changed":false,"inline_featured_image":false},"product_brand":[],"product_cat":[1782,23],"product_tag":[362,437,448,870],"class_list":{"0":"post-20410","1":"product","2":"type-product","3":"status-publish","4":"has-post-thumbnail","6":"product_cat-fripris","7":"product_cat-historie","8":"product_tag-faglitteratur","9":"product_tag-jubileumsboker","10":"product_tag-pedagogisk-historie","11":"product_tag-universiteter-og-hogskoler","12":"pa_format-innbundet","14":"first","15":"instock","16":"shipping-taxable","17":"purchasable","18":"product-type-simple"},"acf":{"anmeldelse":null},"yoast_head":"<!-- This site is optimized with the Yoast SEO plugin v26.6 - https:\/\/yoast.com\/wordpress\/plugins\/seo\/ -->\n<title>Historien om Anatomisk institutt - Pax<\/title>\n<meta name=\"robots\" content=\"noindex, follow, max-snippet:-1, max-image-preview:large, max-video-preview:-1\" \/>\n<meta property=\"og:locale\" content=\"nb_NO\" \/>\n<meta property=\"og:type\" content=\"article\" \/>\n<meta property=\"og:title\" content=\"Historien om Anatomisk institutt - Pax\" \/>\n<meta property=\"og:description\" content=\"Norges f\u00f8rste universitet ble stiftet i Christiania, senere Oslo, i 1811, bare ett \u00e5r etter Humboldt-universitetet i Berlin &#8211; og tuftet p\u00e5 de samme europeiske ideene om forskningsbasert undervisning. Det Kongelige Frederiks Universitet ble offisielt \u00e5pnet i 1813, med fire fakulteter, det teologiske, juridiske, medisinske og filosofiske, hvorav det medisinske sto for naturvitenskapelig forskning, undervisning [&hellip;]\" \/>\n<meta property=\"og:url\" content=\"https:\/\/staging.forenteforlag.no\/pax\/produkt\/historien-om-anatomisk-institutt\/\" \/>\n<meta property=\"og:site_name\" content=\"Pax\" \/>\n<meta property=\"article:modified_time\" content=\"2025-08-27T09:40:53+00:00\" \/>\n<meta property=\"og:image\" content=\"https:\/\/staging.forenteforlag.no\/pax\/wp-content\/uploads\/sites\/5\/2025\/08\/jpg-8591-scaled-1-scaled.jpg\" \/>\n\t<meta property=\"og:image:width\" content=\"1358\" \/>\n\t<meta property=\"og:image:height\" content=\"1920\" \/>\n\t<meta property=\"og:image:type\" content=\"image\/jpeg\" \/>\n<meta name=\"twitter:card\" content=\"summary_large_image\" \/>\n<meta name=\"twitter:label1\" content=\"Ansl. lesetid\" \/>\n\t<meta name=\"twitter:data1\" content=\"1 minutt\" \/>\n<script type=\"application\/ld+json\" class=\"yoast-schema-graph\">{\"@context\":\"https:\/\/schema.org\",\"@graph\":[{\"@type\":\"WebPage\",\"@id\":\"https:\/\/staging.forenteforlag.no\/pax\/produkt\/historien-om-anatomisk-institutt\/\",\"url\":\"https:\/\/staging.forenteforlag.no\/pax\/produkt\/historien-om-anatomisk-institutt\/\",\"name\":\"Historien om Anatomisk institutt - Pax\",\"isPartOf\":{\"@id\":\"https:\/\/staging.forenteforlag.no\/pax\/#website\"},\"primaryImageOfPage\":{\"@id\":\"https:\/\/staging.forenteforlag.no\/pax\/produkt\/historien-om-anatomisk-institutt\/#primaryimage\"},\"image\":{\"@id\":\"https:\/\/staging.forenteforlag.no\/pax\/produkt\/historien-om-anatomisk-institutt\/#primaryimage\"},\"thumbnailUrl\":\"https:\/\/staging.forenteforlag.no\/pax\/wp-content\/uploads\/sites\/5\/2025\/08\/jpg-8591-scaled-1-scaled.jpg\",\"datePublished\":\"2023-03-29T00:00:00+00:00\",\"dateModified\":\"2025-08-27T09:40:53+00:00\",\"breadcrumb\":{\"@id\":\"https:\/\/staging.forenteforlag.no\/pax\/produkt\/historien-om-anatomisk-institutt\/#breadcrumb\"},\"inLanguage\":\"nb-NO\",\"potentialAction\":[{\"@type\":\"ReadAction\",\"target\":[\"https:\/\/staging.forenteforlag.no\/pax\/produkt\/historien-om-anatomisk-institutt\/\"]}]},{\"@type\":\"ImageObject\",\"inLanguage\":\"nb-NO\",\"@id\":\"https:\/\/staging.forenteforlag.no\/pax\/produkt\/historien-om-anatomisk-institutt\/#primaryimage\",\"url\":\"https:\/\/staging.forenteforlag.no\/pax\/wp-content\/uploads\/sites\/5\/2025\/08\/jpg-8591-scaled-1-scaled.jpg\",\"contentUrl\":\"https:\/\/staging.forenteforlag.no\/pax\/wp-content\/uploads\/sites\/5\/2025\/08\/jpg-8591-scaled-1-scaled.jpg\",\"width\":1358,\"height\":1920},{\"@type\":\"BreadcrumbList\",\"@id\":\"https:\/\/staging.forenteforlag.no\/pax\/produkt\/historien-om-anatomisk-institutt\/#breadcrumb\",\"itemListElement\":[{\"@type\":\"ListItem\",\"position\":1,\"name\":\"Hjem\",\"item\":\"https:\/\/staging.forenteforlag.no\/pax\/\"},{\"@type\":\"ListItem\",\"position\":2,\"name\":\"Alle b\u00f8ker\",\"item\":\"https:\/\/staging.forenteforlag.no\/pax\/butikk\/\"},{\"@type\":\"ListItem\",\"position\":3,\"name\":\"Historien om Anatomisk institutt\"}]},{\"@type\":\"WebSite\",\"@id\":\"https:\/\/staging.forenteforlag.no\/pax\/#website\",\"url\":\"https:\/\/staging.forenteforlag.no\/pax\/\",\"name\":\"Pax\",\"description\":\"\",\"potentialAction\":[{\"@type\":\"SearchAction\",\"target\":{\"@type\":\"EntryPoint\",\"urlTemplate\":\"https:\/\/staging.forenteforlag.no\/pax\/?s={search_term_string}\"},\"query-input\":{\"@type\":\"PropertyValueSpecification\",\"valueRequired\":true,\"valueName\":\"search_term_string\"}}],\"inLanguage\":\"nb-NO\"}]}<\/script>\n<!-- \/ Yoast SEO plugin. -->","yoast_head_json":{"title":"Historien om Anatomisk institutt - Pax","robots":{"index":"noindex","follow":"follow","max-snippet":"max-snippet:-1","max-image-preview":"max-image-preview:large","max-video-preview":"max-video-preview:-1"},"og_locale":"nb_NO","og_type":"article","og_title":"Historien om Anatomisk institutt - Pax","og_description":"Norges f\u00f8rste universitet ble stiftet i Christiania, senere Oslo, i 1811, bare ett \u00e5r etter Humboldt-universitetet i Berlin &#8211; og tuftet p\u00e5 de samme europeiske ideene om forskningsbasert undervisning. Det Kongelige Frederiks Universitet ble offisielt \u00e5pnet i 1813, med fire fakulteter, det teologiske, juridiske, medisinske og filosofiske, hvorav det medisinske sto for naturvitenskapelig forskning, undervisning [&hellip;]","og_url":"https:\/\/staging.forenteforlag.no\/pax\/produkt\/historien-om-anatomisk-institutt\/","og_site_name":"Pax","article_modified_time":"2025-08-27T09:40:53+00:00","og_image":[{"width":1358,"height":1920,"url":"https:\/\/staging.forenteforlag.no\/pax\/wp-content\/uploads\/sites\/5\/2025\/08\/jpg-8591-scaled-1-scaled.jpg","type":"image\/jpeg"}],"twitter_card":"summary_large_image","twitter_misc":{"Ansl. lesetid":"1 minutt"},"schema":{"@context":"https:\/\/schema.org","@graph":[{"@type":"WebPage","@id":"https:\/\/staging.forenteforlag.no\/pax\/produkt\/historien-om-anatomisk-institutt\/","url":"https:\/\/staging.forenteforlag.no\/pax\/produkt\/historien-om-anatomisk-institutt\/","name":"Historien om Anatomisk institutt - Pax","isPartOf":{"@id":"https:\/\/staging.forenteforlag.no\/pax\/#website"},"primaryImageOfPage":{"@id":"https:\/\/staging.forenteforlag.no\/pax\/produkt\/historien-om-anatomisk-institutt\/#primaryimage"},"image":{"@id":"https:\/\/staging.forenteforlag.no\/pax\/produkt\/historien-om-anatomisk-institutt\/#primaryimage"},"thumbnailUrl":"https:\/\/staging.forenteforlag.no\/pax\/wp-content\/uploads\/sites\/5\/2025\/08\/jpg-8591-scaled-1-scaled.jpg","datePublished":"2023-03-29T00:00:00+00:00","dateModified":"2025-08-27T09:40:53+00:00","breadcrumb":{"@id":"https:\/\/staging.forenteforlag.no\/pax\/produkt\/historien-om-anatomisk-institutt\/#breadcrumb"},"inLanguage":"nb-NO","potentialAction":[{"@type":"ReadAction","target":["https:\/\/staging.forenteforlag.no\/pax\/produkt\/historien-om-anatomisk-institutt\/"]}]},{"@type":"ImageObject","inLanguage":"nb-NO","@id":"https:\/\/staging.forenteforlag.no\/pax\/produkt\/historien-om-anatomisk-institutt\/#primaryimage","url":"https:\/\/staging.forenteforlag.no\/pax\/wp-content\/uploads\/sites\/5\/2025\/08\/jpg-8591-scaled-1-scaled.jpg","contentUrl":"https:\/\/staging.forenteforlag.no\/pax\/wp-content\/uploads\/sites\/5\/2025\/08\/jpg-8591-scaled-1-scaled.jpg","width":1358,"height":1920},{"@type":"BreadcrumbList","@id":"https:\/\/staging.forenteforlag.no\/pax\/produkt\/historien-om-anatomisk-institutt\/#breadcrumb","itemListElement":[{"@type":"ListItem","position":1,"name":"Hjem","item":"https:\/\/staging.forenteforlag.no\/pax\/"},{"@type":"ListItem","position":2,"name":"Alle b\u00f8ker","item":"https:\/\/staging.forenteforlag.no\/pax\/butikk\/"},{"@type":"ListItem","position":3,"name":"Historien om Anatomisk institutt"}]},{"@type":"WebSite","@id":"https:\/\/staging.forenteforlag.no\/pax\/#website","url":"https:\/\/staging.forenteforlag.no\/pax\/","name":"Pax","description":"","potentialAction":[{"@type":"SearchAction","target":{"@type":"EntryPoint","urlTemplate":"https:\/\/staging.forenteforlag.no\/pax\/?s={search_term_string}"},"query-input":{"@type":"PropertyValueSpecification","valueRequired":true,"valueName":"search_term_string"}}],"inLanguage":"nb-NO"}]}},"_links":{"self":[{"href":"https:\/\/staging.forenteforlag.no\/pax\/wp-json\/wp\/v2\/product\/20410","targetHints":{"allow":["GET"]}}],"collection":[{"href":"https:\/\/staging.forenteforlag.no\/pax\/wp-json\/wp\/v2\/product"}],"about":[{"href":"https:\/\/staging.forenteforlag.no\/pax\/wp-json\/wp\/v2\/types\/product"}],"wp:featuredmedia":[{"embeddable":true,"href":"https:\/\/staging.forenteforlag.no\/pax\/wp-json\/wp\/v2\/media\/28991"}],"wp:attachment":[{"href":"https:\/\/staging.forenteforlag.no\/pax\/wp-json\/wp\/v2\/media?parent=20410"}],"wp:term":[{"taxonomy":"product_brand","embeddable":true,"href":"https:\/\/staging.forenteforlag.no\/pax\/wp-json\/wp\/v2\/product_brand?post=20410"},{"taxonomy":"product_cat","embeddable":true,"href":"https:\/\/staging.forenteforlag.no\/pax\/wp-json\/wp\/v2\/product_cat?post=20410"},{"taxonomy":"product_tag","embeddable":true,"href":"https:\/\/staging.forenteforlag.no\/pax\/wp-json\/wp\/v2\/product_tag?post=20410"}],"curies":[{"name":"wp","href":"https:\/\/api.w.org\/{rel}","templated":true}]}}