{"id":20408,"date":"2023-03-09T01:00:00","date_gmt":"2023-03-09T00:00:00","guid":{"rendered":"https:\/\/pax.forenteforlag.no\/produkt\/stay-behind-4\/"},"modified":"2025-11-06T09:18:33","modified_gmt":"2025-11-06T08:18:33","slug":"stay-behind-4","status":"publish","type":"product","link":"https:\/\/staging.forenteforlag.no\/pax\/produkt\/stay-behind-4\/","title":{"rendered":"Stay Behind"},"content":{"rendered":"<p>F\u00f8rst i 1978 da politiet avsl\u00f8rte et stort v\u00e5penlager hjemme hos en skipsreder i Oslo, ble det kjent at det under den kalde krigen var blitt bygd opp et hemmelig okkupasjonsforsvar i Norge, i samarbeid med USA og Storbritannia. Frykten for en sovjetisk invasjon var bakgrunnen for at nordmenn ble rekruttert til Stay Behind, som skulle drive med evakuering, etterretning og sabotasje bak fiendens linjer i tilfelle okkupasjon. Forfatterne viser hvordan den hemmelige milit\u00e6ravdelingen var tuftet p\u00e5 erfaringene fra Milorg, Kompani Linge, Shetlandsgjengen og etterretningsorganisasjonene XU og 830 S. <\/p>\n<p>Basert p\u00e5 avgraderte milit\u00e6re dokumenter og intervjuer med tidligere SB-agenter, familiemedlemmer og SB-ledere, gir bind 1 en detaljert innsikt i bakgrunnen for milit\u00e6ravdelingen, hvordan den ble bygd opp og drevet under den kalde krigen. Boka viser en rekke ukjente sider ved Stay Behind &#8211; som st\u00f8tte til trafikken med U-2-fly og de hasardi\u00f8se \u00f8velsene med offensive flyoperasjoner mot Sovjet i bl.a. Nord-Norge.<\/p>\n","protected":false},"excerpt":{"rendered":"<p>F\u00f8rst i 1978 da politiet avsl\u00f8rte et stort v\u00e5penlager hjemme hos en skipsreder i Oslo, ble det kjent at det under den kalde krigen var blitt bygd opp et hemmelig okkupasjonsforsvar i Norge, i samarbeid med USA og Storbritannia. Frykten for en sovjetisk invasjon var bakgrunnen for at nordmenn ble rekruttert til Stay Behind, som [&hellip;]<\/p>\n","protected":false},"featured_media":27989,"template":"","meta":{"_acf_changed":false,"inline_featured_image":false},"product_brand":[],"product_cat":[23],"product_tag":[362],"class_list":{"0":"post-20408","1":"product","2":"type-product","3":"status-publish","4":"has-post-thumbnail","6":"product_cat-historie","7":"product_tag-faglitteratur","8":"pa_format-innbundet","10":"first","11":"midlertidig-utsolgt","12":"shipping-taxable","13":"purchasable","14":"product-type-simple"},"acf":{"anmeldelse":null},"yoast_head":"<!-- This site is optimized with the Yoast SEO plugin v26.6 - https:\/\/yoast.com\/wordpress\/plugins\/seo\/ -->\n<title>Stay Behind - Pax<\/title>\n<meta name=\"robots\" content=\"noindex, follow, max-snippet:-1, max-image-preview:large, max-video-preview:-1\" \/>\n<meta property=\"og:locale\" content=\"nb_NO\" \/>\n<meta property=\"og:type\" content=\"article\" \/>\n<meta property=\"og:title\" content=\"Stay Behind - Pax\" \/>\n<meta property=\"og:description\" content=\"F\u00f8rst i 1978 da politiet avsl\u00f8rte et stort v\u00e5penlager hjemme hos en skipsreder i Oslo, ble det kjent at det under den kalde krigen var blitt bygd opp et hemmelig okkupasjonsforsvar i Norge, i samarbeid med USA og Storbritannia. Frykten for en sovjetisk invasjon var bakgrunnen for at nordmenn ble rekruttert til Stay Behind, som [&hellip;]\" \/>\n<meta property=\"og:url\" content=\"https:\/\/staging.forenteforlag.no\/pax\/produkt\/stay-behind-4\/\" \/>\n<meta property=\"og:site_name\" content=\"Pax\" \/>\n<meta property=\"article:modified_time\" content=\"2025-11-06T08:18:33+00:00\" \/>\n<meta property=\"og:image\" content=\"https:\/\/staging.forenteforlag.no\/pax\/wp-content\/uploads\/sites\/5\/2025\/08\/jpg-5668-scaled-1-scaled.jpg\" \/>\n\t<meta property=\"og:image:width\" content=\"1370\" \/>\n\t<meta property=\"og:image:height\" content=\"1920\" \/>\n\t<meta property=\"og:image:type\" content=\"image\/jpeg\" \/>\n<meta name=\"twitter:card\" content=\"summary_large_image\" \/>\n<meta name=\"twitter:label1\" content=\"Ansl. lesetid\" \/>\n\t<meta name=\"twitter:data1\" content=\"1 minutt\" \/>\n<script type=\"application\/ld+json\" class=\"yoast-schema-graph\">{\"@context\":\"https:\/\/schema.org\",\"@graph\":[{\"@type\":\"WebPage\",\"@id\":\"https:\/\/staging.forenteforlag.no\/pax\/produkt\/stay-behind-4\/\",\"url\":\"https:\/\/staging.forenteforlag.no\/pax\/produkt\/stay-behind-4\/\",\"name\":\"Stay Behind - Pax\",\"isPartOf\":{\"@id\":\"https:\/\/staging.forenteforlag.no\/pax\/#website\"},\"primaryImageOfPage\":{\"@id\":\"https:\/\/staging.forenteforlag.no\/pax\/produkt\/stay-behind-4\/#primaryimage\"},\"image\":{\"@id\":\"https:\/\/staging.forenteforlag.no\/pax\/produkt\/stay-behind-4\/#primaryimage\"},\"thumbnailUrl\":\"https:\/\/staging.forenteforlag.no\/pax\/wp-content\/uploads\/sites\/5\/2025\/08\/jpg-5668-scaled-1-scaled.jpg\",\"datePublished\":\"2023-03-09T00:00:00+00:00\",\"dateModified\":\"2025-11-06T08:18:33+00:00\",\"breadcrumb\":{\"@id\":\"https:\/\/staging.forenteforlag.no\/pax\/produkt\/stay-behind-4\/#breadcrumb\"},\"inLanguage\":\"nb-NO\",\"potentialAction\":[{\"@type\":\"ReadAction\",\"target\":[\"https:\/\/staging.forenteforlag.no\/pax\/produkt\/stay-behind-4\/\"]}]},{\"@type\":\"ImageObject\",\"inLanguage\":\"nb-NO\",\"@id\":\"https:\/\/staging.forenteforlag.no\/pax\/produkt\/stay-behind-4\/#primaryimage\",\"url\":\"https:\/\/staging.forenteforlag.no\/pax\/wp-content\/uploads\/sites\/5\/2025\/08\/jpg-5668-scaled-1-scaled.jpg\",\"contentUrl\":\"https:\/\/staging.forenteforlag.no\/pax\/wp-content\/uploads\/sites\/5\/2025\/08\/jpg-5668-scaled-1-scaled.jpg\",\"width\":1370,\"height\":1920},{\"@type\":\"BreadcrumbList\",\"@id\":\"https:\/\/staging.forenteforlag.no\/pax\/produkt\/stay-behind-4\/#breadcrumb\",\"itemListElement\":[{\"@type\":\"ListItem\",\"position\":1,\"name\":\"Hjem\",\"item\":\"https:\/\/staging.forenteforlag.no\/pax\/\"},{\"@type\":\"ListItem\",\"position\":2,\"name\":\"Alle b\u00f8ker\",\"item\":\"https:\/\/staging.forenteforlag.no\/pax\/butikk\/\"},{\"@type\":\"ListItem\",\"position\":3,\"name\":\"Stay Behind\"}]},{\"@type\":\"WebSite\",\"@id\":\"https:\/\/staging.forenteforlag.no\/pax\/#website\",\"url\":\"https:\/\/staging.forenteforlag.no\/pax\/\",\"name\":\"Pax\",\"description\":\"\",\"potentialAction\":[{\"@type\":\"SearchAction\",\"target\":{\"@type\":\"EntryPoint\",\"urlTemplate\":\"https:\/\/staging.forenteforlag.no\/pax\/?s={search_term_string}\"},\"query-input\":{\"@type\":\"PropertyValueSpecification\",\"valueRequired\":true,\"valueName\":\"search_term_string\"}}],\"inLanguage\":\"nb-NO\"}]}<\/script>\n<!-- \/ Yoast SEO plugin. -->","yoast_head_json":{"title":"Stay Behind - Pax","robots":{"index":"noindex","follow":"follow","max-snippet":"max-snippet:-1","max-image-preview":"max-image-preview:large","max-video-preview":"max-video-preview:-1"},"og_locale":"nb_NO","og_type":"article","og_title":"Stay Behind - Pax","og_description":"F\u00f8rst i 1978 da politiet avsl\u00f8rte et stort v\u00e5penlager hjemme hos en skipsreder i Oslo, ble det kjent at det under den kalde krigen var blitt bygd opp et hemmelig okkupasjonsforsvar i Norge, i samarbeid med USA og Storbritannia. Frykten for en sovjetisk invasjon var bakgrunnen for at nordmenn ble rekruttert til Stay Behind, som [&hellip;]","og_url":"https:\/\/staging.forenteforlag.no\/pax\/produkt\/stay-behind-4\/","og_site_name":"Pax","article_modified_time":"2025-11-06T08:18:33+00:00","og_image":[{"width":1370,"height":1920,"url":"https:\/\/staging.forenteforlag.no\/pax\/wp-content\/uploads\/sites\/5\/2025\/08\/jpg-5668-scaled-1-scaled.jpg","type":"image\/jpeg"}],"twitter_card":"summary_large_image","twitter_misc":{"Ansl. lesetid":"1 minutt"},"schema":{"@context":"https:\/\/schema.org","@graph":[{"@type":"WebPage","@id":"https:\/\/staging.forenteforlag.no\/pax\/produkt\/stay-behind-4\/","url":"https:\/\/staging.forenteforlag.no\/pax\/produkt\/stay-behind-4\/","name":"Stay Behind - Pax","isPartOf":{"@id":"https:\/\/staging.forenteforlag.no\/pax\/#website"},"primaryImageOfPage":{"@id":"https:\/\/staging.forenteforlag.no\/pax\/produkt\/stay-behind-4\/#primaryimage"},"image":{"@id":"https:\/\/staging.forenteforlag.no\/pax\/produkt\/stay-behind-4\/#primaryimage"},"thumbnailUrl":"https:\/\/staging.forenteforlag.no\/pax\/wp-content\/uploads\/sites\/5\/2025\/08\/jpg-5668-scaled-1-scaled.jpg","datePublished":"2023-03-09T00:00:00+00:00","dateModified":"2025-11-06T08:18:33+00:00","breadcrumb":{"@id":"https:\/\/staging.forenteforlag.no\/pax\/produkt\/stay-behind-4\/#breadcrumb"},"inLanguage":"nb-NO","potentialAction":[{"@type":"ReadAction","target":["https:\/\/staging.forenteforlag.no\/pax\/produkt\/stay-behind-4\/"]}]},{"@type":"ImageObject","inLanguage":"nb-NO","@id":"https:\/\/staging.forenteforlag.no\/pax\/produkt\/stay-behind-4\/#primaryimage","url":"https:\/\/staging.forenteforlag.no\/pax\/wp-content\/uploads\/sites\/5\/2025\/08\/jpg-5668-scaled-1-scaled.jpg","contentUrl":"https:\/\/staging.forenteforlag.no\/pax\/wp-content\/uploads\/sites\/5\/2025\/08\/jpg-5668-scaled-1-scaled.jpg","width":1370,"height":1920},{"@type":"BreadcrumbList","@id":"https:\/\/staging.forenteforlag.no\/pax\/produkt\/stay-behind-4\/#breadcrumb","itemListElement":[{"@type":"ListItem","position":1,"name":"Hjem","item":"https:\/\/staging.forenteforlag.no\/pax\/"},{"@type":"ListItem","position":2,"name":"Alle b\u00f8ker","item":"https:\/\/staging.forenteforlag.no\/pax\/butikk\/"},{"@type":"ListItem","position":3,"name":"Stay Behind"}]},{"@type":"WebSite","@id":"https:\/\/staging.forenteforlag.no\/pax\/#website","url":"https:\/\/staging.forenteforlag.no\/pax\/","name":"Pax","description":"","potentialAction":[{"@type":"SearchAction","target":{"@type":"EntryPoint","urlTemplate":"https:\/\/staging.forenteforlag.no\/pax\/?s={search_term_string}"},"query-input":{"@type":"PropertyValueSpecification","valueRequired":true,"valueName":"search_term_string"}}],"inLanguage":"nb-NO"}]}},"_links":{"self":[{"href":"https:\/\/staging.forenteforlag.no\/pax\/wp-json\/wp\/v2\/product\/20408","targetHints":{"allow":["GET"]}}],"collection":[{"href":"https:\/\/staging.forenteforlag.no\/pax\/wp-json\/wp\/v2\/product"}],"about":[{"href":"https:\/\/staging.forenteforlag.no\/pax\/wp-json\/wp\/v2\/types\/product"}],"wp:featuredmedia":[{"embeddable":true,"href":"https:\/\/staging.forenteforlag.no\/pax\/wp-json\/wp\/v2\/media\/27989"}],"wp:attachment":[{"href":"https:\/\/staging.forenteforlag.no\/pax\/wp-json\/wp\/v2\/media?parent=20408"}],"wp:term":[{"taxonomy":"product_brand","embeddable":true,"href":"https:\/\/staging.forenteforlag.no\/pax\/wp-json\/wp\/v2\/product_brand?post=20408"},{"taxonomy":"product_cat","embeddable":true,"href":"https:\/\/staging.forenteforlag.no\/pax\/wp-json\/wp\/v2\/product_cat?post=20408"},{"taxonomy":"product_tag","embeddable":true,"href":"https:\/\/staging.forenteforlag.no\/pax\/wp-json\/wp\/v2\/product_tag?post=20408"}],"curies":[{"name":"wp","href":"https:\/\/api.w.org\/{rel}","templated":true}]}}