{"id":20406,"date":"2023-09-11T02:00:00","date_gmt":"2023-09-11T00:00:00","guid":{"rendered":"https:\/\/pax.forenteforlag.no\/produkt\/modernismens-billedkunst-i-norge\/"},"modified":"2025-08-27T09:50:55","modified_gmt":"2025-08-27T07:50:55","slug":"modernismens-billedkunst-i-norge","status":"publish","type":"product","link":"https:\/\/staging.forenteforlag.no\/pax\/produkt\/modernismens-billedkunst-i-norge\/","title":{"rendered":"Modernismens billedkunst i Norge"},"content":{"rendered":"<p>Kvinners stilleben ses p\u00e5 som en feminin sjanger, gjerne med kunsthistorikernes medlidende \u00f8yne. I en tid da kvinner ikke kunne bevege seg like fritt som menn, har man g\u00e5tt ut fra at dette var et av f\u00e5 motivtyper som var tilgjengelige for dem: motiver som finnes innenfor hjemmets fire vegger, som blomster, frukt og porselenssk\u00e5ler. N\u00e5r mannlige kunstnere i samme periode maler stilleben &#8211; blomster, frukt, vaser &#8211; blir det derimot sett p\u00e5 som genialt og beundringsverdig, som avantgardistisk brytningskunst og malerisk eksperimentering. Hvorfor er det slik? Har kvinnelige malere virkelig hatt s\u00e5 begrensede kunstnerliv? Maler menn s\u00e5 mye bedre? Finnes det sentrale kvinnelige modernister i norsk kunst? Er det heller snakk om kritikerne og kunsthistorikernes fordomsfulle briller? For f\u00f8rste gang blir historien om norsk modernistisk maleri &#8211; fra cirka 1870 til 1930-tallet &#8211; presentert uten menn. Denne boka er en feministisk aksjon. <\/p>\n<p>Boka presenterer malerier av kjente navn som Harriet Backer, Kitty Kielland, Asta N\u00f8rregaard og Oda Krohg, men ogs\u00e5 en lang rekke mindre kjente kunstnere, som Signe Scheel, Leis Schjelderup, Mathilde Dietrichson og Charlotte Wankel.<\/p>\n","protected":false},"excerpt":{"rendered":"<p>Kvinners stilleben ses p\u00e5 som en feminin sjanger, gjerne med kunsthistorikernes medlidende \u00f8yne. I en tid da kvinner ikke kunne bevege seg like fritt som menn, har man g\u00e5tt ut fra at dette var et av f\u00e5 motivtyper som var tilgjengelige for dem: motiver som finnes innenfor hjemmets fire vegger, som blomster, frukt og porselenssk\u00e5ler. [&hellip;]<\/p>\n","protected":false},"featured_media":28562,"template":"","meta":{"_acf_changed":false,"inline_featured_image":false},"product_brand":[],"product_cat":[1782,26,1791],"product_tag":[453,399,362,457,380,384,439],"class_list":{"0":"post-20406","1":"product","2":"type-product","3":"status-publish","4":"has-post-thumbnail","6":"product_cat-fripris","7":"product_cat-kunst-og-kultur","8":"product_cat-tilbud","9":"product_tag-1850-1899","10":"product_tag-1900-1945","11":"product_tag-faglitteratur","12":"product_tag-kunsthistorie","13":"product_tag-kvinner","14":"product_tag-malerkunst","15":"product_tag-nord-norge","16":"pa_format-innbundet","18":"first","19":"instock","20":"shipping-taxable","21":"purchasable","22":"product-type-simple"},"acf":{"anmeldelse":null},"yoast_head":"<!-- This site is optimized with the Yoast SEO plugin v26.6 - https:\/\/yoast.com\/wordpress\/plugins\/seo\/ -->\n<title>Modernismens billedkunst i Norge - Pax<\/title>\n<meta name=\"robots\" content=\"noindex, follow, max-snippet:-1, max-image-preview:large, max-video-preview:-1\" \/>\n<meta property=\"og:locale\" content=\"nb_NO\" \/>\n<meta property=\"og:type\" content=\"article\" \/>\n<meta property=\"og:title\" content=\"Modernismens billedkunst i Norge - Pax\" \/>\n<meta property=\"og:description\" content=\"Kvinners stilleben ses p\u00e5 som en feminin sjanger, gjerne med kunsthistorikernes medlidende \u00f8yne. I en tid da kvinner ikke kunne bevege seg like fritt som menn, har man g\u00e5tt ut fra at dette var et av f\u00e5 motivtyper som var tilgjengelige for dem: motiver som finnes innenfor hjemmets fire vegger, som blomster, frukt og porselenssk\u00e5ler. [&hellip;]\" \/>\n<meta property=\"og:url\" content=\"https:\/\/staging.forenteforlag.no\/pax\/produkt\/modernismens-billedkunst-i-norge\/\" \/>\n<meta property=\"og:site_name\" content=\"Pax\" \/>\n<meta property=\"article:modified_time\" content=\"2025-08-27T07:50:55+00:00\" \/>\n<meta property=\"og:image\" content=\"https:\/\/staging.forenteforlag.no\/pax\/wp-content\/uploads\/sites\/5\/2025\/08\/jpg-7313-scaled.jpg\" \/>\n\t<meta property=\"og:image:width\" content=\"1342\" \/>\n\t<meta property=\"og:image:height\" content=\"1920\" \/>\n\t<meta property=\"og:image:type\" content=\"image\/jpeg\" \/>\n<meta name=\"twitter:card\" content=\"summary_large_image\" \/>\n<meta name=\"twitter:label1\" content=\"Ansl. lesetid\" \/>\n\t<meta name=\"twitter:data1\" content=\"1 minutt\" \/>\n<script type=\"application\/ld+json\" class=\"yoast-schema-graph\">{\"@context\":\"https:\/\/schema.org\",\"@graph\":[{\"@type\":\"WebPage\",\"@id\":\"https:\/\/staging.forenteforlag.no\/pax\/produkt\/modernismens-billedkunst-i-norge\/\",\"url\":\"https:\/\/staging.forenteforlag.no\/pax\/produkt\/modernismens-billedkunst-i-norge\/\",\"name\":\"Modernismens billedkunst i Norge - Pax\",\"isPartOf\":{\"@id\":\"https:\/\/staging.forenteforlag.no\/pax\/#website\"},\"primaryImageOfPage\":{\"@id\":\"https:\/\/staging.forenteforlag.no\/pax\/produkt\/modernismens-billedkunst-i-norge\/#primaryimage\"},\"image\":{\"@id\":\"https:\/\/staging.forenteforlag.no\/pax\/produkt\/modernismens-billedkunst-i-norge\/#primaryimage\"},\"thumbnailUrl\":\"https:\/\/staging.forenteforlag.no\/pax\/wp-content\/uploads\/sites\/5\/2025\/08\/jpg-7313-scaled.jpg\",\"datePublished\":\"2023-09-11T00:00:00+00:00\",\"dateModified\":\"2025-08-27T07:50:55+00:00\",\"breadcrumb\":{\"@id\":\"https:\/\/staging.forenteforlag.no\/pax\/produkt\/modernismens-billedkunst-i-norge\/#breadcrumb\"},\"inLanguage\":\"nb-NO\",\"potentialAction\":[{\"@type\":\"ReadAction\",\"target\":[\"https:\/\/staging.forenteforlag.no\/pax\/produkt\/modernismens-billedkunst-i-norge\/\"]}]},{\"@type\":\"ImageObject\",\"inLanguage\":\"nb-NO\",\"@id\":\"https:\/\/staging.forenteforlag.no\/pax\/produkt\/modernismens-billedkunst-i-norge\/#primaryimage\",\"url\":\"https:\/\/staging.forenteforlag.no\/pax\/wp-content\/uploads\/sites\/5\/2025\/08\/jpg-7313-scaled.jpg\",\"contentUrl\":\"https:\/\/staging.forenteforlag.no\/pax\/wp-content\/uploads\/sites\/5\/2025\/08\/jpg-7313-scaled.jpg\",\"width\":1342,\"height\":1920},{\"@type\":\"BreadcrumbList\",\"@id\":\"https:\/\/staging.forenteforlag.no\/pax\/produkt\/modernismens-billedkunst-i-norge\/#breadcrumb\",\"itemListElement\":[{\"@type\":\"ListItem\",\"position\":1,\"name\":\"Hjem\",\"item\":\"https:\/\/staging.forenteforlag.no\/pax\/\"},{\"@type\":\"ListItem\",\"position\":2,\"name\":\"Alle b\u00f8ker\",\"item\":\"https:\/\/staging.forenteforlag.no\/pax\/butikk\/\"},{\"@type\":\"ListItem\",\"position\":3,\"name\":\"Modernismens billedkunst i Norge\"}]},{\"@type\":\"WebSite\",\"@id\":\"https:\/\/staging.forenteforlag.no\/pax\/#website\",\"url\":\"https:\/\/staging.forenteforlag.no\/pax\/\",\"name\":\"Pax\",\"description\":\"\",\"potentialAction\":[{\"@type\":\"SearchAction\",\"target\":{\"@type\":\"EntryPoint\",\"urlTemplate\":\"https:\/\/staging.forenteforlag.no\/pax\/?s={search_term_string}\"},\"query-input\":{\"@type\":\"PropertyValueSpecification\",\"valueRequired\":true,\"valueName\":\"search_term_string\"}}],\"inLanguage\":\"nb-NO\"}]}<\/script>\n<!-- \/ Yoast SEO plugin. -->","yoast_head_json":{"title":"Modernismens billedkunst i Norge - Pax","robots":{"index":"noindex","follow":"follow","max-snippet":"max-snippet:-1","max-image-preview":"max-image-preview:large","max-video-preview":"max-video-preview:-1"},"og_locale":"nb_NO","og_type":"article","og_title":"Modernismens billedkunst i Norge - Pax","og_description":"Kvinners stilleben ses p\u00e5 som en feminin sjanger, gjerne med kunsthistorikernes medlidende \u00f8yne. I en tid da kvinner ikke kunne bevege seg like fritt som menn, har man g\u00e5tt ut fra at dette var et av f\u00e5 motivtyper som var tilgjengelige for dem: motiver som finnes innenfor hjemmets fire vegger, som blomster, frukt og porselenssk\u00e5ler. [&hellip;]","og_url":"https:\/\/staging.forenteforlag.no\/pax\/produkt\/modernismens-billedkunst-i-norge\/","og_site_name":"Pax","article_modified_time":"2025-08-27T07:50:55+00:00","og_image":[{"width":1342,"height":1920,"url":"https:\/\/staging.forenteforlag.no\/pax\/wp-content\/uploads\/sites\/5\/2025\/08\/jpg-7313-scaled.jpg","type":"image\/jpeg"}],"twitter_card":"summary_large_image","twitter_misc":{"Ansl. lesetid":"1 minutt"},"schema":{"@context":"https:\/\/schema.org","@graph":[{"@type":"WebPage","@id":"https:\/\/staging.forenteforlag.no\/pax\/produkt\/modernismens-billedkunst-i-norge\/","url":"https:\/\/staging.forenteforlag.no\/pax\/produkt\/modernismens-billedkunst-i-norge\/","name":"Modernismens billedkunst i Norge - Pax","isPartOf":{"@id":"https:\/\/staging.forenteforlag.no\/pax\/#website"},"primaryImageOfPage":{"@id":"https:\/\/staging.forenteforlag.no\/pax\/produkt\/modernismens-billedkunst-i-norge\/#primaryimage"},"image":{"@id":"https:\/\/staging.forenteforlag.no\/pax\/produkt\/modernismens-billedkunst-i-norge\/#primaryimage"},"thumbnailUrl":"https:\/\/staging.forenteforlag.no\/pax\/wp-content\/uploads\/sites\/5\/2025\/08\/jpg-7313-scaled.jpg","datePublished":"2023-09-11T00:00:00+00:00","dateModified":"2025-08-27T07:50:55+00:00","breadcrumb":{"@id":"https:\/\/staging.forenteforlag.no\/pax\/produkt\/modernismens-billedkunst-i-norge\/#breadcrumb"},"inLanguage":"nb-NO","potentialAction":[{"@type":"ReadAction","target":["https:\/\/staging.forenteforlag.no\/pax\/produkt\/modernismens-billedkunst-i-norge\/"]}]},{"@type":"ImageObject","inLanguage":"nb-NO","@id":"https:\/\/staging.forenteforlag.no\/pax\/produkt\/modernismens-billedkunst-i-norge\/#primaryimage","url":"https:\/\/staging.forenteforlag.no\/pax\/wp-content\/uploads\/sites\/5\/2025\/08\/jpg-7313-scaled.jpg","contentUrl":"https:\/\/staging.forenteforlag.no\/pax\/wp-content\/uploads\/sites\/5\/2025\/08\/jpg-7313-scaled.jpg","width":1342,"height":1920},{"@type":"BreadcrumbList","@id":"https:\/\/staging.forenteforlag.no\/pax\/produkt\/modernismens-billedkunst-i-norge\/#breadcrumb","itemListElement":[{"@type":"ListItem","position":1,"name":"Hjem","item":"https:\/\/staging.forenteforlag.no\/pax\/"},{"@type":"ListItem","position":2,"name":"Alle b\u00f8ker","item":"https:\/\/staging.forenteforlag.no\/pax\/butikk\/"},{"@type":"ListItem","position":3,"name":"Modernismens billedkunst i Norge"}]},{"@type":"WebSite","@id":"https:\/\/staging.forenteforlag.no\/pax\/#website","url":"https:\/\/staging.forenteforlag.no\/pax\/","name":"Pax","description":"","potentialAction":[{"@type":"SearchAction","target":{"@type":"EntryPoint","urlTemplate":"https:\/\/staging.forenteforlag.no\/pax\/?s={search_term_string}"},"query-input":{"@type":"PropertyValueSpecification","valueRequired":true,"valueName":"search_term_string"}}],"inLanguage":"nb-NO"}]}},"_links":{"self":[{"href":"https:\/\/staging.forenteforlag.no\/pax\/wp-json\/wp\/v2\/product\/20406","targetHints":{"allow":["GET"]}}],"collection":[{"href":"https:\/\/staging.forenteforlag.no\/pax\/wp-json\/wp\/v2\/product"}],"about":[{"href":"https:\/\/staging.forenteforlag.no\/pax\/wp-json\/wp\/v2\/types\/product"}],"wp:featuredmedia":[{"embeddable":true,"href":"https:\/\/staging.forenteforlag.no\/pax\/wp-json\/wp\/v2\/media\/28562"}],"wp:attachment":[{"href":"https:\/\/staging.forenteforlag.no\/pax\/wp-json\/wp\/v2\/media?parent=20406"}],"wp:term":[{"taxonomy":"product_brand","embeddable":true,"href":"https:\/\/staging.forenteforlag.no\/pax\/wp-json\/wp\/v2\/product_brand?post=20406"},{"taxonomy":"product_cat","embeddable":true,"href":"https:\/\/staging.forenteforlag.no\/pax\/wp-json\/wp\/v2\/product_cat?post=20406"},{"taxonomy":"product_tag","embeddable":true,"href":"https:\/\/staging.forenteforlag.no\/pax\/wp-json\/wp\/v2\/product_tag?post=20406"}],"curies":[{"name":"wp","href":"https:\/\/api.w.org\/{rel}","templated":true}]}}