{"id":20400,"date":"2022-11-01T01:00:00","date_gmt":"2022-11-01T00:00:00","guid":{"rendered":"https:\/\/pax.forenteforlag.no\/produkt\/blodige-historier-2\/"},"modified":"2025-08-27T14:11:45","modified_gmt":"2025-08-27T12:11:45","slug":"blodige-historier-2","status":"publish","type":"product","link":"https:\/\/staging.forenteforlag.no\/pax\/produkt\/blodige-historier-2\/","title":{"rendered":"Blodige historier"},"content":{"rendered":"<p>Visste du at hvis vi legger alle blod\u00e5rene i kroppen etter hverandre, ville de strekke seg to og en halv ganger rundt jordkloden? At \u00e5 drikke blod fra henrettede ble ansett som virkningsfullt mot epilepsi langt utover 1800 -tallet? Eller at den russiske tronarvingen Aleksejs bl\u00f8dersykdom bidro til tsarrikets fall? <\/p>\n<p>Blodets hovedoppgave er \u00e5 holde oss i live. I denne boken presenterer Bernward Zeller, spesialist i barnesykdommer med spesialekspertise i blod- og kreftsykdommer, et knippe forbl\u00f8ffende historier om blodet du ikke har h\u00f8rt tidligere. <\/p>\n<p>I tillegg kan vi lese om hvordan blodet er bygget opp og hva slags funksjoner det har i kroppen. Hva som skjer n\u00e5r det oppst\u00e5r sykdom i blodet, og hva legene kan gj\u00f8re for \u00e5 kurere blodsykdommer i dag &#8211; og i fremtiden.<\/p>\n","protected":false},"excerpt":{"rendered":"<p>Visste du at hvis vi legger alle blod\u00e5rene i kroppen etter hverandre, ville de strekke seg to og en halv ganger rundt jordkloden? At \u00e5 drikke blod fra henrettede ble ansett som virkningsfullt mot epilepsi langt utover 1800 -tallet? Eller at den russiske tronarvingen Aleksejs bl\u00f8dersykdom bidro til tsarrikets fall? Blodets hovedoppgave er \u00e5 holde [&hellip;]<\/p>\n","protected":false},"featured_media":28928,"template":"","meta":{"_acf_changed":false,"inline_featured_image":false},"product_brand":[],"product_cat":[1782,25,34],"product_tag":[1129,362],"class_list":{"0":"post-20400","1":"product","2":"type-product","3":"status-publish","4":"has-post-thumbnail","6":"product_cat-fripris","7":"product_cat-kropp-og-sinn","8":"product_cat-teknikk-og-populaervitenskap","9":"product_tag-blodet","10":"product_tag-faglitteratur","11":"pa_format-innbundet","13":"first","14":"outofstock","15":"shipping-taxable","16":"purchasable","17":"product-type-simple"},"acf":{"anmeldelse":null},"yoast_head":"<!-- This site is optimized with the Yoast SEO plugin v26.6 - https:\/\/yoast.com\/wordpress\/plugins\/seo\/ -->\n<title>Blodige historier - Pax<\/title>\n<meta name=\"robots\" content=\"noindex, follow, max-snippet:-1, max-image-preview:large, max-video-preview:-1\" \/>\n<meta property=\"og:locale\" content=\"nb_NO\" \/>\n<meta property=\"og:type\" content=\"article\" \/>\n<meta property=\"og:title\" content=\"Blodige historier - Pax\" \/>\n<meta property=\"og:description\" content=\"Visste du at hvis vi legger alle blod\u00e5rene i kroppen etter hverandre, ville de strekke seg to og en halv ganger rundt jordkloden? At \u00e5 drikke blod fra henrettede ble ansett som virkningsfullt mot epilepsi langt utover 1800 -tallet? Eller at den russiske tronarvingen Aleksejs bl\u00f8dersykdom bidro til tsarrikets fall? Blodets hovedoppgave er \u00e5 holde [&hellip;]\" \/>\n<meta property=\"og:url\" content=\"https:\/\/staging.forenteforlag.no\/pax\/produkt\/blodige-historier-2\/\" \/>\n<meta property=\"og:site_name\" content=\"Pax\" \/>\n<meta property=\"article:modified_time\" content=\"2025-08-27T12:11:45+00:00\" \/>\n<meta property=\"og:image\" content=\"https:\/\/staging.forenteforlag.no\/pax\/wp-content\/uploads\/sites\/5\/2025\/08\/jpg-8383-scaled-1-scaled.jpg\" \/>\n\t<meta property=\"og:image:width\" content=\"1351\" \/>\n\t<meta property=\"og:image:height\" content=\"1920\" \/>\n\t<meta property=\"og:image:type\" content=\"image\/jpeg\" \/>\n<meta name=\"twitter:card\" content=\"summary_large_image\" \/>\n<meta name=\"twitter:label1\" content=\"Ansl. lesetid\" \/>\n\t<meta name=\"twitter:data1\" content=\"1 minutt\" \/>\n<script type=\"application\/ld+json\" class=\"yoast-schema-graph\">{\"@context\":\"https:\/\/schema.org\",\"@graph\":[{\"@type\":\"WebPage\",\"@id\":\"https:\/\/staging.forenteforlag.no\/pax\/produkt\/blodige-historier-2\/\",\"url\":\"https:\/\/staging.forenteforlag.no\/pax\/produkt\/blodige-historier-2\/\",\"name\":\"Blodige historier - Pax\",\"isPartOf\":{\"@id\":\"https:\/\/staging.forenteforlag.no\/pax\/#website\"},\"primaryImageOfPage\":{\"@id\":\"https:\/\/staging.forenteforlag.no\/pax\/produkt\/blodige-historier-2\/#primaryimage\"},\"image\":{\"@id\":\"https:\/\/staging.forenteforlag.no\/pax\/produkt\/blodige-historier-2\/#primaryimage\"},\"thumbnailUrl\":\"https:\/\/staging.forenteforlag.no\/pax\/wp-content\/uploads\/sites\/5\/2025\/08\/jpg-8383-scaled-1-scaled.jpg\",\"datePublished\":\"2022-11-01T00:00:00+00:00\",\"dateModified\":\"2025-08-27T12:11:45+00:00\",\"breadcrumb\":{\"@id\":\"https:\/\/staging.forenteforlag.no\/pax\/produkt\/blodige-historier-2\/#breadcrumb\"},\"inLanguage\":\"nb-NO\",\"potentialAction\":[{\"@type\":\"ReadAction\",\"target\":[\"https:\/\/staging.forenteforlag.no\/pax\/produkt\/blodige-historier-2\/\"]}]},{\"@type\":\"ImageObject\",\"inLanguage\":\"nb-NO\",\"@id\":\"https:\/\/staging.forenteforlag.no\/pax\/produkt\/blodige-historier-2\/#primaryimage\",\"url\":\"https:\/\/staging.forenteforlag.no\/pax\/wp-content\/uploads\/sites\/5\/2025\/08\/jpg-8383-scaled-1-scaled.jpg\",\"contentUrl\":\"https:\/\/staging.forenteforlag.no\/pax\/wp-content\/uploads\/sites\/5\/2025\/08\/jpg-8383-scaled-1-scaled.jpg\",\"width\":1351,\"height\":1920},{\"@type\":\"BreadcrumbList\",\"@id\":\"https:\/\/staging.forenteforlag.no\/pax\/produkt\/blodige-historier-2\/#breadcrumb\",\"itemListElement\":[{\"@type\":\"ListItem\",\"position\":1,\"name\":\"Hjem\",\"item\":\"https:\/\/staging.forenteforlag.no\/pax\/\"},{\"@type\":\"ListItem\",\"position\":2,\"name\":\"Alle b\u00f8ker\",\"item\":\"https:\/\/staging.forenteforlag.no\/pax\/butikk\/\"},{\"@type\":\"ListItem\",\"position\":3,\"name\":\"Blodige historier\"}]},{\"@type\":\"WebSite\",\"@id\":\"https:\/\/staging.forenteforlag.no\/pax\/#website\",\"url\":\"https:\/\/staging.forenteforlag.no\/pax\/\",\"name\":\"Pax\",\"description\":\"\",\"potentialAction\":[{\"@type\":\"SearchAction\",\"target\":{\"@type\":\"EntryPoint\",\"urlTemplate\":\"https:\/\/staging.forenteforlag.no\/pax\/?s={search_term_string}\"},\"query-input\":{\"@type\":\"PropertyValueSpecification\",\"valueRequired\":true,\"valueName\":\"search_term_string\"}}],\"inLanguage\":\"nb-NO\"}]}<\/script>\n<!-- \/ Yoast SEO plugin. -->","yoast_head_json":{"title":"Blodige historier - Pax","robots":{"index":"noindex","follow":"follow","max-snippet":"max-snippet:-1","max-image-preview":"max-image-preview:large","max-video-preview":"max-video-preview:-1"},"og_locale":"nb_NO","og_type":"article","og_title":"Blodige historier - Pax","og_description":"Visste du at hvis vi legger alle blod\u00e5rene i kroppen etter hverandre, ville de strekke seg to og en halv ganger rundt jordkloden? At \u00e5 drikke blod fra henrettede ble ansett som virkningsfullt mot epilepsi langt utover 1800 -tallet? Eller at den russiske tronarvingen Aleksejs bl\u00f8dersykdom bidro til tsarrikets fall? Blodets hovedoppgave er \u00e5 holde [&hellip;]","og_url":"https:\/\/staging.forenteforlag.no\/pax\/produkt\/blodige-historier-2\/","og_site_name":"Pax","article_modified_time":"2025-08-27T12:11:45+00:00","og_image":[{"width":1351,"height":1920,"url":"https:\/\/staging.forenteforlag.no\/pax\/wp-content\/uploads\/sites\/5\/2025\/08\/jpg-8383-scaled-1-scaled.jpg","type":"image\/jpeg"}],"twitter_card":"summary_large_image","twitter_misc":{"Ansl. lesetid":"1 minutt"},"schema":{"@context":"https:\/\/schema.org","@graph":[{"@type":"WebPage","@id":"https:\/\/staging.forenteforlag.no\/pax\/produkt\/blodige-historier-2\/","url":"https:\/\/staging.forenteforlag.no\/pax\/produkt\/blodige-historier-2\/","name":"Blodige historier - Pax","isPartOf":{"@id":"https:\/\/staging.forenteforlag.no\/pax\/#website"},"primaryImageOfPage":{"@id":"https:\/\/staging.forenteforlag.no\/pax\/produkt\/blodige-historier-2\/#primaryimage"},"image":{"@id":"https:\/\/staging.forenteforlag.no\/pax\/produkt\/blodige-historier-2\/#primaryimage"},"thumbnailUrl":"https:\/\/staging.forenteforlag.no\/pax\/wp-content\/uploads\/sites\/5\/2025\/08\/jpg-8383-scaled-1-scaled.jpg","datePublished":"2022-11-01T00:00:00+00:00","dateModified":"2025-08-27T12:11:45+00:00","breadcrumb":{"@id":"https:\/\/staging.forenteforlag.no\/pax\/produkt\/blodige-historier-2\/#breadcrumb"},"inLanguage":"nb-NO","potentialAction":[{"@type":"ReadAction","target":["https:\/\/staging.forenteforlag.no\/pax\/produkt\/blodige-historier-2\/"]}]},{"@type":"ImageObject","inLanguage":"nb-NO","@id":"https:\/\/staging.forenteforlag.no\/pax\/produkt\/blodige-historier-2\/#primaryimage","url":"https:\/\/staging.forenteforlag.no\/pax\/wp-content\/uploads\/sites\/5\/2025\/08\/jpg-8383-scaled-1-scaled.jpg","contentUrl":"https:\/\/staging.forenteforlag.no\/pax\/wp-content\/uploads\/sites\/5\/2025\/08\/jpg-8383-scaled-1-scaled.jpg","width":1351,"height":1920},{"@type":"BreadcrumbList","@id":"https:\/\/staging.forenteforlag.no\/pax\/produkt\/blodige-historier-2\/#breadcrumb","itemListElement":[{"@type":"ListItem","position":1,"name":"Hjem","item":"https:\/\/staging.forenteforlag.no\/pax\/"},{"@type":"ListItem","position":2,"name":"Alle b\u00f8ker","item":"https:\/\/staging.forenteforlag.no\/pax\/butikk\/"},{"@type":"ListItem","position":3,"name":"Blodige historier"}]},{"@type":"WebSite","@id":"https:\/\/staging.forenteforlag.no\/pax\/#website","url":"https:\/\/staging.forenteforlag.no\/pax\/","name":"Pax","description":"","potentialAction":[{"@type":"SearchAction","target":{"@type":"EntryPoint","urlTemplate":"https:\/\/staging.forenteforlag.no\/pax\/?s={search_term_string}"},"query-input":{"@type":"PropertyValueSpecification","valueRequired":true,"valueName":"search_term_string"}}],"inLanguage":"nb-NO"}]}},"_links":{"self":[{"href":"https:\/\/staging.forenteforlag.no\/pax\/wp-json\/wp\/v2\/product\/20400","targetHints":{"allow":["GET"]}}],"collection":[{"href":"https:\/\/staging.forenteforlag.no\/pax\/wp-json\/wp\/v2\/product"}],"about":[{"href":"https:\/\/staging.forenteforlag.no\/pax\/wp-json\/wp\/v2\/types\/product"}],"wp:featuredmedia":[{"embeddable":true,"href":"https:\/\/staging.forenteforlag.no\/pax\/wp-json\/wp\/v2\/media\/28928"}],"wp:attachment":[{"href":"https:\/\/staging.forenteforlag.no\/pax\/wp-json\/wp\/v2\/media?parent=20400"}],"wp:term":[{"taxonomy":"product_brand","embeddable":true,"href":"https:\/\/staging.forenteforlag.no\/pax\/wp-json\/wp\/v2\/product_brand?post=20400"},{"taxonomy":"product_cat","embeddable":true,"href":"https:\/\/staging.forenteforlag.no\/pax\/wp-json\/wp\/v2\/product_cat?post=20400"},{"taxonomy":"product_tag","embeddable":true,"href":"https:\/\/staging.forenteforlag.no\/pax\/wp-json\/wp\/v2\/product_tag?post=20400"}],"curies":[{"name":"wp","href":"https:\/\/api.w.org\/{rel}","templated":true}]}}