{"id":20378,"date":"2018-10-01T02:00:00","date_gmt":"2018-10-01T00:00:00","guid":{"rendered":"https:\/\/pax.forenteforlag.no\/produkt\/pa-hoye-haeler-i-amerika\/"},"modified":"2025-11-06T09:33:24","modified_gmt":"2025-11-06T08:33:24","slug":"pa-hoye-haeler-i-amerika","status":"publish","type":"product","link":"https:\/\/staging.forenteforlag.no\/pax\/produkt\/pa-hoye-haeler-i-amerika\/","title":{"rendered":"P\u00e5 h\u00f8ye h\u00e6ler i Amerika"},"content":{"rendered":"<p>Hvorfor dro ugifte Agder-kvinner til New York i \u00e5rene 1946-1965? Hva s\u00f8kte de og hva fant de i Amerika? De kom fra det pietistiske S\u00f8rlandet. I det nye landet fikk de l\u00f8nnet arbeid, men ogs\u00e5 en fullstendig ny tilv\u00e6relse. Men innvandrerkvinnene tilpasset seg nye normer. \u00abAlle ble affecta av den amerikanske stilen\u00bb, som en av dem sa. De ble moderne kvinner. <\/p>\n<p>I Amerika endret s\u00f8rlandskvinnene stil og levem\u00e5te. De brukte leppestift, tok permanent og fikk klippet h\u00e5ret kort. De barberte leggene og gikk med nylonstr\u00f8mper og h\u00f8yh\u00e6lte sko. De arbeidet p\u00e5 kontor, r\u00f8kte sigaretter og gikk p\u00e5 kino. De levde med storbypuls, varehus og elektriske produkter. De fikk et annet syn p\u00e5 kropp, religion og livsutfoldelse. P\u00e5 h\u00f8ye h\u00e6ler i Amerika erfarte kvinnene en ny form for selvstendighet &#8211; og frihet. De fleste vendte hjem til Norge, og tok skikkene med seg. Ikke bare var de selv blitt transformert; for all framtid forvandlet de ogs\u00e5 det norske samfunnet.<\/p>\n","protected":false},"excerpt":{"rendered":"<p>Hvorfor dro ugifte Agder-kvinner til New York i \u00e5rene 1946-1965? Hva s\u00f8kte de og hva fant de i Amerika? De kom fra det pietistiske S\u00f8rlandet. I det nye landet fikk de l\u00f8nnet arbeid, men ogs\u00e5 en fullstendig ny tilv\u00e6relse. Men innvandrerkvinnene tilpasset seg nye normer. \u00abAlle ble affecta av den amerikanske stilen\u00bb, som en av [&hellip;]<\/p>\n","protected":false},"featured_media":29422,"template":"","meta":{"_acf_changed":false,"inline_featured_image":false},"product_brand":[],"product_cat":[23],"product_tag":[362],"class_list":{"0":"post-20378","1":"product","2":"type-product","3":"status-publish","4":"has-post-thumbnail","6":"product_cat-historie","7":"product_tag-faglitteratur","8":"pa_format-innbundet","10":"first","11":"outofstock","12":"shipping-taxable","13":"purchasable","14":"product-type-simple"},"acf":{"anmeldelse":null},"yoast_head":"<!-- This site is optimized with the Yoast SEO plugin v26.6 - https:\/\/yoast.com\/wordpress\/plugins\/seo\/ -->\n<title>P\u00e5 h\u00f8ye h\u00e6ler i Amerika - Pax<\/title>\n<meta name=\"robots\" content=\"noindex, follow, max-snippet:-1, max-image-preview:large, max-video-preview:-1\" \/>\n<meta property=\"og:locale\" content=\"nb_NO\" \/>\n<meta property=\"og:type\" content=\"article\" \/>\n<meta property=\"og:title\" content=\"P\u00e5 h\u00f8ye h\u00e6ler i Amerika - Pax\" \/>\n<meta property=\"og:description\" content=\"Hvorfor dro ugifte Agder-kvinner til New York i \u00e5rene 1946-1965? Hva s\u00f8kte de og hva fant de i Amerika? De kom fra det pietistiske S\u00f8rlandet. I det nye landet fikk de l\u00f8nnet arbeid, men ogs\u00e5 en fullstendig ny tilv\u00e6relse. Men innvandrerkvinnene tilpasset seg nye normer. \u00abAlle ble affecta av den amerikanske stilen\u00bb, som en av [&hellip;]\" \/>\n<meta property=\"og:url\" content=\"https:\/\/staging.forenteforlag.no\/pax\/produkt\/pa-hoye-haeler-i-amerika\/\" \/>\n<meta property=\"og:site_name\" content=\"Pax\" \/>\n<meta property=\"article:modified_time\" content=\"2025-11-06T08:33:24+00:00\" \/>\n<meta property=\"og:image\" content=\"https:\/\/staging.forenteforlag.no\/pax\/wp-content\/uploads\/sites\/5\/2025\/08\/jpg-9892-scaled-1-scaled.jpg\" \/>\n\t<meta property=\"og:image:width\" content=\"1371\" \/>\n\t<meta property=\"og:image:height\" content=\"1920\" \/>\n\t<meta property=\"og:image:type\" content=\"image\/jpeg\" \/>\n<meta name=\"twitter:card\" content=\"summary_large_image\" \/>\n<meta name=\"twitter:label1\" content=\"Ansl. lesetid\" \/>\n\t<meta name=\"twitter:data1\" content=\"1 minutt\" \/>\n<script type=\"application\/ld+json\" class=\"yoast-schema-graph\">{\"@context\":\"https:\/\/schema.org\",\"@graph\":[{\"@type\":\"WebPage\",\"@id\":\"https:\/\/staging.forenteforlag.no\/pax\/produkt\/pa-hoye-haeler-i-amerika\/\",\"url\":\"https:\/\/staging.forenteforlag.no\/pax\/produkt\/pa-hoye-haeler-i-amerika\/\",\"name\":\"P\u00e5 h\u00f8ye h\u00e6ler i Amerika - Pax\",\"isPartOf\":{\"@id\":\"https:\/\/staging.forenteforlag.no\/pax\/#website\"},\"primaryImageOfPage\":{\"@id\":\"https:\/\/staging.forenteforlag.no\/pax\/produkt\/pa-hoye-haeler-i-amerika\/#primaryimage\"},\"image\":{\"@id\":\"https:\/\/staging.forenteforlag.no\/pax\/produkt\/pa-hoye-haeler-i-amerika\/#primaryimage\"},\"thumbnailUrl\":\"https:\/\/staging.forenteforlag.no\/pax\/wp-content\/uploads\/sites\/5\/2025\/08\/jpg-9892-scaled-1-scaled.jpg\",\"datePublished\":\"2018-10-01T00:00:00+00:00\",\"dateModified\":\"2025-11-06T08:33:24+00:00\",\"breadcrumb\":{\"@id\":\"https:\/\/staging.forenteforlag.no\/pax\/produkt\/pa-hoye-haeler-i-amerika\/#breadcrumb\"},\"inLanguage\":\"nb-NO\",\"potentialAction\":[{\"@type\":\"ReadAction\",\"target\":[\"https:\/\/staging.forenteforlag.no\/pax\/produkt\/pa-hoye-haeler-i-amerika\/\"]}]},{\"@type\":\"ImageObject\",\"inLanguage\":\"nb-NO\",\"@id\":\"https:\/\/staging.forenteforlag.no\/pax\/produkt\/pa-hoye-haeler-i-amerika\/#primaryimage\",\"url\":\"https:\/\/staging.forenteforlag.no\/pax\/wp-content\/uploads\/sites\/5\/2025\/08\/jpg-9892-scaled-1-scaled.jpg\",\"contentUrl\":\"https:\/\/staging.forenteforlag.no\/pax\/wp-content\/uploads\/sites\/5\/2025\/08\/jpg-9892-scaled-1-scaled.jpg\",\"width\":1371,\"height\":1920},{\"@type\":\"BreadcrumbList\",\"@id\":\"https:\/\/staging.forenteforlag.no\/pax\/produkt\/pa-hoye-haeler-i-amerika\/#breadcrumb\",\"itemListElement\":[{\"@type\":\"ListItem\",\"position\":1,\"name\":\"Hjem\",\"item\":\"https:\/\/staging.forenteforlag.no\/pax\/\"},{\"@type\":\"ListItem\",\"position\":2,\"name\":\"Alle b\u00f8ker\",\"item\":\"https:\/\/staging.forenteforlag.no\/pax\/butikk\/\"},{\"@type\":\"ListItem\",\"position\":3,\"name\":\"P\u00e5 h\u00f8ye h\u00e6ler i Amerika\"}]},{\"@type\":\"WebSite\",\"@id\":\"https:\/\/staging.forenteforlag.no\/pax\/#website\",\"url\":\"https:\/\/staging.forenteforlag.no\/pax\/\",\"name\":\"Pax\",\"description\":\"\",\"potentialAction\":[{\"@type\":\"SearchAction\",\"target\":{\"@type\":\"EntryPoint\",\"urlTemplate\":\"https:\/\/staging.forenteforlag.no\/pax\/?s={search_term_string}\"},\"query-input\":{\"@type\":\"PropertyValueSpecification\",\"valueRequired\":true,\"valueName\":\"search_term_string\"}}],\"inLanguage\":\"nb-NO\"}]}<\/script>\n<!-- \/ Yoast SEO plugin. -->","yoast_head_json":{"title":"P\u00e5 h\u00f8ye h\u00e6ler i Amerika - Pax","robots":{"index":"noindex","follow":"follow","max-snippet":"max-snippet:-1","max-image-preview":"max-image-preview:large","max-video-preview":"max-video-preview:-1"},"og_locale":"nb_NO","og_type":"article","og_title":"P\u00e5 h\u00f8ye h\u00e6ler i Amerika - Pax","og_description":"Hvorfor dro ugifte Agder-kvinner til New York i \u00e5rene 1946-1965? Hva s\u00f8kte de og hva fant de i Amerika? De kom fra det pietistiske S\u00f8rlandet. I det nye landet fikk de l\u00f8nnet arbeid, men ogs\u00e5 en fullstendig ny tilv\u00e6relse. Men innvandrerkvinnene tilpasset seg nye normer. \u00abAlle ble affecta av den amerikanske stilen\u00bb, som en av [&hellip;]","og_url":"https:\/\/staging.forenteforlag.no\/pax\/produkt\/pa-hoye-haeler-i-amerika\/","og_site_name":"Pax","article_modified_time":"2025-11-06T08:33:24+00:00","og_image":[{"width":1371,"height":1920,"url":"https:\/\/staging.forenteforlag.no\/pax\/wp-content\/uploads\/sites\/5\/2025\/08\/jpg-9892-scaled-1-scaled.jpg","type":"image\/jpeg"}],"twitter_card":"summary_large_image","twitter_misc":{"Ansl. lesetid":"1 minutt"},"schema":{"@context":"https:\/\/schema.org","@graph":[{"@type":"WebPage","@id":"https:\/\/staging.forenteforlag.no\/pax\/produkt\/pa-hoye-haeler-i-amerika\/","url":"https:\/\/staging.forenteforlag.no\/pax\/produkt\/pa-hoye-haeler-i-amerika\/","name":"P\u00e5 h\u00f8ye h\u00e6ler i Amerika - Pax","isPartOf":{"@id":"https:\/\/staging.forenteforlag.no\/pax\/#website"},"primaryImageOfPage":{"@id":"https:\/\/staging.forenteforlag.no\/pax\/produkt\/pa-hoye-haeler-i-amerika\/#primaryimage"},"image":{"@id":"https:\/\/staging.forenteforlag.no\/pax\/produkt\/pa-hoye-haeler-i-amerika\/#primaryimage"},"thumbnailUrl":"https:\/\/staging.forenteforlag.no\/pax\/wp-content\/uploads\/sites\/5\/2025\/08\/jpg-9892-scaled-1-scaled.jpg","datePublished":"2018-10-01T00:00:00+00:00","dateModified":"2025-11-06T08:33:24+00:00","breadcrumb":{"@id":"https:\/\/staging.forenteforlag.no\/pax\/produkt\/pa-hoye-haeler-i-amerika\/#breadcrumb"},"inLanguage":"nb-NO","potentialAction":[{"@type":"ReadAction","target":["https:\/\/staging.forenteforlag.no\/pax\/produkt\/pa-hoye-haeler-i-amerika\/"]}]},{"@type":"ImageObject","inLanguage":"nb-NO","@id":"https:\/\/staging.forenteforlag.no\/pax\/produkt\/pa-hoye-haeler-i-amerika\/#primaryimage","url":"https:\/\/staging.forenteforlag.no\/pax\/wp-content\/uploads\/sites\/5\/2025\/08\/jpg-9892-scaled-1-scaled.jpg","contentUrl":"https:\/\/staging.forenteforlag.no\/pax\/wp-content\/uploads\/sites\/5\/2025\/08\/jpg-9892-scaled-1-scaled.jpg","width":1371,"height":1920},{"@type":"BreadcrumbList","@id":"https:\/\/staging.forenteforlag.no\/pax\/produkt\/pa-hoye-haeler-i-amerika\/#breadcrumb","itemListElement":[{"@type":"ListItem","position":1,"name":"Hjem","item":"https:\/\/staging.forenteforlag.no\/pax\/"},{"@type":"ListItem","position":2,"name":"Alle b\u00f8ker","item":"https:\/\/staging.forenteforlag.no\/pax\/butikk\/"},{"@type":"ListItem","position":3,"name":"P\u00e5 h\u00f8ye h\u00e6ler i Amerika"}]},{"@type":"WebSite","@id":"https:\/\/staging.forenteforlag.no\/pax\/#website","url":"https:\/\/staging.forenteforlag.no\/pax\/","name":"Pax","description":"","potentialAction":[{"@type":"SearchAction","target":{"@type":"EntryPoint","urlTemplate":"https:\/\/staging.forenteforlag.no\/pax\/?s={search_term_string}"},"query-input":{"@type":"PropertyValueSpecification","valueRequired":true,"valueName":"search_term_string"}}],"inLanguage":"nb-NO"}]}},"_links":{"self":[{"href":"https:\/\/staging.forenteforlag.no\/pax\/wp-json\/wp\/v2\/product\/20378","targetHints":{"allow":["GET"]}}],"collection":[{"href":"https:\/\/staging.forenteforlag.no\/pax\/wp-json\/wp\/v2\/product"}],"about":[{"href":"https:\/\/staging.forenteforlag.no\/pax\/wp-json\/wp\/v2\/types\/product"}],"wp:featuredmedia":[{"embeddable":true,"href":"https:\/\/staging.forenteforlag.no\/pax\/wp-json\/wp\/v2\/media\/29422"}],"wp:attachment":[{"href":"https:\/\/staging.forenteforlag.no\/pax\/wp-json\/wp\/v2\/media?parent=20378"}],"wp:term":[{"taxonomy":"product_brand","embeddable":true,"href":"https:\/\/staging.forenteforlag.no\/pax\/wp-json\/wp\/v2\/product_brand?post=20378"},{"taxonomy":"product_cat","embeddable":true,"href":"https:\/\/staging.forenteforlag.no\/pax\/wp-json\/wp\/v2\/product_cat?post=20378"},{"taxonomy":"product_tag","embeddable":true,"href":"https:\/\/staging.forenteforlag.no\/pax\/wp-json\/wp\/v2\/product_tag?post=20378"}],"curies":[{"name":"wp","href":"https:\/\/api.w.org\/{rel}","templated":true}]}}