{"id":20367,"date":"2017-01-04T01:00:00","date_gmt":"2017-01-04T00:00:00","guid":{"rendered":"https:\/\/pax.forenteforlag.no\/produkt\/penger-i-paradis\/"},"modified":"2025-08-27T08:32:30","modified_gmt":"2025-08-27T06:32:30","slug":"penger-i-paradis","status":"publish","type":"product","link":"https:\/\/staging.forenteforlag.no\/pax\/produkt\/penger-i-paradis\/","title":{"rendered":"Penger i paradis"},"content":{"rendered":"<p>To av landets mest legendariske skipsredere var ogs\u00e5 to av landets mest beryktede skatteunndragere. Jakten p\u00e5 de skjulte formuene til Anders Jahre og Hilmar Reksten har g\u00e5tt som f\u00f8ljetonger i norsk media i flere ti\u00e5r. De to var p\u00e5 mange m\u00e5ter pionerer i \u00e5 skjule sine inntekter for norske myndigheter ved \u00e5 opprette selskaper i skatteparadiser, deriblant Panama. Sakene har n\u00e5 f\u00e5tt en endelig slutt i rettssystemet, og kan fortelles i sin helhet, selv om det gjenst\u00e5r ubesvarte sp\u00f8rsm\u00e5l: Fant man alt? Er det deler av formuene som ikke ble hentet hjem?  <\/p>\n<p>I denne boken gir Trond Gram en velskrevet, spennende og opplysende fremstilling av kampen mellom skipsrederne og de norske myndighetene i et \u00f8konomisk, politisk og juridisk spill av enorme dimensjoner. Det var en jakt som kostet flere hundre millioner kroner, men som la grunnlaget for norske myndigheters arbeid med \u00e5 avdekke bruken av skatteparadiser. Historien er tidvis fortalt som en thriller, og gir en unik inngang til \u00e5 forst\u00e5 det globale systemet av pengetransaksjoner som de nylige avsl\u00f8ringene av Panamapapirene har lagt for dagen.<\/p>\n","protected":false},"excerpt":{"rendered":"<p>To av landets mest legendariske skipsredere var ogs\u00e5 to av landets mest beryktede skatteunndragere. Jakten p\u00e5 de skjulte formuene til Anders Jahre og Hilmar Reksten har g\u00e5tt som f\u00f8ljetonger i norsk media i flere ti\u00e5r. De to var p\u00e5 mange m\u00e5ter pionerer i \u00e5 skjule sine inntekter for norske myndigheter ved \u00e5 opprette selskaper i [&hellip;]<\/p>\n","protected":false},"featured_media":28196,"template":"","meta":{"_acf_changed":false,"inline_featured_image":false},"product_brand":[],"product_cat":[1782,32],"product_tag":[362,1736],"class_list":{"0":"post-20367","1":"product","2":"type-product","3":"status-publish","4":"has-post-thumbnail","6":"product_cat-fripris","7":"product_cat-samfunn-og-politikk","8":"product_tag-faglitteratur","9":"product_tag-skatteunndragelse","10":"pa_format-innbundet","12":"first","13":"outofstock","14":"shipping-taxable","15":"purchasable","16":"product-type-simple"},"acf":{"anmeldelse":null},"yoast_head":"<!-- This site is optimized with the Yoast SEO plugin v26.6 - https:\/\/yoast.com\/wordpress\/plugins\/seo\/ -->\n<title>Penger i paradis - Pax<\/title>\n<meta name=\"robots\" content=\"noindex, follow, max-snippet:-1, max-image-preview:large, max-video-preview:-1\" \/>\n<meta property=\"og:locale\" content=\"nb_NO\" \/>\n<meta property=\"og:type\" content=\"article\" \/>\n<meta property=\"og:title\" content=\"Penger i paradis - Pax\" \/>\n<meta property=\"og:description\" content=\"To av landets mest legendariske skipsredere var ogs\u00e5 to av landets mest beryktede skatteunndragere. Jakten p\u00e5 de skjulte formuene til Anders Jahre og Hilmar Reksten har g\u00e5tt som f\u00f8ljetonger i norsk media i flere ti\u00e5r. De to var p\u00e5 mange m\u00e5ter pionerer i \u00e5 skjule sine inntekter for norske myndigheter ved \u00e5 opprette selskaper i [&hellip;]\" \/>\n<meta property=\"og:url\" content=\"https:\/\/staging.forenteforlag.no\/pax\/produkt\/penger-i-paradis\/\" \/>\n<meta property=\"og:site_name\" content=\"Pax\" \/>\n<meta property=\"article:modified_time\" content=\"2025-08-27T06:32:30+00:00\" \/>\n<meta property=\"og:image\" content=\"https:\/\/staging.forenteforlag.no\/pax\/wp-content\/uploads\/sites\/5\/2025\/08\/jpg-6252-scaled-1-scaled.jpg\" \/>\n\t<meta property=\"og:image:width\" content=\"1357\" \/>\n\t<meta property=\"og:image:height\" content=\"1920\" \/>\n\t<meta property=\"og:image:type\" content=\"image\/jpeg\" \/>\n<meta name=\"twitter:card\" content=\"summary_large_image\" \/>\n<meta name=\"twitter:label1\" content=\"Ansl. lesetid\" \/>\n\t<meta name=\"twitter:data1\" content=\"1 minutt\" \/>\n<script type=\"application\/ld+json\" class=\"yoast-schema-graph\">{\"@context\":\"https:\/\/schema.org\",\"@graph\":[{\"@type\":\"WebPage\",\"@id\":\"https:\/\/staging.forenteforlag.no\/pax\/produkt\/penger-i-paradis\/\",\"url\":\"https:\/\/staging.forenteforlag.no\/pax\/produkt\/penger-i-paradis\/\",\"name\":\"Penger i paradis - Pax\",\"isPartOf\":{\"@id\":\"https:\/\/staging.forenteforlag.no\/pax\/#website\"},\"primaryImageOfPage\":{\"@id\":\"https:\/\/staging.forenteforlag.no\/pax\/produkt\/penger-i-paradis\/#primaryimage\"},\"image\":{\"@id\":\"https:\/\/staging.forenteforlag.no\/pax\/produkt\/penger-i-paradis\/#primaryimage\"},\"thumbnailUrl\":\"https:\/\/staging.forenteforlag.no\/pax\/wp-content\/uploads\/sites\/5\/2025\/08\/jpg-6252-scaled-1-scaled.jpg\",\"datePublished\":\"2017-01-04T00:00:00+00:00\",\"dateModified\":\"2025-08-27T06:32:30+00:00\",\"breadcrumb\":{\"@id\":\"https:\/\/staging.forenteforlag.no\/pax\/produkt\/penger-i-paradis\/#breadcrumb\"},\"inLanguage\":\"nb-NO\",\"potentialAction\":[{\"@type\":\"ReadAction\",\"target\":[\"https:\/\/staging.forenteforlag.no\/pax\/produkt\/penger-i-paradis\/\"]}]},{\"@type\":\"ImageObject\",\"inLanguage\":\"nb-NO\",\"@id\":\"https:\/\/staging.forenteforlag.no\/pax\/produkt\/penger-i-paradis\/#primaryimage\",\"url\":\"https:\/\/staging.forenteforlag.no\/pax\/wp-content\/uploads\/sites\/5\/2025\/08\/jpg-6252-scaled-1-scaled.jpg\",\"contentUrl\":\"https:\/\/staging.forenteforlag.no\/pax\/wp-content\/uploads\/sites\/5\/2025\/08\/jpg-6252-scaled-1-scaled.jpg\",\"width\":1357,\"height\":1920},{\"@type\":\"BreadcrumbList\",\"@id\":\"https:\/\/staging.forenteforlag.no\/pax\/produkt\/penger-i-paradis\/#breadcrumb\",\"itemListElement\":[{\"@type\":\"ListItem\",\"position\":1,\"name\":\"Hjem\",\"item\":\"https:\/\/staging.forenteforlag.no\/pax\/\"},{\"@type\":\"ListItem\",\"position\":2,\"name\":\"Alle b\u00f8ker\",\"item\":\"https:\/\/staging.forenteforlag.no\/pax\/butikk\/\"},{\"@type\":\"ListItem\",\"position\":3,\"name\":\"Penger i paradis\"}]},{\"@type\":\"WebSite\",\"@id\":\"https:\/\/staging.forenteforlag.no\/pax\/#website\",\"url\":\"https:\/\/staging.forenteforlag.no\/pax\/\",\"name\":\"Pax\",\"description\":\"\",\"potentialAction\":[{\"@type\":\"SearchAction\",\"target\":{\"@type\":\"EntryPoint\",\"urlTemplate\":\"https:\/\/staging.forenteforlag.no\/pax\/?s={search_term_string}\"},\"query-input\":{\"@type\":\"PropertyValueSpecification\",\"valueRequired\":true,\"valueName\":\"search_term_string\"}}],\"inLanguage\":\"nb-NO\"}]}<\/script>\n<!-- \/ Yoast SEO plugin. -->","yoast_head_json":{"title":"Penger i paradis - Pax","robots":{"index":"noindex","follow":"follow","max-snippet":"max-snippet:-1","max-image-preview":"max-image-preview:large","max-video-preview":"max-video-preview:-1"},"og_locale":"nb_NO","og_type":"article","og_title":"Penger i paradis - Pax","og_description":"To av landets mest legendariske skipsredere var ogs\u00e5 to av landets mest beryktede skatteunndragere. Jakten p\u00e5 de skjulte formuene til Anders Jahre og Hilmar Reksten har g\u00e5tt som f\u00f8ljetonger i norsk media i flere ti\u00e5r. De to var p\u00e5 mange m\u00e5ter pionerer i \u00e5 skjule sine inntekter for norske myndigheter ved \u00e5 opprette selskaper i [&hellip;]","og_url":"https:\/\/staging.forenteforlag.no\/pax\/produkt\/penger-i-paradis\/","og_site_name":"Pax","article_modified_time":"2025-08-27T06:32:30+00:00","og_image":[{"width":1357,"height":1920,"url":"https:\/\/staging.forenteforlag.no\/pax\/wp-content\/uploads\/sites\/5\/2025\/08\/jpg-6252-scaled-1-scaled.jpg","type":"image\/jpeg"}],"twitter_card":"summary_large_image","twitter_misc":{"Ansl. lesetid":"1 minutt"},"schema":{"@context":"https:\/\/schema.org","@graph":[{"@type":"WebPage","@id":"https:\/\/staging.forenteforlag.no\/pax\/produkt\/penger-i-paradis\/","url":"https:\/\/staging.forenteforlag.no\/pax\/produkt\/penger-i-paradis\/","name":"Penger i paradis - Pax","isPartOf":{"@id":"https:\/\/staging.forenteforlag.no\/pax\/#website"},"primaryImageOfPage":{"@id":"https:\/\/staging.forenteforlag.no\/pax\/produkt\/penger-i-paradis\/#primaryimage"},"image":{"@id":"https:\/\/staging.forenteforlag.no\/pax\/produkt\/penger-i-paradis\/#primaryimage"},"thumbnailUrl":"https:\/\/staging.forenteforlag.no\/pax\/wp-content\/uploads\/sites\/5\/2025\/08\/jpg-6252-scaled-1-scaled.jpg","datePublished":"2017-01-04T00:00:00+00:00","dateModified":"2025-08-27T06:32:30+00:00","breadcrumb":{"@id":"https:\/\/staging.forenteforlag.no\/pax\/produkt\/penger-i-paradis\/#breadcrumb"},"inLanguage":"nb-NO","potentialAction":[{"@type":"ReadAction","target":["https:\/\/staging.forenteforlag.no\/pax\/produkt\/penger-i-paradis\/"]}]},{"@type":"ImageObject","inLanguage":"nb-NO","@id":"https:\/\/staging.forenteforlag.no\/pax\/produkt\/penger-i-paradis\/#primaryimage","url":"https:\/\/staging.forenteforlag.no\/pax\/wp-content\/uploads\/sites\/5\/2025\/08\/jpg-6252-scaled-1-scaled.jpg","contentUrl":"https:\/\/staging.forenteforlag.no\/pax\/wp-content\/uploads\/sites\/5\/2025\/08\/jpg-6252-scaled-1-scaled.jpg","width":1357,"height":1920},{"@type":"BreadcrumbList","@id":"https:\/\/staging.forenteforlag.no\/pax\/produkt\/penger-i-paradis\/#breadcrumb","itemListElement":[{"@type":"ListItem","position":1,"name":"Hjem","item":"https:\/\/staging.forenteforlag.no\/pax\/"},{"@type":"ListItem","position":2,"name":"Alle b\u00f8ker","item":"https:\/\/staging.forenteforlag.no\/pax\/butikk\/"},{"@type":"ListItem","position":3,"name":"Penger i paradis"}]},{"@type":"WebSite","@id":"https:\/\/staging.forenteforlag.no\/pax\/#website","url":"https:\/\/staging.forenteforlag.no\/pax\/","name":"Pax","description":"","potentialAction":[{"@type":"SearchAction","target":{"@type":"EntryPoint","urlTemplate":"https:\/\/staging.forenteforlag.no\/pax\/?s={search_term_string}"},"query-input":{"@type":"PropertyValueSpecification","valueRequired":true,"valueName":"search_term_string"}}],"inLanguage":"nb-NO"}]}},"_links":{"self":[{"href":"https:\/\/staging.forenteforlag.no\/pax\/wp-json\/wp\/v2\/product\/20367","targetHints":{"allow":["GET"]}}],"collection":[{"href":"https:\/\/staging.forenteforlag.no\/pax\/wp-json\/wp\/v2\/product"}],"about":[{"href":"https:\/\/staging.forenteforlag.no\/pax\/wp-json\/wp\/v2\/types\/product"}],"wp:featuredmedia":[{"embeddable":true,"href":"https:\/\/staging.forenteforlag.no\/pax\/wp-json\/wp\/v2\/media\/28196"}],"wp:attachment":[{"href":"https:\/\/staging.forenteforlag.no\/pax\/wp-json\/wp\/v2\/media?parent=20367"}],"wp:term":[{"taxonomy":"product_brand","embeddable":true,"href":"https:\/\/staging.forenteforlag.no\/pax\/wp-json\/wp\/v2\/product_brand?post=20367"},{"taxonomy":"product_cat","embeddable":true,"href":"https:\/\/staging.forenteforlag.no\/pax\/wp-json\/wp\/v2\/product_cat?post=20367"},{"taxonomy":"product_tag","embeddable":true,"href":"https:\/\/staging.forenteforlag.no\/pax\/wp-json\/wp\/v2\/product_tag?post=20367"}],"curies":[{"name":"wp","href":"https:\/\/api.w.org\/{rel}","templated":true}]}}