{"id":20337,"date":"2000-03-12T16:42:10","date_gmt":"2000-03-12T15:42:10","guid":{"rendered":"https:\/\/pax.forenteforlag.no\/produkt\/oyet-og-anden\/"},"modified":"2026-03-04T20:03:25","modified_gmt":"2026-03-04T19:03:25","slug":"oyet-og-anden","status":"publish","type":"product","link":"https:\/\/staging.forenteforlag.no\/pax\/produkt\/oyet-og-anden\/","title":{"rendered":"\u00d8yet og \u00e5nden"},"content":{"rendered":"<p>Malerkunstens problemer anskueliggj\u00f8r kroppens g\u00e5te, og kroppens g\u00e5te anskueliggj\u00f8r malerkunstens problemer.<br \/>\nDet er ved \u00e5 l\u00e5ne verden sin kropp at maleren forvandler verden til maleri. Maleren er ubestridelig suveren i sin fortolkning av verden som han utf\u00f8rer uten noen annen &laquo;teknikk&raquo; enn den hans \u00f8yne og hender erverver seg ved uopph\u00f8rlig \u00e5 se og male; utrettelig i sin bestrebelse for \u00e5 fravriste verden lerreter. Hvilken hemmelig vitenskap er det han besitter eller s\u00f8ker? Ikke den vitenskapelige som vil gj\u00f8re verden til sitt objekt, men en vitenskap som kan f\u00f8lge verden i dens tilsynekomst.<br \/>\nDet &laquo;verdens \u00f8yeblikk&raquo; som Cezanne ville male og som for lengst er svunnet, springer oss fortsatt i m\u00f8te p\u00e5 hans lerreter, og hans Montagne Sainte-Victorie kommer atter og atter til syne hver gang vi betrakter det i hans bilder.<\/p>\n","protected":false},"excerpt":{"rendered":"<p>Malerkunstens problemer anskueliggj\u00f8r kroppens g\u00e5te, og kroppens g\u00e5te anskueliggj\u00f8r malerkunstens problemer. Det er ved \u00e5 l\u00e5ne verden sin kropp at maleren forvandler verden til maleri. Maleren er ubestridelig suveren i sin fortolkning av verden som han utf\u00f8rer uten noen annen &laquo;teknikk&raquo; enn den hans \u00f8yne og hender erverver seg ved uopph\u00f8rlig \u00e5 se og male; [&hellip;]<\/p>\n","protected":false},"featured_media":30053,"template":"","meta":{"_acf_changed":false,"inline_featured_image":false},"product_brand":[],"product_cat":[1782],"product_tag":[362,384],"class_list":{"0":"post-20337","1":"product","2":"type-product","3":"status-publish","4":"has-post-thumbnail","6":"product_cat-fripris","7":"product_tag-faglitteratur","8":"product_tag-malerkunst","10":"first","11":"instock","12":"shipping-taxable","13":"purchasable","14":"product-type-simple"},"acf":{"anmeldelse":null},"yoast_head":"<!-- This site is optimized with the Yoast SEO plugin v26.6 - https:\/\/yoast.com\/wordpress\/plugins\/seo\/ -->\n<title>\u00d8yet og \u00e5nden - Pax<\/title>\n<meta name=\"robots\" content=\"noindex, follow, max-snippet:-1, max-image-preview:large, max-video-preview:-1\" \/>\n<meta property=\"og:locale\" content=\"nb_NO\" \/>\n<meta property=\"og:type\" content=\"article\" \/>\n<meta property=\"og:title\" content=\"\u00d8yet og \u00e5nden - Pax\" \/>\n<meta property=\"og:description\" content=\"Malerkunstens problemer anskueliggj\u00f8r kroppens g\u00e5te, og kroppens g\u00e5te anskueliggj\u00f8r malerkunstens problemer. Det er ved \u00e5 l\u00e5ne verden sin kropp at maleren forvandler verden til maleri. Maleren er ubestridelig suveren i sin fortolkning av verden som han utf\u00f8rer uten noen annen &laquo;teknikk&raquo; enn den hans \u00f8yne og hender erverver seg ved uopph\u00f8rlig \u00e5 se og male; [&hellip;]\" \/>\n<meta property=\"og:url\" content=\"https:\/\/staging.forenteforlag.no\/pax\/produkt\/oyet-og-anden\/\" \/>\n<meta property=\"og:site_name\" content=\"Pax\" \/>\n<meta property=\"article:modified_time\" content=\"2026-03-04T19:03:25+00:00\" \/>\n<meta property=\"og:image\" content=\"https:\/\/staging.forenteforlag.no\/pax\/wp-content\/uploads\/sites\/5\/2026\/03\/9788253021621.jpg\" \/>\n\t<meta property=\"og:image:width\" content=\"720\" \/>\n\t<meta property=\"og:image:height\" content=\"1035\" \/>\n\t<meta property=\"og:image:type\" content=\"image\/jpeg\" \/>\n<meta name=\"twitter:card\" content=\"summary_large_image\" \/>\n<meta name=\"twitter:label1\" content=\"Ansl. lesetid\" \/>\n\t<meta name=\"twitter:data1\" content=\"1 minutt\" \/>\n<script type=\"application\/ld+json\" class=\"yoast-schema-graph\">{\"@context\":\"https:\/\/schema.org\",\"@graph\":[{\"@type\":\"WebPage\",\"@id\":\"https:\/\/staging.forenteforlag.no\/pax\/produkt\/oyet-og-anden\/\",\"url\":\"https:\/\/staging.forenteforlag.no\/pax\/produkt\/oyet-og-anden\/\",\"name\":\"\u00d8yet og \u00e5nden - Pax\",\"isPartOf\":{\"@id\":\"https:\/\/staging.forenteforlag.no\/pax\/#website\"},\"primaryImageOfPage\":{\"@id\":\"https:\/\/staging.forenteforlag.no\/pax\/produkt\/oyet-og-anden\/#primaryimage\"},\"image\":{\"@id\":\"https:\/\/staging.forenteforlag.no\/pax\/produkt\/oyet-og-anden\/#primaryimage\"},\"thumbnailUrl\":\"https:\/\/staging.forenteforlag.no\/pax\/wp-content\/uploads\/sites\/5\/2026\/03\/9788253021621.jpg\",\"datePublished\":\"2000-03-12T15:42:10+00:00\",\"dateModified\":\"2026-03-04T19:03:25+00:00\",\"breadcrumb\":{\"@id\":\"https:\/\/staging.forenteforlag.no\/pax\/produkt\/oyet-og-anden\/#breadcrumb\"},\"inLanguage\":\"nb-NO\",\"potentialAction\":[{\"@type\":\"ReadAction\",\"target\":[\"https:\/\/staging.forenteforlag.no\/pax\/produkt\/oyet-og-anden\/\"]}]},{\"@type\":\"ImageObject\",\"inLanguage\":\"nb-NO\",\"@id\":\"https:\/\/staging.forenteforlag.no\/pax\/produkt\/oyet-og-anden\/#primaryimage\",\"url\":\"https:\/\/staging.forenteforlag.no\/pax\/wp-content\/uploads\/sites\/5\/2026\/03\/9788253021621.jpg\",\"contentUrl\":\"https:\/\/staging.forenteforlag.no\/pax\/wp-content\/uploads\/sites\/5\/2026\/03\/9788253021621.jpg\",\"width\":720,\"height\":1035},{\"@type\":\"BreadcrumbList\",\"@id\":\"https:\/\/staging.forenteforlag.no\/pax\/produkt\/oyet-og-anden\/#breadcrumb\",\"itemListElement\":[{\"@type\":\"ListItem\",\"position\":1,\"name\":\"Hjem\",\"item\":\"https:\/\/staging.forenteforlag.no\/pax\/\"},{\"@type\":\"ListItem\",\"position\":2,\"name\":\"Alle b\u00f8ker\",\"item\":\"https:\/\/staging.forenteforlag.no\/pax\/butikk\/\"},{\"@type\":\"ListItem\",\"position\":3,\"name\":\"\u00d8yet og \u00e5nden\"}]},{\"@type\":\"WebSite\",\"@id\":\"https:\/\/staging.forenteforlag.no\/pax\/#website\",\"url\":\"https:\/\/staging.forenteforlag.no\/pax\/\",\"name\":\"Pax\",\"description\":\"\",\"potentialAction\":[{\"@type\":\"SearchAction\",\"target\":{\"@type\":\"EntryPoint\",\"urlTemplate\":\"https:\/\/staging.forenteforlag.no\/pax\/?s={search_term_string}\"},\"query-input\":{\"@type\":\"PropertyValueSpecification\",\"valueRequired\":true,\"valueName\":\"search_term_string\"}}],\"inLanguage\":\"nb-NO\"}]}<\/script>\n<!-- \/ Yoast SEO plugin. -->","yoast_head_json":{"title":"\u00d8yet og \u00e5nden - Pax","robots":{"index":"noindex","follow":"follow","max-snippet":"max-snippet:-1","max-image-preview":"max-image-preview:large","max-video-preview":"max-video-preview:-1"},"og_locale":"nb_NO","og_type":"article","og_title":"\u00d8yet og \u00e5nden - Pax","og_description":"Malerkunstens problemer anskueliggj\u00f8r kroppens g\u00e5te, og kroppens g\u00e5te anskueliggj\u00f8r malerkunstens problemer. Det er ved \u00e5 l\u00e5ne verden sin kropp at maleren forvandler verden til maleri. Maleren er ubestridelig suveren i sin fortolkning av verden som han utf\u00f8rer uten noen annen &laquo;teknikk&raquo; enn den hans \u00f8yne og hender erverver seg ved uopph\u00f8rlig \u00e5 se og male; [&hellip;]","og_url":"https:\/\/staging.forenteforlag.no\/pax\/produkt\/oyet-og-anden\/","og_site_name":"Pax","article_modified_time":"2026-03-04T19:03:25+00:00","og_image":[{"width":720,"height":1035,"url":"https:\/\/staging.forenteforlag.no\/pax\/wp-content\/uploads\/sites\/5\/2026\/03\/9788253021621.jpg","type":"image\/jpeg"}],"twitter_card":"summary_large_image","twitter_misc":{"Ansl. lesetid":"1 minutt"},"schema":{"@context":"https:\/\/schema.org","@graph":[{"@type":"WebPage","@id":"https:\/\/staging.forenteforlag.no\/pax\/produkt\/oyet-og-anden\/","url":"https:\/\/staging.forenteforlag.no\/pax\/produkt\/oyet-og-anden\/","name":"\u00d8yet og \u00e5nden - Pax","isPartOf":{"@id":"https:\/\/staging.forenteforlag.no\/pax\/#website"},"primaryImageOfPage":{"@id":"https:\/\/staging.forenteforlag.no\/pax\/produkt\/oyet-og-anden\/#primaryimage"},"image":{"@id":"https:\/\/staging.forenteforlag.no\/pax\/produkt\/oyet-og-anden\/#primaryimage"},"thumbnailUrl":"https:\/\/staging.forenteforlag.no\/pax\/wp-content\/uploads\/sites\/5\/2026\/03\/9788253021621.jpg","datePublished":"2000-03-12T15:42:10+00:00","dateModified":"2026-03-04T19:03:25+00:00","breadcrumb":{"@id":"https:\/\/staging.forenteforlag.no\/pax\/produkt\/oyet-og-anden\/#breadcrumb"},"inLanguage":"nb-NO","potentialAction":[{"@type":"ReadAction","target":["https:\/\/staging.forenteforlag.no\/pax\/produkt\/oyet-og-anden\/"]}]},{"@type":"ImageObject","inLanguage":"nb-NO","@id":"https:\/\/staging.forenteforlag.no\/pax\/produkt\/oyet-og-anden\/#primaryimage","url":"https:\/\/staging.forenteforlag.no\/pax\/wp-content\/uploads\/sites\/5\/2026\/03\/9788253021621.jpg","contentUrl":"https:\/\/staging.forenteforlag.no\/pax\/wp-content\/uploads\/sites\/5\/2026\/03\/9788253021621.jpg","width":720,"height":1035},{"@type":"BreadcrumbList","@id":"https:\/\/staging.forenteforlag.no\/pax\/produkt\/oyet-og-anden\/#breadcrumb","itemListElement":[{"@type":"ListItem","position":1,"name":"Hjem","item":"https:\/\/staging.forenteforlag.no\/pax\/"},{"@type":"ListItem","position":2,"name":"Alle b\u00f8ker","item":"https:\/\/staging.forenteforlag.no\/pax\/butikk\/"},{"@type":"ListItem","position":3,"name":"\u00d8yet og \u00e5nden"}]},{"@type":"WebSite","@id":"https:\/\/staging.forenteforlag.no\/pax\/#website","url":"https:\/\/staging.forenteforlag.no\/pax\/","name":"Pax","description":"","potentialAction":[{"@type":"SearchAction","target":{"@type":"EntryPoint","urlTemplate":"https:\/\/staging.forenteforlag.no\/pax\/?s={search_term_string}"},"query-input":{"@type":"PropertyValueSpecification","valueRequired":true,"valueName":"search_term_string"}}],"inLanguage":"nb-NO"}]}},"_links":{"self":[{"href":"https:\/\/staging.forenteforlag.no\/pax\/wp-json\/wp\/v2\/product\/20337","targetHints":{"allow":["GET"]}}],"collection":[{"href":"https:\/\/staging.forenteforlag.no\/pax\/wp-json\/wp\/v2\/product"}],"about":[{"href":"https:\/\/staging.forenteforlag.no\/pax\/wp-json\/wp\/v2\/types\/product"}],"wp:featuredmedia":[{"embeddable":true,"href":"https:\/\/staging.forenteforlag.no\/pax\/wp-json\/wp\/v2\/media\/30053"}],"wp:attachment":[{"href":"https:\/\/staging.forenteforlag.no\/pax\/wp-json\/wp\/v2\/media?parent=20337"}],"wp:term":[{"taxonomy":"product_brand","embeddable":true,"href":"https:\/\/staging.forenteforlag.no\/pax\/wp-json\/wp\/v2\/product_brand?post=20337"},{"taxonomy":"product_cat","embeddable":true,"href":"https:\/\/staging.forenteforlag.no\/pax\/wp-json\/wp\/v2\/product_cat?post=20337"},{"taxonomy":"product_tag","embeddable":true,"href":"https:\/\/staging.forenteforlag.no\/pax\/wp-json\/wp\/v2\/product_tag?post=20337"}],"curies":[{"name":"wp","href":"https:\/\/api.w.org\/{rel}","templated":true}]}}