{"id":20323,"date":"2023-01-18T01:00:00","date_gmt":"2023-01-18T00:00:00","guid":{"rendered":"https:\/\/pax.forenteforlag.no\/produkt\/sprak-pa-sotteseng-2\/"},"modified":"2025-08-27T14:11:09","modified_gmt":"2025-08-27T12:11:09","slug":"sprak-pa-sotteseng-2","status":"publish","type":"product","link":"https:\/\/staging.forenteforlag.no\/pax\/produkt\/sprak-pa-sotteseng-2\/","title":{"rendered":"Spr\u00e5k p\u00e5 sotteseng"},"content":{"rendered":"<p>Det snakkes mellom 6000 og 7000 spr\u00e5k i verden, men det store flertallet av disse er sm\u00e5 spr\u00e5k, med knapt noen f\u00e5 tusen eller hundretalls spr\u00e5kbrukere, eller &#8211; i hjerteskj\u00e6rende mange tilfeller &#8211; bare en h\u00e5ndfull gamle kvinner og menn. Og disse sm\u00e5 spr\u00e5kene d\u00f8r ut, ett etter ett, med f\u00e5 ukers mellomrom. I g\u00e5r d\u00f8de kanskje et urfolkspr\u00e5k i Amazonas, og i morgen kanskje et minoritetsspr\u00e5k p\u00e5 landsbygda her i Europa. <\/p>\n<p>Hvert spr\u00e5k er et unikt mesterverk i verdens kulturarv, skapt i fellesskap av folkegruppa som taler spr\u00e5ket. Spr\u00e5kd\u00f8den som p\u00e5g\u00e5r, kan sammenliknes med at et bulldozerteam fjerner Stonehenge fra jordas overflate den ene uka, g\u00e5r l\u00f8s p\u00e5 Kheopspyramiden to uker seinere og tar Taj Mahal to uker etter det igjen. Og ikke bare g\u00e5r et kulturelt mesterverk tapt n\u00e5r et spr\u00e5k d\u00f8r, i tillegg mister ei folkegruppe det som kanskje er deres mest essensielle identitetsmark\u00f8r. <\/p>\n<p>Biologer advarer om massed\u00f8d blant verdens dyrearter. P\u00e5 samme m\u00e5te sl\u00e5r spr\u00e5kforskere alarm for verdens spr\u00e5kmangfold. I Spr\u00e5k p\u00e5 sotteseng blir du kjent med minoritetsspr\u00e5k fra alle verdensdeler, men leseren vil merke at ogs\u00e5 minoritetsspr\u00e5kene i Norge (som samisk, kvensk og romani) st\u00e5r forfatterens hjerte n\u00e6r. Og sj\u00f8l om det er farlige tider for de sm\u00e5 spr\u00e5kene, f\u00e5r vi ogs\u00e5 se at det finnes h\u00e5p. Trua spr\u00e5k kan reddes &#8211; og muligens ogs\u00e5 vekkes opp fra de d\u00f8de. <\/p>\n","protected":false},"excerpt":{"rendered":"<p>Det snakkes mellom 6000 og 7000 spr\u00e5k i verden, men det store flertallet av disse er sm\u00e5 spr\u00e5k, med knapt noen f\u00e5 tusen eller hundretalls spr\u00e5kbrukere, eller &#8211; i hjerteskj\u00e6rende mange tilfeller &#8211; bare en h\u00e5ndfull gamle kvinner og menn. Og disse sm\u00e5 spr\u00e5kene d\u00f8r ut, ett etter ett, med f\u00e5 ukers mellomrom. I g\u00e5r [&hellip;]<\/p>\n","protected":false},"featured_media":29458,"template":"","meta":{"_acf_changed":false,"inline_featured_image":false},"product_brand":[],"product_cat":[1782,33],"product_tag":[362,574,1125],"class_list":{"0":"post-20323","1":"product","2":"type-product","3":"status-publish","4":"has-post-thumbnail","6":"product_cat-fripris","7":"product_cat-sprak","8":"product_tag-faglitteratur","9":"product_tag-sprakhistorie","10":"product_tag-spraksosiologi","11":"pa_format-innbundet","13":"first","14":"instock","15":"shipping-taxable","16":"purchasable","17":"product-type-simple"},"acf":{"anmeldelse":null},"yoast_head":"<!-- This site is optimized with the Yoast SEO plugin v26.6 - https:\/\/yoast.com\/wordpress\/plugins\/seo\/ -->\n<title>Spr\u00e5k p\u00e5 sotteseng - Pax<\/title>\n<meta name=\"robots\" content=\"noindex, follow, max-snippet:-1, max-image-preview:large, max-video-preview:-1\" \/>\n<meta property=\"og:locale\" content=\"nb_NO\" \/>\n<meta property=\"og:type\" content=\"article\" \/>\n<meta property=\"og:title\" content=\"Spr\u00e5k p\u00e5 sotteseng - Pax\" \/>\n<meta property=\"og:description\" content=\"Det snakkes mellom 6000 og 7000 spr\u00e5k i verden, men det store flertallet av disse er sm\u00e5 spr\u00e5k, med knapt noen f\u00e5 tusen eller hundretalls spr\u00e5kbrukere, eller &#8211; i hjerteskj\u00e6rende mange tilfeller &#8211; bare en h\u00e5ndfull gamle kvinner og menn. Og disse sm\u00e5 spr\u00e5kene d\u00f8r ut, ett etter ett, med f\u00e5 ukers mellomrom. I g\u00e5r [&hellip;]\" \/>\n<meta property=\"og:url\" content=\"https:\/\/staging.forenteforlag.no\/pax\/produkt\/sprak-pa-sotteseng-2\/\" \/>\n<meta property=\"og:site_name\" content=\"Pax\" \/>\n<meta property=\"article:modified_time\" content=\"2025-08-27T12:11:09+00:00\" \/>\n<meta property=\"og:image\" content=\"https:\/\/staging.forenteforlag.no\/pax\/wp-content\/uploads\/sites\/5\/2025\/08\/jpg-10039.jpg\" \/>\n\t<meta property=\"og:image:width\" content=\"902\" \/>\n\t<meta property=\"og:image:height\" content=\"1280\" \/>\n\t<meta property=\"og:image:type\" content=\"image\/jpeg\" \/>\n<meta name=\"twitter:card\" content=\"summary_large_image\" \/>\n<meta name=\"twitter:label1\" content=\"Ansl. lesetid\" \/>\n\t<meta name=\"twitter:data1\" content=\"1 minutt\" \/>\n<script type=\"application\/ld+json\" class=\"yoast-schema-graph\">{\"@context\":\"https:\/\/schema.org\",\"@graph\":[{\"@type\":\"WebPage\",\"@id\":\"https:\/\/staging.forenteforlag.no\/pax\/produkt\/sprak-pa-sotteseng-2\/\",\"url\":\"https:\/\/staging.forenteforlag.no\/pax\/produkt\/sprak-pa-sotteseng-2\/\",\"name\":\"Spr\u00e5k p\u00e5 sotteseng - Pax\",\"isPartOf\":{\"@id\":\"https:\/\/staging.forenteforlag.no\/pax\/#website\"},\"primaryImageOfPage\":{\"@id\":\"https:\/\/staging.forenteforlag.no\/pax\/produkt\/sprak-pa-sotteseng-2\/#primaryimage\"},\"image\":{\"@id\":\"https:\/\/staging.forenteforlag.no\/pax\/produkt\/sprak-pa-sotteseng-2\/#primaryimage\"},\"thumbnailUrl\":\"https:\/\/staging.forenteforlag.no\/pax\/wp-content\/uploads\/sites\/5\/2025\/08\/jpg-10039.jpg\",\"datePublished\":\"2023-01-18T00:00:00+00:00\",\"dateModified\":\"2025-08-27T12:11:09+00:00\",\"breadcrumb\":{\"@id\":\"https:\/\/staging.forenteforlag.no\/pax\/produkt\/sprak-pa-sotteseng-2\/#breadcrumb\"},\"inLanguage\":\"nb-NO\",\"potentialAction\":[{\"@type\":\"ReadAction\",\"target\":[\"https:\/\/staging.forenteforlag.no\/pax\/produkt\/sprak-pa-sotteseng-2\/\"]}]},{\"@type\":\"ImageObject\",\"inLanguage\":\"nb-NO\",\"@id\":\"https:\/\/staging.forenteforlag.no\/pax\/produkt\/sprak-pa-sotteseng-2\/#primaryimage\",\"url\":\"https:\/\/staging.forenteforlag.no\/pax\/wp-content\/uploads\/sites\/5\/2025\/08\/jpg-10039.jpg\",\"contentUrl\":\"https:\/\/staging.forenteforlag.no\/pax\/wp-content\/uploads\/sites\/5\/2025\/08\/jpg-10039.jpg\",\"width\":902,\"height\":1280},{\"@type\":\"BreadcrumbList\",\"@id\":\"https:\/\/staging.forenteforlag.no\/pax\/produkt\/sprak-pa-sotteseng-2\/#breadcrumb\",\"itemListElement\":[{\"@type\":\"ListItem\",\"position\":1,\"name\":\"Hjem\",\"item\":\"https:\/\/staging.forenteforlag.no\/pax\/\"},{\"@type\":\"ListItem\",\"position\":2,\"name\":\"Alle b\u00f8ker\",\"item\":\"https:\/\/staging.forenteforlag.no\/pax\/butikk\/\"},{\"@type\":\"ListItem\",\"position\":3,\"name\":\"Spr\u00e5k p\u00e5 sotteseng\"}]},{\"@type\":\"WebSite\",\"@id\":\"https:\/\/staging.forenteforlag.no\/pax\/#website\",\"url\":\"https:\/\/staging.forenteforlag.no\/pax\/\",\"name\":\"Pax\",\"description\":\"\",\"potentialAction\":[{\"@type\":\"SearchAction\",\"target\":{\"@type\":\"EntryPoint\",\"urlTemplate\":\"https:\/\/staging.forenteforlag.no\/pax\/?s={search_term_string}\"},\"query-input\":{\"@type\":\"PropertyValueSpecification\",\"valueRequired\":true,\"valueName\":\"search_term_string\"}}],\"inLanguage\":\"nb-NO\"}]}<\/script>\n<!-- \/ Yoast SEO plugin. -->","yoast_head_json":{"title":"Spr\u00e5k p\u00e5 sotteseng - Pax","robots":{"index":"noindex","follow":"follow","max-snippet":"max-snippet:-1","max-image-preview":"max-image-preview:large","max-video-preview":"max-video-preview:-1"},"og_locale":"nb_NO","og_type":"article","og_title":"Spr\u00e5k p\u00e5 sotteseng - Pax","og_description":"Det snakkes mellom 6000 og 7000 spr\u00e5k i verden, men det store flertallet av disse er sm\u00e5 spr\u00e5k, med knapt noen f\u00e5 tusen eller hundretalls spr\u00e5kbrukere, eller &#8211; i hjerteskj\u00e6rende mange tilfeller &#8211; bare en h\u00e5ndfull gamle kvinner og menn. Og disse sm\u00e5 spr\u00e5kene d\u00f8r ut, ett etter ett, med f\u00e5 ukers mellomrom. I g\u00e5r [&hellip;]","og_url":"https:\/\/staging.forenteforlag.no\/pax\/produkt\/sprak-pa-sotteseng-2\/","og_site_name":"Pax","article_modified_time":"2025-08-27T12:11:09+00:00","og_image":[{"width":902,"height":1280,"url":"https:\/\/staging.forenteforlag.no\/pax\/wp-content\/uploads\/sites\/5\/2025\/08\/jpg-10039.jpg","type":"image\/jpeg"}],"twitter_card":"summary_large_image","twitter_misc":{"Ansl. lesetid":"1 minutt"},"schema":{"@context":"https:\/\/schema.org","@graph":[{"@type":"WebPage","@id":"https:\/\/staging.forenteforlag.no\/pax\/produkt\/sprak-pa-sotteseng-2\/","url":"https:\/\/staging.forenteforlag.no\/pax\/produkt\/sprak-pa-sotteseng-2\/","name":"Spr\u00e5k p\u00e5 sotteseng - Pax","isPartOf":{"@id":"https:\/\/staging.forenteforlag.no\/pax\/#website"},"primaryImageOfPage":{"@id":"https:\/\/staging.forenteforlag.no\/pax\/produkt\/sprak-pa-sotteseng-2\/#primaryimage"},"image":{"@id":"https:\/\/staging.forenteforlag.no\/pax\/produkt\/sprak-pa-sotteseng-2\/#primaryimage"},"thumbnailUrl":"https:\/\/staging.forenteforlag.no\/pax\/wp-content\/uploads\/sites\/5\/2025\/08\/jpg-10039.jpg","datePublished":"2023-01-18T00:00:00+00:00","dateModified":"2025-08-27T12:11:09+00:00","breadcrumb":{"@id":"https:\/\/staging.forenteforlag.no\/pax\/produkt\/sprak-pa-sotteseng-2\/#breadcrumb"},"inLanguage":"nb-NO","potentialAction":[{"@type":"ReadAction","target":["https:\/\/staging.forenteforlag.no\/pax\/produkt\/sprak-pa-sotteseng-2\/"]}]},{"@type":"ImageObject","inLanguage":"nb-NO","@id":"https:\/\/staging.forenteforlag.no\/pax\/produkt\/sprak-pa-sotteseng-2\/#primaryimage","url":"https:\/\/staging.forenteforlag.no\/pax\/wp-content\/uploads\/sites\/5\/2025\/08\/jpg-10039.jpg","contentUrl":"https:\/\/staging.forenteforlag.no\/pax\/wp-content\/uploads\/sites\/5\/2025\/08\/jpg-10039.jpg","width":902,"height":1280},{"@type":"BreadcrumbList","@id":"https:\/\/staging.forenteforlag.no\/pax\/produkt\/sprak-pa-sotteseng-2\/#breadcrumb","itemListElement":[{"@type":"ListItem","position":1,"name":"Hjem","item":"https:\/\/staging.forenteforlag.no\/pax\/"},{"@type":"ListItem","position":2,"name":"Alle b\u00f8ker","item":"https:\/\/staging.forenteforlag.no\/pax\/butikk\/"},{"@type":"ListItem","position":3,"name":"Spr\u00e5k p\u00e5 sotteseng"}]},{"@type":"WebSite","@id":"https:\/\/staging.forenteforlag.no\/pax\/#website","url":"https:\/\/staging.forenteforlag.no\/pax\/","name":"Pax","description":"","potentialAction":[{"@type":"SearchAction","target":{"@type":"EntryPoint","urlTemplate":"https:\/\/staging.forenteforlag.no\/pax\/?s={search_term_string}"},"query-input":{"@type":"PropertyValueSpecification","valueRequired":true,"valueName":"search_term_string"}}],"inLanguage":"nb-NO"}]}},"_links":{"self":[{"href":"https:\/\/staging.forenteforlag.no\/pax\/wp-json\/wp\/v2\/product\/20323","targetHints":{"allow":["GET"]}}],"collection":[{"href":"https:\/\/staging.forenteforlag.no\/pax\/wp-json\/wp\/v2\/product"}],"about":[{"href":"https:\/\/staging.forenteforlag.no\/pax\/wp-json\/wp\/v2\/types\/product"}],"wp:featuredmedia":[{"embeddable":true,"href":"https:\/\/staging.forenteforlag.no\/pax\/wp-json\/wp\/v2\/media\/29458"}],"wp:attachment":[{"href":"https:\/\/staging.forenteforlag.no\/pax\/wp-json\/wp\/v2\/media?parent=20323"}],"wp:term":[{"taxonomy":"product_brand","embeddable":true,"href":"https:\/\/staging.forenteforlag.no\/pax\/wp-json\/wp\/v2\/product_brand?post=20323"},{"taxonomy":"product_cat","embeddable":true,"href":"https:\/\/staging.forenteforlag.no\/pax\/wp-json\/wp\/v2\/product_cat?post=20323"},{"taxonomy":"product_tag","embeddable":true,"href":"https:\/\/staging.forenteforlag.no\/pax\/wp-json\/wp\/v2\/product_tag?post=20323"}],"curies":[{"name":"wp","href":"https:\/\/api.w.org\/{rel}","templated":true}]}}