{"id":20307,"date":"2016-08-16T02:00:00","date_gmt":"2016-08-16T00:00:00","guid":{"rendered":"https:\/\/pax.forenteforlag.no\/produkt\/fra-englisc-til-english-3\/"},"modified":"2025-08-27T11:31:02","modified_gmt":"2025-08-27T09:31:02","slug":"fra-englisc-til-english-3","status":"publish","type":"product","link":"https:\/\/staging.forenteforlag.no\/pax\/produkt\/fra-englisc-til-english-3\/","title":{"rendered":"Fra englisc til English"},"content":{"rendered":"<p>Spr\u00e5khistorie med humor og kj\u00e6rlighet <\/p>\n<p>Hva snakket de i England f\u00f8r engelsk? Hvordan s\u00e5 engelsk ut for tusen \u00e5r siden? Kunne vikingene og engelskmennene forst\u00e5 hverandre? Hvorfor er engelsk staving s\u00e5 komplisert? Hvorfor var Svartedauden bra for det engelske spr\u00e5ket? Hvordan hadde det seg at engelsk ble et verdensspr\u00e5k?<br \/>\n.<br \/>\n\u00abN\u00e5r jeg forteller folk at jeg holder p\u00e5 med gammelengelsk, sier de ofte, etter \u00e5 ha himlet med \u00f8ynene over mitt forspilte liv: \u00ab\u00c5 ja, Shakespeare og s\u00e5nn.\u00bb Men vi spr\u00e5khistorikere regner faktisk Shakespeares engelsk som moderne engelsk. Utsagnet To be, or not to be, that is the question er jo tross alt fullt forst\u00e5elig for oss. En angelsaksisk Hamlet ville ikke umiddelbart klart \u00e5 appellere til v\u00e5r sympati med tilsvarende utsagn, av den enkle grunn at vi ikke ville skj\u00f8nt s\u00e5 mye av hans eksistensielle kvaler. 800 \u00e5r tidligere ville han nemlig sagt: Beon, o..e ne beon, .\u00e6t is seo ascung.\u00bb  <\/p>\n<p>Dette er historien om hvordan et spr\u00e5k blir til, fortalt med gl\u00f8d og kj\u00e6rlighet. Forfatteren forteller hvordan engelsk har oppst\u00e5tt og utviklet seg, p\u00e5 et bakteppe av historiske hendelser. Underveis kan leserne glede seg over kuri\u00f8se detaljer, spenstige eksempler, fargerike anekdoter og spr\u00e5klige besynderligheter som til fulle viser hvilken fascinasjonskraft spr\u00e5k kan ha.<br \/>\n. <\/p>\n","protected":false},"excerpt":{"rendered":"<p>Spr\u00e5khistorie med humor og kj\u00e6rlighet Hva snakket de i England f\u00f8r engelsk? Hvordan s\u00e5 engelsk ut for tusen \u00e5r siden? Kunne vikingene og engelskmennene forst\u00e5 hverandre? Hvorfor er engelsk staving s\u00e5 komplisert? Hvorfor var Svartedauden bra for det engelske spr\u00e5ket? Hvordan hadde det seg at engelsk ble et verdensspr\u00e5k? . \u00abN\u00e5r jeg forteller folk at [&hellip;]<\/p>\n","protected":false},"featured_media":28946,"template":"","meta":{"_acf_changed":false,"inline_featured_image":false},"product_brand":[],"product_cat":[1782,33],"product_tag":[1158,362,574],"class_list":{"0":"post-20307","1":"product","2":"type-product","3":"status-publish","4":"has-post-thumbnail","6":"product_cat-fripris","7":"product_cat-sprak","8":"product_tag-engelsk-sprak","9":"product_tag-faglitteratur","10":"product_tag-sprakhistorie","11":"pa_format-innbundet","13":"first","14":"outofstock","15":"shipping-taxable","16":"purchasable","17":"product-type-simple"},"acf":{"anmeldelse":null},"yoast_head":"<!-- This site is optimized with the Yoast SEO plugin v26.6 - https:\/\/yoast.com\/wordpress\/plugins\/seo\/ -->\n<title>Fra englisc til English - Pax<\/title>\n<meta name=\"robots\" content=\"noindex, follow, max-snippet:-1, max-image-preview:large, max-video-preview:-1\" \/>\n<meta property=\"og:locale\" content=\"nb_NO\" \/>\n<meta property=\"og:type\" content=\"article\" \/>\n<meta property=\"og:title\" content=\"Fra englisc til English - Pax\" \/>\n<meta property=\"og:description\" content=\"Spr\u00e5khistorie med humor og kj\u00e6rlighet Hva snakket de i England f\u00f8r engelsk? Hvordan s\u00e5 engelsk ut for tusen \u00e5r siden? Kunne vikingene og engelskmennene forst\u00e5 hverandre? Hvorfor er engelsk staving s\u00e5 komplisert? Hvorfor var Svartedauden bra for det engelske spr\u00e5ket? Hvordan hadde det seg at engelsk ble et verdensspr\u00e5k? . \u00abN\u00e5r jeg forteller folk at [&hellip;]\" \/>\n<meta property=\"og:url\" content=\"https:\/\/staging.forenteforlag.no\/pax\/produkt\/fra-englisc-til-english-3\/\" \/>\n<meta property=\"og:site_name\" content=\"Pax\" \/>\n<meta property=\"article:modified_time\" content=\"2025-08-27T09:31:02+00:00\" \/>\n<meta property=\"og:image\" content=\"https:\/\/staging.forenteforlag.no\/pax\/wp-content\/uploads\/sites\/5\/2025\/08\/jpg-8431.jpg\" \/>\n\t<meta property=\"og:image:width\" content=\"1269\" \/>\n\t<meta property=\"og:image:height\" content=\"1804\" \/>\n\t<meta property=\"og:image:type\" content=\"image\/jpeg\" \/>\n<meta name=\"twitter:card\" content=\"summary_large_image\" \/>\n<meta name=\"twitter:label1\" content=\"Ansl. lesetid\" \/>\n\t<meta name=\"twitter:data1\" content=\"1 minutt\" \/>\n<script type=\"application\/ld+json\" class=\"yoast-schema-graph\">{\"@context\":\"https:\/\/schema.org\",\"@graph\":[{\"@type\":\"WebPage\",\"@id\":\"https:\/\/staging.forenteforlag.no\/pax\/produkt\/fra-englisc-til-english-3\/\",\"url\":\"https:\/\/staging.forenteforlag.no\/pax\/produkt\/fra-englisc-til-english-3\/\",\"name\":\"Fra englisc til English - Pax\",\"isPartOf\":{\"@id\":\"https:\/\/staging.forenteforlag.no\/pax\/#website\"},\"primaryImageOfPage\":{\"@id\":\"https:\/\/staging.forenteforlag.no\/pax\/produkt\/fra-englisc-til-english-3\/#primaryimage\"},\"image\":{\"@id\":\"https:\/\/staging.forenteforlag.no\/pax\/produkt\/fra-englisc-til-english-3\/#primaryimage\"},\"thumbnailUrl\":\"https:\/\/staging.forenteforlag.no\/pax\/wp-content\/uploads\/sites\/5\/2025\/08\/jpg-8431.jpg\",\"datePublished\":\"2016-08-16T00:00:00+00:00\",\"dateModified\":\"2025-08-27T09:31:02+00:00\",\"breadcrumb\":{\"@id\":\"https:\/\/staging.forenteforlag.no\/pax\/produkt\/fra-englisc-til-english-3\/#breadcrumb\"},\"inLanguage\":\"nb-NO\",\"potentialAction\":[{\"@type\":\"ReadAction\",\"target\":[\"https:\/\/staging.forenteforlag.no\/pax\/produkt\/fra-englisc-til-english-3\/\"]}]},{\"@type\":\"ImageObject\",\"inLanguage\":\"nb-NO\",\"@id\":\"https:\/\/staging.forenteforlag.no\/pax\/produkt\/fra-englisc-til-english-3\/#primaryimage\",\"url\":\"https:\/\/staging.forenteforlag.no\/pax\/wp-content\/uploads\/sites\/5\/2025\/08\/jpg-8431.jpg\",\"contentUrl\":\"https:\/\/staging.forenteforlag.no\/pax\/wp-content\/uploads\/sites\/5\/2025\/08\/jpg-8431.jpg\",\"width\":1269,\"height\":1804},{\"@type\":\"BreadcrumbList\",\"@id\":\"https:\/\/staging.forenteforlag.no\/pax\/produkt\/fra-englisc-til-english-3\/#breadcrumb\",\"itemListElement\":[{\"@type\":\"ListItem\",\"position\":1,\"name\":\"Hjem\",\"item\":\"https:\/\/staging.forenteforlag.no\/pax\/\"},{\"@type\":\"ListItem\",\"position\":2,\"name\":\"Alle b\u00f8ker\",\"item\":\"https:\/\/staging.forenteforlag.no\/pax\/butikk\/\"},{\"@type\":\"ListItem\",\"position\":3,\"name\":\"Fra englisc til English\"}]},{\"@type\":\"WebSite\",\"@id\":\"https:\/\/staging.forenteforlag.no\/pax\/#website\",\"url\":\"https:\/\/staging.forenteforlag.no\/pax\/\",\"name\":\"Pax\",\"description\":\"\",\"potentialAction\":[{\"@type\":\"SearchAction\",\"target\":{\"@type\":\"EntryPoint\",\"urlTemplate\":\"https:\/\/staging.forenteforlag.no\/pax\/?s={search_term_string}\"},\"query-input\":{\"@type\":\"PropertyValueSpecification\",\"valueRequired\":true,\"valueName\":\"search_term_string\"}}],\"inLanguage\":\"nb-NO\"}]}<\/script>\n<!-- \/ Yoast SEO plugin. -->","yoast_head_json":{"title":"Fra englisc til English - Pax","robots":{"index":"noindex","follow":"follow","max-snippet":"max-snippet:-1","max-image-preview":"max-image-preview:large","max-video-preview":"max-video-preview:-1"},"og_locale":"nb_NO","og_type":"article","og_title":"Fra englisc til English - Pax","og_description":"Spr\u00e5khistorie med humor og kj\u00e6rlighet Hva snakket de i England f\u00f8r engelsk? Hvordan s\u00e5 engelsk ut for tusen \u00e5r siden? Kunne vikingene og engelskmennene forst\u00e5 hverandre? Hvorfor er engelsk staving s\u00e5 komplisert? Hvorfor var Svartedauden bra for det engelske spr\u00e5ket? Hvordan hadde det seg at engelsk ble et verdensspr\u00e5k? . \u00abN\u00e5r jeg forteller folk at [&hellip;]","og_url":"https:\/\/staging.forenteforlag.no\/pax\/produkt\/fra-englisc-til-english-3\/","og_site_name":"Pax","article_modified_time":"2025-08-27T09:31:02+00:00","og_image":[{"width":1269,"height":1804,"url":"https:\/\/staging.forenteforlag.no\/pax\/wp-content\/uploads\/sites\/5\/2025\/08\/jpg-8431.jpg","type":"image\/jpeg"}],"twitter_card":"summary_large_image","twitter_misc":{"Ansl. lesetid":"1 minutt"},"schema":{"@context":"https:\/\/schema.org","@graph":[{"@type":"WebPage","@id":"https:\/\/staging.forenteforlag.no\/pax\/produkt\/fra-englisc-til-english-3\/","url":"https:\/\/staging.forenteforlag.no\/pax\/produkt\/fra-englisc-til-english-3\/","name":"Fra englisc til English - Pax","isPartOf":{"@id":"https:\/\/staging.forenteforlag.no\/pax\/#website"},"primaryImageOfPage":{"@id":"https:\/\/staging.forenteforlag.no\/pax\/produkt\/fra-englisc-til-english-3\/#primaryimage"},"image":{"@id":"https:\/\/staging.forenteforlag.no\/pax\/produkt\/fra-englisc-til-english-3\/#primaryimage"},"thumbnailUrl":"https:\/\/staging.forenteforlag.no\/pax\/wp-content\/uploads\/sites\/5\/2025\/08\/jpg-8431.jpg","datePublished":"2016-08-16T00:00:00+00:00","dateModified":"2025-08-27T09:31:02+00:00","breadcrumb":{"@id":"https:\/\/staging.forenteforlag.no\/pax\/produkt\/fra-englisc-til-english-3\/#breadcrumb"},"inLanguage":"nb-NO","potentialAction":[{"@type":"ReadAction","target":["https:\/\/staging.forenteforlag.no\/pax\/produkt\/fra-englisc-til-english-3\/"]}]},{"@type":"ImageObject","inLanguage":"nb-NO","@id":"https:\/\/staging.forenteforlag.no\/pax\/produkt\/fra-englisc-til-english-3\/#primaryimage","url":"https:\/\/staging.forenteforlag.no\/pax\/wp-content\/uploads\/sites\/5\/2025\/08\/jpg-8431.jpg","contentUrl":"https:\/\/staging.forenteforlag.no\/pax\/wp-content\/uploads\/sites\/5\/2025\/08\/jpg-8431.jpg","width":1269,"height":1804},{"@type":"BreadcrumbList","@id":"https:\/\/staging.forenteforlag.no\/pax\/produkt\/fra-englisc-til-english-3\/#breadcrumb","itemListElement":[{"@type":"ListItem","position":1,"name":"Hjem","item":"https:\/\/staging.forenteforlag.no\/pax\/"},{"@type":"ListItem","position":2,"name":"Alle b\u00f8ker","item":"https:\/\/staging.forenteforlag.no\/pax\/butikk\/"},{"@type":"ListItem","position":3,"name":"Fra englisc til English"}]},{"@type":"WebSite","@id":"https:\/\/staging.forenteforlag.no\/pax\/#website","url":"https:\/\/staging.forenteforlag.no\/pax\/","name":"Pax","description":"","potentialAction":[{"@type":"SearchAction","target":{"@type":"EntryPoint","urlTemplate":"https:\/\/staging.forenteforlag.no\/pax\/?s={search_term_string}"},"query-input":{"@type":"PropertyValueSpecification","valueRequired":true,"valueName":"search_term_string"}}],"inLanguage":"nb-NO"}]}},"_links":{"self":[{"href":"https:\/\/staging.forenteforlag.no\/pax\/wp-json\/wp\/v2\/product\/20307","targetHints":{"allow":["GET"]}}],"collection":[{"href":"https:\/\/staging.forenteforlag.no\/pax\/wp-json\/wp\/v2\/product"}],"about":[{"href":"https:\/\/staging.forenteforlag.no\/pax\/wp-json\/wp\/v2\/types\/product"}],"wp:featuredmedia":[{"embeddable":true,"href":"https:\/\/staging.forenteforlag.no\/pax\/wp-json\/wp\/v2\/media\/28946"}],"wp:attachment":[{"href":"https:\/\/staging.forenteforlag.no\/pax\/wp-json\/wp\/v2\/media?parent=20307"}],"wp:term":[{"taxonomy":"product_brand","embeddable":true,"href":"https:\/\/staging.forenteforlag.no\/pax\/wp-json\/wp\/v2\/product_brand?post=20307"},{"taxonomy":"product_cat","embeddable":true,"href":"https:\/\/staging.forenteforlag.no\/pax\/wp-json\/wp\/v2\/product_cat?post=20307"},{"taxonomy":"product_tag","embeddable":true,"href":"https:\/\/staging.forenteforlag.no\/pax\/wp-json\/wp\/v2\/product_tag?post=20307"}],"curies":[{"name":"wp","href":"https:\/\/api.w.org\/{rel}","templated":true}]}}