{"id":20286,"date":"2023-04-11T02:00:00","date_gmt":"2023-04-11T00:00:00","guid":{"rendered":"https:\/\/pax.forenteforlag.no\/produkt\/project-ungen-architect-gartnerfuglen-arkitekter\/"},"modified":"2026-03-03T23:12:24","modified_gmt":"2026-03-03T22:12:24","slug":"project-ungen-architect-gartnerfuglen-arkitekter","status":"publish","type":"product","link":"https:\/\/staging.forenteforlag.no\/pax\/produkt\/project-ungen-architect-gartnerfuglen-arkitekter\/","title":{"rendered":"Project: Ungen, architect Gartnerfuglen arkitekter"},"content":{"rendered":"<p>In 2020, the young architectural office Gartnerfuglen received the prestigious Oslo Architecture Association&#8217;s architecture Prize for Ungen\/The Kid, one of their very first commissions. The jury highlighted the project as an inspiration for interventions in the historical areas of Oslo, demonstrating the value of quality and craft: &laquo;The project has been carried out with obvious care for all of its phases, from its conceptual presence in the urban context to the articulation of the individual rooms&#8217; construction, light, materials and details.&raquo; <\/p>\n<p>This small extension to a small house is a infill project in the former working-class areas along Akerselva, the river that hydro-powered the city&#8217;s first industrialization. Its name is taken from the play Ungen (1911) by Oskar Braaten, a chronicler of the first factories and the lives of the factory workers. Today both the industrial power and misery of these areas are substituted by the characteristics of gentrification. In the continuous discussions between the need for transformation and the wish for preservation, Gartnerfuglen&#8217;s work is worth noticing. In his essay, Erling Dokk Holm ponders that the addition .does not only reflect the character of its immediate surroundings, but also the deeper structural changes that Oslo has undergone,&raquo; and that also the architectural project .is something of an illegitimate child of the powers at play within cultural preservation.&raquo; <\/p>\n<p>This volume presents the full set of drawings for the Gartnerfuglen project. Historical photographs show the context of the building. The architects have documented the building process, and the photographer Ivar Kvaal gives his interpretation of the architecture. <\/p>\n<p>Essay by Erling Dokk Holm <br \/>Edited by Karl Otto Ellefsen and Dagfinn Sagen<\/p>\n","protected":false},"excerpt":{"rendered":"<p>In 2020, the young architectural office Gartnerfuglen received the prestigious Oslo Architecture Association&#8217;s architecture Prize for Ungen\/The Kid, one of their very first commissions. The jury highlighted the project as an inspiration for interventions in the historical areas of Oslo, demonstrating the value of quality and craft: &laquo;The project has been carried out with obvious [&hellip;]<\/p>\n","protected":false},"featured_media":28233,"template":"","meta":{"_acf_changed":false,"inline_featured_image":false},"product_brand":[],"product_cat":[1782],"product_tag":[486,362,377],"class_list":{"0":"post-20286","1":"product","2":"type-product","3":"status-publish","4":"has-post-thumbnail","6":"product_cat-fripris","7":"product_tag-boliger","8":"product_tag-faglitteratur","9":"product_tag-oslo","11":"first","12":"instock","13":"shipping-taxable","14":"purchasable","15":"product-type-simple"},"acf":{"anmeldelse":[{"tekst_anmeldelser":"\u00abAt en bok som i hovedsak best\u00e5r av arkitekters arbeidstegninger, kan fortelle en historie, er kanskje ikke \u00e5penbart. Men i asbuilt-seriens bidrag nr. 26, om Gartnerfuglen arkitekters Ungen, et lite tilbygg til en bolig p\u00e5 Sagene i Oslo, har man virkelig truffet blink, og klart \u00e5 vise fram det lille arkitekturprosjektets betydning nettopp ved \u00e5 fortelle en historie.\u00bb","av_anmeldelser":"Torgeir Holljen Thon","terningkast":false,"kilde":"Arkitektur"}]},"yoast_head":"<!-- This site is optimized with the Yoast SEO plugin v26.6 - https:\/\/yoast.com\/wordpress\/plugins\/seo\/ -->\n<title>Project: Ungen, architect Gartnerfuglen arkitekter - Pax<\/title>\n<meta name=\"robots\" content=\"noindex, follow, max-snippet:-1, max-image-preview:large, max-video-preview:-1\" \/>\n<meta property=\"og:locale\" content=\"nb_NO\" \/>\n<meta property=\"og:type\" content=\"article\" \/>\n<meta property=\"og:title\" content=\"Project: Ungen, architect Gartnerfuglen arkitekter - Pax\" \/>\n<meta property=\"og:description\" content=\"In 2020, the young architectural office Gartnerfuglen received the prestigious Oslo Architecture Association&#8217;s architecture Prize for Ungen\/The Kid, one of their very first commissions. The jury highlighted the project as an inspiration for interventions in the historical areas of Oslo, demonstrating the value of quality and craft: &laquo;The project has been carried out with obvious [&hellip;]\" \/>\n<meta property=\"og:url\" content=\"https:\/\/staging.forenteforlag.no\/pax\/produkt\/project-ungen-architect-gartnerfuglen-arkitekter\/\" \/>\n<meta property=\"og:site_name\" content=\"Pax\" \/>\n<meta property=\"article:modified_time\" content=\"2026-03-03T22:12:24+00:00\" \/>\n<meta property=\"og:image\" content=\"https:\/\/staging.forenteforlag.no\/pax\/wp-content\/uploads\/sites\/5\/2025\/08\/jpg-6354-scaled-1-scaled.jpg\" \/>\n\t<meta property=\"og:image:width\" content=\"1363\" \/>\n\t<meta property=\"og:image:height\" content=\"1920\" \/>\n\t<meta property=\"og:image:type\" content=\"image\/jpeg\" \/>\n<meta name=\"twitter:card\" content=\"summary_large_image\" \/>\n<meta name=\"twitter:label1\" content=\"Ansl. lesetid\" \/>\n\t<meta name=\"twitter:data1\" content=\"1 minutt\" \/>\n<script type=\"application\/ld+json\" class=\"yoast-schema-graph\">{\"@context\":\"https:\/\/schema.org\",\"@graph\":[{\"@type\":\"WebPage\",\"@id\":\"https:\/\/staging.forenteforlag.no\/pax\/produkt\/project-ungen-architect-gartnerfuglen-arkitekter\/\",\"url\":\"https:\/\/staging.forenteforlag.no\/pax\/produkt\/project-ungen-architect-gartnerfuglen-arkitekter\/\",\"name\":\"Project: Ungen, architect Gartnerfuglen arkitekter - Pax\",\"isPartOf\":{\"@id\":\"https:\/\/staging.forenteforlag.no\/pax\/#website\"},\"primaryImageOfPage\":{\"@id\":\"https:\/\/staging.forenteforlag.no\/pax\/produkt\/project-ungen-architect-gartnerfuglen-arkitekter\/#primaryimage\"},\"image\":{\"@id\":\"https:\/\/staging.forenteforlag.no\/pax\/produkt\/project-ungen-architect-gartnerfuglen-arkitekter\/#primaryimage\"},\"thumbnailUrl\":\"https:\/\/staging.forenteforlag.no\/pax\/wp-content\/uploads\/sites\/5\/2025\/08\/jpg-6354-scaled-1-scaled.jpg\",\"datePublished\":\"2023-04-11T00:00:00+00:00\",\"dateModified\":\"2026-03-03T22:12:24+00:00\",\"breadcrumb\":{\"@id\":\"https:\/\/staging.forenteforlag.no\/pax\/produkt\/project-ungen-architect-gartnerfuglen-arkitekter\/#breadcrumb\"},\"inLanguage\":\"nb-NO\",\"potentialAction\":[{\"@type\":\"ReadAction\",\"target\":[\"https:\/\/staging.forenteforlag.no\/pax\/produkt\/project-ungen-architect-gartnerfuglen-arkitekter\/\"]}]},{\"@type\":\"ImageObject\",\"inLanguage\":\"nb-NO\",\"@id\":\"https:\/\/staging.forenteforlag.no\/pax\/produkt\/project-ungen-architect-gartnerfuglen-arkitekter\/#primaryimage\",\"url\":\"https:\/\/staging.forenteforlag.no\/pax\/wp-content\/uploads\/sites\/5\/2025\/08\/jpg-6354-scaled-1-scaled.jpg\",\"contentUrl\":\"https:\/\/staging.forenteforlag.no\/pax\/wp-content\/uploads\/sites\/5\/2025\/08\/jpg-6354-scaled-1-scaled.jpg\",\"width\":1363,\"height\":1920},{\"@type\":\"BreadcrumbList\",\"@id\":\"https:\/\/staging.forenteforlag.no\/pax\/produkt\/project-ungen-architect-gartnerfuglen-arkitekter\/#breadcrumb\",\"itemListElement\":[{\"@type\":\"ListItem\",\"position\":1,\"name\":\"Hjem\",\"item\":\"https:\/\/staging.forenteforlag.no\/pax\/\"},{\"@type\":\"ListItem\",\"position\":2,\"name\":\"Alle b\u00f8ker\",\"item\":\"https:\/\/staging.forenteforlag.no\/pax\/butikk\/\"},{\"@type\":\"ListItem\",\"position\":3,\"name\":\"Project: Ungen, architect Gartnerfuglen arkitekter\"}]},{\"@type\":\"WebSite\",\"@id\":\"https:\/\/staging.forenteforlag.no\/pax\/#website\",\"url\":\"https:\/\/staging.forenteforlag.no\/pax\/\",\"name\":\"Pax\",\"description\":\"\",\"potentialAction\":[{\"@type\":\"SearchAction\",\"target\":{\"@type\":\"EntryPoint\",\"urlTemplate\":\"https:\/\/staging.forenteforlag.no\/pax\/?s={search_term_string}\"},\"query-input\":{\"@type\":\"PropertyValueSpecification\",\"valueRequired\":true,\"valueName\":\"search_term_string\"}}],\"inLanguage\":\"nb-NO\"}]}<\/script>\n<!-- \/ Yoast SEO plugin. -->","yoast_head_json":{"title":"Project: Ungen, architect Gartnerfuglen arkitekter - Pax","robots":{"index":"noindex","follow":"follow","max-snippet":"max-snippet:-1","max-image-preview":"max-image-preview:large","max-video-preview":"max-video-preview:-1"},"og_locale":"nb_NO","og_type":"article","og_title":"Project: Ungen, architect Gartnerfuglen arkitekter - Pax","og_description":"In 2020, the young architectural office Gartnerfuglen received the prestigious Oslo Architecture Association&#8217;s architecture Prize for Ungen\/The Kid, one of their very first commissions. The jury highlighted the project as an inspiration for interventions in the historical areas of Oslo, demonstrating the value of quality and craft: &laquo;The project has been carried out with obvious [&hellip;]","og_url":"https:\/\/staging.forenteforlag.no\/pax\/produkt\/project-ungen-architect-gartnerfuglen-arkitekter\/","og_site_name":"Pax","article_modified_time":"2026-03-03T22:12:24+00:00","og_image":[{"width":1363,"height":1920,"url":"https:\/\/staging.forenteforlag.no\/pax\/wp-content\/uploads\/sites\/5\/2025\/08\/jpg-6354-scaled-1-scaled.jpg","type":"image\/jpeg"}],"twitter_card":"summary_large_image","twitter_misc":{"Ansl. lesetid":"1 minutt"},"schema":{"@context":"https:\/\/schema.org","@graph":[{"@type":"WebPage","@id":"https:\/\/staging.forenteforlag.no\/pax\/produkt\/project-ungen-architect-gartnerfuglen-arkitekter\/","url":"https:\/\/staging.forenteforlag.no\/pax\/produkt\/project-ungen-architect-gartnerfuglen-arkitekter\/","name":"Project: Ungen, architect Gartnerfuglen arkitekter - Pax","isPartOf":{"@id":"https:\/\/staging.forenteforlag.no\/pax\/#website"},"primaryImageOfPage":{"@id":"https:\/\/staging.forenteforlag.no\/pax\/produkt\/project-ungen-architect-gartnerfuglen-arkitekter\/#primaryimage"},"image":{"@id":"https:\/\/staging.forenteforlag.no\/pax\/produkt\/project-ungen-architect-gartnerfuglen-arkitekter\/#primaryimage"},"thumbnailUrl":"https:\/\/staging.forenteforlag.no\/pax\/wp-content\/uploads\/sites\/5\/2025\/08\/jpg-6354-scaled-1-scaled.jpg","datePublished":"2023-04-11T00:00:00+00:00","dateModified":"2026-03-03T22:12:24+00:00","breadcrumb":{"@id":"https:\/\/staging.forenteforlag.no\/pax\/produkt\/project-ungen-architect-gartnerfuglen-arkitekter\/#breadcrumb"},"inLanguage":"nb-NO","potentialAction":[{"@type":"ReadAction","target":["https:\/\/staging.forenteforlag.no\/pax\/produkt\/project-ungen-architect-gartnerfuglen-arkitekter\/"]}]},{"@type":"ImageObject","inLanguage":"nb-NO","@id":"https:\/\/staging.forenteforlag.no\/pax\/produkt\/project-ungen-architect-gartnerfuglen-arkitekter\/#primaryimage","url":"https:\/\/staging.forenteforlag.no\/pax\/wp-content\/uploads\/sites\/5\/2025\/08\/jpg-6354-scaled-1-scaled.jpg","contentUrl":"https:\/\/staging.forenteforlag.no\/pax\/wp-content\/uploads\/sites\/5\/2025\/08\/jpg-6354-scaled-1-scaled.jpg","width":1363,"height":1920},{"@type":"BreadcrumbList","@id":"https:\/\/staging.forenteforlag.no\/pax\/produkt\/project-ungen-architect-gartnerfuglen-arkitekter\/#breadcrumb","itemListElement":[{"@type":"ListItem","position":1,"name":"Hjem","item":"https:\/\/staging.forenteforlag.no\/pax\/"},{"@type":"ListItem","position":2,"name":"Alle b\u00f8ker","item":"https:\/\/staging.forenteforlag.no\/pax\/butikk\/"},{"@type":"ListItem","position":3,"name":"Project: Ungen, architect Gartnerfuglen arkitekter"}]},{"@type":"WebSite","@id":"https:\/\/staging.forenteforlag.no\/pax\/#website","url":"https:\/\/staging.forenteforlag.no\/pax\/","name":"Pax","description":"","potentialAction":[{"@type":"SearchAction","target":{"@type":"EntryPoint","urlTemplate":"https:\/\/staging.forenteforlag.no\/pax\/?s={search_term_string}"},"query-input":{"@type":"PropertyValueSpecification","valueRequired":true,"valueName":"search_term_string"}}],"inLanguage":"nb-NO"}]}},"_links":{"self":[{"href":"https:\/\/staging.forenteforlag.no\/pax\/wp-json\/wp\/v2\/product\/20286","targetHints":{"allow":["GET"]}}],"collection":[{"href":"https:\/\/staging.forenteforlag.no\/pax\/wp-json\/wp\/v2\/product"}],"about":[{"href":"https:\/\/staging.forenteforlag.no\/pax\/wp-json\/wp\/v2\/types\/product"}],"wp:featuredmedia":[{"embeddable":true,"href":"https:\/\/staging.forenteforlag.no\/pax\/wp-json\/wp\/v2\/media\/28233"}],"wp:attachment":[{"href":"https:\/\/staging.forenteforlag.no\/pax\/wp-json\/wp\/v2\/media?parent=20286"}],"wp:term":[{"taxonomy":"product_brand","embeddable":true,"href":"https:\/\/staging.forenteforlag.no\/pax\/wp-json\/wp\/v2\/product_brand?post=20286"},{"taxonomy":"product_cat","embeddable":true,"href":"https:\/\/staging.forenteforlag.no\/pax\/wp-json\/wp\/v2\/product_cat?post=20286"},{"taxonomy":"product_tag","embeddable":true,"href":"https:\/\/staging.forenteforlag.no\/pax\/wp-json\/wp\/v2\/product_tag?post=20286"}],"curies":[{"name":"wp","href":"https:\/\/api.w.org\/{rel}","templated":true}]}}