{"id":362,"date":"2024-10-16T14:57:53","date_gmt":"2024-10-16T12:57:53","guid":{"rendered":"https:\/\/pax.forenteforlag.no\/?page_id=362"},"modified":"2025-02-17T10:12:01","modified_gmt":"2025-02-17T09:12:01","slug":"kontakt-oss","status":"publish","type":"page","link":"https:\/\/staging.forenteforlag.no\/pax\/kontakt-oss\/","title":{"rendered":"Kontakt oss"},"content":{"rendered":"<p>Pax Forlag mottar mange henvendelser, og vi svarer s\u00e5 fort vi kan. Under finner du informasjon om hvem du kan kontakte om du er bokhandler, journalist, anmelder, bibliotekar eller aspirerende forfatter. Du kan ogs\u00e5 fylle ut kontaktskjemaet nederst p\u00e5 siden.<\/p>\n<p>&nbsp;<\/p>\n<h4>\u00d8nsker du \u00e5 sende manuset ditt til Pax Forlag?<\/h4>\n<p>Da er det nyttig \u00e5 vite at vi <u>ikke<\/u> utgir\u00a0norsk skj\u00f8nnlitteratur. Vi har mange skj\u00f8nnlitter\u00e6re utgivelser, men de er alle oversatt fra andre spr\u00e5k. Derimot er du velkommen til \u00e5 sende oss sakprosamanuskripter skrevet p\u00e5 norsk. Vi utgir b\u00e5de fagb\u00f8ker beregnet til bruk p\u00e5 universiteter\u00a0og h\u00f8gskoler, og generell sakprosa for allmennmarkedet. Vi utgir ogs\u00e5\u00a0debattb\u00f8ker, dokumentarb\u00f8ker og biografier.<\/p>\n<p>Send manuskriptet til\u00a0<a href=\"mailto:manus@staging.forenteforlag.no\/pax\">manus@staging.forenteforlag.no\/pax<\/a>. Legg ved et f\u00f8lgebrev der du gj\u00f8r rede for bokprosjektet ditt og hvem du mener boken passer for. Du vil f\u00e5 svar i l\u00f8pet av 6-8 uker.<\/p>\n<p>&nbsp;<\/p>\n<h4>\u00d8nsker du anmelder-\/presseeksemplar av noen av b\u00f8kene v\u00e5re?<\/h4>\n<p>Kontakt salg- og markedssjef Eline Willumsen: <a href=\"http:\/\/andrea@staging.forenteforlag.no\/pax\/\">eline@staging.forenteforlag.no\/pax<\/a> \/ 23 13 69 16 \/ 98 04 99 38<\/p>\n<p>H\u00f8yoppl\u00f8ste bokomslag, forfatterportretter og annet pressemateriell finnes p\u00e5 hver bok- eller forfatterside.<\/p>\n<p>&nbsp;<\/p>\n<h4>\u00d8nsker du leseeksemplar av noen av b\u00f8kene v\u00e5re?<\/h4>\n<p>Kontakt salg- og markedssjef Eline Willumsen: <a href=\"http:\/\/andrea@staging.forenteforlag.no\/pax\/\">eline@staging.forenteforlag.no\/pax<\/a> \/ 23 13 69 16 \/ 98 04 99 38<\/p>\n<p>De fleste b\u00f8kene kan bestilles direkte fra Forlagssentralen.<\/p>\n<p>&nbsp;<\/p>\n<h4>Er du bibliotekar?<\/h4>\n<p>Alle v\u00e5re utgivelser kan bestilles fra Biblioteksentralen: <a href=\"http:\/\/www.bibsent.no\/\" target=\"_blank\" rel=\"noopener\">http:\/\/www.bibsent.no\/<\/a><\/p>\n","protected":false},"excerpt":{"rendered":"<p>Pax Forlag mottar mange henvendelser, og vi svarer s\u00e5 fort vi kan. Under finner du informasjon om hvem du kan kontakte om du er bokhandler, journalist, anmelder, bibliotekar eller aspirerende forfatter. Du kan ogs\u00e5 fylle ut kontaktskjemaet nederst p\u00e5 siden. &nbsp; \u00d8nsker du \u00e5 sende manuset ditt til Pax Forlag? Da er det nyttig \u00e5 [&hellip;]<\/p>\n","protected":false},"author":2,"featured_media":0,"parent":0,"menu_order":0,"comment_status":"closed","ping_status":"closed","template":"","meta":{"_acf_changed":false,"inline_featured_image":false,"footnotes":""},"class_list":["post-362","page","type-page","status-publish","hentry"],"acf":[],"yoast_head":"<!-- This site is optimized with the Yoast SEO plugin v26.6 - https:\/\/yoast.com\/wordpress\/plugins\/seo\/ -->\n<title>Kontakt oss - Pax<\/title>\n<meta name=\"description\" content=\"Ta kontakt med Pax Forlag for sp\u00f8rsm\u00e5l, tilbakemeldinger eller samarbeid. Vi st\u00e5r klare til \u00e5 hjelpe deg med dine foresp\u00f8rsler.\" \/>\n<meta name=\"robots\" content=\"noindex, follow, max-snippet:-1, max-image-preview:large, max-video-preview:-1\" \/>\n<meta property=\"og:locale\" content=\"nb_NO\" \/>\n<meta property=\"og:type\" content=\"article\" \/>\n<meta property=\"og:title\" content=\"Kontakt oss - Pax\" \/>\n<meta property=\"og:description\" content=\"Ta kontakt med Pax Forlag for sp\u00f8rsm\u00e5l, tilbakemeldinger eller samarbeid. Vi st\u00e5r klare til \u00e5 hjelpe deg med dine foresp\u00f8rsler.\" \/>\n<meta property=\"og:url\" content=\"https:\/\/staging.forenteforlag.no\/pax\/kontakt-oss\/\" \/>\n<meta property=\"og:site_name\" content=\"Pax\" \/>\n<meta property=\"article:modified_time\" content=\"2025-02-17T09:12:01+00:00\" \/>\n<meta property=\"og:image\" content=\"https:\/\/staging.forenteforlag.no\/pax\/wp-content\/uploads\/sites\/5\/2025\/02\/pax-hvit.jpg\" \/>\n\t<meta property=\"og:image:width\" content=\"1200\" \/>\n\t<meta property=\"og:image:height\" content=\"800\" \/>\n\t<meta property=\"og:image:type\" content=\"image\/jpeg\" \/>\n<meta name=\"twitter:card\" content=\"summary_large_image\" \/>\n<meta name=\"twitter:label1\" content=\"Ansl. lesetid\" \/>\n\t<meta name=\"twitter:data1\" content=\"2 minutter\" \/>\n<script type=\"application\/ld+json\" class=\"yoast-schema-graph\">{\"@context\":\"https:\/\/schema.org\",\"@graph\":[{\"@type\":\"WebPage\",\"@id\":\"https:\/\/staging.forenteforlag.no\/pax\/kontakt-oss\/\",\"url\":\"https:\/\/staging.forenteforlag.no\/pax\/kontakt-oss\/\",\"name\":\"Kontakt oss - Pax\",\"isPartOf\":{\"@id\":\"https:\/\/staging.forenteforlag.no\/pax\/#website\"},\"datePublished\":\"2024-10-16T12:57:53+00:00\",\"dateModified\":\"2025-02-17T09:12:01+00:00\",\"description\":\"Ta kontakt med Pax Forlag for sp\u00f8rsm\u00e5l, tilbakemeldinger eller samarbeid. Vi st\u00e5r klare til \u00e5 hjelpe deg med dine foresp\u00f8rsler.\",\"breadcrumb\":{\"@id\":\"https:\/\/staging.forenteforlag.no\/pax\/kontakt-oss\/#breadcrumb\"},\"inLanguage\":\"nb-NO\",\"potentialAction\":[{\"@type\":\"ReadAction\",\"target\":[\"https:\/\/staging.forenteforlag.no\/pax\/kontakt-oss\/\"]}]},{\"@type\":\"BreadcrumbList\",\"@id\":\"https:\/\/staging.forenteforlag.no\/pax\/kontakt-oss\/#breadcrumb\",\"itemListElement\":[{\"@type\":\"ListItem\",\"position\":1,\"name\":\"Hjem\",\"item\":\"https:\/\/staging.forenteforlag.no\/pax\/\"},{\"@type\":\"ListItem\",\"position\":2,\"name\":\"Kontakt oss\"}]},{\"@type\":\"WebSite\",\"@id\":\"https:\/\/staging.forenteforlag.no\/pax\/#website\",\"url\":\"https:\/\/staging.forenteforlag.no\/pax\/\",\"name\":\"Pax\",\"description\":\"\",\"potentialAction\":[{\"@type\":\"SearchAction\",\"target\":{\"@type\":\"EntryPoint\",\"urlTemplate\":\"https:\/\/staging.forenteforlag.no\/pax\/?s={search_term_string}\"},\"query-input\":{\"@type\":\"PropertyValueSpecification\",\"valueRequired\":true,\"valueName\":\"search_term_string\"}}],\"inLanguage\":\"nb-NO\"}]}<\/script>\n<!-- \/ Yoast SEO plugin. -->","yoast_head_json":{"title":"Kontakt oss - Pax","description":"Ta kontakt med Pax Forlag for sp\u00f8rsm\u00e5l, tilbakemeldinger eller samarbeid. Vi st\u00e5r klare til \u00e5 hjelpe deg med dine foresp\u00f8rsler.","robots":{"index":"noindex","follow":"follow","max-snippet":"max-snippet:-1","max-image-preview":"max-image-preview:large","max-video-preview":"max-video-preview:-1"},"og_locale":"nb_NO","og_type":"article","og_title":"Kontakt oss - Pax","og_description":"Ta kontakt med Pax Forlag for sp\u00f8rsm\u00e5l, tilbakemeldinger eller samarbeid. Vi st\u00e5r klare til \u00e5 hjelpe deg med dine foresp\u00f8rsler.","og_url":"https:\/\/staging.forenteforlag.no\/pax\/kontakt-oss\/","og_site_name":"Pax","article_modified_time":"2025-02-17T09:12:01+00:00","og_image":[{"width":1200,"height":800,"url":"https:\/\/staging.forenteforlag.no\/pax\/wp-content\/uploads\/sites\/5\/2025\/02\/pax-hvit.jpg","type":"image\/jpeg"}],"twitter_card":"summary_large_image","twitter_misc":{"Ansl. lesetid":"2 minutter"},"schema":{"@context":"https:\/\/schema.org","@graph":[{"@type":"WebPage","@id":"https:\/\/staging.forenteforlag.no\/pax\/kontakt-oss\/","url":"https:\/\/staging.forenteforlag.no\/pax\/kontakt-oss\/","name":"Kontakt oss - Pax","isPartOf":{"@id":"https:\/\/staging.forenteforlag.no\/pax\/#website"},"datePublished":"2024-10-16T12:57:53+00:00","dateModified":"2025-02-17T09:12:01+00:00","description":"Ta kontakt med Pax Forlag for sp\u00f8rsm\u00e5l, tilbakemeldinger eller samarbeid. Vi st\u00e5r klare til \u00e5 hjelpe deg med dine foresp\u00f8rsler.","breadcrumb":{"@id":"https:\/\/staging.forenteforlag.no\/pax\/kontakt-oss\/#breadcrumb"},"inLanguage":"nb-NO","potentialAction":[{"@type":"ReadAction","target":["https:\/\/staging.forenteforlag.no\/pax\/kontakt-oss\/"]}]},{"@type":"BreadcrumbList","@id":"https:\/\/staging.forenteforlag.no\/pax\/kontakt-oss\/#breadcrumb","itemListElement":[{"@type":"ListItem","position":1,"name":"Hjem","item":"https:\/\/staging.forenteforlag.no\/pax\/"},{"@type":"ListItem","position":2,"name":"Kontakt oss"}]},{"@type":"WebSite","@id":"https:\/\/staging.forenteforlag.no\/pax\/#website","url":"https:\/\/staging.forenteforlag.no\/pax\/","name":"Pax","description":"","potentialAction":[{"@type":"SearchAction","target":{"@type":"EntryPoint","urlTemplate":"https:\/\/staging.forenteforlag.no\/pax\/?s={search_term_string}"},"query-input":{"@type":"PropertyValueSpecification","valueRequired":true,"valueName":"search_term_string"}}],"inLanguage":"nb-NO"}]}},"_links":{"self":[{"href":"https:\/\/staging.forenteforlag.no\/pax\/wp-json\/wp\/v2\/pages\/362","targetHints":{"allow":["GET"]}}],"collection":[{"href":"https:\/\/staging.forenteforlag.no\/pax\/wp-json\/wp\/v2\/pages"}],"about":[{"href":"https:\/\/staging.forenteforlag.no\/pax\/wp-json\/wp\/v2\/types\/page"}],"author":[{"embeddable":true,"href":"https:\/\/staging.forenteforlag.no\/pax\/wp-json\/wp\/v2\/users\/2"}],"replies":[{"embeddable":true,"href":"https:\/\/staging.forenteforlag.no\/pax\/wp-json\/wp\/v2\/comments?post=362"}],"version-history":[{"count":15,"href":"https:\/\/staging.forenteforlag.no\/pax\/wp-json\/wp\/v2\/pages\/362\/revisions"}],"predecessor-version":[{"id":25120,"href":"https:\/\/staging.forenteforlag.no\/pax\/wp-json\/wp\/v2\/pages\/362\/revisions\/25120"}],"wp:attachment":[{"href":"https:\/\/staging.forenteforlag.no\/pax\/wp-json\/wp\/v2\/media?parent=362"}],"curies":[{"name":"wp","href":"https:\/\/api.w.org\/{rel}","templated":true}]}}