{"id":29878,"date":"2026-01-23T11:48:54","date_gmt":"2026-01-23T10:48:54","guid":{"rendered":"https:\/\/pax.no\/?page_id=29878"},"modified":"2026-01-23T11:48:54","modified_gmt":"2026-01-23T10:48:54","slug":"send-inn-manus","status":"publish","type":"page","link":"https:\/\/staging.forenteforlag.no\/pax\/send-inn-manus\/","title":{"rendered":"Send inn manus"},"content":{"rendered":"<h4>\u00d8nsker du \u00e5 sende manuset ditt til Pax Forlag?<\/h4>\n<p>Da er det nyttig \u00e5 vite at vi\u00a0<u>ikke<\/u>\u00a0utgir\u00a0norsk skj\u00f8nnlitteratur. Vi har mange skj\u00f8nnlitter\u00e6re utgivelser, men de er alle oversatt fra andre spr\u00e5k. Derimot er du velkommen til \u00e5 sende oss sakprosamanuskripter skrevet p\u00e5 norsk. Vi utgir b\u00e5de fagb\u00f8ker beregnet til bruk p\u00e5 universiteter\u00a0og h\u00f8gskoler, og generell sakprosa for allmennmarkedet. Vi utgir ogs\u00e5\u00a0debattb\u00f8ker, dokumentarb\u00f8ker og biografier.<\/p>\n<p>Send manuskriptet til\u00a0<a href=\"mailto:manus@staging.forenteforlag.no\/pax\">manus@staging.forenteforlag.no\/pax<\/a>. Legg ved et f\u00f8lgebrev der du gj\u00f8r rede for bokprosjektet ditt og hvem du mener boken passer for. Du vil f\u00e5 svar i l\u00f8pet av 6-8 uker.<\/p>\n","protected":false},"excerpt":{"rendered":"<p>\u00d8nsker du \u00e5 sende manuset ditt til Pax Forlag? Da er det nyttig \u00e5 vite at vi\u00a0ikke\u00a0utgir\u00a0norsk skj\u00f8nnlitteratur. Vi har mange skj\u00f8nnlitter\u00e6re utgivelser, men de er alle oversatt fra andre spr\u00e5k. Derimot er du velkommen til \u00e5 sende oss sakprosamanuskripter skrevet p\u00e5 norsk. Vi utgir b\u00e5de fagb\u00f8ker beregnet til bruk p\u00e5 universiteter\u00a0og h\u00f8gskoler, og generell [&hellip;]<\/p>\n","protected":false},"author":87,"featured_media":0,"parent":0,"menu_order":0,"comment_status":"closed","ping_status":"closed","template":"","meta":{"_acf_changed":false,"inline_featured_image":false,"footnotes":""},"class_list":["post-29878","page","type-page","status-publish","hentry"],"acf":[],"yoast_head":"<!-- This site is optimized with the Yoast SEO plugin v26.6 - https:\/\/yoast.com\/wordpress\/plugins\/seo\/ -->\n<title>Send inn manus - Pax<\/title>\n<meta name=\"description\" content=\"Send manuskriptet til\u00a0manus@staging.forenteforlag.no\/pax. Legg ved et f\u00f8lgebrev der du gj\u00f8r rede for bokprosjektet ditt og hvem du mener boken passer for. Du vil f\u00e5 svar i l\u00f8pet av 6-8 uker.\" \/>\n<meta name=\"robots\" content=\"noindex, follow, max-snippet:-1, max-image-preview:large, max-video-preview:-1\" \/>\n<meta property=\"og:locale\" content=\"nb_NO\" \/>\n<meta property=\"og:type\" content=\"article\" \/>\n<meta property=\"og:title\" content=\"Send inn manus - Pax\" \/>\n<meta property=\"og:description\" content=\"Send manuskriptet til\u00a0manus@staging.forenteforlag.no\/pax. Legg ved et f\u00f8lgebrev der du gj\u00f8r rede for bokprosjektet ditt og hvem du mener boken passer for. Du vil f\u00e5 svar i l\u00f8pet av 6-8 uker.\" \/>\n<meta property=\"og:url\" content=\"https:\/\/staging.forenteforlag.no\/pax\/send-inn-manus\/\" \/>\n<meta property=\"og:site_name\" content=\"Pax\" \/>\n<meta property=\"og:image\" content=\"https:\/\/staging.forenteforlag.no\/pax\/wp-content\/uploads\/sites\/5\/2025\/02\/pax-hvit.jpg\" \/>\n\t<meta property=\"og:image:width\" content=\"1200\" \/>\n\t<meta property=\"og:image:height\" content=\"800\" \/>\n\t<meta property=\"og:image:type\" content=\"image\/jpeg\" \/>\n<meta name=\"twitter:card\" content=\"summary_large_image\" \/>\n<meta name=\"twitter:label1\" content=\"Ansl. lesetid\" \/>\n\t<meta name=\"twitter:data1\" content=\"1 minutt\" \/>\n<script type=\"application\/ld+json\" class=\"yoast-schema-graph\">{\"@context\":\"https:\/\/schema.org\",\"@graph\":[{\"@type\":\"WebPage\",\"@id\":\"https:\/\/staging.forenteforlag.no\/pax\/send-inn-manus\/\",\"url\":\"https:\/\/staging.forenteforlag.no\/pax\/send-inn-manus\/\",\"name\":\"Send inn manus - Pax\",\"isPartOf\":{\"@id\":\"https:\/\/staging.forenteforlag.no\/pax\/#website\"},\"datePublished\":\"2026-01-23T10:48:54+00:00\",\"description\":\"Send manuskriptet til\u00a0manus@staging.forenteforlag.no\/pax. Legg ved et f\u00f8lgebrev der du gj\u00f8r rede for bokprosjektet ditt og hvem du mener boken passer for. Du vil f\u00e5 svar i l\u00f8pet av 6-8 uker.\",\"breadcrumb\":{\"@id\":\"https:\/\/staging.forenteforlag.no\/pax\/send-inn-manus\/#breadcrumb\"},\"inLanguage\":\"nb-NO\",\"potentialAction\":[{\"@type\":\"ReadAction\",\"target\":[\"https:\/\/staging.forenteforlag.no\/pax\/send-inn-manus\/\"]}]},{\"@type\":\"BreadcrumbList\",\"@id\":\"https:\/\/staging.forenteforlag.no\/pax\/send-inn-manus\/#breadcrumb\",\"itemListElement\":[{\"@type\":\"ListItem\",\"position\":1,\"name\":\"Hjem\",\"item\":\"https:\/\/staging.forenteforlag.no\/pax\/\"},{\"@type\":\"ListItem\",\"position\":2,\"name\":\"Send inn manus\"}]},{\"@type\":\"WebSite\",\"@id\":\"https:\/\/staging.forenteforlag.no\/pax\/#website\",\"url\":\"https:\/\/staging.forenteforlag.no\/pax\/\",\"name\":\"Pax\",\"description\":\"\",\"potentialAction\":[{\"@type\":\"SearchAction\",\"target\":{\"@type\":\"EntryPoint\",\"urlTemplate\":\"https:\/\/staging.forenteforlag.no\/pax\/?s={search_term_string}\"},\"query-input\":{\"@type\":\"PropertyValueSpecification\",\"valueRequired\":true,\"valueName\":\"search_term_string\"}}],\"inLanguage\":\"nb-NO\"}]}<\/script>\n<!-- \/ Yoast SEO plugin. -->","yoast_head_json":{"title":"Send inn manus - Pax","description":"Send manuskriptet til\u00a0manus@staging.forenteforlag.no\/pax. Legg ved et f\u00f8lgebrev der du gj\u00f8r rede for bokprosjektet ditt og hvem du mener boken passer for. Du vil f\u00e5 svar i l\u00f8pet av 6-8 uker.","robots":{"index":"noindex","follow":"follow","max-snippet":"max-snippet:-1","max-image-preview":"max-image-preview:large","max-video-preview":"max-video-preview:-1"},"og_locale":"nb_NO","og_type":"article","og_title":"Send inn manus - Pax","og_description":"Send manuskriptet til\u00a0manus@staging.forenteforlag.no\/pax. Legg ved et f\u00f8lgebrev der du gj\u00f8r rede for bokprosjektet ditt og hvem du mener boken passer for. Du vil f\u00e5 svar i l\u00f8pet av 6-8 uker.","og_url":"https:\/\/staging.forenteforlag.no\/pax\/send-inn-manus\/","og_site_name":"Pax","og_image":[{"width":1200,"height":800,"url":"https:\/\/staging.forenteforlag.no\/pax\/wp-content\/uploads\/sites\/5\/2025\/02\/pax-hvit.jpg","type":"image\/jpeg"}],"twitter_card":"summary_large_image","twitter_misc":{"Ansl. lesetid":"1 minutt"},"schema":{"@context":"https:\/\/schema.org","@graph":[{"@type":"WebPage","@id":"https:\/\/staging.forenteforlag.no\/pax\/send-inn-manus\/","url":"https:\/\/staging.forenteforlag.no\/pax\/send-inn-manus\/","name":"Send inn manus - Pax","isPartOf":{"@id":"https:\/\/staging.forenteforlag.no\/pax\/#website"},"datePublished":"2026-01-23T10:48:54+00:00","description":"Send manuskriptet til\u00a0manus@staging.forenteforlag.no\/pax. Legg ved et f\u00f8lgebrev der du gj\u00f8r rede for bokprosjektet ditt og hvem du mener boken passer for. Du vil f\u00e5 svar i l\u00f8pet av 6-8 uker.","breadcrumb":{"@id":"https:\/\/staging.forenteforlag.no\/pax\/send-inn-manus\/#breadcrumb"},"inLanguage":"nb-NO","potentialAction":[{"@type":"ReadAction","target":["https:\/\/staging.forenteforlag.no\/pax\/send-inn-manus\/"]}]},{"@type":"BreadcrumbList","@id":"https:\/\/staging.forenteforlag.no\/pax\/send-inn-manus\/#breadcrumb","itemListElement":[{"@type":"ListItem","position":1,"name":"Hjem","item":"https:\/\/staging.forenteforlag.no\/pax\/"},{"@type":"ListItem","position":2,"name":"Send inn manus"}]},{"@type":"WebSite","@id":"https:\/\/staging.forenteforlag.no\/pax\/#website","url":"https:\/\/staging.forenteforlag.no\/pax\/","name":"Pax","description":"","potentialAction":[{"@type":"SearchAction","target":{"@type":"EntryPoint","urlTemplate":"https:\/\/staging.forenteforlag.no\/pax\/?s={search_term_string}"},"query-input":{"@type":"PropertyValueSpecification","valueRequired":true,"valueName":"search_term_string"}}],"inLanguage":"nb-NO"}]}},"_links":{"self":[{"href":"https:\/\/staging.forenteforlag.no\/pax\/wp-json\/wp\/v2\/pages\/29878","targetHints":{"allow":["GET"]}}],"collection":[{"href":"https:\/\/staging.forenteforlag.no\/pax\/wp-json\/wp\/v2\/pages"}],"about":[{"href":"https:\/\/staging.forenteforlag.no\/pax\/wp-json\/wp\/v2\/types\/page"}],"author":[{"embeddable":true,"href":"https:\/\/staging.forenteforlag.no\/pax\/wp-json\/wp\/v2\/users\/87"}],"replies":[{"embeddable":true,"href":"https:\/\/staging.forenteforlag.no\/pax\/wp-json\/wp\/v2\/comments?post=29878"}],"version-history":[{"count":1,"href":"https:\/\/staging.forenteforlag.no\/pax\/wp-json\/wp\/v2\/pages\/29878\/revisions"}],"predecessor-version":[{"id":29879,"href":"https:\/\/staging.forenteforlag.no\/pax\/wp-json\/wp\/v2\/pages\/29878\/revisions\/29879"}],"wp:attachment":[{"href":"https:\/\/staging.forenteforlag.no\/pax\/wp-json\/wp\/v2\/media?parent=29878"}],"curies":[{"name":"wp","href":"https:\/\/api.w.org\/{rel}","templated":true}]}}