{"id":26063,"date":"2026-01-05T05:11:52","date_gmt":"2026-01-05T04:11:52","guid":{"rendered":"https:\/\/forlagetpress.no\/produkt\/det-vi-aldri-sier\/"},"modified":"2026-03-02T17:10:51","modified_gmt":"2026-03-02T16:10:51","slug":"det-vi-aldri-sier","status":"publish","type":"product","link":"https:\/\/staging.forenteforlag.no\/forlaget\/produkt\/det-vi-aldri-sier\/","title":{"rendered":"Det vi aldri sier"},"content":{"rendered":"<p>Hvordan kan vi vite s\u00e5 lite om hverandre, selv\u00a0om\u00a0de som st\u00e5r oss n\u00e6rmest?Artie\u00a0Dam tilbringer dagene med \u00e5 undervise amerikansk historie p\u00e5 videreg\u00e5ende, korrigere\u00a0elevenes\u00a0uvitenhet og gi et vennlig ord til de som trenger det mest. Han\u00a0tilbringer\u00a0fritiden\u00a0med\u00a0\u00e5 seile i vakre Massachusetts Bay, eller\u00a0v\u00e6re\u00a0sammen med sin voksne s\u00f8nn og kona han har v\u00e6rt gift med i mer enn tre \u00e5rtier. Og s\u00e5 en dag f\u00e5r Artie vite at livet har holdt en hemmelighet skjult for ham, en hemmelighet som snur hele hans verden opp ned.Det vi aldri sier\u00a0er en gripende meditasjon over ensomhet, vennskap, foreldrerollen og viktigheten av sannhet i en verden som har kullseilt. Med uts\u00f8kt prosa og dyp innsikt tar Elizabeth Strout for seg \u00e9n enkelt manns frykt og ensomhet og gj\u00f8r den universell \u2013 og fanger i samme \u00e5ndedrag den mystiske kj\u00e6rligheten som opprettholder og b\u00e6rer oss alle.\u00abStrout-fans vil str\u00f8mme til hennes nyeste roman, begeistret over \u00e5 f\u00e5 m\u00f8te nye karakterer i hennes alltid fengslende fiktive univers.\u00bbBooklist, starred review<\/p>\n","protected":false},"excerpt":{"rendered":"<p>Hvordan kan vi vite s\u00e5 lite om hverandre, selv\u00a0om\u00a0de som st\u00e5r oss n\u00e6rmest?Artie\u00a0Dam tilbringer dagene med \u00e5 undervise amerikansk historie p\u00e5 videreg\u00e5ende, korrigere\u00a0elevenes\u00a0uvitenhet og gi et vennlig ord til de som trenger det mest. Han\u00a0tilbringer\u00a0fritiden\u00a0med\u00a0\u00e5 seile i vakre Massachusetts Bay, eller\u00a0v\u00e6re\u00a0sammen med sin voksne s\u00f8nn og kona han har v\u00e6rt gift med i mer enn [&hellip;]<\/p>\n","protected":false},"featured_media":26628,"template":"","meta":{"_acf_changed":false,"inline_featured_image":false},"product_brand":[],"product_cat":[1780],"product_tag":[370],"class_list":{"0":"post-26063","1":"product","2":"type-product","3":"status-publish","4":"has-post-thumbnail","6":"product_cat-fastpris","7":"product_tag-skjonnlitteratur","9":"first","10":"kommer","11":"purchasable","12":"product-type-simple"},"acf":{"anmeldelse":null},"yoast_head":"<!-- This site is optimized with the Yoast SEO plugin v26.6 - https:\/\/yoast.com\/wordpress\/plugins\/seo\/ -->\n<title>Det vi aldri sier - Forlaget Press<\/title>\n<meta name=\"robots\" content=\"noindex, follow, max-snippet:-1, max-image-preview:large, max-video-preview:-1\" \/>\n<meta property=\"og:locale\" content=\"nb_NO\" \/>\n<meta property=\"og:type\" content=\"article\" \/>\n<meta property=\"og:title\" content=\"Det vi aldri sier - Forlaget Press\" \/>\n<meta property=\"og:description\" content=\"Hvordan kan vi vite s\u00e5 lite om hverandre, selv\u00a0om\u00a0de som st\u00e5r oss n\u00e6rmest?Artie\u00a0Dam tilbringer dagene med \u00e5 undervise amerikansk historie p\u00e5 videreg\u00e5ende, korrigere\u00a0elevenes\u00a0uvitenhet og gi et vennlig ord til de som trenger det mest. Han\u00a0tilbringer\u00a0fritiden\u00a0med\u00a0\u00e5 seile i vakre Massachusetts Bay, eller\u00a0v\u00e6re\u00a0sammen med sin voksne s\u00f8nn og kona han har v\u00e6rt gift med i mer enn [&hellip;]\" \/>\n<meta property=\"og:url\" content=\"https:\/\/staging.forenteforlag.no\/forlaget\/produkt\/det-vi-aldri-sier\/\" \/>\n<meta property=\"og:site_name\" content=\"Forlaget Press\" \/>\n<meta property=\"article:publisher\" content=\"https:\/\/www.facebook.com\/Forlagetpress\" \/>\n<meta property=\"article:modified_time\" content=\"2026-03-02T16:10:51+00:00\" \/>\n<meta property=\"og:image\" content=\"https:\/\/staging.forenteforlag.no\/forlaget\/wp-content\/uploads\/sites\/3\/2026\/02\/9788232807802.jpg\" \/>\n\t<meta property=\"og:image:width\" content=\"720\" \/>\n\t<meta property=\"og:image:height\" content=\"1067\" \/>\n\t<meta property=\"og:image:type\" content=\"image\/jpeg\" \/>\n<meta name=\"twitter:card\" content=\"summary_large_image\" \/>\n<meta name=\"twitter:label1\" content=\"Ansl. lesetid\" \/>\n\t<meta name=\"twitter:data1\" content=\"1 minutt\" \/>\n<script type=\"application\/ld+json\" class=\"yoast-schema-graph\">{\"@context\":\"https:\/\/schema.org\",\"@graph\":[{\"@type\":\"WebPage\",\"@id\":\"https:\/\/staging.forenteforlag.no\/forlaget\/produkt\/det-vi-aldri-sier\/\",\"url\":\"https:\/\/staging.forenteforlag.no\/forlaget\/produkt\/det-vi-aldri-sier\/\",\"name\":\"Det vi aldri sier - Forlaget Press\",\"isPartOf\":{\"@id\":\"https:\/\/staging.forenteforlag.no\/forlaget\/#website\"},\"primaryImageOfPage\":{\"@id\":\"https:\/\/staging.forenteforlag.no\/forlaget\/produkt\/det-vi-aldri-sier\/#primaryimage\"},\"image\":{\"@id\":\"https:\/\/staging.forenteforlag.no\/forlaget\/produkt\/det-vi-aldri-sier\/#primaryimage\"},\"thumbnailUrl\":\"https:\/\/staging.forenteforlag.no\/forlaget\/wp-content\/uploads\/sites\/3\/2026\/02\/9788232807802.jpg\",\"datePublished\":\"2026-01-05T04:11:52+00:00\",\"dateModified\":\"2026-03-02T16:10:51+00:00\",\"breadcrumb\":{\"@id\":\"https:\/\/staging.forenteforlag.no\/forlaget\/produkt\/det-vi-aldri-sier\/#breadcrumb\"},\"inLanguage\":\"nb-NO\",\"potentialAction\":[{\"@type\":\"ReadAction\",\"target\":[\"https:\/\/staging.forenteforlag.no\/forlaget\/produkt\/det-vi-aldri-sier\/\"]}]},{\"@type\":\"ImageObject\",\"inLanguage\":\"nb-NO\",\"@id\":\"https:\/\/staging.forenteforlag.no\/forlaget\/produkt\/det-vi-aldri-sier\/#primaryimage\",\"url\":\"https:\/\/staging.forenteforlag.no\/forlaget\/wp-content\/uploads\/sites\/3\/2026\/02\/9788232807802.jpg\",\"contentUrl\":\"https:\/\/staging.forenteforlag.no\/forlaget\/wp-content\/uploads\/sites\/3\/2026\/02\/9788232807802.jpg\",\"width\":720,\"height\":1067},{\"@type\":\"BreadcrumbList\",\"@id\":\"https:\/\/staging.forenteforlag.no\/forlaget\/produkt\/det-vi-aldri-sier\/#breadcrumb\",\"itemListElement\":[{\"@type\":\"ListItem\",\"position\":1,\"name\":\"Hjem\",\"item\":\"https:\/\/staging.forenteforlag.no\/forlaget\/\"},{\"@type\":\"ListItem\",\"position\":2,\"name\":\"Alle b\u00f8ker\",\"item\":\"https:\/\/staging.forenteforlag.no\/forlaget\/butikk\/\"},{\"@type\":\"ListItem\",\"position\":3,\"name\":\"Det vi aldri sier\"}]},{\"@type\":\"WebSite\",\"@id\":\"https:\/\/staging.forenteforlag.no\/forlaget\/#website\",\"url\":\"https:\/\/staging.forenteforlag.no\/forlaget\/\",\"name\":\"Forlaget Press\",\"description\":\"\",\"publisher\":{\"@id\":\"https:\/\/staging.forenteforlag.no\/forlaget\/#organization\"},\"potentialAction\":[{\"@type\":\"SearchAction\",\"target\":{\"@type\":\"EntryPoint\",\"urlTemplate\":\"https:\/\/staging.forenteforlag.no\/forlaget\/?s={search_term_string}\"},\"query-input\":{\"@type\":\"PropertyValueSpecification\",\"valueRequired\":true,\"valueName\":\"search_term_string\"}}],\"inLanguage\":\"nb-NO\"},{\"@type\":\"Organization\",\"@id\":\"https:\/\/staging.forenteforlag.no\/forlaget\/#organization\",\"name\":\"Forlaget Press\",\"url\":\"https:\/\/staging.forenteforlag.no\/forlaget\/\",\"logo\":{\"@type\":\"ImageObject\",\"inLanguage\":\"nb-NO\",\"@id\":\"https:\/\/staging.forenteforlag.no\/forlaget\/#\/schema\/logo\/image\/\",\"url\":\"https:\/\/staging.forenteforlag.no\/forlaget\/wp-content\/uploads\/sites\/3\/2024\/09\/Press_logo.svg\",\"contentUrl\":\"https:\/\/staging.forenteforlag.no\/forlaget\/wp-content\/uploads\/sites\/3\/2024\/09\/Press_logo.svg\",\"width\":100,\"height\":100,\"caption\":\"Forlaget Press\"},\"image\":{\"@id\":\"https:\/\/staging.forenteforlag.no\/forlaget\/#\/schema\/logo\/image\/\"},\"sameAs\":[\"https:\/\/www.facebook.com\/Forlagetpress\"]}]}<\/script>\n<!-- \/ Yoast SEO plugin. -->","yoast_head_json":{"title":"Det vi aldri sier - Forlaget Press","robots":{"index":"noindex","follow":"follow","max-snippet":"max-snippet:-1","max-image-preview":"max-image-preview:large","max-video-preview":"max-video-preview:-1"},"og_locale":"nb_NO","og_type":"article","og_title":"Det vi aldri sier - Forlaget Press","og_description":"Hvordan kan vi vite s\u00e5 lite om hverandre, selv\u00a0om\u00a0de som st\u00e5r oss n\u00e6rmest?Artie\u00a0Dam tilbringer dagene med \u00e5 undervise amerikansk historie p\u00e5 videreg\u00e5ende, korrigere\u00a0elevenes\u00a0uvitenhet og gi et vennlig ord til de som trenger det mest. Han\u00a0tilbringer\u00a0fritiden\u00a0med\u00a0\u00e5 seile i vakre Massachusetts Bay, eller\u00a0v\u00e6re\u00a0sammen med sin voksne s\u00f8nn og kona han har v\u00e6rt gift med i mer enn [&hellip;]","og_url":"https:\/\/staging.forenteforlag.no\/forlaget\/produkt\/det-vi-aldri-sier\/","og_site_name":"Forlaget Press","article_publisher":"https:\/\/www.facebook.com\/Forlagetpress","article_modified_time":"2026-03-02T16:10:51+00:00","og_image":[{"width":720,"height":1067,"url":"https:\/\/staging.forenteforlag.no\/forlaget\/wp-content\/uploads\/sites\/3\/2026\/02\/9788232807802.jpg","type":"image\/jpeg"}],"twitter_card":"summary_large_image","twitter_misc":{"Ansl. lesetid":"1 minutt"},"schema":{"@context":"https:\/\/schema.org","@graph":[{"@type":"WebPage","@id":"https:\/\/staging.forenteforlag.no\/forlaget\/produkt\/det-vi-aldri-sier\/","url":"https:\/\/staging.forenteforlag.no\/forlaget\/produkt\/det-vi-aldri-sier\/","name":"Det vi aldri sier - Forlaget Press","isPartOf":{"@id":"https:\/\/staging.forenteforlag.no\/forlaget\/#website"},"primaryImageOfPage":{"@id":"https:\/\/staging.forenteforlag.no\/forlaget\/produkt\/det-vi-aldri-sier\/#primaryimage"},"image":{"@id":"https:\/\/staging.forenteforlag.no\/forlaget\/produkt\/det-vi-aldri-sier\/#primaryimage"},"thumbnailUrl":"https:\/\/staging.forenteforlag.no\/forlaget\/wp-content\/uploads\/sites\/3\/2026\/02\/9788232807802.jpg","datePublished":"2026-01-05T04:11:52+00:00","dateModified":"2026-03-02T16:10:51+00:00","breadcrumb":{"@id":"https:\/\/staging.forenteforlag.no\/forlaget\/produkt\/det-vi-aldri-sier\/#breadcrumb"},"inLanguage":"nb-NO","potentialAction":[{"@type":"ReadAction","target":["https:\/\/staging.forenteforlag.no\/forlaget\/produkt\/det-vi-aldri-sier\/"]}]},{"@type":"ImageObject","inLanguage":"nb-NO","@id":"https:\/\/staging.forenteforlag.no\/forlaget\/produkt\/det-vi-aldri-sier\/#primaryimage","url":"https:\/\/staging.forenteforlag.no\/forlaget\/wp-content\/uploads\/sites\/3\/2026\/02\/9788232807802.jpg","contentUrl":"https:\/\/staging.forenteforlag.no\/forlaget\/wp-content\/uploads\/sites\/3\/2026\/02\/9788232807802.jpg","width":720,"height":1067},{"@type":"BreadcrumbList","@id":"https:\/\/staging.forenteforlag.no\/forlaget\/produkt\/det-vi-aldri-sier\/#breadcrumb","itemListElement":[{"@type":"ListItem","position":1,"name":"Hjem","item":"https:\/\/staging.forenteforlag.no\/forlaget\/"},{"@type":"ListItem","position":2,"name":"Alle b\u00f8ker","item":"https:\/\/staging.forenteforlag.no\/forlaget\/butikk\/"},{"@type":"ListItem","position":3,"name":"Det vi aldri sier"}]},{"@type":"WebSite","@id":"https:\/\/staging.forenteforlag.no\/forlaget\/#website","url":"https:\/\/staging.forenteforlag.no\/forlaget\/","name":"Forlaget Press","description":"","publisher":{"@id":"https:\/\/staging.forenteforlag.no\/forlaget\/#organization"},"potentialAction":[{"@type":"SearchAction","target":{"@type":"EntryPoint","urlTemplate":"https:\/\/staging.forenteforlag.no\/forlaget\/?s={search_term_string}"},"query-input":{"@type":"PropertyValueSpecification","valueRequired":true,"valueName":"search_term_string"}}],"inLanguage":"nb-NO"},{"@type":"Organization","@id":"https:\/\/staging.forenteforlag.no\/forlaget\/#organization","name":"Forlaget Press","url":"https:\/\/staging.forenteforlag.no\/forlaget\/","logo":{"@type":"ImageObject","inLanguage":"nb-NO","@id":"https:\/\/staging.forenteforlag.no\/forlaget\/#\/schema\/logo\/image\/","url":"https:\/\/staging.forenteforlag.no\/forlaget\/wp-content\/uploads\/sites\/3\/2024\/09\/Press_logo.svg","contentUrl":"https:\/\/staging.forenteforlag.no\/forlaget\/wp-content\/uploads\/sites\/3\/2024\/09\/Press_logo.svg","width":100,"height":100,"caption":"Forlaget Press"},"image":{"@id":"https:\/\/staging.forenteforlag.no\/forlaget\/#\/schema\/logo\/image\/"},"sameAs":["https:\/\/www.facebook.com\/Forlagetpress"]}]}},"_links":{"self":[{"href":"https:\/\/staging.forenteforlag.no\/forlaget\/wp-json\/wp\/v2\/product\/26063","targetHints":{"allow":["GET"]}}],"collection":[{"href":"https:\/\/staging.forenteforlag.no\/forlaget\/wp-json\/wp\/v2\/product"}],"about":[{"href":"https:\/\/staging.forenteforlag.no\/forlaget\/wp-json\/wp\/v2\/types\/product"}],"wp:featuredmedia":[{"embeddable":true,"href":"https:\/\/staging.forenteforlag.no\/forlaget\/wp-json\/wp\/v2\/media\/26628"}],"wp:attachment":[{"href":"https:\/\/staging.forenteforlag.no\/forlaget\/wp-json\/wp\/v2\/media?parent=26063"}],"wp:term":[{"taxonomy":"product_brand","embeddable":true,"href":"https:\/\/staging.forenteforlag.no\/forlaget\/wp-json\/wp\/v2\/product_brand?post=26063"},{"taxonomy":"product_cat","embeddable":true,"href":"https:\/\/staging.forenteforlag.no\/forlaget\/wp-json\/wp\/v2\/product_cat?post=26063"},{"taxonomy":"product_tag","embeddable":true,"href":"https:\/\/staging.forenteforlag.no\/forlaget\/wp-json\/wp\/v2\/product_tag?post=26063"}],"curies":[{"name":"wp","href":"https:\/\/api.w.org\/{rel}","templated":true}]}}