{"id":25997,"date":"2025-11-12T08:08:50","date_gmt":"2025-11-12T07:08:50","guid":{"rendered":"https:\/\/forlagetpress.no\/produkt\/jens-arup-seip\/"},"modified":"2026-03-02T17:10:02","modified_gmt":"2026-03-02T16:10:02","slug":"jens-arup-seip","status":"publish","type":"product","link":"https:\/\/staging.forenteforlag.no\/forlaget\/produkt\/jens-arup-seip\/","title":{"rendered":"Jens Arup Seip"},"content":{"rendered":"<p>Har du snakket om det sosialdemokratiske Norge etter andre verdenskrig som \u00abettpartistaten\u00bb, eller h\u00f8rt Arbeiderpartiet bli omtalt som \u00ab\u00f8rnen\u00bb blant partiene? Tenker du p\u00e5 Norge p\u00e5 1800-tallet som et samfunn styrt av en klasse mektige embetsmenn, en s\u00e5kalt \u00abembetsmannsstat\u00bb? Eller mener du at historiefagets viktigste rolle er \u00e5 rive ned mytene om fortiden, for \u00e5 komme ned til et dypere og sannere niv\u00e5? I s\u00e5 fall er du, enten du vet det eller ei, formet av tekstene til historikeren  Jens Arup Seip (1905\u20131992).Ingen enkeltperson har v\u00e6rt viktigere for historieskrivingen om Norge i det 20. \u00e5rhundre enn Jens Arup Seip. Gjennom over seksti \u00e5r som faghistoriker bidro Seip med begreper, fortellinger og modeller for \u00e5 forst\u00e5 norsk historie \u2013 fortellinger som har blitt s\u00e5 viktige at vi i dag tar dem for gitt. Samtidig var Seip en av landets mest profilerte offentlige intellektuelle, og formet bildet av hva en historiker skulle v\u00e6re, i en periode hvor det norske historiefaget gjennomgikk enorme endringer.I dag er b\u00e5de den norske offentligheten, akademikerrollen og historiefaget forandret til det ugjenkjennelige. Hva er da igjen av historien om Norges mest kjente historiker? En biografi om Jens Arup Seip er mye mer enn historien om et enkeltmenneske. Det er historien om vekst og fall for et helt historisk system \u2013 og om hvordan vi nordmenn har forst\u00e5tt oss selv og fortiden v\u00e5r.<\/p>\n","protected":false},"excerpt":{"rendered":"<p>Har du snakket om det sosialdemokratiske Norge etter andre verdenskrig som \u00abettpartistaten\u00bb, eller h\u00f8rt Arbeiderpartiet bli omtalt som \u00ab\u00f8rnen\u00bb blant partiene? Tenker du p\u00e5 Norge p\u00e5 1800-tallet som et samfunn styrt av en klasse mektige embetsmenn, en s\u00e5kalt \u00abembetsmannsstat\u00bb? Eller mener du at historiefagets viktigste rolle er \u00e5 rive ned mytene om fortiden, for \u00e5 [&hellip;]<\/p>\n","protected":false},"featured_media":26621,"template":"","meta":{"_acf_changed":false,"inline_featured_image":false},"product_brand":[],"product_cat":[1780],"product_tag":[362],"class_list":{"0":"post-25997","1":"product","2":"type-product","3":"status-publish","4":"has-post-thumbnail","6":"product_cat-fastpris","7":"product_tag-faglitteratur","9":"first","10":"instock","11":"purchasable","12":"product-type-simple"},"acf":{"anmeldelse":[{"tekst_anmeldelser":"\u00c5smund Svendsens glitrende bok om Seip gir n\u00f8kler til \u00e5 forst\u00e5 den ambivalensen flere enn meg har kjent p\u00e5 i m\u00f8te med historieskrivingen hans. [...]\u00a0Det er imidlertid ingen smal bok skrevet for historikerlauget, men en bredt anlagt studie der vekselvirkningen mellom historieskriving, samfunn og offentlighet st\u00e5r sentralt.","av_anmeldelser":"Marius M. Kj\u00f8lstad","terningkast":false,"kilde":"Klassekampen"}]},"yoast_head":"<!-- This site is optimized with the Yoast SEO plugin v26.6 - https:\/\/yoast.com\/wordpress\/plugins\/seo\/ -->\n<title>Jens Arup Seip - Forlaget Press<\/title>\n<meta name=\"robots\" content=\"noindex, follow, max-snippet:-1, max-image-preview:large, max-video-preview:-1\" \/>\n<meta property=\"og:locale\" content=\"nb_NO\" \/>\n<meta property=\"og:type\" content=\"article\" \/>\n<meta property=\"og:title\" content=\"Jens Arup Seip - Forlaget Press\" \/>\n<meta property=\"og:description\" content=\"Har du snakket om det sosialdemokratiske Norge etter andre verdenskrig som \u00abettpartistaten\u00bb, eller h\u00f8rt Arbeiderpartiet bli omtalt som \u00ab\u00f8rnen\u00bb blant partiene? Tenker du p\u00e5 Norge p\u00e5 1800-tallet som et samfunn styrt av en klasse mektige embetsmenn, en s\u00e5kalt \u00abembetsmannsstat\u00bb? Eller mener du at historiefagets viktigste rolle er \u00e5 rive ned mytene om fortiden, for \u00e5 [&hellip;]\" \/>\n<meta property=\"og:url\" content=\"https:\/\/staging.forenteforlag.no\/forlaget\/produkt\/jens-arup-seip\/\" \/>\n<meta property=\"og:site_name\" content=\"Forlaget Press\" \/>\n<meta property=\"article:publisher\" content=\"https:\/\/www.facebook.com\/Forlagetpress\" \/>\n<meta property=\"article:modified_time\" content=\"2026-03-02T16:10:02+00:00\" \/>\n<meta property=\"og:image\" content=\"https:\/\/staging.forenteforlag.no\/forlaget\/wp-content\/uploads\/sites\/3\/2026\/02\/9788232807413.jpg\" \/>\n\t<meta property=\"og:image:width\" content=\"720\" \/>\n\t<meta property=\"og:image:height\" content=\"1084\" \/>\n\t<meta property=\"og:image:type\" content=\"image\/jpeg\" \/>\n<meta name=\"twitter:card\" content=\"summary_large_image\" \/>\n<meta name=\"twitter:label1\" content=\"Ansl. lesetid\" \/>\n\t<meta name=\"twitter:data1\" content=\"2 minutter\" \/>\n<script type=\"application\/ld+json\" class=\"yoast-schema-graph\">{\"@context\":\"https:\/\/schema.org\",\"@graph\":[{\"@type\":\"WebPage\",\"@id\":\"https:\/\/staging.forenteforlag.no\/forlaget\/produkt\/jens-arup-seip\/\",\"url\":\"https:\/\/staging.forenteforlag.no\/forlaget\/produkt\/jens-arup-seip\/\",\"name\":\"Jens Arup Seip - Forlaget Press\",\"isPartOf\":{\"@id\":\"https:\/\/staging.forenteforlag.no\/forlaget\/#website\"},\"primaryImageOfPage\":{\"@id\":\"https:\/\/staging.forenteforlag.no\/forlaget\/produkt\/jens-arup-seip\/#primaryimage\"},\"image\":{\"@id\":\"https:\/\/staging.forenteforlag.no\/forlaget\/produkt\/jens-arup-seip\/#primaryimage\"},\"thumbnailUrl\":\"https:\/\/staging.forenteforlag.no\/forlaget\/wp-content\/uploads\/sites\/3\/2026\/02\/9788232807413.jpg\",\"datePublished\":\"2025-11-12T07:08:50+00:00\",\"dateModified\":\"2026-03-02T16:10:02+00:00\",\"breadcrumb\":{\"@id\":\"https:\/\/staging.forenteforlag.no\/forlaget\/produkt\/jens-arup-seip\/#breadcrumb\"},\"inLanguage\":\"nb-NO\",\"potentialAction\":[{\"@type\":\"ReadAction\",\"target\":[\"https:\/\/staging.forenteforlag.no\/forlaget\/produkt\/jens-arup-seip\/\"]}]},{\"@type\":\"ImageObject\",\"inLanguage\":\"nb-NO\",\"@id\":\"https:\/\/staging.forenteforlag.no\/forlaget\/produkt\/jens-arup-seip\/#primaryimage\",\"url\":\"https:\/\/staging.forenteforlag.no\/forlaget\/wp-content\/uploads\/sites\/3\/2026\/02\/9788232807413.jpg\",\"contentUrl\":\"https:\/\/staging.forenteforlag.no\/forlaget\/wp-content\/uploads\/sites\/3\/2026\/02\/9788232807413.jpg\",\"width\":720,\"height\":1084},{\"@type\":\"BreadcrumbList\",\"@id\":\"https:\/\/staging.forenteforlag.no\/forlaget\/produkt\/jens-arup-seip\/#breadcrumb\",\"itemListElement\":[{\"@type\":\"ListItem\",\"position\":1,\"name\":\"Hjem\",\"item\":\"https:\/\/staging.forenteforlag.no\/forlaget\/\"},{\"@type\":\"ListItem\",\"position\":2,\"name\":\"Alle b\u00f8ker\",\"item\":\"https:\/\/staging.forenteforlag.no\/forlaget\/butikk\/\"},{\"@type\":\"ListItem\",\"position\":3,\"name\":\"Jens Arup Seip\"}]},{\"@type\":\"WebSite\",\"@id\":\"https:\/\/staging.forenteforlag.no\/forlaget\/#website\",\"url\":\"https:\/\/staging.forenteforlag.no\/forlaget\/\",\"name\":\"Forlaget Press\",\"description\":\"\",\"publisher\":{\"@id\":\"https:\/\/staging.forenteforlag.no\/forlaget\/#organization\"},\"potentialAction\":[{\"@type\":\"SearchAction\",\"target\":{\"@type\":\"EntryPoint\",\"urlTemplate\":\"https:\/\/staging.forenteforlag.no\/forlaget\/?s={search_term_string}\"},\"query-input\":{\"@type\":\"PropertyValueSpecification\",\"valueRequired\":true,\"valueName\":\"search_term_string\"}}],\"inLanguage\":\"nb-NO\"},{\"@type\":\"Organization\",\"@id\":\"https:\/\/staging.forenteforlag.no\/forlaget\/#organization\",\"name\":\"Forlaget Press\",\"url\":\"https:\/\/staging.forenteforlag.no\/forlaget\/\",\"logo\":{\"@type\":\"ImageObject\",\"inLanguage\":\"nb-NO\",\"@id\":\"https:\/\/staging.forenteforlag.no\/forlaget\/#\/schema\/logo\/image\/\",\"url\":\"https:\/\/staging.forenteforlag.no\/forlaget\/wp-content\/uploads\/sites\/3\/2024\/09\/Press_logo.svg\",\"contentUrl\":\"https:\/\/staging.forenteforlag.no\/forlaget\/wp-content\/uploads\/sites\/3\/2024\/09\/Press_logo.svg\",\"width\":100,\"height\":100,\"caption\":\"Forlaget Press\"},\"image\":{\"@id\":\"https:\/\/staging.forenteforlag.no\/forlaget\/#\/schema\/logo\/image\/\"},\"sameAs\":[\"https:\/\/www.facebook.com\/Forlagetpress\"]}]}<\/script>\n<!-- \/ Yoast SEO plugin. -->","yoast_head_json":{"title":"Jens Arup Seip - Forlaget Press","robots":{"index":"noindex","follow":"follow","max-snippet":"max-snippet:-1","max-image-preview":"max-image-preview:large","max-video-preview":"max-video-preview:-1"},"og_locale":"nb_NO","og_type":"article","og_title":"Jens Arup Seip - Forlaget Press","og_description":"Har du snakket om det sosialdemokratiske Norge etter andre verdenskrig som \u00abettpartistaten\u00bb, eller h\u00f8rt Arbeiderpartiet bli omtalt som \u00ab\u00f8rnen\u00bb blant partiene? Tenker du p\u00e5 Norge p\u00e5 1800-tallet som et samfunn styrt av en klasse mektige embetsmenn, en s\u00e5kalt \u00abembetsmannsstat\u00bb? Eller mener du at historiefagets viktigste rolle er \u00e5 rive ned mytene om fortiden, for \u00e5 [&hellip;]","og_url":"https:\/\/staging.forenteforlag.no\/forlaget\/produkt\/jens-arup-seip\/","og_site_name":"Forlaget Press","article_publisher":"https:\/\/www.facebook.com\/Forlagetpress","article_modified_time":"2026-03-02T16:10:02+00:00","og_image":[{"width":720,"height":1084,"url":"https:\/\/staging.forenteforlag.no\/forlaget\/wp-content\/uploads\/sites\/3\/2026\/02\/9788232807413.jpg","type":"image\/jpeg"}],"twitter_card":"summary_large_image","twitter_misc":{"Ansl. lesetid":"2 minutter"},"schema":{"@context":"https:\/\/schema.org","@graph":[{"@type":"WebPage","@id":"https:\/\/staging.forenteforlag.no\/forlaget\/produkt\/jens-arup-seip\/","url":"https:\/\/staging.forenteforlag.no\/forlaget\/produkt\/jens-arup-seip\/","name":"Jens Arup Seip - Forlaget Press","isPartOf":{"@id":"https:\/\/staging.forenteforlag.no\/forlaget\/#website"},"primaryImageOfPage":{"@id":"https:\/\/staging.forenteforlag.no\/forlaget\/produkt\/jens-arup-seip\/#primaryimage"},"image":{"@id":"https:\/\/staging.forenteforlag.no\/forlaget\/produkt\/jens-arup-seip\/#primaryimage"},"thumbnailUrl":"https:\/\/staging.forenteforlag.no\/forlaget\/wp-content\/uploads\/sites\/3\/2026\/02\/9788232807413.jpg","datePublished":"2025-11-12T07:08:50+00:00","dateModified":"2026-03-02T16:10:02+00:00","breadcrumb":{"@id":"https:\/\/staging.forenteforlag.no\/forlaget\/produkt\/jens-arup-seip\/#breadcrumb"},"inLanguage":"nb-NO","potentialAction":[{"@type":"ReadAction","target":["https:\/\/staging.forenteforlag.no\/forlaget\/produkt\/jens-arup-seip\/"]}]},{"@type":"ImageObject","inLanguage":"nb-NO","@id":"https:\/\/staging.forenteforlag.no\/forlaget\/produkt\/jens-arup-seip\/#primaryimage","url":"https:\/\/staging.forenteforlag.no\/forlaget\/wp-content\/uploads\/sites\/3\/2026\/02\/9788232807413.jpg","contentUrl":"https:\/\/staging.forenteforlag.no\/forlaget\/wp-content\/uploads\/sites\/3\/2026\/02\/9788232807413.jpg","width":720,"height":1084},{"@type":"BreadcrumbList","@id":"https:\/\/staging.forenteforlag.no\/forlaget\/produkt\/jens-arup-seip\/#breadcrumb","itemListElement":[{"@type":"ListItem","position":1,"name":"Hjem","item":"https:\/\/staging.forenteforlag.no\/forlaget\/"},{"@type":"ListItem","position":2,"name":"Alle b\u00f8ker","item":"https:\/\/staging.forenteforlag.no\/forlaget\/butikk\/"},{"@type":"ListItem","position":3,"name":"Jens Arup Seip"}]},{"@type":"WebSite","@id":"https:\/\/staging.forenteforlag.no\/forlaget\/#website","url":"https:\/\/staging.forenteforlag.no\/forlaget\/","name":"Forlaget Press","description":"","publisher":{"@id":"https:\/\/staging.forenteforlag.no\/forlaget\/#organization"},"potentialAction":[{"@type":"SearchAction","target":{"@type":"EntryPoint","urlTemplate":"https:\/\/staging.forenteforlag.no\/forlaget\/?s={search_term_string}"},"query-input":{"@type":"PropertyValueSpecification","valueRequired":true,"valueName":"search_term_string"}}],"inLanguage":"nb-NO"},{"@type":"Organization","@id":"https:\/\/staging.forenteforlag.no\/forlaget\/#organization","name":"Forlaget Press","url":"https:\/\/staging.forenteforlag.no\/forlaget\/","logo":{"@type":"ImageObject","inLanguage":"nb-NO","@id":"https:\/\/staging.forenteforlag.no\/forlaget\/#\/schema\/logo\/image\/","url":"https:\/\/staging.forenteforlag.no\/forlaget\/wp-content\/uploads\/sites\/3\/2024\/09\/Press_logo.svg","contentUrl":"https:\/\/staging.forenteforlag.no\/forlaget\/wp-content\/uploads\/sites\/3\/2024\/09\/Press_logo.svg","width":100,"height":100,"caption":"Forlaget Press"},"image":{"@id":"https:\/\/staging.forenteforlag.no\/forlaget\/#\/schema\/logo\/image\/"},"sameAs":["https:\/\/www.facebook.com\/Forlagetpress"]}]}},"_links":{"self":[{"href":"https:\/\/staging.forenteforlag.no\/forlaget\/wp-json\/wp\/v2\/product\/25997","targetHints":{"allow":["GET"]}}],"collection":[{"href":"https:\/\/staging.forenteforlag.no\/forlaget\/wp-json\/wp\/v2\/product"}],"about":[{"href":"https:\/\/staging.forenteforlag.no\/forlaget\/wp-json\/wp\/v2\/types\/product"}],"wp:featuredmedia":[{"embeddable":true,"href":"https:\/\/staging.forenteforlag.no\/forlaget\/wp-json\/wp\/v2\/media\/26621"}],"wp:attachment":[{"href":"https:\/\/staging.forenteforlag.no\/forlaget\/wp-json\/wp\/v2\/media?parent=25997"}],"wp:term":[{"taxonomy":"product_brand","embeddable":true,"href":"https:\/\/staging.forenteforlag.no\/forlaget\/wp-json\/wp\/v2\/product_brand?post=25997"},{"taxonomy":"product_cat","embeddable":true,"href":"https:\/\/staging.forenteforlag.no\/forlaget\/wp-json\/wp\/v2\/product_cat?post=25997"},{"taxonomy":"product_tag","embeddable":true,"href":"https:\/\/staging.forenteforlag.no\/forlaget\/wp-json\/wp\/v2\/product_tag?post=25997"}],"curies":[{"name":"wp","href":"https:\/\/api.w.org\/{rel}","templated":true}]}}