{"id":25886,"date":"2025-09-29T08:16:13","date_gmt":"2025-09-29T06:16:13","guid":{"rendered":"https:\/\/forlagetpress.no\/produkt\/usynlig-til-stede-om-hvordan-fotografi-har-endret-norge-etter-1945\/"},"modified":"2026-02-18T19:19:49","modified_gmt":"2026-02-18T18:19:49","slug":"usynlig-til-stede-om-hvordan-fotografi-har-endret-norge-etter-1945","status":"publish","type":"product","link":"https:\/\/staging.forenteforlag.no\/forlaget\/produkt\/usynlig-til-stede-om-hvordan-fotografi-har-endret-norge-etter-1945\/","title":{"rendered":"Usynlig til stede &#8211; om hvordan fotografi har endret Norge etter 1945"},"content":{"rendered":"<p>Hva har folkehelse, telefonregninger og en gul Nesquik-boks i en fotobok \u00e5 gj\u00f8re?<\/p>\n<p>Dette er historien om hvordan fotografi har endret Norge. Endringene har skjedd b\u00e5de gradvis og i br\u00e5 kast. Med fotografi ble telleskritt og telefonregninger registrert, kroppen v\u00e5re gjennomlyst og med engangskameraet ble hverdagen fanget p\u00e5 film. Noen fotografier har formet v\u00e5rt nasjonale selvbilde. Andre har hatt direkte innvirkning p\u00e5 samfunn, arbeidsliv og industriutvikling. Mer enn en bok om hva fotografier viser, er dette en bok om hva fotografi gj\u00f8r.<\/p>\n<p>Etter 1945 har fotografi g\u00e5tt fra \u00e5 v\u00e6re noe eksklusivt til \u00e5 bli en selvsagt del av s\u00e5 \u00e5 si alt vi gj\u00f8r, og det er vanskelig \u00e5 forestille seg en hverdag uten. N\u00e5r tannkremtuben er tom, knipser vi et bilde og sender til den som er i butikken. For \u00e5tti \u00e5r siden hadde en slik fotografisk handleliste v\u00e6rt utenkelig. Fotografier er n\u00e5 blitt s\u00e5 vanlige og selvsagte at vi knapt legger merke til dem, ei heller i hvilken grad de former livet v\u00e5rt. De er blitt usynlig til stede.<\/p>\n","protected":false},"excerpt":{"rendered":"<p>Hva har folkehelse, telefonregninger og en gul Nesquik-boks i en fotobok \u00e5 gj\u00f8re? Dette er historien om hvordan fotografi har endret Norge. Endringene har skjedd b\u00e5de gradvis og i br\u00e5 kast. Med fotografi ble telleskritt og telefonregninger registrert, kroppen v\u00e5re gjennomlyst og med engangskameraet ble hverdagen fanget p\u00e5 film. Noen fotografier har formet v\u00e5rt nasjonale [&hellip;]<\/p>\n","protected":false},"featured_media":25929,"template":"","meta":{"_acf_changed":false,"inline_featured_image":false},"product_brand":[],"product_cat":[352,26,18],"product_tag":[362],"class_list":{"0":"post-25886","1":"product","2":"type-product","3":"status-publish","4":"has-post-thumbnail","6":"product_cat-arets-boker","7":"product_cat-kunst-og-kultur","8":"product_cat-sakprosa","9":"product_tag-faglitteratur","10":"pa_format-innbundet","12":"first","13":"instock","14":"purchasable","15":"product-type-simple"},"acf":{"anmeldelse":null},"yoast_head":"<!-- This site is optimized with the Yoast SEO plugin v26.6 - https:\/\/yoast.com\/wordpress\/plugins\/seo\/ -->\n<title>Usynlig til stede - om hvordan fotografi har endret Norge etter 1945 - Forlaget Press<\/title>\n<meta name=\"robots\" content=\"noindex, follow, max-snippet:-1, max-image-preview:large, max-video-preview:-1\" \/>\n<meta property=\"og:locale\" content=\"nb_NO\" \/>\n<meta property=\"og:type\" content=\"article\" \/>\n<meta property=\"og:title\" content=\"Usynlig til stede - om hvordan fotografi har endret Norge etter 1945 - Forlaget Press\" \/>\n<meta property=\"og:description\" content=\"Hva har folkehelse, telefonregninger og en gul Nesquik-boks i en fotobok \u00e5 gj\u00f8re? Dette er historien om hvordan fotografi har endret Norge. Endringene har skjedd b\u00e5de gradvis og i br\u00e5 kast. Med fotografi ble telleskritt og telefonregninger registrert, kroppen v\u00e5re gjennomlyst og med engangskameraet ble hverdagen fanget p\u00e5 film. Noen fotografier har formet v\u00e5rt nasjonale [&hellip;]\" \/>\n<meta property=\"og:url\" content=\"https:\/\/staging.forenteforlag.no\/forlaget\/produkt\/usynlig-til-stede-om-hvordan-fotografi-har-endret-norge-etter-1945\/\" \/>\n<meta property=\"og:site_name\" content=\"Forlaget Press\" \/>\n<meta property=\"article:publisher\" content=\"https:\/\/www.facebook.com\/Forlagetpress\" \/>\n<meta property=\"article:modified_time\" content=\"2026-02-18T18:19:49+00:00\" \/>\n<meta property=\"og:image\" content=\"https:\/\/staging.forenteforlag.no\/forlaget\/wp-content\/uploads\/sites\/3\/2025\/10\/Usynlig-til-stede.png\" \/>\n\t<meta property=\"og:image:width\" content=\"481\" \/>\n\t<meta property=\"og:image:height\" content=\"618\" \/>\n\t<meta property=\"og:image:type\" content=\"image\/png\" \/>\n<meta name=\"twitter:card\" content=\"summary_large_image\" \/>\n<meta name=\"twitter:label1\" content=\"Ansl. lesetid\" \/>\n\t<meta name=\"twitter:data1\" content=\"2 minutter\" \/>\n<script type=\"application\/ld+json\" class=\"yoast-schema-graph\">{\"@context\":\"https:\/\/schema.org\",\"@graph\":[{\"@type\":\"WebPage\",\"@id\":\"https:\/\/staging.forenteforlag.no\/forlaget\/produkt\/usynlig-til-stede-om-hvordan-fotografi-har-endret-norge-etter-1945\/\",\"url\":\"https:\/\/staging.forenteforlag.no\/forlaget\/produkt\/usynlig-til-stede-om-hvordan-fotografi-har-endret-norge-etter-1945\/\",\"name\":\"Usynlig til stede - om hvordan fotografi har endret Norge etter 1945 - Forlaget Press\",\"isPartOf\":{\"@id\":\"https:\/\/staging.forenteforlag.no\/forlaget\/#website\"},\"primaryImageOfPage\":{\"@id\":\"https:\/\/staging.forenteforlag.no\/forlaget\/produkt\/usynlig-til-stede-om-hvordan-fotografi-har-endret-norge-etter-1945\/#primaryimage\"},\"image\":{\"@id\":\"https:\/\/staging.forenteforlag.no\/forlaget\/produkt\/usynlig-til-stede-om-hvordan-fotografi-har-endret-norge-etter-1945\/#primaryimage\"},\"thumbnailUrl\":\"https:\/\/staging.forenteforlag.no\/forlaget\/wp-content\/uploads\/sites\/3\/2025\/10\/Usynlig-til-stede.png\",\"datePublished\":\"2025-09-29T06:16:13+00:00\",\"dateModified\":\"2026-02-18T18:19:49+00:00\",\"breadcrumb\":{\"@id\":\"https:\/\/staging.forenteforlag.no\/forlaget\/produkt\/usynlig-til-stede-om-hvordan-fotografi-har-endret-norge-etter-1945\/#breadcrumb\"},\"inLanguage\":\"nb-NO\",\"potentialAction\":[{\"@type\":\"ReadAction\",\"target\":[\"https:\/\/staging.forenteforlag.no\/forlaget\/produkt\/usynlig-til-stede-om-hvordan-fotografi-har-endret-norge-etter-1945\/\"]}]},{\"@type\":\"ImageObject\",\"inLanguage\":\"nb-NO\",\"@id\":\"https:\/\/staging.forenteforlag.no\/forlaget\/produkt\/usynlig-til-stede-om-hvordan-fotografi-har-endret-norge-etter-1945\/#primaryimage\",\"url\":\"https:\/\/staging.forenteforlag.no\/forlaget\/wp-content\/uploads\/sites\/3\/2025\/10\/Usynlig-til-stede.png\",\"contentUrl\":\"https:\/\/staging.forenteforlag.no\/forlaget\/wp-content\/uploads\/sites\/3\/2025\/10\/Usynlig-til-stede.png\",\"width\":481,\"height\":618},{\"@type\":\"BreadcrumbList\",\"@id\":\"https:\/\/staging.forenteforlag.no\/forlaget\/produkt\/usynlig-til-stede-om-hvordan-fotografi-har-endret-norge-etter-1945\/#breadcrumb\",\"itemListElement\":[{\"@type\":\"ListItem\",\"position\":1,\"name\":\"Hjem\",\"item\":\"https:\/\/staging.forenteforlag.no\/forlaget\/\"},{\"@type\":\"ListItem\",\"position\":2,\"name\":\"Alle b\u00f8ker\",\"item\":\"https:\/\/staging.forenteforlag.no\/forlaget\/butikk\/\"},{\"@type\":\"ListItem\",\"position\":3,\"name\":\"Usynlig til stede &#8211; om hvordan fotografi har endret Norge etter 1945\"}]},{\"@type\":\"WebSite\",\"@id\":\"https:\/\/staging.forenteforlag.no\/forlaget\/#website\",\"url\":\"https:\/\/staging.forenteforlag.no\/forlaget\/\",\"name\":\"Forlaget Press\",\"description\":\"\",\"publisher\":{\"@id\":\"https:\/\/staging.forenteforlag.no\/forlaget\/#organization\"},\"potentialAction\":[{\"@type\":\"SearchAction\",\"target\":{\"@type\":\"EntryPoint\",\"urlTemplate\":\"https:\/\/staging.forenteforlag.no\/forlaget\/?s={search_term_string}\"},\"query-input\":{\"@type\":\"PropertyValueSpecification\",\"valueRequired\":true,\"valueName\":\"search_term_string\"}}],\"inLanguage\":\"nb-NO\"},{\"@type\":\"Organization\",\"@id\":\"https:\/\/staging.forenteforlag.no\/forlaget\/#organization\",\"name\":\"Forlaget Press\",\"url\":\"https:\/\/staging.forenteforlag.no\/forlaget\/\",\"logo\":{\"@type\":\"ImageObject\",\"inLanguage\":\"nb-NO\",\"@id\":\"https:\/\/staging.forenteforlag.no\/forlaget\/#\/schema\/logo\/image\/\",\"url\":\"https:\/\/staging.forenteforlag.no\/forlaget\/wp-content\/uploads\/sites\/3\/2024\/09\/Press_logo.svg\",\"contentUrl\":\"https:\/\/staging.forenteforlag.no\/forlaget\/wp-content\/uploads\/sites\/3\/2024\/09\/Press_logo.svg\",\"width\":100,\"height\":100,\"caption\":\"Forlaget Press\"},\"image\":{\"@id\":\"https:\/\/staging.forenteforlag.no\/forlaget\/#\/schema\/logo\/image\/\"},\"sameAs\":[\"https:\/\/www.facebook.com\/Forlagetpress\"]}]}<\/script>\n<!-- \/ Yoast SEO plugin. -->","yoast_head_json":{"title":"Usynlig til stede - om hvordan fotografi har endret Norge etter 1945 - Forlaget Press","robots":{"index":"noindex","follow":"follow","max-snippet":"max-snippet:-1","max-image-preview":"max-image-preview:large","max-video-preview":"max-video-preview:-1"},"og_locale":"nb_NO","og_type":"article","og_title":"Usynlig til stede - om hvordan fotografi har endret Norge etter 1945 - Forlaget Press","og_description":"Hva har folkehelse, telefonregninger og en gul Nesquik-boks i en fotobok \u00e5 gj\u00f8re? Dette er historien om hvordan fotografi har endret Norge. Endringene har skjedd b\u00e5de gradvis og i br\u00e5 kast. Med fotografi ble telleskritt og telefonregninger registrert, kroppen v\u00e5re gjennomlyst og med engangskameraet ble hverdagen fanget p\u00e5 film. Noen fotografier har formet v\u00e5rt nasjonale [&hellip;]","og_url":"https:\/\/staging.forenteforlag.no\/forlaget\/produkt\/usynlig-til-stede-om-hvordan-fotografi-har-endret-norge-etter-1945\/","og_site_name":"Forlaget Press","article_publisher":"https:\/\/www.facebook.com\/Forlagetpress","article_modified_time":"2026-02-18T18:19:49+00:00","og_image":[{"width":481,"height":618,"url":"https:\/\/staging.forenteforlag.no\/forlaget\/wp-content\/uploads\/sites\/3\/2025\/10\/Usynlig-til-stede.png","type":"image\/png"}],"twitter_card":"summary_large_image","twitter_misc":{"Ansl. lesetid":"2 minutter"},"schema":{"@context":"https:\/\/schema.org","@graph":[{"@type":"WebPage","@id":"https:\/\/staging.forenteforlag.no\/forlaget\/produkt\/usynlig-til-stede-om-hvordan-fotografi-har-endret-norge-etter-1945\/","url":"https:\/\/staging.forenteforlag.no\/forlaget\/produkt\/usynlig-til-stede-om-hvordan-fotografi-har-endret-norge-etter-1945\/","name":"Usynlig til stede - om hvordan fotografi har endret Norge etter 1945 - Forlaget Press","isPartOf":{"@id":"https:\/\/staging.forenteforlag.no\/forlaget\/#website"},"primaryImageOfPage":{"@id":"https:\/\/staging.forenteforlag.no\/forlaget\/produkt\/usynlig-til-stede-om-hvordan-fotografi-har-endret-norge-etter-1945\/#primaryimage"},"image":{"@id":"https:\/\/staging.forenteforlag.no\/forlaget\/produkt\/usynlig-til-stede-om-hvordan-fotografi-har-endret-norge-etter-1945\/#primaryimage"},"thumbnailUrl":"https:\/\/staging.forenteforlag.no\/forlaget\/wp-content\/uploads\/sites\/3\/2025\/10\/Usynlig-til-stede.png","datePublished":"2025-09-29T06:16:13+00:00","dateModified":"2026-02-18T18:19:49+00:00","breadcrumb":{"@id":"https:\/\/staging.forenteforlag.no\/forlaget\/produkt\/usynlig-til-stede-om-hvordan-fotografi-har-endret-norge-etter-1945\/#breadcrumb"},"inLanguage":"nb-NO","potentialAction":[{"@type":"ReadAction","target":["https:\/\/staging.forenteforlag.no\/forlaget\/produkt\/usynlig-til-stede-om-hvordan-fotografi-har-endret-norge-etter-1945\/"]}]},{"@type":"ImageObject","inLanguage":"nb-NO","@id":"https:\/\/staging.forenteforlag.no\/forlaget\/produkt\/usynlig-til-stede-om-hvordan-fotografi-har-endret-norge-etter-1945\/#primaryimage","url":"https:\/\/staging.forenteforlag.no\/forlaget\/wp-content\/uploads\/sites\/3\/2025\/10\/Usynlig-til-stede.png","contentUrl":"https:\/\/staging.forenteforlag.no\/forlaget\/wp-content\/uploads\/sites\/3\/2025\/10\/Usynlig-til-stede.png","width":481,"height":618},{"@type":"BreadcrumbList","@id":"https:\/\/staging.forenteforlag.no\/forlaget\/produkt\/usynlig-til-stede-om-hvordan-fotografi-har-endret-norge-etter-1945\/#breadcrumb","itemListElement":[{"@type":"ListItem","position":1,"name":"Hjem","item":"https:\/\/staging.forenteforlag.no\/forlaget\/"},{"@type":"ListItem","position":2,"name":"Alle b\u00f8ker","item":"https:\/\/staging.forenteforlag.no\/forlaget\/butikk\/"},{"@type":"ListItem","position":3,"name":"Usynlig til stede &#8211; om hvordan fotografi har endret Norge etter 1945"}]},{"@type":"WebSite","@id":"https:\/\/staging.forenteforlag.no\/forlaget\/#website","url":"https:\/\/staging.forenteforlag.no\/forlaget\/","name":"Forlaget Press","description":"","publisher":{"@id":"https:\/\/staging.forenteforlag.no\/forlaget\/#organization"},"potentialAction":[{"@type":"SearchAction","target":{"@type":"EntryPoint","urlTemplate":"https:\/\/staging.forenteforlag.no\/forlaget\/?s={search_term_string}"},"query-input":{"@type":"PropertyValueSpecification","valueRequired":true,"valueName":"search_term_string"}}],"inLanguage":"nb-NO"},{"@type":"Organization","@id":"https:\/\/staging.forenteforlag.no\/forlaget\/#organization","name":"Forlaget Press","url":"https:\/\/staging.forenteforlag.no\/forlaget\/","logo":{"@type":"ImageObject","inLanguage":"nb-NO","@id":"https:\/\/staging.forenteforlag.no\/forlaget\/#\/schema\/logo\/image\/","url":"https:\/\/staging.forenteforlag.no\/forlaget\/wp-content\/uploads\/sites\/3\/2024\/09\/Press_logo.svg","contentUrl":"https:\/\/staging.forenteforlag.no\/forlaget\/wp-content\/uploads\/sites\/3\/2024\/09\/Press_logo.svg","width":100,"height":100,"caption":"Forlaget Press"},"image":{"@id":"https:\/\/staging.forenteforlag.no\/forlaget\/#\/schema\/logo\/image\/"},"sameAs":["https:\/\/www.facebook.com\/Forlagetpress"]}]}},"_links":{"self":[{"href":"https:\/\/staging.forenteforlag.no\/forlaget\/wp-json\/wp\/v2\/product\/25886","targetHints":{"allow":["GET"]}}],"collection":[{"href":"https:\/\/staging.forenteforlag.no\/forlaget\/wp-json\/wp\/v2\/product"}],"about":[{"href":"https:\/\/staging.forenteforlag.no\/forlaget\/wp-json\/wp\/v2\/types\/product"}],"wp:featuredmedia":[{"embeddable":true,"href":"https:\/\/staging.forenteforlag.no\/forlaget\/wp-json\/wp\/v2\/media\/25929"}],"wp:attachment":[{"href":"https:\/\/staging.forenteforlag.no\/forlaget\/wp-json\/wp\/v2\/media?parent=25886"}],"wp:term":[{"taxonomy":"product_brand","embeddable":true,"href":"https:\/\/staging.forenteforlag.no\/forlaget\/wp-json\/wp\/v2\/product_brand?post=25886"},{"taxonomy":"product_cat","embeddable":true,"href":"https:\/\/staging.forenteforlag.no\/forlaget\/wp-json\/wp\/v2\/product_cat?post=25886"},{"taxonomy":"product_tag","embeddable":true,"href":"https:\/\/staging.forenteforlag.no\/forlaget\/wp-json\/wp\/v2\/product_tag?post=25886"}],"curies":[{"name":"wp","href":"https:\/\/api.w.org\/{rel}","templated":true}]}}