{"id":25805,"date":"2025-12-11T13:00:23","date_gmt":"2025-12-11T12:00:23","guid":{"rendered":"https:\/\/forlagetpress.no\/produkt\/rovdyrenes-tid\/"},"modified":"2026-03-02T17:10:39","modified_gmt":"2026-03-02T16:10:39","slug":"rovdyrenes-tid","status":"publish","type":"product","link":"https:\/\/staging.forenteforlag.no\/forlaget\/produkt\/rovdyrenes-tid\/","title":{"rendered":"Rovdyrenes tid"},"content":{"rendered":"<p>HVORDAN FORSVARER MAN DEMOKRATIET N\u00c5R REGLENE HAR ENDRET SEG?Presidenter som blir monarker. Teknologigiganter og autokrater som er fast bestemt p\u00e5 \u00e5 endre verdensordenen. H\u00e6rer av nettroll.Den gamle orden er over. Rovdyrenes tid er her.Den tidligere politiske r\u00e5dgiveren Giuliano da Empoli tar oss med p\u00e5 innsiden i den nye virkeligheten, fra FNs m\u00f8terom til Riyadh Ritz-Carlton, fra topphemmelige m\u00f8ter til voldelig maktkamp. Vi m\u00f8ter diktatorer og tyranner, sterke menn og AI-milliard\u00e6rer \u2013 geopolitiske rovdyr og desperate sviktende lederne som pr\u00f8ver \u00e5 blidgj\u00f8re dem.Akkurat som i Borgia-tiden eller i conquistadorenes tid, er det i \u00f8kende grad kyniske intriger og r\u00e5 makt som bestemmer kursen for internasjonale anliggender.Dette er en presserende guide til v\u00e5r nye verden og v\u00e5r usikre fremtid.<\/p>\n","protected":false},"excerpt":{"rendered":"<p>HVORDAN FORSVARER MAN DEMOKRATIET N\u00c5R REGLENE HAR ENDRET SEG?Presidenter som blir monarker. Teknologigiganter og autokrater som er fast bestemt p\u00e5 \u00e5 endre verdensordenen. H\u00e6rer av nettroll.Den gamle orden er over. Rovdyrenes tid er her.Den tidligere politiske r\u00e5dgiveren Giuliano da Empoli tar oss med p\u00e5 innsiden i den nye virkeligheten, fra FNs m\u00f8terom til Riyadh Ritz-Carlton, [&hellip;]<\/p>\n","protected":false},"featured_media":25932,"template":"","meta":{"_acf_changed":false,"inline_featured_image":false},"product_brand":[],"product_cat":[1780],"product_tag":[362],"class_list":{"0":"post-25805","1":"product","2":"type-product","3":"status-publish","4":"has-post-thumbnail","6":"product_cat-fastpris","7":"product_tag-faglitteratur","9":"first","10":"instock","11":"purchasable","12":"product-type-simple"},"acf":{"anmeldelse":[{"tekst_anmeldelser":"Sjelden har jeg lest 140 sider som har gitt meg b\u00e5de s\u00e5 mye \u00e5 tenke p\u00e5 og skratte av.","av_anmeldelser":"Per Kristian Bj\u00f8rkeng","terningkast":false,"kilde":"Aftenposten"},{"tekst_anmeldelser":"Empolis litter\u00e6re maktkritikk er en gave i v\u00e5r tid.","av_anmeldelser":"Bernhard Ellefsen","terningkast":false,"kilde":"Morgenbladet"}]},"yoast_head":"<!-- This site is optimized with the Yoast SEO plugin v26.6 - https:\/\/yoast.com\/wordpress\/plugins\/seo\/ -->\n<title>Rovdyrenes tid - Forlaget Press<\/title>\n<meta name=\"robots\" content=\"noindex, follow, max-snippet:-1, max-image-preview:large, max-video-preview:-1\" \/>\n<meta property=\"og:locale\" content=\"nb_NO\" \/>\n<meta property=\"og:type\" content=\"article\" \/>\n<meta property=\"og:title\" content=\"Rovdyrenes tid - Forlaget Press\" \/>\n<meta property=\"og:description\" content=\"HVORDAN FORSVARER MAN DEMOKRATIET N\u00c5R REGLENE HAR ENDRET SEG?Presidenter som blir monarker. Teknologigiganter og autokrater som er fast bestemt p\u00e5 \u00e5 endre verdensordenen. H\u00e6rer av nettroll.Den gamle orden er over. Rovdyrenes tid er her.Den tidligere politiske r\u00e5dgiveren Giuliano da Empoli tar oss med p\u00e5 innsiden i den nye virkeligheten, fra FNs m\u00f8terom til Riyadh Ritz-Carlton, [&hellip;]\" \/>\n<meta property=\"og:url\" content=\"https:\/\/staging.forenteforlag.no\/forlaget\/produkt\/rovdyrenes-tid\/\" \/>\n<meta property=\"og:site_name\" content=\"Forlaget Press\" \/>\n<meta property=\"article:publisher\" content=\"https:\/\/www.facebook.com\/Forlagetpress\" \/>\n<meta property=\"article:modified_time\" content=\"2026-03-02T16:10:39+00:00\" \/>\n<meta property=\"og:image\" content=\"https:\/\/staging.forenteforlag.no\/forlaget\/wp-content\/uploads\/sites\/3\/2025\/10\/9788232807710-scaled.jpeg\" \/>\n\t<meta property=\"og:image:width\" content=\"1297\" \/>\n\t<meta property=\"og:image:height\" content=\"1920\" \/>\n\t<meta property=\"og:image:type\" content=\"image\/jpeg\" \/>\n<meta name=\"twitter:card\" content=\"summary_large_image\" \/>\n<meta name=\"twitter:label1\" content=\"Ansl. lesetid\" \/>\n\t<meta name=\"twitter:data1\" content=\"1 minutt\" \/>\n<script type=\"application\/ld+json\" class=\"yoast-schema-graph\">{\"@context\":\"https:\/\/schema.org\",\"@graph\":[{\"@type\":\"WebPage\",\"@id\":\"https:\/\/staging.forenteforlag.no\/forlaget\/produkt\/rovdyrenes-tid\/\",\"url\":\"https:\/\/staging.forenteforlag.no\/forlaget\/produkt\/rovdyrenes-tid\/\",\"name\":\"Rovdyrenes tid - Forlaget Press\",\"isPartOf\":{\"@id\":\"https:\/\/staging.forenteforlag.no\/forlaget\/#website\"},\"primaryImageOfPage\":{\"@id\":\"https:\/\/staging.forenteforlag.no\/forlaget\/produkt\/rovdyrenes-tid\/#primaryimage\"},\"image\":{\"@id\":\"https:\/\/staging.forenteforlag.no\/forlaget\/produkt\/rovdyrenes-tid\/#primaryimage\"},\"thumbnailUrl\":\"https:\/\/staging.forenteforlag.no\/forlaget\/wp-content\/uploads\/sites\/3\/2025\/10\/9788232807710-scaled.jpeg\",\"datePublished\":\"2025-12-11T12:00:23+00:00\",\"dateModified\":\"2026-03-02T16:10:39+00:00\",\"breadcrumb\":{\"@id\":\"https:\/\/staging.forenteforlag.no\/forlaget\/produkt\/rovdyrenes-tid\/#breadcrumb\"},\"inLanguage\":\"nb-NO\",\"potentialAction\":[{\"@type\":\"ReadAction\",\"target\":[\"https:\/\/staging.forenteforlag.no\/forlaget\/produkt\/rovdyrenes-tid\/\"]}]},{\"@type\":\"ImageObject\",\"inLanguage\":\"nb-NO\",\"@id\":\"https:\/\/staging.forenteforlag.no\/forlaget\/produkt\/rovdyrenes-tid\/#primaryimage\",\"url\":\"https:\/\/staging.forenteforlag.no\/forlaget\/wp-content\/uploads\/sites\/3\/2025\/10\/9788232807710-scaled.jpeg\",\"contentUrl\":\"https:\/\/staging.forenteforlag.no\/forlaget\/wp-content\/uploads\/sites\/3\/2025\/10\/9788232807710-scaled.jpeg\",\"width\":1297,\"height\":1920},{\"@type\":\"BreadcrumbList\",\"@id\":\"https:\/\/staging.forenteforlag.no\/forlaget\/produkt\/rovdyrenes-tid\/#breadcrumb\",\"itemListElement\":[{\"@type\":\"ListItem\",\"position\":1,\"name\":\"Hjem\",\"item\":\"https:\/\/staging.forenteforlag.no\/forlaget\/\"},{\"@type\":\"ListItem\",\"position\":2,\"name\":\"Alle b\u00f8ker\",\"item\":\"https:\/\/staging.forenteforlag.no\/forlaget\/butikk\/\"},{\"@type\":\"ListItem\",\"position\":3,\"name\":\"Rovdyrenes tid\"}]},{\"@type\":\"WebSite\",\"@id\":\"https:\/\/staging.forenteforlag.no\/forlaget\/#website\",\"url\":\"https:\/\/staging.forenteforlag.no\/forlaget\/\",\"name\":\"Forlaget Press\",\"description\":\"\",\"publisher\":{\"@id\":\"https:\/\/staging.forenteforlag.no\/forlaget\/#organization\"},\"potentialAction\":[{\"@type\":\"SearchAction\",\"target\":{\"@type\":\"EntryPoint\",\"urlTemplate\":\"https:\/\/staging.forenteforlag.no\/forlaget\/?s={search_term_string}\"},\"query-input\":{\"@type\":\"PropertyValueSpecification\",\"valueRequired\":true,\"valueName\":\"search_term_string\"}}],\"inLanguage\":\"nb-NO\"},{\"@type\":\"Organization\",\"@id\":\"https:\/\/staging.forenteforlag.no\/forlaget\/#organization\",\"name\":\"Forlaget Press\",\"url\":\"https:\/\/staging.forenteforlag.no\/forlaget\/\",\"logo\":{\"@type\":\"ImageObject\",\"inLanguage\":\"nb-NO\",\"@id\":\"https:\/\/staging.forenteforlag.no\/forlaget\/#\/schema\/logo\/image\/\",\"url\":\"https:\/\/staging.forenteforlag.no\/forlaget\/wp-content\/uploads\/sites\/3\/2024\/09\/Press_logo.svg\",\"contentUrl\":\"https:\/\/staging.forenteforlag.no\/forlaget\/wp-content\/uploads\/sites\/3\/2024\/09\/Press_logo.svg\",\"width\":100,\"height\":100,\"caption\":\"Forlaget Press\"},\"image\":{\"@id\":\"https:\/\/staging.forenteforlag.no\/forlaget\/#\/schema\/logo\/image\/\"},\"sameAs\":[\"https:\/\/www.facebook.com\/Forlagetpress\"]}]}<\/script>\n<!-- \/ Yoast SEO plugin. -->","yoast_head_json":{"title":"Rovdyrenes tid - Forlaget Press","robots":{"index":"noindex","follow":"follow","max-snippet":"max-snippet:-1","max-image-preview":"max-image-preview:large","max-video-preview":"max-video-preview:-1"},"og_locale":"nb_NO","og_type":"article","og_title":"Rovdyrenes tid - Forlaget Press","og_description":"HVORDAN FORSVARER MAN DEMOKRATIET N\u00c5R REGLENE HAR ENDRET SEG?Presidenter som blir monarker. Teknologigiganter og autokrater som er fast bestemt p\u00e5 \u00e5 endre verdensordenen. H\u00e6rer av nettroll.Den gamle orden er over. Rovdyrenes tid er her.Den tidligere politiske r\u00e5dgiveren Giuliano da Empoli tar oss med p\u00e5 innsiden i den nye virkeligheten, fra FNs m\u00f8terom til Riyadh Ritz-Carlton, [&hellip;]","og_url":"https:\/\/staging.forenteforlag.no\/forlaget\/produkt\/rovdyrenes-tid\/","og_site_name":"Forlaget Press","article_publisher":"https:\/\/www.facebook.com\/Forlagetpress","article_modified_time":"2026-03-02T16:10:39+00:00","og_image":[{"width":1297,"height":1920,"url":"https:\/\/staging.forenteforlag.no\/forlaget\/wp-content\/uploads\/sites\/3\/2025\/10\/9788232807710-scaled.jpeg","type":"image\/jpeg"}],"twitter_card":"summary_large_image","twitter_misc":{"Ansl. lesetid":"1 minutt"},"schema":{"@context":"https:\/\/schema.org","@graph":[{"@type":"WebPage","@id":"https:\/\/staging.forenteforlag.no\/forlaget\/produkt\/rovdyrenes-tid\/","url":"https:\/\/staging.forenteforlag.no\/forlaget\/produkt\/rovdyrenes-tid\/","name":"Rovdyrenes tid - Forlaget Press","isPartOf":{"@id":"https:\/\/staging.forenteforlag.no\/forlaget\/#website"},"primaryImageOfPage":{"@id":"https:\/\/staging.forenteforlag.no\/forlaget\/produkt\/rovdyrenes-tid\/#primaryimage"},"image":{"@id":"https:\/\/staging.forenteforlag.no\/forlaget\/produkt\/rovdyrenes-tid\/#primaryimage"},"thumbnailUrl":"https:\/\/staging.forenteforlag.no\/forlaget\/wp-content\/uploads\/sites\/3\/2025\/10\/9788232807710-scaled.jpeg","datePublished":"2025-12-11T12:00:23+00:00","dateModified":"2026-03-02T16:10:39+00:00","breadcrumb":{"@id":"https:\/\/staging.forenteforlag.no\/forlaget\/produkt\/rovdyrenes-tid\/#breadcrumb"},"inLanguage":"nb-NO","potentialAction":[{"@type":"ReadAction","target":["https:\/\/staging.forenteforlag.no\/forlaget\/produkt\/rovdyrenes-tid\/"]}]},{"@type":"ImageObject","inLanguage":"nb-NO","@id":"https:\/\/staging.forenteforlag.no\/forlaget\/produkt\/rovdyrenes-tid\/#primaryimage","url":"https:\/\/staging.forenteforlag.no\/forlaget\/wp-content\/uploads\/sites\/3\/2025\/10\/9788232807710-scaled.jpeg","contentUrl":"https:\/\/staging.forenteforlag.no\/forlaget\/wp-content\/uploads\/sites\/3\/2025\/10\/9788232807710-scaled.jpeg","width":1297,"height":1920},{"@type":"BreadcrumbList","@id":"https:\/\/staging.forenteforlag.no\/forlaget\/produkt\/rovdyrenes-tid\/#breadcrumb","itemListElement":[{"@type":"ListItem","position":1,"name":"Hjem","item":"https:\/\/staging.forenteforlag.no\/forlaget\/"},{"@type":"ListItem","position":2,"name":"Alle b\u00f8ker","item":"https:\/\/staging.forenteforlag.no\/forlaget\/butikk\/"},{"@type":"ListItem","position":3,"name":"Rovdyrenes tid"}]},{"@type":"WebSite","@id":"https:\/\/staging.forenteforlag.no\/forlaget\/#website","url":"https:\/\/staging.forenteforlag.no\/forlaget\/","name":"Forlaget Press","description":"","publisher":{"@id":"https:\/\/staging.forenteforlag.no\/forlaget\/#organization"},"potentialAction":[{"@type":"SearchAction","target":{"@type":"EntryPoint","urlTemplate":"https:\/\/staging.forenteforlag.no\/forlaget\/?s={search_term_string}"},"query-input":{"@type":"PropertyValueSpecification","valueRequired":true,"valueName":"search_term_string"}}],"inLanguage":"nb-NO"},{"@type":"Organization","@id":"https:\/\/staging.forenteforlag.no\/forlaget\/#organization","name":"Forlaget Press","url":"https:\/\/staging.forenteforlag.no\/forlaget\/","logo":{"@type":"ImageObject","inLanguage":"nb-NO","@id":"https:\/\/staging.forenteforlag.no\/forlaget\/#\/schema\/logo\/image\/","url":"https:\/\/staging.forenteforlag.no\/forlaget\/wp-content\/uploads\/sites\/3\/2024\/09\/Press_logo.svg","contentUrl":"https:\/\/staging.forenteforlag.no\/forlaget\/wp-content\/uploads\/sites\/3\/2024\/09\/Press_logo.svg","width":100,"height":100,"caption":"Forlaget Press"},"image":{"@id":"https:\/\/staging.forenteforlag.no\/forlaget\/#\/schema\/logo\/image\/"},"sameAs":["https:\/\/www.facebook.com\/Forlagetpress"]}]}},"_links":{"self":[{"href":"https:\/\/staging.forenteforlag.no\/forlaget\/wp-json\/wp\/v2\/product\/25805","targetHints":{"allow":["GET"]}}],"collection":[{"href":"https:\/\/staging.forenteforlag.no\/forlaget\/wp-json\/wp\/v2\/product"}],"about":[{"href":"https:\/\/staging.forenteforlag.no\/forlaget\/wp-json\/wp\/v2\/types\/product"}],"wp:featuredmedia":[{"embeddable":true,"href":"https:\/\/staging.forenteforlag.no\/forlaget\/wp-json\/wp\/v2\/media\/25932"}],"wp:attachment":[{"href":"https:\/\/staging.forenteforlag.no\/forlaget\/wp-json\/wp\/v2\/media?parent=25805"}],"wp:term":[{"taxonomy":"product_brand","embeddable":true,"href":"https:\/\/staging.forenteforlag.no\/forlaget\/wp-json\/wp\/v2\/product_brand?post=25805"},{"taxonomy":"product_cat","embeddable":true,"href":"https:\/\/staging.forenteforlag.no\/forlaget\/wp-json\/wp\/v2\/product_cat?post=25805"},{"taxonomy":"product_tag","embeddable":true,"href":"https:\/\/staging.forenteforlag.no\/forlaget\/wp-json\/wp\/v2\/product_tag?post=25805"}],"curies":[{"name":"wp","href":"https:\/\/api.w.org\/{rel}","templated":true}]}}