{"id":24630,"date":"2025-08-03T23:15:02","date_gmt":"2025-08-03T21:15:02","guid":{"rendered":"https:\/\/forlagetpress.no\/produkt\/bjorn-sundquist\/"},"modified":"2026-03-02T17:09:38","modified_gmt":"2026-03-02T16:09:38","slug":"bjorn-sundquist","status":"publish","type":"product","link":"https:\/\/staging.forenteforlag.no\/forlaget\/produkt\/bjorn-sundquist\/","title":{"rendered":"Bj\u00f8rn Sundquist"},"content":{"rendered":"<p>Bj\u00f8rn Sundquist regnes som en av landets fremste skuespillere. P\u00e5 b\u00e5de teaterscenen og filmlerretet har vi siden debuten tidlig i 1970-\u00e5rene sett ham i utallige roller; fra klassiske teateroppsetninger som Faust, Hamlet, Ein folkefiende, Othello og Lang dags ferd mot natt, til storfilmer som Dykket, D\u00f8den p\u00e5 Oslo S, Kj\u00e6rlighetens kj\u00f8tere, S\u00f8ndagsengler, D\u00f8d sn\u00f8, Jernanger \u2013 for \u00e5 nevne noen f\u00e5.I denne boka f\u00e5r vi et n\u00e6rt portrett av Bj\u00f8rn Sundquist, basert p\u00e5 timelange samtaler med forfatter Harald Utter: Om oppveksten iruinene etter krigen i Hammerfest, om tiden som rockemusiker, om den indre bluesen som alltid har v\u00e6rt en viktig del av hans drivkraft. Vi f\u00f8lger ham fra den f\u00f8rste konfrontasjonen med hovedstadens teaterkonvensjoner i 1960-\u00e5rene, og helt frem til han som 77-\u00e5ring st\u00e5r fjellst\u00f8tt som Kommandanten i filmen Blu\u0308cher (2025).En beskrivelse av Bj\u00f8rns karriere som scenekunstner er sammenfallende med utviklingen av norsk film og teater gjennom mer enn seks ti\u00e5r. Nye generasjoner av unge skuespillere har latt seg inspirere av ham, som kollega og mentor, noe deres mange stemmer og begeistrede tilstedev\u00e6relse i denne boka er et tydelig uttrykk for.Omslagsfoto: Per Heimly<\/p>\n","protected":false},"excerpt":{"rendered":"<p>Bj\u00f8rn Sundquist regnes som en av landets fremste skuespillere. P\u00e5 b\u00e5de teaterscenen og filmlerretet har vi siden debuten tidlig i 1970-\u00e5rene sett ham i utallige roller; fra klassiske teateroppsetninger som Faust, Hamlet, Ein folkefiende, Othello og Lang dags ferd mot natt, til storfilmer som Dykket, D\u00f8den p\u00e5 Oslo S, Kj\u00e6rlighetens kj\u00f8tere, S\u00f8ndagsengler, D\u00f8d sn\u00f8, Jernanger [&hellip;]<\/p>\n","protected":false},"featured_media":26617,"template":"","meta":{"_acf_changed":false,"inline_featured_image":false},"product_brand":[],"product_cat":[1780],"product_tag":[362],"class_list":{"0":"post-24630","1":"product","2":"type-product","3":"status-publish","4":"has-post-thumbnail","6":"product_cat-fastpris","7":"product_tag-faglitteratur","9":"first","10":"instock","11":"purchasable","12":"product-type-simple"},"acf":{"anmeldelse":[{"tekst_anmeldelser":"For en tekst! Den damper av temperament og engasjement, er uredd, \u00e6rlig, intens, med evne og vilje til \u00e5 snakke rett ut, i storm og stille. Nordnorskere blir det knapt. J\u00e5leri og forstillelse er fremmedord. Det g\u00e5r innimellom nesten p\u00e5 livet l\u00f8s. Bj\u00f8rn er utvilsomt v\u00e5r beste filmskuespiller i mannlig klasse. Og her f\u00e5r vi bakgrunnen fra det eksepsjonelle talentet selv. Fnysende og befriende finnmarksk. Ekte. Og s\u00e5rbart. Men absolutt ikke innadvendt. Dette er et ytterst eksepsjonelt verk!","av_anmeldelser":"Per Haddal","terningkast":false,"kilde":"Filmsalongen"}]},"yoast_head":"<!-- This site is optimized with the Yoast SEO plugin v26.6 - https:\/\/yoast.com\/wordpress\/plugins\/seo\/ -->\n<title>Bj\u00f8rn Sundquist - Forlaget Press<\/title>\n<meta name=\"robots\" content=\"noindex, follow, max-snippet:-1, max-image-preview:large, max-video-preview:-1\" \/>\n<meta property=\"og:locale\" content=\"nb_NO\" \/>\n<meta property=\"og:type\" content=\"article\" \/>\n<meta property=\"og:title\" content=\"Bj\u00f8rn Sundquist - Forlaget Press\" \/>\n<meta property=\"og:description\" content=\"Bj\u00f8rn Sundquist regnes som en av landets fremste skuespillere. P\u00e5 b\u00e5de teaterscenen og filmlerretet har vi siden debuten tidlig i 1970-\u00e5rene sett ham i utallige roller; fra klassiske teateroppsetninger som Faust, Hamlet, Ein folkefiende, Othello og Lang dags ferd mot natt, til storfilmer som Dykket, D\u00f8den p\u00e5 Oslo S, Kj\u00e6rlighetens kj\u00f8tere, S\u00f8ndagsengler, D\u00f8d sn\u00f8, Jernanger [&hellip;]\" \/>\n<meta property=\"og:url\" content=\"https:\/\/staging.forenteforlag.no\/forlaget\/produkt\/bjorn-sundquist\/\" \/>\n<meta property=\"og:site_name\" content=\"Forlaget Press\" \/>\n<meta property=\"article:publisher\" content=\"https:\/\/www.facebook.com\/Forlagetpress\" \/>\n<meta property=\"article:modified_time\" content=\"2026-03-02T16:09:38+00:00\" \/>\n<meta property=\"og:image\" content=\"https:\/\/staging.forenteforlag.no\/forlaget\/wp-content\/uploads\/sites\/3\/2026\/02\/9788232807369.jpg\" \/>\n\t<meta property=\"og:image:width\" content=\"720\" \/>\n\t<meta property=\"og:image:height\" content=\"1135\" \/>\n\t<meta property=\"og:image:type\" content=\"image\/jpeg\" \/>\n<meta name=\"twitter:card\" content=\"summary_large_image\" \/>\n<meta name=\"twitter:label1\" content=\"Ansl. lesetid\" \/>\n\t<meta name=\"twitter:data1\" content=\"1 minutt\" \/>\n<script type=\"application\/ld+json\" class=\"yoast-schema-graph\">{\"@context\":\"https:\/\/schema.org\",\"@graph\":[{\"@type\":\"WebPage\",\"@id\":\"https:\/\/staging.forenteforlag.no\/forlaget\/produkt\/bjorn-sundquist\/\",\"url\":\"https:\/\/staging.forenteforlag.no\/forlaget\/produkt\/bjorn-sundquist\/\",\"name\":\"Bj\u00f8rn Sundquist - Forlaget Press\",\"isPartOf\":{\"@id\":\"https:\/\/staging.forenteforlag.no\/forlaget\/#website\"},\"primaryImageOfPage\":{\"@id\":\"https:\/\/staging.forenteforlag.no\/forlaget\/produkt\/bjorn-sundquist\/#primaryimage\"},\"image\":{\"@id\":\"https:\/\/staging.forenteforlag.no\/forlaget\/produkt\/bjorn-sundquist\/#primaryimage\"},\"thumbnailUrl\":\"https:\/\/staging.forenteforlag.no\/forlaget\/wp-content\/uploads\/sites\/3\/2026\/02\/9788232807369.jpg\",\"datePublished\":\"2025-08-03T21:15:02+00:00\",\"dateModified\":\"2026-03-02T16:09:38+00:00\",\"breadcrumb\":{\"@id\":\"https:\/\/staging.forenteforlag.no\/forlaget\/produkt\/bjorn-sundquist\/#breadcrumb\"},\"inLanguage\":\"nb-NO\",\"potentialAction\":[{\"@type\":\"ReadAction\",\"target\":[\"https:\/\/staging.forenteforlag.no\/forlaget\/produkt\/bjorn-sundquist\/\"]}]},{\"@type\":\"ImageObject\",\"inLanguage\":\"nb-NO\",\"@id\":\"https:\/\/staging.forenteforlag.no\/forlaget\/produkt\/bjorn-sundquist\/#primaryimage\",\"url\":\"https:\/\/staging.forenteforlag.no\/forlaget\/wp-content\/uploads\/sites\/3\/2026\/02\/9788232807369.jpg\",\"contentUrl\":\"https:\/\/staging.forenteforlag.no\/forlaget\/wp-content\/uploads\/sites\/3\/2026\/02\/9788232807369.jpg\",\"width\":720,\"height\":1135},{\"@type\":\"BreadcrumbList\",\"@id\":\"https:\/\/staging.forenteforlag.no\/forlaget\/produkt\/bjorn-sundquist\/#breadcrumb\",\"itemListElement\":[{\"@type\":\"ListItem\",\"position\":1,\"name\":\"Hjem\",\"item\":\"https:\/\/staging.forenteforlag.no\/forlaget\/\"},{\"@type\":\"ListItem\",\"position\":2,\"name\":\"Alle b\u00f8ker\",\"item\":\"https:\/\/staging.forenteforlag.no\/forlaget\/butikk\/\"},{\"@type\":\"ListItem\",\"position\":3,\"name\":\"Bj\u00f8rn Sundquist\"}]},{\"@type\":\"WebSite\",\"@id\":\"https:\/\/staging.forenteforlag.no\/forlaget\/#website\",\"url\":\"https:\/\/staging.forenteforlag.no\/forlaget\/\",\"name\":\"Forlaget Press\",\"description\":\"\",\"publisher\":{\"@id\":\"https:\/\/staging.forenteforlag.no\/forlaget\/#organization\"},\"potentialAction\":[{\"@type\":\"SearchAction\",\"target\":{\"@type\":\"EntryPoint\",\"urlTemplate\":\"https:\/\/staging.forenteforlag.no\/forlaget\/?s={search_term_string}\"},\"query-input\":{\"@type\":\"PropertyValueSpecification\",\"valueRequired\":true,\"valueName\":\"search_term_string\"}}],\"inLanguage\":\"nb-NO\"},{\"@type\":\"Organization\",\"@id\":\"https:\/\/staging.forenteforlag.no\/forlaget\/#organization\",\"name\":\"Forlaget Press\",\"url\":\"https:\/\/staging.forenteforlag.no\/forlaget\/\",\"logo\":{\"@type\":\"ImageObject\",\"inLanguage\":\"nb-NO\",\"@id\":\"https:\/\/staging.forenteforlag.no\/forlaget\/#\/schema\/logo\/image\/\",\"url\":\"https:\/\/staging.forenteforlag.no\/forlaget\/wp-content\/uploads\/sites\/3\/2024\/09\/Press_logo.svg\",\"contentUrl\":\"https:\/\/staging.forenteforlag.no\/forlaget\/wp-content\/uploads\/sites\/3\/2024\/09\/Press_logo.svg\",\"width\":100,\"height\":100,\"caption\":\"Forlaget Press\"},\"image\":{\"@id\":\"https:\/\/staging.forenteforlag.no\/forlaget\/#\/schema\/logo\/image\/\"},\"sameAs\":[\"https:\/\/www.facebook.com\/Forlagetpress\"]}]}<\/script>\n<!-- \/ Yoast SEO plugin. -->","yoast_head_json":{"title":"Bj\u00f8rn Sundquist - Forlaget Press","robots":{"index":"noindex","follow":"follow","max-snippet":"max-snippet:-1","max-image-preview":"max-image-preview:large","max-video-preview":"max-video-preview:-1"},"og_locale":"nb_NO","og_type":"article","og_title":"Bj\u00f8rn Sundquist - Forlaget Press","og_description":"Bj\u00f8rn Sundquist regnes som en av landets fremste skuespillere. P\u00e5 b\u00e5de teaterscenen og filmlerretet har vi siden debuten tidlig i 1970-\u00e5rene sett ham i utallige roller; fra klassiske teateroppsetninger som Faust, Hamlet, Ein folkefiende, Othello og Lang dags ferd mot natt, til storfilmer som Dykket, D\u00f8den p\u00e5 Oslo S, Kj\u00e6rlighetens kj\u00f8tere, S\u00f8ndagsengler, D\u00f8d sn\u00f8, Jernanger [&hellip;]","og_url":"https:\/\/staging.forenteforlag.no\/forlaget\/produkt\/bjorn-sundquist\/","og_site_name":"Forlaget Press","article_publisher":"https:\/\/www.facebook.com\/Forlagetpress","article_modified_time":"2026-03-02T16:09:38+00:00","og_image":[{"width":720,"height":1135,"url":"https:\/\/staging.forenteforlag.no\/forlaget\/wp-content\/uploads\/sites\/3\/2026\/02\/9788232807369.jpg","type":"image\/jpeg"}],"twitter_card":"summary_large_image","twitter_misc":{"Ansl. lesetid":"1 minutt"},"schema":{"@context":"https:\/\/schema.org","@graph":[{"@type":"WebPage","@id":"https:\/\/staging.forenteforlag.no\/forlaget\/produkt\/bjorn-sundquist\/","url":"https:\/\/staging.forenteforlag.no\/forlaget\/produkt\/bjorn-sundquist\/","name":"Bj\u00f8rn Sundquist - Forlaget Press","isPartOf":{"@id":"https:\/\/staging.forenteforlag.no\/forlaget\/#website"},"primaryImageOfPage":{"@id":"https:\/\/staging.forenteforlag.no\/forlaget\/produkt\/bjorn-sundquist\/#primaryimage"},"image":{"@id":"https:\/\/staging.forenteforlag.no\/forlaget\/produkt\/bjorn-sundquist\/#primaryimage"},"thumbnailUrl":"https:\/\/staging.forenteforlag.no\/forlaget\/wp-content\/uploads\/sites\/3\/2026\/02\/9788232807369.jpg","datePublished":"2025-08-03T21:15:02+00:00","dateModified":"2026-03-02T16:09:38+00:00","breadcrumb":{"@id":"https:\/\/staging.forenteforlag.no\/forlaget\/produkt\/bjorn-sundquist\/#breadcrumb"},"inLanguage":"nb-NO","potentialAction":[{"@type":"ReadAction","target":["https:\/\/staging.forenteforlag.no\/forlaget\/produkt\/bjorn-sundquist\/"]}]},{"@type":"ImageObject","inLanguage":"nb-NO","@id":"https:\/\/staging.forenteforlag.no\/forlaget\/produkt\/bjorn-sundquist\/#primaryimage","url":"https:\/\/staging.forenteforlag.no\/forlaget\/wp-content\/uploads\/sites\/3\/2026\/02\/9788232807369.jpg","contentUrl":"https:\/\/staging.forenteforlag.no\/forlaget\/wp-content\/uploads\/sites\/3\/2026\/02\/9788232807369.jpg","width":720,"height":1135},{"@type":"BreadcrumbList","@id":"https:\/\/staging.forenteforlag.no\/forlaget\/produkt\/bjorn-sundquist\/#breadcrumb","itemListElement":[{"@type":"ListItem","position":1,"name":"Hjem","item":"https:\/\/staging.forenteforlag.no\/forlaget\/"},{"@type":"ListItem","position":2,"name":"Alle b\u00f8ker","item":"https:\/\/staging.forenteforlag.no\/forlaget\/butikk\/"},{"@type":"ListItem","position":3,"name":"Bj\u00f8rn Sundquist"}]},{"@type":"WebSite","@id":"https:\/\/staging.forenteforlag.no\/forlaget\/#website","url":"https:\/\/staging.forenteforlag.no\/forlaget\/","name":"Forlaget Press","description":"","publisher":{"@id":"https:\/\/staging.forenteforlag.no\/forlaget\/#organization"},"potentialAction":[{"@type":"SearchAction","target":{"@type":"EntryPoint","urlTemplate":"https:\/\/staging.forenteforlag.no\/forlaget\/?s={search_term_string}"},"query-input":{"@type":"PropertyValueSpecification","valueRequired":true,"valueName":"search_term_string"}}],"inLanguage":"nb-NO"},{"@type":"Organization","@id":"https:\/\/staging.forenteforlag.no\/forlaget\/#organization","name":"Forlaget Press","url":"https:\/\/staging.forenteforlag.no\/forlaget\/","logo":{"@type":"ImageObject","inLanguage":"nb-NO","@id":"https:\/\/staging.forenteforlag.no\/forlaget\/#\/schema\/logo\/image\/","url":"https:\/\/staging.forenteforlag.no\/forlaget\/wp-content\/uploads\/sites\/3\/2024\/09\/Press_logo.svg","contentUrl":"https:\/\/staging.forenteforlag.no\/forlaget\/wp-content\/uploads\/sites\/3\/2024\/09\/Press_logo.svg","width":100,"height":100,"caption":"Forlaget Press"},"image":{"@id":"https:\/\/staging.forenteforlag.no\/forlaget\/#\/schema\/logo\/image\/"},"sameAs":["https:\/\/www.facebook.com\/Forlagetpress"]}]}},"_links":{"self":[{"href":"https:\/\/staging.forenteforlag.no\/forlaget\/wp-json\/wp\/v2\/product\/24630","targetHints":{"allow":["GET"]}}],"collection":[{"href":"https:\/\/staging.forenteforlag.no\/forlaget\/wp-json\/wp\/v2\/product"}],"about":[{"href":"https:\/\/staging.forenteforlag.no\/forlaget\/wp-json\/wp\/v2\/types\/product"}],"wp:featuredmedia":[{"embeddable":true,"href":"https:\/\/staging.forenteforlag.no\/forlaget\/wp-json\/wp\/v2\/media\/26617"}],"wp:attachment":[{"href":"https:\/\/staging.forenteforlag.no\/forlaget\/wp-json\/wp\/v2\/media?parent=24630"}],"wp:term":[{"taxonomy":"product_brand","embeddable":true,"href":"https:\/\/staging.forenteforlag.no\/forlaget\/wp-json\/wp\/v2\/product_brand?post=24630"},{"taxonomy":"product_cat","embeddable":true,"href":"https:\/\/staging.forenteforlag.no\/forlaget\/wp-json\/wp\/v2\/product_cat?post=24630"},{"taxonomy":"product_tag","embeddable":true,"href":"https:\/\/staging.forenteforlag.no\/forlaget\/wp-json\/wp\/v2\/product_tag?post=24630"}],"curies":[{"name":"wp","href":"https:\/\/api.w.org\/{rel}","templated":true}]}}