{"id":24623,"date":"2025-08-03T23:06:29","date_gmt":"2025-08-03T21:06:29","guid":{"rendered":"https:\/\/forlagetpress.no\/produkt\/merkelig-vaer-i-tokyo-5\/"},"modified":"2026-03-04T14:05:05","modified_gmt":"2026-03-04T13:05:05","slug":"merkelig-vaer-i-tokyo-5","status":"publish","type":"product","link":"https:\/\/staging.forenteforlag.no\/forlaget\/produkt\/merkelig-vaer-i-tokyo-5\/","title":{"rendered":"Merkelig v\u00e6r i Tokyo"},"content":{"rendered":"<p>I Merkelig v\u00e6r i Tokyo m\u00f8ter vi 38 \u00e5r gamle Tsukioko. En kveld st\u00f8ter hun tilfeldigvis p\u00e5 sin gamle l\u00e6rer, Sensei, p\u00e5 bar. Han er tretti \u00e5r eldre, pensjonert og lever alene. Et s\u00e6regent fellesskap oppst\u00e5r mellom de to: De m\u00f8tes for \u00e5 spise, for \u00e5 drikke (framfor alt for \u00e5 drikke) og for \u00e5 fordrive tiden sammen, uten for mange ord. Gjennom vakre og eiendommelige glimt fra deres liv sammen utvikler Merkelig v\u00e6r i Tokyo seg til \u00e5 bli en unik, stillfaren og r\u00f8rende kj\u00e6rlighetsroman. <\/p>\n<p>Boka er oversatt til 14 spr\u00e5k og var nominert til Man Asian Literary Prize i 2013 og Independent Foreign Fiction Prize i 2014.<\/p>\n","protected":false},"excerpt":{"rendered":"<p>I Merkelig v\u00e6r i Tokyo m\u00f8ter vi 38 \u00e5r gamle Tsukioko. En kveld st\u00f8ter hun tilfeldigvis p\u00e5 sin gamle l\u00e6rer, Sensei, p\u00e5 bar. Han er tretti \u00e5r eldre, pensjonert og lever alene. Et s\u00e6regent fellesskap oppst\u00e5r mellom de to: De m\u00f8tes for \u00e5 spise, for \u00e5 drikke (framfor alt for \u00e5 drikke) og for \u00e5 [&hellip;]<\/p>\n","protected":false},"featured_media":26610,"template":"","meta":{"_acf_changed":false,"inline_featured_image":false},"product_brand":[],"product_cat":[1781],"product_tag":[699,1095,510,370,529],"class_list":{"0":"post-24623","1":"product","2":"type-product","3":"status-publish","4":"has-post-thumbnail","6":"product_cat-rabattkodekampanje","7":"product_tag-ensomhet","8":"product_tag-grafiske-romaner","9":"product_tag-kjaerlighet","10":"product_tag-skjonnlitteratur","11":"product_tag-tokyo","13":"first","14":"instock","15":"purchasable","16":"product-type-simple"},"acf":{"anmeldelse":null},"yoast_head":"<!-- This site is optimized with the Yoast SEO plugin v26.6 - https:\/\/yoast.com\/wordpress\/plugins\/seo\/ -->\n<title>Merkelig v\u00e6r i Tokyo - Forlaget Press<\/title>\n<meta name=\"robots\" content=\"noindex, follow, max-snippet:-1, max-image-preview:large, max-video-preview:-1\" \/>\n<meta property=\"og:locale\" content=\"nb_NO\" \/>\n<meta property=\"og:type\" content=\"article\" \/>\n<meta property=\"og:title\" content=\"Merkelig v\u00e6r i Tokyo - Forlaget Press\" \/>\n<meta property=\"og:description\" content=\"I Merkelig v\u00e6r i Tokyo m\u00f8ter vi 38 \u00e5r gamle Tsukioko. En kveld st\u00f8ter hun tilfeldigvis p\u00e5 sin gamle l\u00e6rer, Sensei, p\u00e5 bar. Han er tretti \u00e5r eldre, pensjonert og lever alene. Et s\u00e6regent fellesskap oppst\u00e5r mellom de to: De m\u00f8tes for \u00e5 spise, for \u00e5 drikke (framfor alt for \u00e5 drikke) og for \u00e5 [&hellip;]\" \/>\n<meta property=\"og:url\" content=\"https:\/\/staging.forenteforlag.no\/forlaget\/produkt\/merkelig-vaer-i-tokyo-5\/\" \/>\n<meta property=\"og:site_name\" content=\"Forlaget Press\" \/>\n<meta property=\"article:publisher\" content=\"https:\/\/www.facebook.com\/Forlagetpress\" \/>\n<meta property=\"article:modified_time\" content=\"2026-03-04T13:05:05+00:00\" \/>\n<meta property=\"og:image\" content=\"https:\/\/staging.forenteforlag.no\/forlaget\/wp-content\/uploads\/sites\/3\/2026\/02\/9788232807277.jpg\" \/>\n\t<meta property=\"og:image:width\" content=\"720\" \/>\n\t<meta property=\"og:image:height\" content=\"1054\" \/>\n\t<meta property=\"og:image:type\" content=\"image\/jpeg\" \/>\n<meta name=\"twitter:card\" content=\"summary_large_image\" \/>\n<meta name=\"twitter:label1\" content=\"Ansl. lesetid\" \/>\n\t<meta name=\"twitter:data1\" content=\"1 minutt\" \/>\n<script type=\"application\/ld+json\" class=\"yoast-schema-graph\">{\"@context\":\"https:\/\/schema.org\",\"@graph\":[{\"@type\":\"WebPage\",\"@id\":\"https:\/\/staging.forenteforlag.no\/forlaget\/produkt\/merkelig-vaer-i-tokyo-5\/\",\"url\":\"https:\/\/staging.forenteforlag.no\/forlaget\/produkt\/merkelig-vaer-i-tokyo-5\/\",\"name\":\"Merkelig v\u00e6r i Tokyo - Forlaget Press\",\"isPartOf\":{\"@id\":\"https:\/\/staging.forenteforlag.no\/forlaget\/#website\"},\"primaryImageOfPage\":{\"@id\":\"https:\/\/staging.forenteforlag.no\/forlaget\/produkt\/merkelig-vaer-i-tokyo-5\/#primaryimage\"},\"image\":{\"@id\":\"https:\/\/staging.forenteforlag.no\/forlaget\/produkt\/merkelig-vaer-i-tokyo-5\/#primaryimage\"},\"thumbnailUrl\":\"https:\/\/staging.forenteforlag.no\/forlaget\/wp-content\/uploads\/sites\/3\/2026\/02\/9788232807277.jpg\",\"datePublished\":\"2025-08-03T21:06:29+00:00\",\"dateModified\":\"2026-03-04T13:05:05+00:00\",\"breadcrumb\":{\"@id\":\"https:\/\/staging.forenteforlag.no\/forlaget\/produkt\/merkelig-vaer-i-tokyo-5\/#breadcrumb\"},\"inLanguage\":\"nb-NO\",\"potentialAction\":[{\"@type\":\"ReadAction\",\"target\":[\"https:\/\/staging.forenteforlag.no\/forlaget\/produkt\/merkelig-vaer-i-tokyo-5\/\"]}]},{\"@type\":\"ImageObject\",\"inLanguage\":\"nb-NO\",\"@id\":\"https:\/\/staging.forenteforlag.no\/forlaget\/produkt\/merkelig-vaer-i-tokyo-5\/#primaryimage\",\"url\":\"https:\/\/staging.forenteforlag.no\/forlaget\/wp-content\/uploads\/sites\/3\/2026\/02\/9788232807277.jpg\",\"contentUrl\":\"https:\/\/staging.forenteforlag.no\/forlaget\/wp-content\/uploads\/sites\/3\/2026\/02\/9788232807277.jpg\",\"width\":720,\"height\":1054},{\"@type\":\"BreadcrumbList\",\"@id\":\"https:\/\/staging.forenteforlag.no\/forlaget\/produkt\/merkelig-vaer-i-tokyo-5\/#breadcrumb\",\"itemListElement\":[{\"@type\":\"ListItem\",\"position\":1,\"name\":\"Hjem\",\"item\":\"https:\/\/staging.forenteforlag.no\/forlaget\/\"},{\"@type\":\"ListItem\",\"position\":2,\"name\":\"Alle b\u00f8ker\",\"item\":\"https:\/\/staging.forenteforlag.no\/forlaget\/butikk\/\"},{\"@type\":\"ListItem\",\"position\":3,\"name\":\"Merkelig v\u00e6r i Tokyo\"}]},{\"@type\":\"WebSite\",\"@id\":\"https:\/\/staging.forenteforlag.no\/forlaget\/#website\",\"url\":\"https:\/\/staging.forenteforlag.no\/forlaget\/\",\"name\":\"Forlaget Press\",\"description\":\"\",\"publisher\":{\"@id\":\"https:\/\/staging.forenteforlag.no\/forlaget\/#organization\"},\"potentialAction\":[{\"@type\":\"SearchAction\",\"target\":{\"@type\":\"EntryPoint\",\"urlTemplate\":\"https:\/\/staging.forenteforlag.no\/forlaget\/?s={search_term_string}\"},\"query-input\":{\"@type\":\"PropertyValueSpecification\",\"valueRequired\":true,\"valueName\":\"search_term_string\"}}],\"inLanguage\":\"nb-NO\"},{\"@type\":\"Organization\",\"@id\":\"https:\/\/staging.forenteforlag.no\/forlaget\/#organization\",\"name\":\"Forlaget Press\",\"url\":\"https:\/\/staging.forenteforlag.no\/forlaget\/\",\"logo\":{\"@type\":\"ImageObject\",\"inLanguage\":\"nb-NO\",\"@id\":\"https:\/\/staging.forenteforlag.no\/forlaget\/#\/schema\/logo\/image\/\",\"url\":\"https:\/\/staging.forenteforlag.no\/forlaget\/wp-content\/uploads\/sites\/3\/2024\/09\/Press_logo.svg\",\"contentUrl\":\"https:\/\/staging.forenteforlag.no\/forlaget\/wp-content\/uploads\/sites\/3\/2024\/09\/Press_logo.svg\",\"width\":100,\"height\":100,\"caption\":\"Forlaget Press\"},\"image\":{\"@id\":\"https:\/\/staging.forenteforlag.no\/forlaget\/#\/schema\/logo\/image\/\"},\"sameAs\":[\"https:\/\/www.facebook.com\/Forlagetpress\"]}]}<\/script>\n<!-- \/ Yoast SEO plugin. -->","yoast_head_json":{"title":"Merkelig v\u00e6r i Tokyo - Forlaget Press","robots":{"index":"noindex","follow":"follow","max-snippet":"max-snippet:-1","max-image-preview":"max-image-preview:large","max-video-preview":"max-video-preview:-1"},"og_locale":"nb_NO","og_type":"article","og_title":"Merkelig v\u00e6r i Tokyo - Forlaget Press","og_description":"I Merkelig v\u00e6r i Tokyo m\u00f8ter vi 38 \u00e5r gamle Tsukioko. En kveld st\u00f8ter hun tilfeldigvis p\u00e5 sin gamle l\u00e6rer, Sensei, p\u00e5 bar. Han er tretti \u00e5r eldre, pensjonert og lever alene. Et s\u00e6regent fellesskap oppst\u00e5r mellom de to: De m\u00f8tes for \u00e5 spise, for \u00e5 drikke (framfor alt for \u00e5 drikke) og for \u00e5 [&hellip;]","og_url":"https:\/\/staging.forenteforlag.no\/forlaget\/produkt\/merkelig-vaer-i-tokyo-5\/","og_site_name":"Forlaget Press","article_publisher":"https:\/\/www.facebook.com\/Forlagetpress","article_modified_time":"2026-03-04T13:05:05+00:00","og_image":[{"width":720,"height":1054,"url":"https:\/\/staging.forenteforlag.no\/forlaget\/wp-content\/uploads\/sites\/3\/2026\/02\/9788232807277.jpg","type":"image\/jpeg"}],"twitter_card":"summary_large_image","twitter_misc":{"Ansl. lesetid":"1 minutt"},"schema":{"@context":"https:\/\/schema.org","@graph":[{"@type":"WebPage","@id":"https:\/\/staging.forenteforlag.no\/forlaget\/produkt\/merkelig-vaer-i-tokyo-5\/","url":"https:\/\/staging.forenteforlag.no\/forlaget\/produkt\/merkelig-vaer-i-tokyo-5\/","name":"Merkelig v\u00e6r i Tokyo - Forlaget Press","isPartOf":{"@id":"https:\/\/staging.forenteforlag.no\/forlaget\/#website"},"primaryImageOfPage":{"@id":"https:\/\/staging.forenteforlag.no\/forlaget\/produkt\/merkelig-vaer-i-tokyo-5\/#primaryimage"},"image":{"@id":"https:\/\/staging.forenteforlag.no\/forlaget\/produkt\/merkelig-vaer-i-tokyo-5\/#primaryimage"},"thumbnailUrl":"https:\/\/staging.forenteforlag.no\/forlaget\/wp-content\/uploads\/sites\/3\/2026\/02\/9788232807277.jpg","datePublished":"2025-08-03T21:06:29+00:00","dateModified":"2026-03-04T13:05:05+00:00","breadcrumb":{"@id":"https:\/\/staging.forenteforlag.no\/forlaget\/produkt\/merkelig-vaer-i-tokyo-5\/#breadcrumb"},"inLanguage":"nb-NO","potentialAction":[{"@type":"ReadAction","target":["https:\/\/staging.forenteforlag.no\/forlaget\/produkt\/merkelig-vaer-i-tokyo-5\/"]}]},{"@type":"ImageObject","inLanguage":"nb-NO","@id":"https:\/\/staging.forenteforlag.no\/forlaget\/produkt\/merkelig-vaer-i-tokyo-5\/#primaryimage","url":"https:\/\/staging.forenteforlag.no\/forlaget\/wp-content\/uploads\/sites\/3\/2026\/02\/9788232807277.jpg","contentUrl":"https:\/\/staging.forenteforlag.no\/forlaget\/wp-content\/uploads\/sites\/3\/2026\/02\/9788232807277.jpg","width":720,"height":1054},{"@type":"BreadcrumbList","@id":"https:\/\/staging.forenteforlag.no\/forlaget\/produkt\/merkelig-vaer-i-tokyo-5\/#breadcrumb","itemListElement":[{"@type":"ListItem","position":1,"name":"Hjem","item":"https:\/\/staging.forenteforlag.no\/forlaget\/"},{"@type":"ListItem","position":2,"name":"Alle b\u00f8ker","item":"https:\/\/staging.forenteforlag.no\/forlaget\/butikk\/"},{"@type":"ListItem","position":3,"name":"Merkelig v\u00e6r i Tokyo"}]},{"@type":"WebSite","@id":"https:\/\/staging.forenteforlag.no\/forlaget\/#website","url":"https:\/\/staging.forenteforlag.no\/forlaget\/","name":"Forlaget Press","description":"","publisher":{"@id":"https:\/\/staging.forenteforlag.no\/forlaget\/#organization"},"potentialAction":[{"@type":"SearchAction","target":{"@type":"EntryPoint","urlTemplate":"https:\/\/staging.forenteforlag.no\/forlaget\/?s={search_term_string}"},"query-input":{"@type":"PropertyValueSpecification","valueRequired":true,"valueName":"search_term_string"}}],"inLanguage":"nb-NO"},{"@type":"Organization","@id":"https:\/\/staging.forenteforlag.no\/forlaget\/#organization","name":"Forlaget Press","url":"https:\/\/staging.forenteforlag.no\/forlaget\/","logo":{"@type":"ImageObject","inLanguage":"nb-NO","@id":"https:\/\/staging.forenteforlag.no\/forlaget\/#\/schema\/logo\/image\/","url":"https:\/\/staging.forenteforlag.no\/forlaget\/wp-content\/uploads\/sites\/3\/2024\/09\/Press_logo.svg","contentUrl":"https:\/\/staging.forenteforlag.no\/forlaget\/wp-content\/uploads\/sites\/3\/2024\/09\/Press_logo.svg","width":100,"height":100,"caption":"Forlaget Press"},"image":{"@id":"https:\/\/staging.forenteforlag.no\/forlaget\/#\/schema\/logo\/image\/"},"sameAs":["https:\/\/www.facebook.com\/Forlagetpress"]}]}},"_links":{"self":[{"href":"https:\/\/staging.forenteforlag.no\/forlaget\/wp-json\/wp\/v2\/product\/24623","targetHints":{"allow":["GET"]}}],"collection":[{"href":"https:\/\/staging.forenteforlag.no\/forlaget\/wp-json\/wp\/v2\/product"}],"about":[{"href":"https:\/\/staging.forenteforlag.no\/forlaget\/wp-json\/wp\/v2\/types\/product"}],"wp:featuredmedia":[{"embeddable":true,"href":"https:\/\/staging.forenteforlag.no\/forlaget\/wp-json\/wp\/v2\/media\/26610"}],"wp:attachment":[{"href":"https:\/\/staging.forenteforlag.no\/forlaget\/wp-json\/wp\/v2\/media?parent=24623"}],"wp:term":[{"taxonomy":"product_brand","embeddable":true,"href":"https:\/\/staging.forenteforlag.no\/forlaget\/wp-json\/wp\/v2\/product_brand?post=24623"},{"taxonomy":"product_cat","embeddable":true,"href":"https:\/\/staging.forenteforlag.no\/forlaget\/wp-json\/wp\/v2\/product_cat?post=24623"},{"taxonomy":"product_tag","embeddable":true,"href":"https:\/\/staging.forenteforlag.no\/forlaget\/wp-json\/wp\/v2\/product_tag?post=24623"}],"curies":[{"name":"wp","href":"https:\/\/api.w.org\/{rel}","templated":true}]}}