{"id":23461,"date":"2025-05-20T10:58:54","date_gmt":"2025-05-20T08:58:54","guid":{"rendered":"https:\/\/forlagetpress.no\/produkt\/sosken\/"},"modified":"2026-03-02T17:07:47","modified_gmt":"2026-03-02T16:07:47","slug":"sosken","status":"publish","type":"product","link":"https:\/\/staging.forenteforlag.no\/forlaget\/produkt\/sosken\/","title":{"rendered":"S\u00f8sken"},"content":{"rendered":"<p>Fire s\u00f8sken med sine familier m\u00f8tes for den \u00e5rlige familieferien \u2013 tre lange, varme sommeruker i besteforeldrenes hus p\u00e5 landet. Det elskede, forfalne huset er fylt med minner, men dette kan v\u00e6re deres siste sommer der.Roland kommer med sin nye kone, som s\u00f8strene ikke liker. Alice har med seg ekskj\u00e6restens tjue \u00e5r gamle s\u00f8nn, som legger planer om \u00e5 forf\u00f8re Rolands seksten \u00e5r gamle datter. Fran kommer med sine to barn, men uten deres far som heller prioriterer \u00e5 turnere med bandet. Og den eldste s\u00f8steren Harriet kommer med et selvbilde som blir smadret n\u00e5r lidenskapen sl\u00e5r til.S\u00f8sken er en livsklok fortelling om en uforglemmelig s\u00f8skenflokk og deres oppgj\u00f8r med fortidens idealer. En medrivende roman om store f\u00f8lelser, gamle minner og en sommer hjems\u00f8kt av oppbrudd og fortidens sp\u00f8kelser \u2013 fra en av Storbritannias st\u00f8rste n\u00e5levende forfattere.\u00ab\u2018Endelig!\u2019, f\u00e5r jeg lyst til \u00e5 rope ut, men det ville v\u00e6rt misvisende, for jeg har ikke g\u00e5tt og ventet p\u00e5 noe. Jeg ante ikke at jeg lengtet etter Tessa Hadley f\u00f8r jeg fikk S\u00f8sken i hendene.\u00bbSvenska Dagbladet\u00abDemonstrerer Hadleys suverene overskudd som romanforfatter.\u00bbPolitiken, Danmark\u00abHun har en psykologisk subtilitet som minner om Henry James, og en ironisk snert som er Jane Austen verdig.\u00bbThe Guardian<\/p>\n","protected":false},"excerpt":{"rendered":"<p>Fire s\u00f8sken med sine familier m\u00f8tes for den \u00e5rlige familieferien \u2013 tre lange, varme sommeruker i besteforeldrenes hus p\u00e5 landet. Det elskede, forfalne huset er fylt med minner, men dette kan v\u00e6re deres siste sommer der.Roland kommer med sin nye kone, som s\u00f8strene ikke liker. Alice har med seg ekskj\u00e6restens tjue \u00e5r gamle s\u00f8nn, som [&hellip;]<\/p>\n","protected":false},"featured_media":26590,"template":"","meta":{"_acf_changed":false,"inline_featured_image":false},"product_brand":[],"product_cat":[1780],"product_tag":[370],"class_list":{"0":"post-23461","1":"product","2":"type-product","3":"status-publish","4":"has-post-thumbnail","6":"product_cat-fastpris","7":"product_tag-skjonnlitteratur","9":"first","10":"instock","11":"shipping-taxable","12":"purchasable","13":"product-type-simple"},"acf":{"anmeldelse":[{"tekst_anmeldelser":"Perfekt for sommerkvelder.","av_anmeldelser":"Tarald Aano","terningkast":false,"kilde":"Stavanger Aftenblad"},{"tekst_anmeldelser":"\u00c5h, s\u00e5 vidunderlig vakkert det er \u00e5 synke ned i en s\u00e5 nydelig, sommerduftende bok! [...] Romanen dufter av sommer, av fuktig gress og tungt l\u00f8vverk, der insekt kravler og fugler synger, mens det hele observeres gjennom et \u00e5pent vindu i et rom med \u00abfl\u00f8yelstung\u00bb luft. Sanselig stemningsfullt, uten \u00e5 tippe over i det masete detaljerte. \u00abS\u00f8sken\u00bb er en nydelig roman, av en forfatter som klokt b\u00e6rer over med menneskene mange luner.","av_anmeldelser":"Gerd Elin Stava Sandve","terningkast":false,"kilde":"Dagsavisen"},{"tekst_anmeldelser":"Briljant britisk romankunst om utroskap, forbudt kj\u00e6rlighet og brutte dr\u00f8mmer. [...] Boka er kort og godt en ren estetisk nytelse, der du f\u00f8ler Hadley selv nyter hver setning og n\u00e6rmest smaker p\u00e5 hvert ord.","av_anmeldelser":"Cathrine Kr\u00f8ger","terningkast":"<i class=\"fa-solid fa-dice-five\"><\/i>","kilde":"Dagbladet"},{"tekst_anmeldelser":"En perfekt sommerroman. Noen ganger har man bare lyst til \u00e5 lese en skikkelig velfungerende roman. En fengslende historie med troverdige karakterer [....] Den britiske forfatteren Tessa Hadley er kritikerrost for nettopp denne kunsten, og Hilde R\u00f8d-Larsens ferske oversettelse av The Past fra 2015 er et solid bevis.","av_anmeldelser":"Sigrid Str\u00f8mmen","terningkast":false,"kilde":"V\u00e5rt Land"},{"tekst_anmeldelser":"\u00c5rets beste b\u00f8ker 2025: [N]ydeleg \u00e5 lese ein nesten gammaldags roman med plettfri struktur. Eit slag for det gode roman-handverket.","av_anmeldelser":"Lars Petter Sveen","terningkast":false,"kilde":"V\u00e5rt Land"}]},"yoast_head":"<!-- This site is optimized with the Yoast SEO plugin v26.6 - https:\/\/yoast.com\/wordpress\/plugins\/seo\/ -->\n<title>S\u00f8sken - Forlaget Press<\/title>\n<meta name=\"robots\" content=\"noindex, follow, max-snippet:-1, max-image-preview:large, max-video-preview:-1\" \/>\n<meta property=\"og:locale\" content=\"nb_NO\" \/>\n<meta property=\"og:type\" content=\"article\" \/>\n<meta property=\"og:title\" content=\"S\u00f8sken - Forlaget Press\" \/>\n<meta property=\"og:description\" content=\"Fire s\u00f8sken med sine familier m\u00f8tes for den \u00e5rlige familieferien \u2013 tre lange, varme sommeruker i besteforeldrenes hus p\u00e5 landet. Det elskede, forfalne huset er fylt med minner, men dette kan v\u00e6re deres siste sommer der.Roland kommer med sin nye kone, som s\u00f8strene ikke liker. Alice har med seg ekskj\u00e6restens tjue \u00e5r gamle s\u00f8nn, som [&hellip;]\" \/>\n<meta property=\"og:url\" content=\"https:\/\/staging.forenteforlag.no\/forlaget\/produkt\/sosken\/\" \/>\n<meta property=\"og:site_name\" content=\"Forlaget Press\" \/>\n<meta property=\"article:publisher\" content=\"https:\/\/www.facebook.com\/Forlagetpress\" \/>\n<meta property=\"article:modified_time\" content=\"2026-03-02T16:07:47+00:00\" \/>\n<meta property=\"og:image\" content=\"https:\/\/staging.forenteforlag.no\/forlaget\/wp-content\/uploads\/sites\/3\/2026\/02\/9788232806928.jpg\" \/>\n\t<meta property=\"og:image:width\" content=\"720\" \/>\n\t<meta property=\"og:image:height\" content=\"1142\" \/>\n\t<meta property=\"og:image:type\" content=\"image\/jpeg\" \/>\n<meta name=\"twitter:card\" content=\"summary_large_image\" \/>\n<meta name=\"twitter:label1\" content=\"Ansl. lesetid\" \/>\n\t<meta name=\"twitter:data1\" content=\"1 minutt\" \/>\n<script type=\"application\/ld+json\" class=\"yoast-schema-graph\">{\"@context\":\"https:\/\/schema.org\",\"@graph\":[{\"@type\":\"WebPage\",\"@id\":\"https:\/\/staging.forenteforlag.no\/forlaget\/produkt\/sosken\/\",\"url\":\"https:\/\/staging.forenteforlag.no\/forlaget\/produkt\/sosken\/\",\"name\":\"S\u00f8sken - Forlaget Press\",\"isPartOf\":{\"@id\":\"https:\/\/staging.forenteforlag.no\/forlaget\/#website\"},\"primaryImageOfPage\":{\"@id\":\"https:\/\/staging.forenteforlag.no\/forlaget\/produkt\/sosken\/#primaryimage\"},\"image\":{\"@id\":\"https:\/\/staging.forenteforlag.no\/forlaget\/produkt\/sosken\/#primaryimage\"},\"thumbnailUrl\":\"https:\/\/staging.forenteforlag.no\/forlaget\/wp-content\/uploads\/sites\/3\/2026\/02\/9788232806928.jpg\",\"datePublished\":\"2025-05-20T08:58:54+00:00\",\"dateModified\":\"2026-03-02T16:07:47+00:00\",\"breadcrumb\":{\"@id\":\"https:\/\/staging.forenteforlag.no\/forlaget\/produkt\/sosken\/#breadcrumb\"},\"inLanguage\":\"nb-NO\",\"potentialAction\":[{\"@type\":\"ReadAction\",\"target\":[\"https:\/\/staging.forenteforlag.no\/forlaget\/produkt\/sosken\/\"]}]},{\"@type\":\"ImageObject\",\"inLanguage\":\"nb-NO\",\"@id\":\"https:\/\/staging.forenteforlag.no\/forlaget\/produkt\/sosken\/#primaryimage\",\"url\":\"https:\/\/staging.forenteforlag.no\/forlaget\/wp-content\/uploads\/sites\/3\/2026\/02\/9788232806928.jpg\",\"contentUrl\":\"https:\/\/staging.forenteforlag.no\/forlaget\/wp-content\/uploads\/sites\/3\/2026\/02\/9788232806928.jpg\",\"width\":720,\"height\":1142},{\"@type\":\"BreadcrumbList\",\"@id\":\"https:\/\/staging.forenteforlag.no\/forlaget\/produkt\/sosken\/#breadcrumb\",\"itemListElement\":[{\"@type\":\"ListItem\",\"position\":1,\"name\":\"Hjem\",\"item\":\"https:\/\/staging.forenteforlag.no\/forlaget\/\"},{\"@type\":\"ListItem\",\"position\":2,\"name\":\"Alle b\u00f8ker\",\"item\":\"https:\/\/staging.forenteforlag.no\/forlaget\/butikk\/\"},{\"@type\":\"ListItem\",\"position\":3,\"name\":\"S\u00f8sken\"}]},{\"@type\":\"WebSite\",\"@id\":\"https:\/\/staging.forenteforlag.no\/forlaget\/#website\",\"url\":\"https:\/\/staging.forenteforlag.no\/forlaget\/\",\"name\":\"Forlaget Press\",\"description\":\"\",\"publisher\":{\"@id\":\"https:\/\/staging.forenteforlag.no\/forlaget\/#organization\"},\"potentialAction\":[{\"@type\":\"SearchAction\",\"target\":{\"@type\":\"EntryPoint\",\"urlTemplate\":\"https:\/\/staging.forenteforlag.no\/forlaget\/?s={search_term_string}\"},\"query-input\":{\"@type\":\"PropertyValueSpecification\",\"valueRequired\":true,\"valueName\":\"search_term_string\"}}],\"inLanguage\":\"nb-NO\"},{\"@type\":\"Organization\",\"@id\":\"https:\/\/staging.forenteforlag.no\/forlaget\/#organization\",\"name\":\"Forlaget Press\",\"url\":\"https:\/\/staging.forenteforlag.no\/forlaget\/\",\"logo\":{\"@type\":\"ImageObject\",\"inLanguage\":\"nb-NO\",\"@id\":\"https:\/\/staging.forenteforlag.no\/forlaget\/#\/schema\/logo\/image\/\",\"url\":\"https:\/\/staging.forenteforlag.no\/forlaget\/wp-content\/uploads\/sites\/3\/2024\/09\/Press_logo.svg\",\"contentUrl\":\"https:\/\/staging.forenteforlag.no\/forlaget\/wp-content\/uploads\/sites\/3\/2024\/09\/Press_logo.svg\",\"width\":100,\"height\":100,\"caption\":\"Forlaget Press\"},\"image\":{\"@id\":\"https:\/\/staging.forenteforlag.no\/forlaget\/#\/schema\/logo\/image\/\"},\"sameAs\":[\"https:\/\/www.facebook.com\/Forlagetpress\"]}]}<\/script>\n<!-- \/ Yoast SEO plugin. -->","yoast_head_json":{"title":"S\u00f8sken - Forlaget Press","robots":{"index":"noindex","follow":"follow","max-snippet":"max-snippet:-1","max-image-preview":"max-image-preview:large","max-video-preview":"max-video-preview:-1"},"og_locale":"nb_NO","og_type":"article","og_title":"S\u00f8sken - Forlaget Press","og_description":"Fire s\u00f8sken med sine familier m\u00f8tes for den \u00e5rlige familieferien \u2013 tre lange, varme sommeruker i besteforeldrenes hus p\u00e5 landet. Det elskede, forfalne huset er fylt med minner, men dette kan v\u00e6re deres siste sommer der.Roland kommer med sin nye kone, som s\u00f8strene ikke liker. Alice har med seg ekskj\u00e6restens tjue \u00e5r gamle s\u00f8nn, som [&hellip;]","og_url":"https:\/\/staging.forenteforlag.no\/forlaget\/produkt\/sosken\/","og_site_name":"Forlaget Press","article_publisher":"https:\/\/www.facebook.com\/Forlagetpress","article_modified_time":"2026-03-02T16:07:47+00:00","og_image":[{"width":720,"height":1142,"url":"https:\/\/staging.forenteforlag.no\/forlaget\/wp-content\/uploads\/sites\/3\/2026\/02\/9788232806928.jpg","type":"image\/jpeg"}],"twitter_card":"summary_large_image","twitter_misc":{"Ansl. lesetid":"1 minutt"},"schema":{"@context":"https:\/\/schema.org","@graph":[{"@type":"WebPage","@id":"https:\/\/staging.forenteforlag.no\/forlaget\/produkt\/sosken\/","url":"https:\/\/staging.forenteforlag.no\/forlaget\/produkt\/sosken\/","name":"S\u00f8sken - Forlaget Press","isPartOf":{"@id":"https:\/\/staging.forenteforlag.no\/forlaget\/#website"},"primaryImageOfPage":{"@id":"https:\/\/staging.forenteforlag.no\/forlaget\/produkt\/sosken\/#primaryimage"},"image":{"@id":"https:\/\/staging.forenteforlag.no\/forlaget\/produkt\/sosken\/#primaryimage"},"thumbnailUrl":"https:\/\/staging.forenteforlag.no\/forlaget\/wp-content\/uploads\/sites\/3\/2026\/02\/9788232806928.jpg","datePublished":"2025-05-20T08:58:54+00:00","dateModified":"2026-03-02T16:07:47+00:00","breadcrumb":{"@id":"https:\/\/staging.forenteforlag.no\/forlaget\/produkt\/sosken\/#breadcrumb"},"inLanguage":"nb-NO","potentialAction":[{"@type":"ReadAction","target":["https:\/\/staging.forenteforlag.no\/forlaget\/produkt\/sosken\/"]}]},{"@type":"ImageObject","inLanguage":"nb-NO","@id":"https:\/\/staging.forenteforlag.no\/forlaget\/produkt\/sosken\/#primaryimage","url":"https:\/\/staging.forenteforlag.no\/forlaget\/wp-content\/uploads\/sites\/3\/2026\/02\/9788232806928.jpg","contentUrl":"https:\/\/staging.forenteforlag.no\/forlaget\/wp-content\/uploads\/sites\/3\/2026\/02\/9788232806928.jpg","width":720,"height":1142},{"@type":"BreadcrumbList","@id":"https:\/\/staging.forenteforlag.no\/forlaget\/produkt\/sosken\/#breadcrumb","itemListElement":[{"@type":"ListItem","position":1,"name":"Hjem","item":"https:\/\/staging.forenteforlag.no\/forlaget\/"},{"@type":"ListItem","position":2,"name":"Alle b\u00f8ker","item":"https:\/\/staging.forenteforlag.no\/forlaget\/butikk\/"},{"@type":"ListItem","position":3,"name":"S\u00f8sken"}]},{"@type":"WebSite","@id":"https:\/\/staging.forenteforlag.no\/forlaget\/#website","url":"https:\/\/staging.forenteforlag.no\/forlaget\/","name":"Forlaget Press","description":"","publisher":{"@id":"https:\/\/staging.forenteforlag.no\/forlaget\/#organization"},"potentialAction":[{"@type":"SearchAction","target":{"@type":"EntryPoint","urlTemplate":"https:\/\/staging.forenteforlag.no\/forlaget\/?s={search_term_string}"},"query-input":{"@type":"PropertyValueSpecification","valueRequired":true,"valueName":"search_term_string"}}],"inLanguage":"nb-NO"},{"@type":"Organization","@id":"https:\/\/staging.forenteforlag.no\/forlaget\/#organization","name":"Forlaget Press","url":"https:\/\/staging.forenteforlag.no\/forlaget\/","logo":{"@type":"ImageObject","inLanguage":"nb-NO","@id":"https:\/\/staging.forenteforlag.no\/forlaget\/#\/schema\/logo\/image\/","url":"https:\/\/staging.forenteforlag.no\/forlaget\/wp-content\/uploads\/sites\/3\/2024\/09\/Press_logo.svg","contentUrl":"https:\/\/staging.forenteforlag.no\/forlaget\/wp-content\/uploads\/sites\/3\/2024\/09\/Press_logo.svg","width":100,"height":100,"caption":"Forlaget Press"},"image":{"@id":"https:\/\/staging.forenteforlag.no\/forlaget\/#\/schema\/logo\/image\/"},"sameAs":["https:\/\/www.facebook.com\/Forlagetpress"]}]}},"_links":{"self":[{"href":"https:\/\/staging.forenteforlag.no\/forlaget\/wp-json\/wp\/v2\/product\/23461","targetHints":{"allow":["GET"]}}],"collection":[{"href":"https:\/\/staging.forenteforlag.no\/forlaget\/wp-json\/wp\/v2\/product"}],"about":[{"href":"https:\/\/staging.forenteforlag.no\/forlaget\/wp-json\/wp\/v2\/types\/product"}],"wp:featuredmedia":[{"embeddable":true,"href":"https:\/\/staging.forenteforlag.no\/forlaget\/wp-json\/wp\/v2\/media\/26590"}],"wp:attachment":[{"href":"https:\/\/staging.forenteforlag.no\/forlaget\/wp-json\/wp\/v2\/media?parent=23461"}],"wp:term":[{"taxonomy":"product_brand","embeddable":true,"href":"https:\/\/staging.forenteforlag.no\/forlaget\/wp-json\/wp\/v2\/product_brand?post=23461"},{"taxonomy":"product_cat","embeddable":true,"href":"https:\/\/staging.forenteforlag.no\/forlaget\/wp-json\/wp\/v2\/product_cat?post=23461"},{"taxonomy":"product_tag","embeddable":true,"href":"https:\/\/staging.forenteforlag.no\/forlaget\/wp-json\/wp\/v2\/product_tag?post=23461"}],"curies":[{"name":"wp","href":"https:\/\/api.w.org\/{rel}","templated":true}]}}