{"id":23446,"date":"2023-05-15T14:11:01","date_gmt":"2023-05-15T12:11:01","guid":{"rendered":"https:\/\/forlagetpress.no\/produkt\/nervose-tilstander-2\/"},"modified":"2026-03-02T17:02:09","modified_gmt":"2026-03-02T16:02:09","slug":"nervose-tilstander-2","status":"publish","type":"product","link":"https:\/\/staging.forenteforlag.no\/forlaget\/produkt\/nervose-tilstander-2\/","title":{"rendered":"Nerv\u00f8se tilstander"},"content":{"rendered":"<p>Det er 1968. Enn\u00e5 har ikke frigj\u00f8ringskrigenbegynt &#8211; enn\u00e5 er det lenge til Zimbabwe skal vinne sin uavhengighet. Tretten \u00e5r gamle Tambudzai Sigauke begynner p\u00e5 utdannelsen hun har sl\u00e5ss s\u00e5nn for. Storfamiliens \u00f8konomiske forventninger hviler p\u00e5 skuldrene hennes. Men inni henne brenner lengselen etter uavhengighet. Og hvilken pris m\u00e5 Tambu selv betale for reisen hun legger ut p\u00e5?   <\/p>\n<p>Da Nerv\u00f8se tilstander f\u00f8rst utkom i 1988, var den f\u00f8rste roman p\u00e5 engelsk skrevet av en zimbabwisk kvinne. I dag har Tsitsi Dangarembgas debutroman status som en moderne klassiker og et hovedverk i nyere afrikanske litteratur. Nerv\u00f8se tilstander er et unikt og fengslende portrett av svart liv i Zimbabwe p\u00e5 terskelen til uavhengighetskrigene. Men framfor alt er det en enest\u00e5ende oppveksthistorie &#8211; en utforsking av rase, klasse, kj\u00f8nn, familie, kunnskap og vennskap i den sene kolonialismens tid.<\/p>\n","protected":false},"excerpt":{"rendered":"<p>Det er 1968. Enn\u00e5 har ikke frigj\u00f8ringskrigenbegynt &#8211; enn\u00e5 er det lenge til Zimbabwe skal vinne sin uavhengighet. Tretten \u00e5r gamle Tambudzai Sigauke begynner p\u00e5 utdannelsen hun har sl\u00e5ss s\u00e5nn for. Storfamiliens \u00f8konomiske forventninger hviler p\u00e5 skuldrene hennes. Men inni henne brenner lengselen etter uavhengighet. Og hvilken pris m\u00e5 Tambu selv betale for reisen hun [&hellip;]<\/p>\n","protected":false},"featured_media":26507,"template":"","meta":{"_acf_changed":false,"inline_featured_image":false},"product_brand":[],"product_cat":[1781],"product_tag":[1787,430,1788,1789,409,1566],"class_list":{"0":"post-23446","1":"product","2":"type-product","3":"status-publish","4":"has-post-thumbnail","6":"product_cat-rabattkodekampanje","7":"product_tag-imperialisme","8":"product_tag-kolonialisme","9":"product_tag-kvinner-og-jenter","10":"product_tag-moderne-litteratur","11":"product_tag-oppvekst","12":"product_tag-zimbabwe","14":"first","15":"instock","16":"shipping-taxable","17":"purchasable","18":"product-type-simple"},"acf":{"anmeldelse":[{"tekst_anmeldelser":"\u00abTsitsi Dangarembgas romaner har brakt frem stemmer, liv og steder som fortsatt ikke formidles litter\u00e6rt i store mengder m\u00e5lt opp mot hvor mange som opplever karakterenes dilemmaer som gjenkjennelige og relevante. Hvis fantasien \u2013 som hun s\u00e5 minneverdig har formulert det \u2013 er den n\u00f8dvendige koblingen mellom \u00e5 \u00f8nske og \u00e5 gj\u00f8re, har Dangarembga definitivt ytt sin skjerv til endring.\u00bb","av_anmeldelser":"Tonje Vold","terningkast":false,"kilde":"Morgenbladet"},{"tekst_anmeldelser":"\u00abStorstilt oppvekstskildring. [...] Nerv\u00f8se tilstander skildrer p\u00e5 minneverdig vis det tette vennskapet mellom Nyasha og Tambudzai, og leseren f\u00e5r v\u00e6re vitne til hvordan hvert av barna reagerer p\u00e5 hver sin m\u00e5te i m\u00f8te med engelsk kultur og kolonimakt.\u00bb","av_anmeldelser":"Marjam Idriss","terningkast":false,"kilde":"Klassekampen"},{"tekst_anmeldelser":"\u00abDenne boken er en lesefest. [...] Etter endt lesing, har jeg notert meg flere sider opp og ned med lakoniske betraktninger hos den unge Tambu.\u00bb","av_anmeldelser":"Mari Grydeland","terningkast":false,"kilde":"Aftenposten"},{"tekst_anmeldelser":"\u00abNerv\u00f8se tilstander er en s\u00e5r, leken og l\u00e6rerik roman. Politisk er den ogs\u00e5, i dr\u00f8mmen om frigj\u00f8ring og forandring.\u00bb","av_anmeldelser":"Anne Cathrine Straume","terningkast":false,"kilde":"NRK"},{"tekst_anmeldelser":"\u00abDet imponerende med Nerv\u00f8se tilstander at romanen rommer de komplekse analysene som presenteres i Svart og kvinne, uten at dette gj\u00f8r oppvekstskildringen skjematisk eller livsfjern. Tenk s\u00e5 bra at begge disse b\u00f8kene n\u00e5 foreligger p\u00e5 norsk!\u00bb","av_anmeldelser":"Ingeborg Misje Bergem","terningkast":false,"kilde":"V\u00e5rt Land"},{"tekst_anmeldelser":"\u00abEt viktig forfatterskap gj\u00f8res n\u00e5 tilgjengelig p\u00e5 norsk. [...] Spr\u00e5ket er smidig og uanstrengt, uten de store krumspringene, det hele forbilledlig oversatt av den alltid gode Merete Alfsen.\u00bb","av_anmeldelser":"Leif Bull","terningkast":false,"kilde":"Dagens N\u00e6ringsliv"}]},"yoast_head":"<!-- This site is optimized with the Yoast SEO plugin v26.6 - https:\/\/yoast.com\/wordpress\/plugins\/seo\/ -->\n<title>Nerv\u00f8se tilstander - Forlaget Press<\/title>\n<meta name=\"robots\" content=\"noindex, follow, max-snippet:-1, max-image-preview:large, max-video-preview:-1\" \/>\n<meta property=\"og:locale\" content=\"nb_NO\" \/>\n<meta property=\"og:type\" content=\"article\" \/>\n<meta property=\"og:title\" content=\"Nerv\u00f8se tilstander - Forlaget Press\" \/>\n<meta property=\"og:description\" content=\"Det er 1968. Enn\u00e5 har ikke frigj\u00f8ringskrigenbegynt &#8211; enn\u00e5 er det lenge til Zimbabwe skal vinne sin uavhengighet. Tretten \u00e5r gamle Tambudzai Sigauke begynner p\u00e5 utdannelsen hun har sl\u00e5ss s\u00e5nn for. Storfamiliens \u00f8konomiske forventninger hviler p\u00e5 skuldrene hennes. Men inni henne brenner lengselen etter uavhengighet. Og hvilken pris m\u00e5 Tambu selv betale for reisen hun [&hellip;]\" \/>\n<meta property=\"og:url\" content=\"https:\/\/staging.forenteforlag.no\/forlaget\/produkt\/nervose-tilstander-2\/\" \/>\n<meta property=\"og:site_name\" content=\"Forlaget Press\" \/>\n<meta property=\"article:publisher\" content=\"https:\/\/www.facebook.com\/Forlagetpress\" \/>\n<meta property=\"article:modified_time\" content=\"2026-03-02T16:02:09+00:00\" \/>\n<meta property=\"og:image\" content=\"https:\/\/staging.forenteforlag.no\/forlaget\/wp-content\/uploads\/sites\/3\/2026\/02\/9788232805204.jpg\" \/>\n\t<meta property=\"og:image:width\" content=\"720\" \/>\n\t<meta property=\"og:image:height\" content=\"1075\" \/>\n\t<meta property=\"og:image:type\" content=\"image\/jpeg\" \/>\n<meta name=\"twitter:card\" content=\"summary_large_image\" \/>\n<meta name=\"twitter:label1\" content=\"Ansl. lesetid\" \/>\n\t<meta name=\"twitter:data1\" content=\"1 minutt\" \/>\n<script type=\"application\/ld+json\" class=\"yoast-schema-graph\">{\"@context\":\"https:\/\/schema.org\",\"@graph\":[{\"@type\":\"WebPage\",\"@id\":\"https:\/\/staging.forenteforlag.no\/forlaget\/produkt\/nervose-tilstander-2\/\",\"url\":\"https:\/\/staging.forenteforlag.no\/forlaget\/produkt\/nervose-tilstander-2\/\",\"name\":\"Nerv\u00f8se tilstander - Forlaget Press\",\"isPartOf\":{\"@id\":\"https:\/\/staging.forenteforlag.no\/forlaget\/#website\"},\"primaryImageOfPage\":{\"@id\":\"https:\/\/staging.forenteforlag.no\/forlaget\/produkt\/nervose-tilstander-2\/#primaryimage\"},\"image\":{\"@id\":\"https:\/\/staging.forenteforlag.no\/forlaget\/produkt\/nervose-tilstander-2\/#primaryimage\"},\"thumbnailUrl\":\"https:\/\/staging.forenteforlag.no\/forlaget\/wp-content\/uploads\/sites\/3\/2026\/02\/9788232805204.jpg\",\"datePublished\":\"2023-05-15T12:11:01+00:00\",\"dateModified\":\"2026-03-02T16:02:09+00:00\",\"breadcrumb\":{\"@id\":\"https:\/\/staging.forenteforlag.no\/forlaget\/produkt\/nervose-tilstander-2\/#breadcrumb\"},\"inLanguage\":\"nb-NO\",\"potentialAction\":[{\"@type\":\"ReadAction\",\"target\":[\"https:\/\/staging.forenteforlag.no\/forlaget\/produkt\/nervose-tilstander-2\/\"]}]},{\"@type\":\"ImageObject\",\"inLanguage\":\"nb-NO\",\"@id\":\"https:\/\/staging.forenteforlag.no\/forlaget\/produkt\/nervose-tilstander-2\/#primaryimage\",\"url\":\"https:\/\/staging.forenteforlag.no\/forlaget\/wp-content\/uploads\/sites\/3\/2026\/02\/9788232805204.jpg\",\"contentUrl\":\"https:\/\/staging.forenteforlag.no\/forlaget\/wp-content\/uploads\/sites\/3\/2026\/02\/9788232805204.jpg\",\"width\":720,\"height\":1075},{\"@type\":\"BreadcrumbList\",\"@id\":\"https:\/\/staging.forenteforlag.no\/forlaget\/produkt\/nervose-tilstander-2\/#breadcrumb\",\"itemListElement\":[{\"@type\":\"ListItem\",\"position\":1,\"name\":\"Hjem\",\"item\":\"https:\/\/staging.forenteforlag.no\/forlaget\/\"},{\"@type\":\"ListItem\",\"position\":2,\"name\":\"Alle b\u00f8ker\",\"item\":\"https:\/\/staging.forenteforlag.no\/forlaget\/butikk\/\"},{\"@type\":\"ListItem\",\"position\":3,\"name\":\"Nerv\u00f8se tilstander\"}]},{\"@type\":\"WebSite\",\"@id\":\"https:\/\/staging.forenteforlag.no\/forlaget\/#website\",\"url\":\"https:\/\/staging.forenteforlag.no\/forlaget\/\",\"name\":\"Forlaget Press\",\"description\":\"\",\"publisher\":{\"@id\":\"https:\/\/staging.forenteforlag.no\/forlaget\/#organization\"},\"potentialAction\":[{\"@type\":\"SearchAction\",\"target\":{\"@type\":\"EntryPoint\",\"urlTemplate\":\"https:\/\/staging.forenteforlag.no\/forlaget\/?s={search_term_string}\"},\"query-input\":{\"@type\":\"PropertyValueSpecification\",\"valueRequired\":true,\"valueName\":\"search_term_string\"}}],\"inLanguage\":\"nb-NO\"},{\"@type\":\"Organization\",\"@id\":\"https:\/\/staging.forenteforlag.no\/forlaget\/#organization\",\"name\":\"Forlaget Press\",\"url\":\"https:\/\/staging.forenteforlag.no\/forlaget\/\",\"logo\":{\"@type\":\"ImageObject\",\"inLanguage\":\"nb-NO\",\"@id\":\"https:\/\/staging.forenteforlag.no\/forlaget\/#\/schema\/logo\/image\/\",\"url\":\"https:\/\/staging.forenteforlag.no\/forlaget\/wp-content\/uploads\/sites\/3\/2024\/09\/Press_logo.svg\",\"contentUrl\":\"https:\/\/staging.forenteforlag.no\/forlaget\/wp-content\/uploads\/sites\/3\/2024\/09\/Press_logo.svg\",\"width\":100,\"height\":100,\"caption\":\"Forlaget Press\"},\"image\":{\"@id\":\"https:\/\/staging.forenteforlag.no\/forlaget\/#\/schema\/logo\/image\/\"},\"sameAs\":[\"https:\/\/www.facebook.com\/Forlagetpress\"]}]}<\/script>\n<!-- \/ Yoast SEO plugin. -->","yoast_head_json":{"title":"Nerv\u00f8se tilstander - Forlaget Press","robots":{"index":"noindex","follow":"follow","max-snippet":"max-snippet:-1","max-image-preview":"max-image-preview:large","max-video-preview":"max-video-preview:-1"},"og_locale":"nb_NO","og_type":"article","og_title":"Nerv\u00f8se tilstander - Forlaget Press","og_description":"Det er 1968. Enn\u00e5 har ikke frigj\u00f8ringskrigenbegynt &#8211; enn\u00e5 er det lenge til Zimbabwe skal vinne sin uavhengighet. Tretten \u00e5r gamle Tambudzai Sigauke begynner p\u00e5 utdannelsen hun har sl\u00e5ss s\u00e5nn for. Storfamiliens \u00f8konomiske forventninger hviler p\u00e5 skuldrene hennes. Men inni henne brenner lengselen etter uavhengighet. Og hvilken pris m\u00e5 Tambu selv betale for reisen hun [&hellip;]","og_url":"https:\/\/staging.forenteforlag.no\/forlaget\/produkt\/nervose-tilstander-2\/","og_site_name":"Forlaget Press","article_publisher":"https:\/\/www.facebook.com\/Forlagetpress","article_modified_time":"2026-03-02T16:02:09+00:00","og_image":[{"width":720,"height":1075,"url":"https:\/\/staging.forenteforlag.no\/forlaget\/wp-content\/uploads\/sites\/3\/2026\/02\/9788232805204.jpg","type":"image\/jpeg"}],"twitter_card":"summary_large_image","twitter_misc":{"Ansl. lesetid":"1 minutt"},"schema":{"@context":"https:\/\/schema.org","@graph":[{"@type":"WebPage","@id":"https:\/\/staging.forenteforlag.no\/forlaget\/produkt\/nervose-tilstander-2\/","url":"https:\/\/staging.forenteforlag.no\/forlaget\/produkt\/nervose-tilstander-2\/","name":"Nerv\u00f8se tilstander - Forlaget Press","isPartOf":{"@id":"https:\/\/staging.forenteforlag.no\/forlaget\/#website"},"primaryImageOfPage":{"@id":"https:\/\/staging.forenteforlag.no\/forlaget\/produkt\/nervose-tilstander-2\/#primaryimage"},"image":{"@id":"https:\/\/staging.forenteforlag.no\/forlaget\/produkt\/nervose-tilstander-2\/#primaryimage"},"thumbnailUrl":"https:\/\/staging.forenteforlag.no\/forlaget\/wp-content\/uploads\/sites\/3\/2026\/02\/9788232805204.jpg","datePublished":"2023-05-15T12:11:01+00:00","dateModified":"2026-03-02T16:02:09+00:00","breadcrumb":{"@id":"https:\/\/staging.forenteforlag.no\/forlaget\/produkt\/nervose-tilstander-2\/#breadcrumb"},"inLanguage":"nb-NO","potentialAction":[{"@type":"ReadAction","target":["https:\/\/staging.forenteforlag.no\/forlaget\/produkt\/nervose-tilstander-2\/"]}]},{"@type":"ImageObject","inLanguage":"nb-NO","@id":"https:\/\/staging.forenteforlag.no\/forlaget\/produkt\/nervose-tilstander-2\/#primaryimage","url":"https:\/\/staging.forenteforlag.no\/forlaget\/wp-content\/uploads\/sites\/3\/2026\/02\/9788232805204.jpg","contentUrl":"https:\/\/staging.forenteforlag.no\/forlaget\/wp-content\/uploads\/sites\/3\/2026\/02\/9788232805204.jpg","width":720,"height":1075},{"@type":"BreadcrumbList","@id":"https:\/\/staging.forenteforlag.no\/forlaget\/produkt\/nervose-tilstander-2\/#breadcrumb","itemListElement":[{"@type":"ListItem","position":1,"name":"Hjem","item":"https:\/\/staging.forenteforlag.no\/forlaget\/"},{"@type":"ListItem","position":2,"name":"Alle b\u00f8ker","item":"https:\/\/staging.forenteforlag.no\/forlaget\/butikk\/"},{"@type":"ListItem","position":3,"name":"Nerv\u00f8se tilstander"}]},{"@type":"WebSite","@id":"https:\/\/staging.forenteforlag.no\/forlaget\/#website","url":"https:\/\/staging.forenteforlag.no\/forlaget\/","name":"Forlaget Press","description":"","publisher":{"@id":"https:\/\/staging.forenteforlag.no\/forlaget\/#organization"},"potentialAction":[{"@type":"SearchAction","target":{"@type":"EntryPoint","urlTemplate":"https:\/\/staging.forenteforlag.no\/forlaget\/?s={search_term_string}"},"query-input":{"@type":"PropertyValueSpecification","valueRequired":true,"valueName":"search_term_string"}}],"inLanguage":"nb-NO"},{"@type":"Organization","@id":"https:\/\/staging.forenteforlag.no\/forlaget\/#organization","name":"Forlaget Press","url":"https:\/\/staging.forenteforlag.no\/forlaget\/","logo":{"@type":"ImageObject","inLanguage":"nb-NO","@id":"https:\/\/staging.forenteforlag.no\/forlaget\/#\/schema\/logo\/image\/","url":"https:\/\/staging.forenteforlag.no\/forlaget\/wp-content\/uploads\/sites\/3\/2024\/09\/Press_logo.svg","contentUrl":"https:\/\/staging.forenteforlag.no\/forlaget\/wp-content\/uploads\/sites\/3\/2024\/09\/Press_logo.svg","width":100,"height":100,"caption":"Forlaget Press"},"image":{"@id":"https:\/\/staging.forenteforlag.no\/forlaget\/#\/schema\/logo\/image\/"},"sameAs":["https:\/\/www.facebook.com\/Forlagetpress"]}]}},"_links":{"self":[{"href":"https:\/\/staging.forenteforlag.no\/forlaget\/wp-json\/wp\/v2\/product\/23446","targetHints":{"allow":["GET"]}}],"collection":[{"href":"https:\/\/staging.forenteforlag.no\/forlaget\/wp-json\/wp\/v2\/product"}],"about":[{"href":"https:\/\/staging.forenteforlag.no\/forlaget\/wp-json\/wp\/v2\/types\/product"}],"wp:featuredmedia":[{"embeddable":true,"href":"https:\/\/staging.forenteforlag.no\/forlaget\/wp-json\/wp\/v2\/media\/26507"}],"wp:attachment":[{"href":"https:\/\/staging.forenteforlag.no\/forlaget\/wp-json\/wp\/v2\/media?parent=23446"}],"wp:term":[{"taxonomy":"product_brand","embeddable":true,"href":"https:\/\/staging.forenteforlag.no\/forlaget\/wp-json\/wp\/v2\/product_brand?post=23446"},{"taxonomy":"product_cat","embeddable":true,"href":"https:\/\/staging.forenteforlag.no\/forlaget\/wp-json\/wp\/v2\/product_cat?post=23446"},{"taxonomy":"product_tag","embeddable":true,"href":"https:\/\/staging.forenteforlag.no\/forlaget\/wp-json\/wp\/v2\/product_tag?post=23446"}],"curies":[{"name":"wp","href":"https:\/\/api.w.org\/{rel}","templated":true}]}}