{"id":23444,"date":"2024-04-24T13:04:42","date_gmt":"2024-04-24T11:04:42","guid":{"rendered":"https:\/\/forlagetpress.no\/produkt\/nervose-tilstander\/"},"modified":"2026-03-03T18:47:45","modified_gmt":"2026-03-03T17:47:45","slug":"nervose-tilstander","status":"publish","type":"product","link":"https:\/\/staging.forenteforlag.no\/forlaget\/produkt\/nervose-tilstander\/","title":{"rendered":"Nerv\u00f8se tilstander"},"content":{"rendered":"<p>\u00abDette er romanen vi har ventet p\u00e5 &#8230; den kommer til \u00e5 bli en klassiker.\u00bb<\/p>\n<p>Doris Lessing<\/p>\n<p>Det er 1968. Enn\u00e5 har ikke frigj\u00f8ringskrigenbegynt &#8211; enn\u00e5 er det lenge til Zimbabwe skal vinne sin uavhengighet. Tretten \u00e5r gamle Tambudzai Sigauke begynner p\u00e5 utdannelsen hun har sl\u00e5ss s\u00e5nn for. Storfamiliens \u00f8konomiske forventninger hviler p\u00e5 skuldrene hennes. Men inni henne brenner lengselen etter uavhengighet. Og hvilken pris m\u00e5 Tambu selv betale for reisen hun legger ut p\u00e5?<\/p>\n<p>Da Nerv\u00f8se tilstander f\u00f8rst utkom i 1988, var den f\u00f8rste roman p\u00e5 engelsk skrevet av en zimbabwisk kvinne. I dag har Tsitsi Dangarembgas debutroman status som en moderne klassiker og et hovedverk i nyere afrikanske litteratur. Nerv\u00f8se tilstander er et unikt og fengslende portrett av svart liv i Zimbabwe p\u00e5 terskelen til uavhengighetskrigene. Men framfor alt er det en enest\u00e5ende oppveksthistorie &#8211; en utforsking av rase, klasse, kj\u00f8nn, familie, kunnskap og vennskap i den sene kolonialismens tid.<\/p>\n","protected":false},"excerpt":{"rendered":"<p>\u00abDette er romanen vi har ventet p\u00e5 &#8230; den kommer til \u00e5 bli en klassiker.\u00bb Doris Lessing Det er 1968. Enn\u00e5 har ikke frigj\u00f8ringskrigenbegynt &#8211; enn\u00e5 er det lenge til Zimbabwe skal vinne sin uavhengighet. Tretten \u00e5r gamle Tambudzai Sigauke begynner p\u00e5 utdannelsen hun har sl\u00e5ss s\u00e5nn for. Storfamiliens \u00f8konomiske forventninger hviler p\u00e5 skuldrene hennes. [&hellip;]<\/p>\n","protected":false},"featured_media":23443,"template":"","meta":{"_acf_changed":false,"inline_featured_image":false},"product_brand":[],"product_cat":[1781],"product_tag":[1787,430,1788,1789,409,1790],"class_list":{"0":"post-23444","1":"product","2":"type-product","3":"status-publish","4":"has-post-thumbnail","6":"product_cat-rabattkodekampanje","7":"product_tag-imperialisme","8":"product_tag-kolonialisme","9":"product_tag-kvinner-og-jenter","10":"product_tag-moderne-litteratur","11":"product_tag-oppvekst","12":"product_tag-simbabwe","14":"first","15":"instock","16":"shipping-taxable","17":"purchasable","18":"product-type-simple"},"acf":{"anmeldelse":null},"yoast_head":"<!-- This site is optimized with the Yoast SEO plugin v26.6 - https:\/\/yoast.com\/wordpress\/plugins\/seo\/ -->\n<title>Nerv\u00f8se tilstander - Forlaget Press<\/title>\n<meta name=\"robots\" content=\"noindex, follow, max-snippet:-1, max-image-preview:large, max-video-preview:-1\" \/>\n<meta property=\"og:locale\" content=\"nb_NO\" \/>\n<meta property=\"og:type\" content=\"article\" \/>\n<meta property=\"og:title\" content=\"Nerv\u00f8se tilstander - Forlaget Press\" \/>\n<meta property=\"og:description\" content=\"\u00abDette er romanen vi har ventet p\u00e5 &#8230; den kommer til \u00e5 bli en klassiker.\u00bb Doris Lessing Det er 1968. Enn\u00e5 har ikke frigj\u00f8ringskrigenbegynt &#8211; enn\u00e5 er det lenge til Zimbabwe skal vinne sin uavhengighet. Tretten \u00e5r gamle Tambudzai Sigauke begynner p\u00e5 utdannelsen hun har sl\u00e5ss s\u00e5nn for. Storfamiliens \u00f8konomiske forventninger hviler p\u00e5 skuldrene hennes. [&hellip;]\" \/>\n<meta property=\"og:url\" content=\"https:\/\/staging.forenteforlag.no\/forlaget\/produkt\/nervose-tilstander\/\" \/>\n<meta property=\"og:site_name\" content=\"Forlaget Press\" \/>\n<meta property=\"article:publisher\" content=\"https:\/\/www.facebook.com\/Forlagetpress\" \/>\n<meta property=\"article:modified_time\" content=\"2026-03-03T17:47:45+00:00\" \/>\n<meta property=\"og:image\" content=\"https:\/\/staging.forenteforlag.no\/forlaget\/wp-content\/uploads\/sites\/3\/2025\/05\/9788232806164-scaled.jpeg\" \/>\n\t<meta property=\"og:image:width\" content=\"1286\" \/>\n\t<meta property=\"og:image:height\" content=\"1920\" \/>\n\t<meta property=\"og:image:type\" content=\"image\/jpeg\" \/>\n<meta name=\"twitter:card\" content=\"summary_large_image\" \/>\n<meta name=\"twitter:label1\" content=\"Ansl. lesetid\" \/>\n\t<meta name=\"twitter:data1\" content=\"1 minutt\" \/>\n<script type=\"application\/ld+json\" class=\"yoast-schema-graph\">{\"@context\":\"https:\/\/schema.org\",\"@graph\":[{\"@type\":\"WebPage\",\"@id\":\"https:\/\/staging.forenteforlag.no\/forlaget\/produkt\/nervose-tilstander\/\",\"url\":\"https:\/\/staging.forenteforlag.no\/forlaget\/produkt\/nervose-tilstander\/\",\"name\":\"Nerv\u00f8se tilstander - Forlaget Press\",\"isPartOf\":{\"@id\":\"https:\/\/staging.forenteforlag.no\/forlaget\/#website\"},\"primaryImageOfPage\":{\"@id\":\"https:\/\/staging.forenteforlag.no\/forlaget\/produkt\/nervose-tilstander\/#primaryimage\"},\"image\":{\"@id\":\"https:\/\/staging.forenteforlag.no\/forlaget\/produkt\/nervose-tilstander\/#primaryimage\"},\"thumbnailUrl\":\"https:\/\/staging.forenteforlag.no\/forlaget\/wp-content\/uploads\/sites\/3\/2025\/05\/9788232806164-scaled.jpeg\",\"datePublished\":\"2024-04-24T11:04:42+00:00\",\"dateModified\":\"2026-03-03T17:47:45+00:00\",\"breadcrumb\":{\"@id\":\"https:\/\/staging.forenteforlag.no\/forlaget\/produkt\/nervose-tilstander\/#breadcrumb\"},\"inLanguage\":\"nb-NO\",\"potentialAction\":[{\"@type\":\"ReadAction\",\"target\":[\"https:\/\/staging.forenteforlag.no\/forlaget\/produkt\/nervose-tilstander\/\"]}]},{\"@type\":\"ImageObject\",\"inLanguage\":\"nb-NO\",\"@id\":\"https:\/\/staging.forenteforlag.no\/forlaget\/produkt\/nervose-tilstander\/#primaryimage\",\"url\":\"https:\/\/staging.forenteforlag.no\/forlaget\/wp-content\/uploads\/sites\/3\/2025\/05\/9788232806164-scaled.jpeg\",\"contentUrl\":\"https:\/\/staging.forenteforlag.no\/forlaget\/wp-content\/uploads\/sites\/3\/2025\/05\/9788232806164-scaled.jpeg\",\"width\":1286,\"height\":1920},{\"@type\":\"BreadcrumbList\",\"@id\":\"https:\/\/staging.forenteforlag.no\/forlaget\/produkt\/nervose-tilstander\/#breadcrumb\",\"itemListElement\":[{\"@type\":\"ListItem\",\"position\":1,\"name\":\"Hjem\",\"item\":\"https:\/\/staging.forenteforlag.no\/forlaget\/\"},{\"@type\":\"ListItem\",\"position\":2,\"name\":\"Alle b\u00f8ker\",\"item\":\"https:\/\/staging.forenteforlag.no\/forlaget\/butikk\/\"},{\"@type\":\"ListItem\",\"position\":3,\"name\":\"Nerv\u00f8se tilstander\"}]},{\"@type\":\"WebSite\",\"@id\":\"https:\/\/staging.forenteforlag.no\/forlaget\/#website\",\"url\":\"https:\/\/staging.forenteforlag.no\/forlaget\/\",\"name\":\"Forlaget Press\",\"description\":\"\",\"publisher\":{\"@id\":\"https:\/\/staging.forenteforlag.no\/forlaget\/#organization\"},\"potentialAction\":[{\"@type\":\"SearchAction\",\"target\":{\"@type\":\"EntryPoint\",\"urlTemplate\":\"https:\/\/staging.forenteforlag.no\/forlaget\/?s={search_term_string}\"},\"query-input\":{\"@type\":\"PropertyValueSpecification\",\"valueRequired\":true,\"valueName\":\"search_term_string\"}}],\"inLanguage\":\"nb-NO\"},{\"@type\":\"Organization\",\"@id\":\"https:\/\/staging.forenteforlag.no\/forlaget\/#organization\",\"name\":\"Forlaget Press\",\"url\":\"https:\/\/staging.forenteforlag.no\/forlaget\/\",\"logo\":{\"@type\":\"ImageObject\",\"inLanguage\":\"nb-NO\",\"@id\":\"https:\/\/staging.forenteforlag.no\/forlaget\/#\/schema\/logo\/image\/\",\"url\":\"https:\/\/staging.forenteforlag.no\/forlaget\/wp-content\/uploads\/sites\/3\/2024\/09\/Press_logo.svg\",\"contentUrl\":\"https:\/\/staging.forenteforlag.no\/forlaget\/wp-content\/uploads\/sites\/3\/2024\/09\/Press_logo.svg\",\"width\":100,\"height\":100,\"caption\":\"Forlaget Press\"},\"image\":{\"@id\":\"https:\/\/staging.forenteforlag.no\/forlaget\/#\/schema\/logo\/image\/\"},\"sameAs\":[\"https:\/\/www.facebook.com\/Forlagetpress\"]}]}<\/script>\n<!-- \/ Yoast SEO plugin. -->","yoast_head_json":{"title":"Nerv\u00f8se tilstander - Forlaget Press","robots":{"index":"noindex","follow":"follow","max-snippet":"max-snippet:-1","max-image-preview":"max-image-preview:large","max-video-preview":"max-video-preview:-1"},"og_locale":"nb_NO","og_type":"article","og_title":"Nerv\u00f8se tilstander - Forlaget Press","og_description":"\u00abDette er romanen vi har ventet p\u00e5 &#8230; den kommer til \u00e5 bli en klassiker.\u00bb Doris Lessing Det er 1968. Enn\u00e5 har ikke frigj\u00f8ringskrigenbegynt &#8211; enn\u00e5 er det lenge til Zimbabwe skal vinne sin uavhengighet. Tretten \u00e5r gamle Tambudzai Sigauke begynner p\u00e5 utdannelsen hun har sl\u00e5ss s\u00e5nn for. Storfamiliens \u00f8konomiske forventninger hviler p\u00e5 skuldrene hennes. [&hellip;]","og_url":"https:\/\/staging.forenteforlag.no\/forlaget\/produkt\/nervose-tilstander\/","og_site_name":"Forlaget Press","article_publisher":"https:\/\/www.facebook.com\/Forlagetpress","article_modified_time":"2026-03-03T17:47:45+00:00","og_image":[{"width":1286,"height":1920,"url":"https:\/\/staging.forenteforlag.no\/forlaget\/wp-content\/uploads\/sites\/3\/2025\/05\/9788232806164-scaled.jpeg","type":"image\/jpeg"}],"twitter_card":"summary_large_image","twitter_misc":{"Ansl. lesetid":"1 minutt"},"schema":{"@context":"https:\/\/schema.org","@graph":[{"@type":"WebPage","@id":"https:\/\/staging.forenteforlag.no\/forlaget\/produkt\/nervose-tilstander\/","url":"https:\/\/staging.forenteforlag.no\/forlaget\/produkt\/nervose-tilstander\/","name":"Nerv\u00f8se tilstander - Forlaget Press","isPartOf":{"@id":"https:\/\/staging.forenteforlag.no\/forlaget\/#website"},"primaryImageOfPage":{"@id":"https:\/\/staging.forenteforlag.no\/forlaget\/produkt\/nervose-tilstander\/#primaryimage"},"image":{"@id":"https:\/\/staging.forenteforlag.no\/forlaget\/produkt\/nervose-tilstander\/#primaryimage"},"thumbnailUrl":"https:\/\/staging.forenteforlag.no\/forlaget\/wp-content\/uploads\/sites\/3\/2025\/05\/9788232806164-scaled.jpeg","datePublished":"2024-04-24T11:04:42+00:00","dateModified":"2026-03-03T17:47:45+00:00","breadcrumb":{"@id":"https:\/\/staging.forenteforlag.no\/forlaget\/produkt\/nervose-tilstander\/#breadcrumb"},"inLanguage":"nb-NO","potentialAction":[{"@type":"ReadAction","target":["https:\/\/staging.forenteforlag.no\/forlaget\/produkt\/nervose-tilstander\/"]}]},{"@type":"ImageObject","inLanguage":"nb-NO","@id":"https:\/\/staging.forenteforlag.no\/forlaget\/produkt\/nervose-tilstander\/#primaryimage","url":"https:\/\/staging.forenteforlag.no\/forlaget\/wp-content\/uploads\/sites\/3\/2025\/05\/9788232806164-scaled.jpeg","contentUrl":"https:\/\/staging.forenteforlag.no\/forlaget\/wp-content\/uploads\/sites\/3\/2025\/05\/9788232806164-scaled.jpeg","width":1286,"height":1920},{"@type":"BreadcrumbList","@id":"https:\/\/staging.forenteforlag.no\/forlaget\/produkt\/nervose-tilstander\/#breadcrumb","itemListElement":[{"@type":"ListItem","position":1,"name":"Hjem","item":"https:\/\/staging.forenteforlag.no\/forlaget\/"},{"@type":"ListItem","position":2,"name":"Alle b\u00f8ker","item":"https:\/\/staging.forenteforlag.no\/forlaget\/butikk\/"},{"@type":"ListItem","position":3,"name":"Nerv\u00f8se tilstander"}]},{"@type":"WebSite","@id":"https:\/\/staging.forenteforlag.no\/forlaget\/#website","url":"https:\/\/staging.forenteforlag.no\/forlaget\/","name":"Forlaget Press","description":"","publisher":{"@id":"https:\/\/staging.forenteforlag.no\/forlaget\/#organization"},"potentialAction":[{"@type":"SearchAction","target":{"@type":"EntryPoint","urlTemplate":"https:\/\/staging.forenteforlag.no\/forlaget\/?s={search_term_string}"},"query-input":{"@type":"PropertyValueSpecification","valueRequired":true,"valueName":"search_term_string"}}],"inLanguage":"nb-NO"},{"@type":"Organization","@id":"https:\/\/staging.forenteforlag.no\/forlaget\/#organization","name":"Forlaget Press","url":"https:\/\/staging.forenteforlag.no\/forlaget\/","logo":{"@type":"ImageObject","inLanguage":"nb-NO","@id":"https:\/\/staging.forenteforlag.no\/forlaget\/#\/schema\/logo\/image\/","url":"https:\/\/staging.forenteforlag.no\/forlaget\/wp-content\/uploads\/sites\/3\/2024\/09\/Press_logo.svg","contentUrl":"https:\/\/staging.forenteforlag.no\/forlaget\/wp-content\/uploads\/sites\/3\/2024\/09\/Press_logo.svg","width":100,"height":100,"caption":"Forlaget Press"},"image":{"@id":"https:\/\/staging.forenteforlag.no\/forlaget\/#\/schema\/logo\/image\/"},"sameAs":["https:\/\/www.facebook.com\/Forlagetpress"]}]}},"_links":{"self":[{"href":"https:\/\/staging.forenteforlag.no\/forlaget\/wp-json\/wp\/v2\/product\/23444","targetHints":{"allow":["GET"]}}],"collection":[{"href":"https:\/\/staging.forenteforlag.no\/forlaget\/wp-json\/wp\/v2\/product"}],"about":[{"href":"https:\/\/staging.forenteforlag.no\/forlaget\/wp-json\/wp\/v2\/types\/product"}],"wp:featuredmedia":[{"embeddable":true,"href":"https:\/\/staging.forenteforlag.no\/forlaget\/wp-json\/wp\/v2\/media\/23443"}],"wp:attachment":[{"href":"https:\/\/staging.forenteforlag.no\/forlaget\/wp-json\/wp\/v2\/media?parent=23444"}],"wp:term":[{"taxonomy":"product_brand","embeddable":true,"href":"https:\/\/staging.forenteforlag.no\/forlaget\/wp-json\/wp\/v2\/product_brand?post=23444"},{"taxonomy":"product_cat","embeddable":true,"href":"https:\/\/staging.forenteforlag.no\/forlaget\/wp-json\/wp\/v2\/product_cat?post=23444"},{"taxonomy":"product_tag","embeddable":true,"href":"https:\/\/staging.forenteforlag.no\/forlaget\/wp-json\/wp\/v2\/product_tag?post=23444"}],"curies":[{"name":"wp","href":"https:\/\/api.w.org\/{rel}","templated":true}]}}