{"id":23175,"date":"2025-03-18T14:13:35","date_gmt":"2025-03-18T13:13:35","guid":{"rendered":"https:\/\/forlagetpress.no\/?post_type=product&#038;p=23175"},"modified":"2026-03-02T17:05:59","modified_gmt":"2026-03-02T16:05:59","slug":"djinner","status":"publish","type":"product","link":"https:\/\/staging.forenteforlag.no\/forlaget\/produkt\/djinner\/","title":{"rendered":"Djinner"},"content":{"rendered":"<p>En av de 100 beste tyske romaner de siste 100 \u00e5r&lt;br&gt;Spiegel&lt;br&gt;&lt;br&gt;\u00c5ret er 1999. I tretti \u00e5r har Hu\u0308seyin arbeidet i Tyskland. N\u00e5 kan han endelig oppfylle dr\u00f8mmen om \u00e5 kj\u00f8pe en leilighet i Istanbul. Men p\u00e5 innflyttingsdagen faller han d\u00f8d om og hans kone Emine og deres fire barn Hakan, Perihan, \u00dcmit og Sevda m\u00e5 reise fra Tyskland til Tyrkia for \u00e5 begrave ham.&lt;br&gt;&lt;br&gt;Hvis alle familier er et nett av historier, hva kan hullene i nettet fortelle? Trenger vi hullene fordi vi ikke kan se hele sannheten i \u00f8ynene? Eller vil hullene til slutt \u00f8delegge alt?&lt;br&gt;&lt;br&gt;Djinner er en fortelling om seks fundamentalt forskjellige mennesker som tilfeldigvis er i familie. De b\u00e6rer alle p\u00e5 sine egne hemmeligheter, lengsler og s\u00e5r, men de er forent av f\u00f8lelsen av at noen holder \u00f8ye med dem i Hu\u0308seyins leilighet i Istanbul.&lt;br&gt;&lt;br&gt;\u00abSensasjonell \u2026 Noen ganger vil du bare ha en stor familiesaga \u00e5 forsvinne inn i \u2013 og det finnes ikke noen som er mer opp slukende denne h\u00f8sten enn Djinner.\u00bb&lt;br&gt;Guardian&lt;br&gt;&lt;br&gt;\u00abFamiliehistorien, like r\u00f8rende som urovekkende, fengsler leseren fra start. Stillheten og fortielsene i familien er levende beskrevet.\u00bb&lt;br&gt;Die Zeit&lt;br&gt;<\/p>\n","protected":false},"excerpt":{"rendered":"<p>En av de 100 beste tyske romaner de siste 100 \u00e5r&lt;br&gt;Spiegel&lt;br&gt;&lt;br&gt;\u00c5ret er 1999. I tretti \u00e5r har Hu\u0308seyin arbeidet i Tyskland. N\u00e5 kan han endelig oppfylle dr\u00f8mmen om \u00e5 kj\u00f8pe en leilighet i Istanbul. Men p\u00e5 innflyttingsdagen faller han d\u00f8d om og hans kone Emine og deres fire barn Hakan, Perihan, \u00dcmit og Sevda m\u00e5 [&hellip;]<\/p>\n","protected":false},"featured_media":26564,"template":"","meta":{"_acf_changed":false,"inline_featured_image":false},"product_brand":[],"product_cat":[1780],"product_tag":[370],"class_list":{"0":"post-23175","1":"product","2":"type-product","3":"status-publish","4":"has-post-thumbnail","6":"product_cat-fastpris","7":"product_tag-skjonnlitteratur","9":"first","10":"instock","11":"shipping-taxable","12":"purchasable","13":"product-type-simple"},"acf":{"anmeldelse":[{"tekst_anmeldelser":"Sprek prisvinner om livet i spagat mellom tysk, kurdisk og tyrkisk kultur. [...] Lesere som liker b\u00f8kene til Jonathan Franzen, Jonas Hassen Khemiri og Zadie Smith \u2013 og hvem gj\u00f8r vel ikke det? \u2013 vil finne mye \u00e5 glede seg over her.","av_anmeldelser":"Leif Bull","terningkast":false,"kilde":"Dagens N\u00e6ringsliv"}]},"yoast_head":"<!-- This site is optimized with the Yoast SEO plugin v26.6 - https:\/\/yoast.com\/wordpress\/plugins\/seo\/ -->\n<title>Djinner - Forlaget Press<\/title>\n<meta name=\"robots\" content=\"noindex, follow, max-snippet:-1, max-image-preview:large, max-video-preview:-1\" \/>\n<meta property=\"og:locale\" content=\"nb_NO\" \/>\n<meta property=\"og:type\" content=\"article\" \/>\n<meta property=\"og:title\" content=\"Djinner - Forlaget Press\" \/>\n<meta property=\"og:description\" content=\"En av de 100 beste tyske romaner de siste 100 \u00e5r&lt;br&gt;Spiegel&lt;br&gt;&lt;br&gt;\u00c5ret er 1999. I tretti \u00e5r har Hu\u0308seyin arbeidet i Tyskland. N\u00e5 kan han endelig oppfylle dr\u00f8mmen om \u00e5 kj\u00f8pe en leilighet i Istanbul. Men p\u00e5 innflyttingsdagen faller han d\u00f8d om og hans kone Emine og deres fire barn Hakan, Perihan, \u00dcmit og Sevda m\u00e5 [&hellip;]\" \/>\n<meta property=\"og:url\" content=\"https:\/\/staging.forenteforlag.no\/forlaget\/produkt\/djinner\/\" \/>\n<meta property=\"og:site_name\" content=\"Forlaget Press\" \/>\n<meta property=\"article:publisher\" content=\"https:\/\/www.facebook.com\/Forlagetpress\" \/>\n<meta property=\"article:modified_time\" content=\"2026-03-02T16:05:59+00:00\" \/>\n<meta property=\"og:image\" content=\"https:\/\/staging.forenteforlag.no\/forlaget\/wp-content\/uploads\/sites\/3\/2026\/02\/9788232806225.jpg\" \/>\n\t<meta property=\"og:image:width\" content=\"720\" \/>\n\t<meta property=\"og:image:height\" content=\"1137\" \/>\n\t<meta property=\"og:image:type\" content=\"image\/jpeg\" \/>\n<meta name=\"twitter:card\" content=\"summary_large_image\" \/>\n<meta name=\"twitter:label1\" content=\"Ansl. lesetid\" \/>\n\t<meta name=\"twitter:data1\" content=\"1 minutt\" \/>\n<script type=\"application\/ld+json\" class=\"yoast-schema-graph\">{\"@context\":\"https:\/\/schema.org\",\"@graph\":[{\"@type\":\"WebPage\",\"@id\":\"https:\/\/staging.forenteforlag.no\/forlaget\/produkt\/djinner\/\",\"url\":\"https:\/\/staging.forenteforlag.no\/forlaget\/produkt\/djinner\/\",\"name\":\"Djinner - Forlaget Press\",\"isPartOf\":{\"@id\":\"https:\/\/staging.forenteforlag.no\/forlaget\/#website\"},\"primaryImageOfPage\":{\"@id\":\"https:\/\/staging.forenteforlag.no\/forlaget\/produkt\/djinner\/#primaryimage\"},\"image\":{\"@id\":\"https:\/\/staging.forenteforlag.no\/forlaget\/produkt\/djinner\/#primaryimage\"},\"thumbnailUrl\":\"https:\/\/staging.forenteforlag.no\/forlaget\/wp-content\/uploads\/sites\/3\/2026\/02\/9788232806225.jpg\",\"datePublished\":\"2025-03-18T13:13:35+00:00\",\"dateModified\":\"2026-03-02T16:05:59+00:00\",\"breadcrumb\":{\"@id\":\"https:\/\/staging.forenteforlag.no\/forlaget\/produkt\/djinner\/#breadcrumb\"},\"inLanguage\":\"nb-NO\",\"potentialAction\":[{\"@type\":\"ReadAction\",\"target\":[\"https:\/\/staging.forenteforlag.no\/forlaget\/produkt\/djinner\/\"]}]},{\"@type\":\"ImageObject\",\"inLanguage\":\"nb-NO\",\"@id\":\"https:\/\/staging.forenteforlag.no\/forlaget\/produkt\/djinner\/#primaryimage\",\"url\":\"https:\/\/staging.forenteforlag.no\/forlaget\/wp-content\/uploads\/sites\/3\/2026\/02\/9788232806225.jpg\",\"contentUrl\":\"https:\/\/staging.forenteforlag.no\/forlaget\/wp-content\/uploads\/sites\/3\/2026\/02\/9788232806225.jpg\",\"width\":720,\"height\":1137},{\"@type\":\"BreadcrumbList\",\"@id\":\"https:\/\/staging.forenteforlag.no\/forlaget\/produkt\/djinner\/#breadcrumb\",\"itemListElement\":[{\"@type\":\"ListItem\",\"position\":1,\"name\":\"Hjem\",\"item\":\"https:\/\/staging.forenteforlag.no\/forlaget\/\"},{\"@type\":\"ListItem\",\"position\":2,\"name\":\"Alle b\u00f8ker\",\"item\":\"https:\/\/staging.forenteforlag.no\/forlaget\/butikk\/\"},{\"@type\":\"ListItem\",\"position\":3,\"name\":\"Djinner\"}]},{\"@type\":\"WebSite\",\"@id\":\"https:\/\/staging.forenteforlag.no\/forlaget\/#website\",\"url\":\"https:\/\/staging.forenteforlag.no\/forlaget\/\",\"name\":\"Forlaget Press\",\"description\":\"\",\"publisher\":{\"@id\":\"https:\/\/staging.forenteforlag.no\/forlaget\/#organization\"},\"potentialAction\":[{\"@type\":\"SearchAction\",\"target\":{\"@type\":\"EntryPoint\",\"urlTemplate\":\"https:\/\/staging.forenteforlag.no\/forlaget\/?s={search_term_string}\"},\"query-input\":{\"@type\":\"PropertyValueSpecification\",\"valueRequired\":true,\"valueName\":\"search_term_string\"}}],\"inLanguage\":\"nb-NO\"},{\"@type\":\"Organization\",\"@id\":\"https:\/\/staging.forenteforlag.no\/forlaget\/#organization\",\"name\":\"Forlaget Press\",\"url\":\"https:\/\/staging.forenteforlag.no\/forlaget\/\",\"logo\":{\"@type\":\"ImageObject\",\"inLanguage\":\"nb-NO\",\"@id\":\"https:\/\/staging.forenteforlag.no\/forlaget\/#\/schema\/logo\/image\/\",\"url\":\"https:\/\/staging.forenteforlag.no\/forlaget\/wp-content\/uploads\/sites\/3\/2024\/09\/Press_logo.svg\",\"contentUrl\":\"https:\/\/staging.forenteforlag.no\/forlaget\/wp-content\/uploads\/sites\/3\/2024\/09\/Press_logo.svg\",\"width\":100,\"height\":100,\"caption\":\"Forlaget Press\"},\"image\":{\"@id\":\"https:\/\/staging.forenteforlag.no\/forlaget\/#\/schema\/logo\/image\/\"},\"sameAs\":[\"https:\/\/www.facebook.com\/Forlagetpress\"]}]}<\/script>\n<!-- \/ Yoast SEO plugin. -->","yoast_head_json":{"title":"Djinner - Forlaget Press","robots":{"index":"noindex","follow":"follow","max-snippet":"max-snippet:-1","max-image-preview":"max-image-preview:large","max-video-preview":"max-video-preview:-1"},"og_locale":"nb_NO","og_type":"article","og_title":"Djinner - Forlaget Press","og_description":"En av de 100 beste tyske romaner de siste 100 \u00e5r&lt;br&gt;Spiegel&lt;br&gt;&lt;br&gt;\u00c5ret er 1999. I tretti \u00e5r har Hu\u0308seyin arbeidet i Tyskland. N\u00e5 kan han endelig oppfylle dr\u00f8mmen om \u00e5 kj\u00f8pe en leilighet i Istanbul. Men p\u00e5 innflyttingsdagen faller han d\u00f8d om og hans kone Emine og deres fire barn Hakan, Perihan, \u00dcmit og Sevda m\u00e5 [&hellip;]","og_url":"https:\/\/staging.forenteforlag.no\/forlaget\/produkt\/djinner\/","og_site_name":"Forlaget Press","article_publisher":"https:\/\/www.facebook.com\/Forlagetpress","article_modified_time":"2026-03-02T16:05:59+00:00","og_image":[{"width":720,"height":1137,"url":"https:\/\/staging.forenteforlag.no\/forlaget\/wp-content\/uploads\/sites\/3\/2026\/02\/9788232806225.jpg","type":"image\/jpeg"}],"twitter_card":"summary_large_image","twitter_misc":{"Ansl. lesetid":"1 minutt"},"schema":{"@context":"https:\/\/schema.org","@graph":[{"@type":"WebPage","@id":"https:\/\/staging.forenteforlag.no\/forlaget\/produkt\/djinner\/","url":"https:\/\/staging.forenteforlag.no\/forlaget\/produkt\/djinner\/","name":"Djinner - Forlaget Press","isPartOf":{"@id":"https:\/\/staging.forenteforlag.no\/forlaget\/#website"},"primaryImageOfPage":{"@id":"https:\/\/staging.forenteforlag.no\/forlaget\/produkt\/djinner\/#primaryimage"},"image":{"@id":"https:\/\/staging.forenteforlag.no\/forlaget\/produkt\/djinner\/#primaryimage"},"thumbnailUrl":"https:\/\/staging.forenteforlag.no\/forlaget\/wp-content\/uploads\/sites\/3\/2026\/02\/9788232806225.jpg","datePublished":"2025-03-18T13:13:35+00:00","dateModified":"2026-03-02T16:05:59+00:00","breadcrumb":{"@id":"https:\/\/staging.forenteforlag.no\/forlaget\/produkt\/djinner\/#breadcrumb"},"inLanguage":"nb-NO","potentialAction":[{"@type":"ReadAction","target":["https:\/\/staging.forenteforlag.no\/forlaget\/produkt\/djinner\/"]}]},{"@type":"ImageObject","inLanguage":"nb-NO","@id":"https:\/\/staging.forenteforlag.no\/forlaget\/produkt\/djinner\/#primaryimage","url":"https:\/\/staging.forenteforlag.no\/forlaget\/wp-content\/uploads\/sites\/3\/2026\/02\/9788232806225.jpg","contentUrl":"https:\/\/staging.forenteforlag.no\/forlaget\/wp-content\/uploads\/sites\/3\/2026\/02\/9788232806225.jpg","width":720,"height":1137},{"@type":"BreadcrumbList","@id":"https:\/\/staging.forenteforlag.no\/forlaget\/produkt\/djinner\/#breadcrumb","itemListElement":[{"@type":"ListItem","position":1,"name":"Hjem","item":"https:\/\/staging.forenteforlag.no\/forlaget\/"},{"@type":"ListItem","position":2,"name":"Alle b\u00f8ker","item":"https:\/\/staging.forenteforlag.no\/forlaget\/butikk\/"},{"@type":"ListItem","position":3,"name":"Djinner"}]},{"@type":"WebSite","@id":"https:\/\/staging.forenteforlag.no\/forlaget\/#website","url":"https:\/\/staging.forenteforlag.no\/forlaget\/","name":"Forlaget Press","description":"","publisher":{"@id":"https:\/\/staging.forenteforlag.no\/forlaget\/#organization"},"potentialAction":[{"@type":"SearchAction","target":{"@type":"EntryPoint","urlTemplate":"https:\/\/staging.forenteforlag.no\/forlaget\/?s={search_term_string}"},"query-input":{"@type":"PropertyValueSpecification","valueRequired":true,"valueName":"search_term_string"}}],"inLanguage":"nb-NO"},{"@type":"Organization","@id":"https:\/\/staging.forenteforlag.no\/forlaget\/#organization","name":"Forlaget Press","url":"https:\/\/staging.forenteforlag.no\/forlaget\/","logo":{"@type":"ImageObject","inLanguage":"nb-NO","@id":"https:\/\/staging.forenteforlag.no\/forlaget\/#\/schema\/logo\/image\/","url":"https:\/\/staging.forenteforlag.no\/forlaget\/wp-content\/uploads\/sites\/3\/2024\/09\/Press_logo.svg","contentUrl":"https:\/\/staging.forenteforlag.no\/forlaget\/wp-content\/uploads\/sites\/3\/2024\/09\/Press_logo.svg","width":100,"height":100,"caption":"Forlaget Press"},"image":{"@id":"https:\/\/staging.forenteforlag.no\/forlaget\/#\/schema\/logo\/image\/"},"sameAs":["https:\/\/www.facebook.com\/Forlagetpress"]}]}},"_links":{"self":[{"href":"https:\/\/staging.forenteforlag.no\/forlaget\/wp-json\/wp\/v2\/product\/23175","targetHints":{"allow":["GET"]}}],"collection":[{"href":"https:\/\/staging.forenteforlag.no\/forlaget\/wp-json\/wp\/v2\/product"}],"about":[{"href":"https:\/\/staging.forenteforlag.no\/forlaget\/wp-json\/wp\/v2\/types\/product"}],"wp:featuredmedia":[{"embeddable":true,"href":"https:\/\/staging.forenteforlag.no\/forlaget\/wp-json\/wp\/v2\/media\/26564"}],"wp:attachment":[{"href":"https:\/\/staging.forenteforlag.no\/forlaget\/wp-json\/wp\/v2\/media?parent=23175"}],"wp:term":[{"taxonomy":"product_brand","embeddable":true,"href":"https:\/\/staging.forenteforlag.no\/forlaget\/wp-json\/wp\/v2\/product_brand?post=23175"},{"taxonomy":"product_cat","embeddable":true,"href":"https:\/\/staging.forenteforlag.no\/forlaget\/wp-json\/wp\/v2\/product_cat?post=23175"},{"taxonomy":"product_tag","embeddable":true,"href":"https:\/\/staging.forenteforlag.no\/forlaget\/wp-json\/wp\/v2\/product_tag?post=23175"}],"curies":[{"name":"wp","href":"https:\/\/api.w.org\/{rel}","templated":true}]}}