{"id":23126,"date":"2025-01-04T11:50:00","date_gmt":"2025-01-04T10:50:00","guid":{"rendered":"https:\/\/forlagetpress.no\/produkt\/det-ligger-i-blodet-3\/"},"modified":"2026-03-03T18:48:18","modified_gmt":"2026-03-03T17:48:18","slug":"det-ligger-i-blodet-3","status":"publish","type":"product","link":"https:\/\/staging.forenteforlag.no\/forlaget\/produkt\/det-ligger-i-blodet-3\/","title":{"rendered":"Det ligger i blodet"},"content":{"rendered":"<p>Aidsepidemien er en av de viktigste begivenhetene i moderne norsk historie. Sykdommen endret vitenskap, politikk og synet p\u00e5 seksualitet, og viste hvor s\u00e5rbart samfunnet var i m\u00f8te med en d\u00f8delig epidemi. For de som var direkte ber\u00f8rt, ble aids et m\u00f8te med redsel, stigma, sorg og d\u00f8d &#8211; men ogs\u00e5 med solidaritet, h\u00e5p, mot og fellesskap. N\u00e5 har Ketil Slagstad skrevet historien om aids i Norge, fra de aller f\u00f8rste sykdoms- tilfellene i 1983 frem til en behandling forel\u00e5 dr\u00f8yt ti \u00e5r senere. Resultatet er et enest\u00e5ende tidsbilde, og et helt nytt blikk p\u00e5 den n\u00e6re norske fortiden.&lt;br&gt;&lt;br&gt;Ketil Slagstad er lege, historiker og postdoktor ved Institut f\u00fcr Geschichte der Medizin und Ethik in der Medizin ved Charit\u00e9 Berlin.&lt;br&gt;&lt;br&gt;Vinneren av Bokhandelens sakprosapris 2023&lt;br&gt;<\/p>\n","protected":false},"excerpt":{"rendered":"<p>Aidsepidemien er en av de viktigste begivenhetene i moderne norsk historie. Sykdommen endret vitenskap, politikk og synet p\u00e5 seksualitet, og viste hvor s\u00e5rbart samfunnet var i m\u00f8te med en d\u00f8delig epidemi. For de som var direkte ber\u00f8rt, ble aids et m\u00f8te med redsel, stigma, sorg og d\u00f8d &#8211; men ogs\u00e5 med solidaritet, h\u00e5p, mot og [&hellip;]<\/p>\n","protected":false},"featured_media":26597,"template":"","meta":{"_acf_changed":false,"inline_featured_image":false},"product_brand":[],"product_cat":[1780],"product_tag":[362],"class_list":{"0":"post-23126","1":"product","2":"type-product","3":"status-publish","4":"has-post-thumbnail","6":"product_cat-fastpris","7":"product_tag-faglitteratur","9":"first","10":"instock","11":"shipping-taxable","12":"purchasable","13":"product-type-simple"},"acf":{"anmeldelse":[{"tekst_anmeldelser":"\u00ab\u00c5rets sterkeste norske sakprosautgivelse. [\u2026] Det ligger i blodet er ikke bare et stykke utmerket historisk prosa om det moderne Norge, men ogs\u00e5 et dristig, alvorlig og opplysende tankearbeid om historiefagets muligheter og begrensninger.\u00bb","av_anmeldelser":"Anna Serafina Kvam","terningkast":"<i class=\"fa-solid fa-dice-six\"><\/i>","kilde":"Stavanger Aftenblad"},{"tekst_anmeldelser":"\u00abMed fare for \u00e5 h\u00f8res litt prestelig ut, noe denne boken absolutt ikke er, s\u00e5 er det varmen, tilliten og samholdet som skinner i teksten. Det gj\u00f8r den til en merkelig optimistisk og inspirerende bok \u00e5 lese. [\u2026] At en blytung bok i dobbelt forstand kan bli s\u00e5 leseverdig og r\u00f8rende \u2013 uten en gang \u00e5 ty til noen av samtidssakprosaens mest brukte virkemidler, som litter\u00e6re sprell og en tydelig tilstedev\u00e6rende forfatter, er et mirakel i seg selv. Blodig folkelesnad p\u00e5 sitt beste.\u00bb","av_anmeldelser":"Mari Grydeland","terningkast":false,"kilde":"Aftenposten"},{"tekst_anmeldelser":"\u00abTorsdag f\u00f8rstkommende b\u00f8r Ketil Slagstad vinne Brageprisen for sin bok om aids-epidemien i Norge. [\u2026] Det er en str\u00e5lende bok om sykdommen som ikke bare drepte, men ogs\u00e5 endret det norske samfunnets syn p\u00e5 seksualitet.\u00bb","av_anmeldelser":"Varg Lukas Folkman","terningkast":false,"kilde":"Dagens N\u00e6ringsliv"},{"tekst_anmeldelser":"\u00abH\u00f8stens utgivelse er [dermed] livsviktig minnearbeid, og forteller samtidig ogs\u00e5 historien om hvordan sex entret b\u00e5de helsebyr\u00e5kratiet og den norske offentligheten. Akademiker, skribent og sakprosa-anmelder Ketil Slagstad er i ferd med \u00e5 etablere seg som en av landets viktigste stemmer i krysningsfeltet mellom akademia og den allmenne samtalen om kj\u00f8nn og seksualitet.\u00bb","av_anmeldelser":"Ida Roland Birkvad","terningkast":false,"kilde":"Klassekampen"},{"tekst_anmeldelser":"\u00abSlagstad er lege og historikar. Dette er den f\u00f8rste boka hans. Imponerande! [\u2026] 'Det ligger i blodet' har allereie vunne Bokhandlernes sakprosapris. Boka er ogs\u00e5 nominert til Bragepris, i klassen for sakprosa. Eg blir glad, og slett ikkje overraska, om Ketil Slagstad vinn ogs\u00e5 den.\u00bb","av_anmeldelser":"Gerd Elin Sandve","terningkast":"<i class=\"fa-solid fa-dice-six\"><\/i>","kilde":"NRK"},{"tekst_anmeldelser":"\u00abMed sikre fortellergrep og en personlig stemme viser han hvordan den medisinske vitenskapen ved utbruddet av sykdommen i 1983 ble konfrontert med sin egen hjelpel\u00f8shet. [\u2026] Slagstad bruker fortellingen om aids i Norge til \u00e5 synliggj\u00f8re noen linjer i v\u00e5r n\u00e6re historie som har potensial til \u00e5 endre v\u00e5rt blikk p\u00e5 oss selv.\u00bb","av_anmeldelser":"Juryens begrunnelse","terningkast":false,"kilde":"Bokhandelens sakprosapris 2023"},{"tekst_anmeldelser":"\u00abEn gave til norsk offentlighet. [\u2026] Med et svimlende stort unders\u00f8kelsesmateriale, best\u00e5ende av avis-, arkiv- og dagbokstekster, viser han hvordan epidemien forsterket s\u00e6rtrekk ved det norske samfunnet. [\u2026] En bok for ettertiden som ogs\u00e5 gj\u00f8r oss klokere p\u00e5 v\u00e5rt eget \u00f8yeblikk.\u00bb","av_anmeldelser":"Christian Johannes Idskov","terningkast":false,"kilde":"Morgenbladet"}]},"yoast_head":"<!-- This site is optimized with the Yoast SEO plugin v26.6 - https:\/\/yoast.com\/wordpress\/plugins\/seo\/ -->\n<title>Det ligger i blodet - Forlaget Press<\/title>\n<meta name=\"robots\" content=\"noindex, follow, max-snippet:-1, max-image-preview:large, max-video-preview:-1\" \/>\n<meta property=\"og:locale\" content=\"nb_NO\" \/>\n<meta property=\"og:type\" content=\"article\" \/>\n<meta property=\"og:title\" content=\"Det ligger i blodet - Forlaget Press\" \/>\n<meta property=\"og:description\" content=\"Aidsepidemien er en av de viktigste begivenhetene i moderne norsk historie. Sykdommen endret vitenskap, politikk og synet p\u00e5 seksualitet, og viste hvor s\u00e5rbart samfunnet var i m\u00f8te med en d\u00f8delig epidemi. For de som var direkte ber\u00f8rt, ble aids et m\u00f8te med redsel, stigma, sorg og d\u00f8d &#8211; men ogs\u00e5 med solidaritet, h\u00e5p, mot og [&hellip;]\" \/>\n<meta property=\"og:url\" content=\"https:\/\/staging.forenteforlag.no\/forlaget\/produkt\/det-ligger-i-blodet-3\/\" \/>\n<meta property=\"og:site_name\" content=\"Forlaget Press\" \/>\n<meta property=\"article:publisher\" content=\"https:\/\/www.facebook.com\/Forlagetpress\" \/>\n<meta property=\"article:modified_time\" content=\"2026-03-03T17:48:18+00:00\" \/>\n<meta property=\"og:image\" content=\"https:\/\/staging.forenteforlag.no\/forlaget\/wp-content\/uploads\/sites\/3\/2026\/02\/9788232807017.jpg\" \/>\n\t<meta property=\"og:image:width\" content=\"720\" \/>\n\t<meta property=\"og:image:height\" content=\"1060\" \/>\n\t<meta property=\"og:image:type\" content=\"image\/jpeg\" \/>\n<meta name=\"twitter:card\" content=\"summary_large_image\" \/>\n<meta name=\"twitter:label1\" content=\"Ansl. lesetid\" \/>\n\t<meta name=\"twitter:data1\" content=\"1 minutt\" \/>\n<script type=\"application\/ld+json\" class=\"yoast-schema-graph\">{\"@context\":\"https:\/\/schema.org\",\"@graph\":[{\"@type\":\"WebPage\",\"@id\":\"https:\/\/staging.forenteforlag.no\/forlaget\/produkt\/det-ligger-i-blodet-3\/\",\"url\":\"https:\/\/staging.forenteforlag.no\/forlaget\/produkt\/det-ligger-i-blodet-3\/\",\"name\":\"Det ligger i blodet - Forlaget Press\",\"isPartOf\":{\"@id\":\"https:\/\/staging.forenteforlag.no\/forlaget\/#website\"},\"primaryImageOfPage\":{\"@id\":\"https:\/\/staging.forenteforlag.no\/forlaget\/produkt\/det-ligger-i-blodet-3\/#primaryimage\"},\"image\":{\"@id\":\"https:\/\/staging.forenteforlag.no\/forlaget\/produkt\/det-ligger-i-blodet-3\/#primaryimage\"},\"thumbnailUrl\":\"https:\/\/staging.forenteforlag.no\/forlaget\/wp-content\/uploads\/sites\/3\/2026\/02\/9788232807017.jpg\",\"datePublished\":\"2025-01-04T10:50:00+00:00\",\"dateModified\":\"2026-03-03T17:48:18+00:00\",\"breadcrumb\":{\"@id\":\"https:\/\/staging.forenteforlag.no\/forlaget\/produkt\/det-ligger-i-blodet-3\/#breadcrumb\"},\"inLanguage\":\"nb-NO\",\"potentialAction\":[{\"@type\":\"ReadAction\",\"target\":[\"https:\/\/staging.forenteforlag.no\/forlaget\/produkt\/det-ligger-i-blodet-3\/\"]}]},{\"@type\":\"ImageObject\",\"inLanguage\":\"nb-NO\",\"@id\":\"https:\/\/staging.forenteforlag.no\/forlaget\/produkt\/det-ligger-i-blodet-3\/#primaryimage\",\"url\":\"https:\/\/staging.forenteforlag.no\/forlaget\/wp-content\/uploads\/sites\/3\/2026\/02\/9788232807017.jpg\",\"contentUrl\":\"https:\/\/staging.forenteforlag.no\/forlaget\/wp-content\/uploads\/sites\/3\/2026\/02\/9788232807017.jpg\",\"width\":720,\"height\":1060},{\"@type\":\"BreadcrumbList\",\"@id\":\"https:\/\/staging.forenteforlag.no\/forlaget\/produkt\/det-ligger-i-blodet-3\/#breadcrumb\",\"itemListElement\":[{\"@type\":\"ListItem\",\"position\":1,\"name\":\"Hjem\",\"item\":\"https:\/\/staging.forenteforlag.no\/forlaget\/\"},{\"@type\":\"ListItem\",\"position\":2,\"name\":\"Alle b\u00f8ker\",\"item\":\"https:\/\/staging.forenteforlag.no\/forlaget\/butikk\/\"},{\"@type\":\"ListItem\",\"position\":3,\"name\":\"Det ligger i blodet\"}]},{\"@type\":\"WebSite\",\"@id\":\"https:\/\/staging.forenteforlag.no\/forlaget\/#website\",\"url\":\"https:\/\/staging.forenteforlag.no\/forlaget\/\",\"name\":\"Forlaget Press\",\"description\":\"\",\"publisher\":{\"@id\":\"https:\/\/staging.forenteforlag.no\/forlaget\/#organization\"},\"potentialAction\":[{\"@type\":\"SearchAction\",\"target\":{\"@type\":\"EntryPoint\",\"urlTemplate\":\"https:\/\/staging.forenteforlag.no\/forlaget\/?s={search_term_string}\"},\"query-input\":{\"@type\":\"PropertyValueSpecification\",\"valueRequired\":true,\"valueName\":\"search_term_string\"}}],\"inLanguage\":\"nb-NO\"},{\"@type\":\"Organization\",\"@id\":\"https:\/\/staging.forenteforlag.no\/forlaget\/#organization\",\"name\":\"Forlaget Press\",\"url\":\"https:\/\/staging.forenteforlag.no\/forlaget\/\",\"logo\":{\"@type\":\"ImageObject\",\"inLanguage\":\"nb-NO\",\"@id\":\"https:\/\/staging.forenteforlag.no\/forlaget\/#\/schema\/logo\/image\/\",\"url\":\"https:\/\/staging.forenteforlag.no\/forlaget\/wp-content\/uploads\/sites\/3\/2024\/09\/Press_logo.svg\",\"contentUrl\":\"https:\/\/staging.forenteforlag.no\/forlaget\/wp-content\/uploads\/sites\/3\/2024\/09\/Press_logo.svg\",\"width\":100,\"height\":100,\"caption\":\"Forlaget Press\"},\"image\":{\"@id\":\"https:\/\/staging.forenteforlag.no\/forlaget\/#\/schema\/logo\/image\/\"},\"sameAs\":[\"https:\/\/www.facebook.com\/Forlagetpress\"]}]}<\/script>\n<!-- \/ Yoast SEO plugin. -->","yoast_head_json":{"title":"Det ligger i blodet - Forlaget Press","robots":{"index":"noindex","follow":"follow","max-snippet":"max-snippet:-1","max-image-preview":"max-image-preview:large","max-video-preview":"max-video-preview:-1"},"og_locale":"nb_NO","og_type":"article","og_title":"Det ligger i blodet - Forlaget Press","og_description":"Aidsepidemien er en av de viktigste begivenhetene i moderne norsk historie. Sykdommen endret vitenskap, politikk og synet p\u00e5 seksualitet, og viste hvor s\u00e5rbart samfunnet var i m\u00f8te med en d\u00f8delig epidemi. For de som var direkte ber\u00f8rt, ble aids et m\u00f8te med redsel, stigma, sorg og d\u00f8d &#8211; men ogs\u00e5 med solidaritet, h\u00e5p, mot og [&hellip;]","og_url":"https:\/\/staging.forenteforlag.no\/forlaget\/produkt\/det-ligger-i-blodet-3\/","og_site_name":"Forlaget Press","article_publisher":"https:\/\/www.facebook.com\/Forlagetpress","article_modified_time":"2026-03-03T17:48:18+00:00","og_image":[{"width":720,"height":1060,"url":"https:\/\/staging.forenteforlag.no\/forlaget\/wp-content\/uploads\/sites\/3\/2026\/02\/9788232807017.jpg","type":"image\/jpeg"}],"twitter_card":"summary_large_image","twitter_misc":{"Ansl. lesetid":"1 minutt"},"schema":{"@context":"https:\/\/schema.org","@graph":[{"@type":"WebPage","@id":"https:\/\/staging.forenteforlag.no\/forlaget\/produkt\/det-ligger-i-blodet-3\/","url":"https:\/\/staging.forenteforlag.no\/forlaget\/produkt\/det-ligger-i-blodet-3\/","name":"Det ligger i blodet - Forlaget Press","isPartOf":{"@id":"https:\/\/staging.forenteforlag.no\/forlaget\/#website"},"primaryImageOfPage":{"@id":"https:\/\/staging.forenteforlag.no\/forlaget\/produkt\/det-ligger-i-blodet-3\/#primaryimage"},"image":{"@id":"https:\/\/staging.forenteforlag.no\/forlaget\/produkt\/det-ligger-i-blodet-3\/#primaryimage"},"thumbnailUrl":"https:\/\/staging.forenteforlag.no\/forlaget\/wp-content\/uploads\/sites\/3\/2026\/02\/9788232807017.jpg","datePublished":"2025-01-04T10:50:00+00:00","dateModified":"2026-03-03T17:48:18+00:00","breadcrumb":{"@id":"https:\/\/staging.forenteforlag.no\/forlaget\/produkt\/det-ligger-i-blodet-3\/#breadcrumb"},"inLanguage":"nb-NO","potentialAction":[{"@type":"ReadAction","target":["https:\/\/staging.forenteforlag.no\/forlaget\/produkt\/det-ligger-i-blodet-3\/"]}]},{"@type":"ImageObject","inLanguage":"nb-NO","@id":"https:\/\/staging.forenteforlag.no\/forlaget\/produkt\/det-ligger-i-blodet-3\/#primaryimage","url":"https:\/\/staging.forenteforlag.no\/forlaget\/wp-content\/uploads\/sites\/3\/2026\/02\/9788232807017.jpg","contentUrl":"https:\/\/staging.forenteforlag.no\/forlaget\/wp-content\/uploads\/sites\/3\/2026\/02\/9788232807017.jpg","width":720,"height":1060},{"@type":"BreadcrumbList","@id":"https:\/\/staging.forenteforlag.no\/forlaget\/produkt\/det-ligger-i-blodet-3\/#breadcrumb","itemListElement":[{"@type":"ListItem","position":1,"name":"Hjem","item":"https:\/\/staging.forenteforlag.no\/forlaget\/"},{"@type":"ListItem","position":2,"name":"Alle b\u00f8ker","item":"https:\/\/staging.forenteforlag.no\/forlaget\/butikk\/"},{"@type":"ListItem","position":3,"name":"Det ligger i blodet"}]},{"@type":"WebSite","@id":"https:\/\/staging.forenteforlag.no\/forlaget\/#website","url":"https:\/\/staging.forenteforlag.no\/forlaget\/","name":"Forlaget Press","description":"","publisher":{"@id":"https:\/\/staging.forenteforlag.no\/forlaget\/#organization"},"potentialAction":[{"@type":"SearchAction","target":{"@type":"EntryPoint","urlTemplate":"https:\/\/staging.forenteforlag.no\/forlaget\/?s={search_term_string}"},"query-input":{"@type":"PropertyValueSpecification","valueRequired":true,"valueName":"search_term_string"}}],"inLanguage":"nb-NO"},{"@type":"Organization","@id":"https:\/\/staging.forenteforlag.no\/forlaget\/#organization","name":"Forlaget Press","url":"https:\/\/staging.forenteforlag.no\/forlaget\/","logo":{"@type":"ImageObject","inLanguage":"nb-NO","@id":"https:\/\/staging.forenteforlag.no\/forlaget\/#\/schema\/logo\/image\/","url":"https:\/\/staging.forenteforlag.no\/forlaget\/wp-content\/uploads\/sites\/3\/2024\/09\/Press_logo.svg","contentUrl":"https:\/\/staging.forenteforlag.no\/forlaget\/wp-content\/uploads\/sites\/3\/2024\/09\/Press_logo.svg","width":100,"height":100,"caption":"Forlaget Press"},"image":{"@id":"https:\/\/staging.forenteforlag.no\/forlaget\/#\/schema\/logo\/image\/"},"sameAs":["https:\/\/www.facebook.com\/Forlagetpress"]}]}},"_links":{"self":[{"href":"https:\/\/staging.forenteforlag.no\/forlaget\/wp-json\/wp\/v2\/product\/23126","targetHints":{"allow":["GET"]}}],"collection":[{"href":"https:\/\/staging.forenteforlag.no\/forlaget\/wp-json\/wp\/v2\/product"}],"about":[{"href":"https:\/\/staging.forenteforlag.no\/forlaget\/wp-json\/wp\/v2\/types\/product"}],"wp:featuredmedia":[{"embeddable":true,"href":"https:\/\/staging.forenteforlag.no\/forlaget\/wp-json\/wp\/v2\/media\/26597"}],"wp:attachment":[{"href":"https:\/\/staging.forenteforlag.no\/forlaget\/wp-json\/wp\/v2\/media?parent=23126"}],"wp:term":[{"taxonomy":"product_brand","embeddable":true,"href":"https:\/\/staging.forenteforlag.no\/forlaget\/wp-json\/wp\/v2\/product_brand?post=23126"},{"taxonomy":"product_cat","embeddable":true,"href":"https:\/\/staging.forenteforlag.no\/forlaget\/wp-json\/wp\/v2\/product_cat?post=23126"},{"taxonomy":"product_tag","embeddable":true,"href":"https:\/\/staging.forenteforlag.no\/forlaget\/wp-json\/wp\/v2\/product_tag?post=23126"}],"curies":[{"name":"wp","href":"https:\/\/api.w.org\/{rel}","templated":true}]}}